{"id":16297,"date":"2014-10-25T22:08:36","date_gmt":"2014-10-25T22:08:36","guid":{"rendered":"http:\/\/www.newmessage.org\/?page_id=16297"},"modified":"2017-12-15T13:54:54","modified_gmt":"2017-12-15T13:54:54","slug":"le-dieu-un","status":"publish","type":"page","link":"https:\/\/www.v6.newmessage.org\/fr\/le-message\/volume-1\/le-dieu-un","title":{"rendered":"Le Dieu Unique"},"content":{"rendered":"<p><img loading=\"lazy\" decoding=\"async\" width=\"200\" height=\"300\" class=\"alignright size-medium wp-image-28183 imgborder\" src=\"https:\/\/www.newmessage.org\/fr\/wp-content\/uploads\/sites\/38\/2014\/10\/TOG_v.7.0_ebook-cover-1-400x600-200x300.jpg\" alt=\"TOG_v.7.0_ebook-cover-1-400x600\" srcset=\"https:\/\/www.v6.newmessage.org\/fr\/wp-content\/uploads\/sites\/38\/2014\/10\/TOG_v.7.0_ebook-cover-1-400x600-200x300.jpg 200w, https:\/\/www.v6.newmessage.org\/fr\/wp-content\/uploads\/sites\/38\/2014\/10\/TOG_v.7.0_ebook-cover-1-400x600.jpg 400w\" sizes=\"(max-width: 200px) 100vw, 200px\" \/><\/p>\n<p><em>Le Dieu Unique<\/em> est un livre de r\u00e9v\u00e9lation qui apporte une nouvelle compr\u00e9hension de la nature et de la r\u00e9alit\u00e9 de Dieu, ainsi que du Plan et du Dessein de Dieu dans le monde et dans la Grande Communaut\u00e9 de vie dans l\u2019univers. Ici d\u00e9bute le nouveau chapitre dans la R\u00e9v\u00e9lation progressive de la Pr\u00e9sence et de la Volont\u00e9 de Dieu pour l\u2019humanit\u00e9.<\/p>\n<p>Par l\u2019interm\u00e9diaire des grands Messagers et des grands Enseignements du pass\u00e9, cette R\u00e9v\u00e9lation s\u2019est poursuivie dans le temps, faisant ainsi progresser notre compr\u00e9hension du Dieu Unique et r\u00e9veillant notre relation personnelle avec la Pr\u00e9sence Divine dans nos vies. Cette R\u00e9v\u00e9lation continue se poursuit \u00e0 pr\u00e9sent avec un Nouveau Message de Dieu.<\/p>\n<p>La Parole et le Son sont maintenant dans le monde. Chaque chapitre du <em>Dieu Unique<\/em> est une r\u00e9v\u00e9lation donn\u00e9e pour apporter un nouvel enseignement sur la Source de nos vies et sur la raison d\u2019\u00eatre de notre pr\u00e9sence dans le monde \u00e0 cette \u00e9poque. Chaque chapitre d\u00e9voile une nouvelle perspective \u00e0 partir de laquelle vous pouvez entrevoir le c\u0153ur de Dieu, depuis les origines de l\u2019univers jusqu\u2019au d\u00e9ploiement du Plan de Dieu pour ce temps et pour les temps \u00e0 venir.<\/p>\n<p>Chaque chapitre du <em>Dieu Unique<\/em> est une r\u00e9v\u00e9lation donn\u00e9e par la Source et compil\u00e9e en ce texte par le Messager Marshall Vian Summers.<\/p>\n<p><em>Le Dieu Unique est le deuxi\u00e8me livre du <a href=\"\/le-message\/volume-1\">Volume 1<\/a> du Nouveau Message de Dieu.<\/em><\/p>\n<div class=\"toggle toggle-white\"><h4 class=\"trigger \"><span class=\"t_ico\"><\/span><a href=\"#\">\u00c0 propos des volumes du Nouveau Message de Dieu<\/a><\/h4><div class=\"toggle_container \"><br \/>\n<div data-post-id='24520' class='insert-page insert-page-24520 '><p>Le Nouveau Message de Dieu sera au final contenu dans 6 volumes individuels. Chaque volume contient deux livres ou plus, et chaque livre est organis\u00e9 en chapitres.<\/p>\n<p>Ainsi, la future structure du Nouveau Message de Dieu peut \u00eatre synth\u00e9tis\u00e9e de la fa\u00e7on suivante :<\/p>\n<div id=\"attachment_24097\" style=\"width: 227px\" class=\"wp-caption alignright\"><a href=\"https:\/\/www.newmessage.org\/wp-content\/uploads\/2015\/08\/Volumes-Books-InfoGraphic.001.jpg\"><img loading=\"lazy\" decoding=\"async\" aria-describedby=\"caption-attachment-24097\" class=\"imgborder \" src=\"https:\/\/www.newmessage.org\/wp-content\/uploads\/2015\/08\/Volumes-Books-InfoGraphic.001.jpg\" alt=\"The New Message One Book\" width=\"217\" height=\"234\" \/><\/a><p id=\"caption-attachment-24097\" class=\"wp-caption-text\">Le Livre Unique du Nouveau Message<\/p><\/div>\n<p><strong>Volume &gt; Livre &gt; Chapitre &gt; Verset.<br \/>\n<\/strong><\/p>\n<p>Le Nouveau Message de Dieu contient la plus grande R\u00e9v\u00e9lation jamais donn\u00e9e au monde. Il s&rsquo;adresse \u00e0 pratiquement tous les aspects de nos vies, pr\u00e9sentant de nouvelles r\u00e9alit\u00e9s jamais r\u00e9v\u00e9l\u00e9es auparavant. La <em>Society<\/em> \u0153uvre pour que le plus possible de livres et de r\u00e9v\u00e9lations audios soient rendues disponibles et accessibles au monde.<\/p>\n<p>Actuellement, la Society est en mesure d&rsquo;offrir un grand nombre d&rsquo;enregistrements de la Voix de la R\u00e9v\u00e9lation dans leur version originale. Vous \u00eates de fait invit\u00e9s \u00e0 faire l&rsquo;exp\u00e9rience du pouvoir et du myst\u00e8re de la \u00ab\u00a0Voix\u00a0\u00bb telle qu&rsquo;elle s&rsquo;est exprim\u00e9e \u00e0 travers le Messager en \u00e9tat de R\u00e9v\u00e9lation. Jamais auparavant il n&rsquo;avait \u00e9t\u00e9 possible d&rsquo;entendre la Voix de la R\u00e9v\u00e9lation originale.<\/p>\n<p>La compilation du Nouveau Message tout entier est un travail de longue haleine. Au m\u00eame moment, la R\u00e9v\u00e9lation continue \u00e0 \u00eatre re\u00e7ue avec de nouveaux enseignements donn\u00e9s chaque ann\u00e9e. En cons\u00e9quence, la s\u00e9lection de chapitres dans chaque livre peut changer. De m\u00eame, les titres des livres peuvent eux-aussi changer pour refl\u00e9ter la port\u00e9e grandissante de chaque livre. Vous vivez \u00e0 une \u00e9poque de R\u00e9v\u00e9lation et \u00eates t\u00e9moin du processus de R\u00e9v\u00e9lation qui se d\u00e9ploie devant vous.<\/p>\n<h4>Livres en ligne<\/h4>\n<p>La <em>Society<\/em> s\u2019efforce de rendre le Nouveau Message accessible gratuitement en ligne pour le monde. Actuellement, un certain nombre de livres du Nouveau Message sont disponibles gratuitement \u00e0 www.newmessage.org. Vous pouvez explorer <a href=\"http:\/\/www.nouveaumessagededieu.org\/le-message\" target=\"_blank\">la biblioth\u00e8que des livres gratuits en ligne<\/a>.<\/p>\n<h4>Livres au format papier<\/h4>\n<p>La <em>Society<\/em> offre actuellement certain des livres du Nouveau Message sous format papier. Cependant, du fait de la taille immense de la partie du Nouveau Message r\u00e9v\u00e9l\u00e9e, la <em>Society<\/em> n\u2019est pas encore en mesure de publier sous forme imprim\u00e9e les six volumes du Nouveau Message pour l\u2019instant. Pour acheter une copie des livres actuellement disponibles, veuillez visiter la boutique de la <a href=\"http:\/\/www.newknowledgelibrary.org\">New Knowledge Library<\/a>.<\/p>\n<h4>CD et mp3<\/h4>\n<p>Certaines r\u00e9v\u00e9lations relatives \u00e0 l\u2019\u00e9tude du Nouveau Message sont disponibles \u00e0 l\u2019achat sous forme de CD ou de mp3. La <em><a href=\"http:\/\/www.nouveaumessagededieu.org\/worldwide-community\/society\" target=\"_blank\">Society<\/a><\/em> propose ces enseignements \u00e0 un co\u00fbt modeste \u00e0 la boutique de la New Knowledge Library en raison des r\u00e9alit\u00e9s financi\u00e8res li\u00e9es \u00e0 la n\u00e9cessit\u00e9 d\u2019atteindre le monde entier avec le Nouveau Message.<\/p>\n<h4>Le <em>Free Book Project<\/em><\/h4>\n<p>Avec un soutien financier plus important, la <em>Society<\/em> sera en mesure de rendre davantage de ces enseignements de sagesse accessibles gratuitement en ligne. En plus de cela, le <a href=\"http:\/\/www.nm-french.tk\/the-message\/free-book-project\">Free Book Project<\/a> de la <em>Society<\/em> offre une copie des livres et des mp3 des r\u00e9v\u00e9lations du Nouveau Message actuellement disponibles \u00e0 ceux qui n\u2019ont pas les moyens de les acheter. Nous vous invitons \u00e0<a href=\"http:\/\/www.nouveaumessagededieu.org\/worldwide-community\/society\/soutenir-le-nouveau-message\" target=\"_blank\"> faire un don<\/a> pour soutenir le <em>Free Book Project<\/em>, afin que de plus en plus de gens dans le besoin puissent avoir acc\u00e8s au Nouveau Message de Dieu.<\/p>\n<h4>Publications futures<\/h4>\n<p>La <em>Society<\/em> continuera \u00e0 mener \u00e0 bien sa vision de publication de l\u2019enti\u00e8ret\u00e9 du Nouveau Message de Dieu, \u00e0 la fois sous la forme de ses livres et de ses volumes, et peut-\u00eatre un jour sous la forme d\u2019un livre unique, simplement intitul\u00e9 : \u201cLe Nouveau Message de Dieu\u201d. C\u2019est une entreprise \u00e9norme pour laquelle la <em>Society<\/em> a besoin de votre contribution et de votre participation. Envisagez, si vous le pouvez, la possibilit\u00e9 de <a href=\"http:\/\/www.nouveaumessagededieu.org\/worldwide-community\/society\/soutenir-le-nouveau-message\" target=\"_blank\">faire un don<\/a> ou de <a href=\"http:\/\/www.nouveaumessagededieu.org\/worldwide-community\/society\/soutenir-le-nouveau-message\" target=\"_blank\">devenir un Pilier<\/a> du Nouveau Message pour soutenir cette cause sacr\u00e9e. Nous vous remercions pour votre soutien.<\/p>\n<\/div><br \/>\n<\/div><\/div>\n<div class=\"background-color-bridesmaid padding-20\">\n<h2 style=\"text-align: left;\"><span style=\"color: #525252;\">Table des mati\u00e8res<br \/>\n<\/span><\/h2>\n<p><a href=\"https:\/\/www.nouveaumessagededieu.org\/le-message\/volume-1\/le-dieu-un\/le-dieu-unique-introduction\">Introduction<\/a><\/p>\n<p>Chapitre 1 : <a href=\"\/le-message\/volume-1\/le-dieu-un\/comprendre-dieu\">Comprendre Dieu<\/a><\/p>\n<p>Chapitre 2 : <a href=\"\/le-message\/volume-1\/le-dieu-un\/le-nouveau-dieu\">La r\u00e9v\u00e9lation du nouveau Dieu<\/a><\/p>\n<p>Chapitre 3 : <a href=\"\/le-message\/volume-1\/le-dieu-un\/origine\">L&rsquo;Origine<\/a><\/p>\n<p>Chapitre 4 : <a href=\"\/le-message\/volume-1\/le-dieu-un\/la-separation\">La S\u00e9paration<\/a><\/p>\n<p>Chapitre 5 : <a href=\"http:\/\/www.nouveaumessagededieu.org\/le-message\/volume-1\/le-dieu-un\/la-creation\">Qu&rsquo;est-ce que la Cr\u00e9ation ?<\/a><\/p>\n<p>Chapitre 6 : <a href=\"http:\/\/www.nouveaumessagededieu.org\/le-message\/volume-1\/le-dieu-un\/ame\">L&rsquo;\u00c2me<\/a><\/p>\n<p>Chapitre 7 : <a href=\"http:\/\/www.nouveaumessagededieu.org\/le-message\/volume-1\/le-dieu-un\/quest-ce-qui-cree-le-mal\">Qu&rsquo;est-ce qui cr\u00e9e le Mal ?<\/a><\/p>\n<p>Chapitre 8 : <a href=\"http:\/\/www.nouveaumessagededieu.org\/le-message\/volume-1\/le-dieu-un\/la-redemption\">La R\u00e9demption<\/a><\/p>\n<p>Chapitre 9 : <a href=\"https:\/\/www.nouveaumessagededieu.org\/le-message\/volume-1\/le-dieu-un\/dieu-la-connaissance-et-la-presence-angelique\">Dieu, la Connaissance et la Pr\u00e9sence Ang\u00e9lique<\/a><\/p>\n<p>Chapitre 10 : <a href=\"\/le-message\/volume-1\/le-dieu-un\/comment-dieu-parle-au-monde\">Comment Dieu parle au Monde<\/a><\/p>\n<p>Chapitre 11 : <a href=\"\/le-message\/volume-1\/le-dieu-un\/le-plan-de-dieu-est-de-sauver-tout-le-monde\">Le Plan de Dieu est de sauver tout le monde<\/a><\/p>\n<p>Chapitre 12 : <a href=\"https:\/\/www.nouveaumessagededieu.org\/le-message\/volume-1\/le-dieu-un\/le-coeur-de-dieu\">Le C\u0153ur de Dieu<\/a><\/p>\n<\/div>\n","protected":false},"excerpt":{"rendered":"<p>Le Dieu Unique est un livre de r\u00e9v\u00e9lation qui apporte une nouvelle compr\u00e9hension de la nature et de la r\u00e9alit\u00e9 de Dieu, ainsi que du Plan et du Dessein de Dieu dans le monde et dans la Grande Communaut\u00e9 de vie dans l\u2019univers. Ici d\u00e9bute le nouveau chapitre dans la R\u00e9v\u00e9lation progressive de la Pr\u00e9sence\u2026 <a class=\"read-more\" href=\"https:\/\/www.v6.newmessage.org\/fr\/more-about-the-volumes\"><span>Read More<\/span><\/a><\/p>\n","protected":false},"author":1,"featured_media":0,"parent":16287,"menu_order":7,"comment_status":"closed","ping_status":"closed","template":"template-leftsidebar.php","meta":{"_monsterinsights_skip_tracking":false,"_monsterinsights_sitenote_active":false,"_monsterinsights_sitenote_note":"","_monsterinsights_sitenote_category":0,"footnotes":""},"categories":[],"tags":[624],"_links":{"self":[{"href":"https:\/\/www.v6.newmessage.org\/fr\/wp-json\/wp\/v2\/pages\/16297"}],"collection":[{"href":"https:\/\/www.v6.newmessage.org\/fr\/wp-json\/wp\/v2\/pages"}],"about":[{"href":"https:\/\/www.v6.newmessage.org\/fr\/wp-json\/wp\/v2\/types\/page"}],"author":[{"embeddable":true,"href":"https:\/\/www.v6.newmessage.org\/fr\/wp-json\/wp\/v2\/users\/1"}],"replies":[{"embeddable":true,"href":"https:\/\/www.v6.newmessage.org\/fr\/wp-json\/wp\/v2\/comments?post=16297"}],"version-history":[{"count":88,"href":"https:\/\/www.v6.newmessage.org\/fr\/wp-json\/wp\/v2\/pages\/16297\/revisions"}],"predecessor-version":[{"id":28854,"href":"https:\/\/www.v6.newmessage.org\/fr\/wp-json\/wp\/v2\/pages\/16297\/revisions\/28854"}],"up":[{"embeddable":true,"href":"https:\/\/www.v6.newmessage.org\/fr\/wp-json\/wp\/v2\/pages\/16287"}],"wp:attachment":[{"href":"https:\/\/www.v6.newmessage.org\/fr\/wp-json\/wp\/v2\/media?parent=16297"}],"wp:term":[{"taxonomy":"category","embeddable":true,"href":"https:\/\/www.v6.newmessage.org\/fr\/wp-json\/wp\/v2\/categories?post=16297"},{"taxonomy":"post_tag","embeddable":true,"href":"https:\/\/www.v6.newmessage.org\/fr\/wp-json\/wp\/v2\/tags?post=16297"}],"curies":[{"name":"wp","href":"https:\/\/api.w.org\/{rel}","templated":true}]}}