{"id":16290,"date":"2014-10-25T01:17:35","date_gmt":"2014-10-25T01:17:35","guid":{"rendered":"http:\/\/www.newmessage.org\/?page_id=16290"},"modified":"2019-10-30T22:34:43","modified_gmt":"2019-10-30T22:34:43","slug":"dieu-a-parle-a-nouveau","status":"publish","type":"page","link":"https:\/\/www.v6.newmessage.org\/fr\/le-message\/volume-1\/dieu-a-parle-a-nouveau","title":{"rendered":"Dieu a parl\u00e9 \u00e0 nouveau"},"content":{"rendered":"<p><em><img loading=\"lazy\" decoding=\"async\" class=\"imgborder alignright wp-image-26876\" src=\"https:\/\/www.newmessage.org\/fr\/wp-content\/uploads\/sites\/38\/2014\/01\/GHS-French-200x300.jpg\" alt=\"\" width=\"250\" height=\"375\" srcset=\"https:\/\/www.v6.newmessage.org\/fr\/wp-content\/uploads\/sites\/38\/2014\/01\/GHS-French-200x300.jpg 200w, https:\/\/www.v6.newmessage.org\/fr\/wp-content\/uploads\/sites\/38\/2014\/01\/GHS-French-400x600.jpg 400w, https:\/\/www.v6.newmessage.org\/fr\/wp-content\/uploads\/sites\/38\/2014\/01\/GHS-French.jpg 600w\" sizes=\"(max-width: 250px) 100vw, 250px\" \/>Dieu a parl\u00e9 \u00e0 nouveau<\/em> est le commencement d\u2019un Nouveau Message de Dieu pour l\u2019humanit\u00e9. Dans les pages et les chapitres de ce livre, Dieu s\u2019adresse \u00e0 nouveau \u00e0 l\u2019humanit\u00e9, proclamant un avertissement, une b\u00e9n\u00e9diction et une pr\u00e9paration \u00e0 une nouvelle r\u00e9alit\u00e9 du monde, clarifiant la r\u00e9alit\u00e9 de la Pr\u00e9sence de Dieu et apportant une r\u00e9ponse aux crises grandissantes provenant de la guerre, de la destruction environnementale, des conflits religieux, de la souffrance humaine et de la pauvret\u00e9 qui s\u2019intensifient maintenant \u00e0 travers le monde.<\/p>\n<p>Ceci est un Nouveau Message de Dieu. Il n\u2019est pas destin\u00e9 \u00e0 une tribu, \u00e0 une nation ou \u00e0 un groupe religieux unique. Il s\u2019agit d\u2019une communication vivante de Dieu s\u2019adressant au c\u0153ur de chaque homme, de chaque femme et de chaque enfant sur Terre pour ces temps et pour les temps \u00e0 venir. Il s\u2019agit d\u2019une communication authentique de la Pr\u00e9sence Divine qui veille sur le monde et qui guide l\u2019humanit\u00e9 depuis des temps imm\u00e9moriaux.<\/p>\n<p>Bien qu\u2019il ait l\u2019apparence d\u2019un livre dans votre main ou sur votre \u00e9cran, <em>Dieu a parl\u00e9 \u00e0 nouveau<\/em> est quelque chose de bien plus grand. C\u2019est le commencement d\u2019une communication vivante de Dieu qui s\u2019adresse \u00e0 vous. Dans ce livre, la Pr\u00e9sence de Dieu vous appelle, vous et tous les autres, appelant \u00e0 travers les anciens couloirs de votre esprit jusqu\u2019\u00e0 la pr\u00e9sence spirituelle qui vit en vous. C\u2019est un Message d\u2019une beaut\u00e9, d\u2019une force et d\u2019un pouvoir qui perdurent, pour la restauration de tous ceux qui peuvent le recevoir. Car Dieu sait ce qui arrive sur le monde, et Dieu sait pourquoi vous et tous les autres avez \u00e9t\u00e9 envoy\u00e9s dans le monde \u00e0 cette \u00e9poque, pour vous pr\u00e9parer \u00e0 un avenir qui sera diff\u00e9rent du pass\u00e9.<\/p>\n<p><em>Dieu a parl\u00e9 \u00e0 nouveau<\/em> est le premier livre du <a href=\"\/le-message\/volume-1\">Volume 1<\/a> du Nouveau Message de Dieu.<\/p>\n<div class=\"toggle toggle-white\"><h4 class=\"trigger \"><span class=\"t_ico\"><\/span><a href=\"#\">\u00c0 propos des volumes du Nouveau Message de Dieu<\/a><\/h4><div class=\"toggle_container \"><br \/>\n<div data-post-id='24520' class='insert-page insert-page-24520 '><p>Le Nouveau Message de Dieu sera au final contenu dans 6 volumes individuels. Chaque volume contient deux livres ou plus, et chaque livre est organis\u00e9 en chapitres.<\/p>\n<p>Ainsi, la future structure du Nouveau Message de Dieu peut \u00eatre synth\u00e9tis\u00e9e de la fa\u00e7on suivante :<\/p>\n<div id=\"attachment_24097\" style=\"width: 227px\" class=\"wp-caption alignright\"><a href=\"https:\/\/www.newmessage.org\/wp-content\/uploads\/2015\/08\/Volumes-Books-InfoGraphic.001.jpg\"><img loading=\"lazy\" decoding=\"async\" aria-describedby=\"caption-attachment-24097\" class=\"imgborder \" src=\"https:\/\/www.newmessage.org\/wp-content\/uploads\/2015\/08\/Volumes-Books-InfoGraphic.001.jpg\" alt=\"The New Message One Book\" width=\"217\" height=\"234\" \/><\/a><p id=\"caption-attachment-24097\" class=\"wp-caption-text\">Le Livre Unique du Nouveau Message<\/p><\/div>\n<p><strong>Volume &gt; Livre &gt; Chapitre &gt; Verset.<br \/>\n<\/strong><\/p>\n<p>Le Nouveau Message de Dieu contient la plus grande R\u00e9v\u00e9lation jamais donn\u00e9e au monde. Il s&rsquo;adresse \u00e0 pratiquement tous les aspects de nos vies, pr\u00e9sentant de nouvelles r\u00e9alit\u00e9s jamais r\u00e9v\u00e9l\u00e9es auparavant. La <em>Society<\/em> \u0153uvre pour que le plus possible de livres et de r\u00e9v\u00e9lations audios soient rendues disponibles et accessibles au monde.<\/p>\n<p>Actuellement, la Society est en mesure d&rsquo;offrir un grand nombre d&rsquo;enregistrements de la Voix de la R\u00e9v\u00e9lation dans leur version originale. Vous \u00eates de fait invit\u00e9s \u00e0 faire l&rsquo;exp\u00e9rience du pouvoir et du myst\u00e8re de la \u00ab\u00a0Voix\u00a0\u00bb telle qu&rsquo;elle s&rsquo;est exprim\u00e9e \u00e0 travers le Messager en \u00e9tat de R\u00e9v\u00e9lation. Jamais auparavant il n&rsquo;avait \u00e9t\u00e9 possible d&rsquo;entendre la Voix de la R\u00e9v\u00e9lation originale.<\/p>\n<p>La compilation du Nouveau Message tout entier est un travail de longue haleine. Au m\u00eame moment, la R\u00e9v\u00e9lation continue \u00e0 \u00eatre re\u00e7ue avec de nouveaux enseignements donn\u00e9s chaque ann\u00e9e. En cons\u00e9quence, la s\u00e9lection de chapitres dans chaque livre peut changer. De m\u00eame, les titres des livres peuvent eux-aussi changer pour refl\u00e9ter la port\u00e9e grandissante de chaque livre. Vous vivez \u00e0 une \u00e9poque de R\u00e9v\u00e9lation et \u00eates t\u00e9moin du processus de R\u00e9v\u00e9lation qui se d\u00e9ploie devant vous.<\/p>\n<h4>Livres en ligne<\/h4>\n<p>La <em>Society<\/em> s\u2019efforce de rendre le Nouveau Message accessible gratuitement en ligne pour le monde. Actuellement, un certain nombre de livres du Nouveau Message sont disponibles gratuitement \u00e0 www.newmessage.org. Vous pouvez explorer <a href=\"http:\/\/www.nouveaumessagededieu.org\/le-message\" target=\"_blank\">la biblioth\u00e8que des livres gratuits en ligne<\/a>.<\/p>\n<h4>Livres au format papier<\/h4>\n<p>La <em>Society<\/em> offre actuellement certain des livres du Nouveau Message sous format papier. Cependant, du fait de la taille immense de la partie du Nouveau Message r\u00e9v\u00e9l\u00e9e, la <em>Society<\/em> n\u2019est pas encore en mesure de publier sous forme imprim\u00e9e les six volumes du Nouveau Message pour l\u2019instant. Pour acheter une copie des livres actuellement disponibles, veuillez visiter la boutique de la <a href=\"http:\/\/www.newknowledgelibrary.org\">New Knowledge Library<\/a>.<\/p>\n<h4>CD et mp3<\/h4>\n<p>Certaines r\u00e9v\u00e9lations relatives \u00e0 l\u2019\u00e9tude du Nouveau Message sont disponibles \u00e0 l\u2019achat sous forme de CD ou de mp3. La <em><a href=\"http:\/\/www.nouveaumessagededieu.org\/worldwide-community\/society\" target=\"_blank\">Society<\/a><\/em> propose ces enseignements \u00e0 un co\u00fbt modeste \u00e0 la boutique de la New Knowledge Library en raison des r\u00e9alit\u00e9s financi\u00e8res li\u00e9es \u00e0 la n\u00e9cessit\u00e9 d\u2019atteindre le monde entier avec le Nouveau Message.<\/p>\n<h4>Le <em>Free Book Project<\/em><\/h4>\n<p>Avec un soutien financier plus important, la <em>Society<\/em> sera en mesure de rendre davantage de ces enseignements de sagesse accessibles gratuitement en ligne. En plus de cela, le <a href=\"http:\/\/www.nm-french.tk\/the-message\/free-book-project\">Free Book Project<\/a> de la <em>Society<\/em> offre une copie des livres et des mp3 des r\u00e9v\u00e9lations du Nouveau Message actuellement disponibles \u00e0 ceux qui n\u2019ont pas les moyens de les acheter. Nous vous invitons \u00e0<a href=\"http:\/\/www.nouveaumessagededieu.org\/worldwide-community\/society\/soutenir-le-nouveau-message\" target=\"_blank\"> faire un don<\/a> pour soutenir le <em>Free Book Project<\/em>, afin que de plus en plus de gens dans le besoin puissent avoir acc\u00e8s au Nouveau Message de Dieu.<\/p>\n<h4>Publications futures<\/h4>\n<p>La <em>Society<\/em> continuera \u00e0 mener \u00e0 bien sa vision de publication de l\u2019enti\u00e8ret\u00e9 du Nouveau Message de Dieu, \u00e0 la fois sous la forme de ses livres et de ses volumes, et peut-\u00eatre un jour sous la forme d\u2019un livre unique, simplement intitul\u00e9 : \u201cLe Nouveau Message de Dieu\u201d. C\u2019est une entreprise \u00e9norme pour laquelle la <em>Society<\/em> a besoin de votre contribution et de votre participation. Envisagez, si vous le pouvez, la possibilit\u00e9 de <a href=\"http:\/\/www.nouveaumessagededieu.org\/worldwide-community\/society\/soutenir-le-nouveau-message\" target=\"_blank\">faire un don<\/a> ou de <a href=\"http:\/\/www.nouveaumessagededieu.org\/worldwide-community\/society\/soutenir-le-nouveau-message\" target=\"_blank\">devenir un Pilier<\/a> du Nouveau Message pour soutenir cette cause sacr\u00e9e. Nous vous remercions pour votre soutien.<\/p>\n<\/div><br \/>\n<\/div><\/div>\n<div class=\"background-color-bridesmaid padding-20\">\n<h2 style=\"text-align: left;\"><span style=\"color: #525252;\">Table des mati\u00e8res<br \/>\n<\/span><\/h2>\n<p><a href=\"\/le-message\/volume-1\/dieu-a-parle-a-nouveau\/introduction-3\">Introduction<\/a><\/p>\n<p>Chapitre 1: <a href=\"\/le-message\/volume-1\/dieu-a-parle-a-nouveau\/la-proclamation\">La Proclamation<\/a><\/p>\n<p>Chapitre 2: <a href=\"\/le-message\/volume-1\/dieu-a-parle-a-nouveau\/la-recitation\">La R\u00e9citation<\/a><\/p>\n<p>Chapitre 3: <a href=\"\/le-message\/volume-1\/dieu-a-parle-a-nouveau\/lengagement\">L&rsquo;Engagement<\/a><\/p>\n<p>Chapitre 4: <a href=\"\/le-message\/volume-1\/dieu-a-parle-a-nouveau\/dieu-a-parle-a-nouveau-2\">Dieu a parl\u00e9 \u00e0 nouveau<\/a><\/p>\n<p>Chapitre 5: <a href=\"\/le-message\/volume-1\/dieu-a-parle-a-nouveau\/le-sceau-des-prophetes\">Le Sceau des Proph\u00e8tes<\/a><\/p>\n<p>Chapitre 6: <a href=\"\/le-message\/volume-1\/dieu-a-parle-a-nouveau\/la-mission-du-messager\">La Mission du Messager<\/a><\/p>\n<p>Chapitre 7: <a href=\"\/le-message\/volume-1\/dieu-a-parle-a-nouveau\/linitiation\">L&rsquo;Initiation<\/a><\/p>\n<p>Chapitre 8: <a href=\"\/le-message\/volume-1\/dieu-a-parle-a-nouveau\/la-benediction\">La B\u00e9n\u00e9diction<\/a><\/p>\n<p>Chapitre 9: <a href=\"\/le-message\/volume-1\/dieu-a-parle-a-nouveau\/vivre-a-une-epoque-de-revelation\">Vivre \u00e0 une \u00e9poque de R\u00e9v\u00e9lation<\/a><\/p>\n<p>Chapitre 10: <a href=\"\/le-message\/volume-1\/dieu-a-parle-a-nouveau\/assemblee\">L&rsquo;Assembl\u00e9e<\/a><\/p>\n<p>Chapitre 11: <a href=\"\/le-message\/volume-1\/dieu-a-parle-a-nouveau\/le-nouveau-message-de-dieu-pour-le-monde\">Le Nouveau Message de Dieu pour le monde<\/a><\/p>\n<p>Chapitre 12: <a href=\"\/le-message\/volume-1\/dieu-a-parle-a-nouveau\/dieu-conduit-lhumanite-dans-une-nouvelle-direction\">Dieu conduit l&rsquo;humanit\u00e9 dans une nouvelle direction<\/a><\/p>\n<p>Chapitre 13: <a href=\"\/le-message\/volume-1\/dieu-a-parle-a-nouveau\/le-monde-doit-recevoir-le-nouveau-message-de-dieu\">Le monde doit recevoir le Nouveau Message de Dieu<\/a><\/p>\n<p>Chapitre 14: <a href=\"\/le-message\/volume-1\/dieu-a-parle-a-nouveau\/lappel\">L&rsquo;Appel<\/a><\/p>\n<\/div>\n","protected":false},"excerpt":{"rendered":"<p>Dieu a parl\u00e9 \u00e0 nouveau est le commencement d\u2019un Nouveau Message de Dieu pour l\u2019humanit\u00e9. Dans les pages et les chapitres de ce livre, Dieu s\u2019adresse \u00e0 nouveau \u00e0 l\u2019humanit\u00e9, proclamant un avertissement, une b\u00e9n\u00e9diction et une pr\u00e9paration \u00e0 une nouvelle r\u00e9alit\u00e9 du monde, clarifiant la r\u00e9alit\u00e9 de la Pr\u00e9sence de Dieu et apportant une\u2026 <a class=\"read-more\" href=\"https:\/\/www.v6.newmessage.org\/fr\/more-about-the-volumes\"><span>Read More<\/span><\/a><\/p>\n","protected":false},"author":1,"featured_media":0,"parent":16287,"menu_order":2,"comment_status":"closed","ping_status":"closed","template":"template-leftsidebar.php","meta":{"_monsterinsights_skip_tracking":false,"_monsterinsights_sitenote_active":false,"_monsterinsights_sitenote_note":"","_monsterinsights_sitenote_category":0,"footnotes":""},"categories":[],"tags":[625],"_links":{"self":[{"href":"https:\/\/www.v6.newmessage.org\/fr\/wp-json\/wp\/v2\/pages\/16290"}],"collection":[{"href":"https:\/\/www.v6.newmessage.org\/fr\/wp-json\/wp\/v2\/pages"}],"about":[{"href":"https:\/\/www.v6.newmessage.org\/fr\/wp-json\/wp\/v2\/types\/page"}],"author":[{"embeddable":true,"href":"https:\/\/www.v6.newmessage.org\/fr\/wp-json\/wp\/v2\/users\/1"}],"replies":[{"embeddable":true,"href":"https:\/\/www.v6.newmessage.org\/fr\/wp-json\/wp\/v2\/comments?post=16290"}],"version-history":[{"count":100,"href":"https:\/\/www.v6.newmessage.org\/fr\/wp-json\/wp\/v2\/pages\/16290\/revisions"}],"predecessor-version":[{"id":29246,"href":"https:\/\/www.v6.newmessage.org\/fr\/wp-json\/wp\/v2\/pages\/16290\/revisions\/29246"}],"up":[{"embeddable":true,"href":"https:\/\/www.v6.newmessage.org\/fr\/wp-json\/wp\/v2\/pages\/16287"}],"wp:attachment":[{"href":"https:\/\/www.v6.newmessage.org\/fr\/wp-json\/wp\/v2\/media?parent=16290"}],"wp:term":[{"taxonomy":"category","embeddable":true,"href":"https:\/\/www.v6.newmessage.org\/fr\/wp-json\/wp\/v2\/categories?post=16290"},{"taxonomy":"post_tag","embeddable":true,"href":"https:\/\/www.v6.newmessage.org\/fr\/wp-json\/wp\/v2\/tags?post=16290"}],"curies":[{"name":"wp","href":"https:\/\/api.w.org\/{rel}","templated":true}]}}