{"id":161,"date":"2011-04-23T16:22:26","date_gmt":"2011-04-23T16:22:26","guid":{"rendered":"http:\/\/wp.www.newmessage.org\/?p=161"},"modified":"2016-03-27T19:32:27","modified_gmt":"2016-03-27T19:32:27","slug":"comment-le-nouveau-message-a-t-il-ete-recu","status":"publish","type":"page","link":"https:\/\/www.v6.newmessage.org\/fr\/introduction-au-nouveau-message\/faq\/comment-le-nouveau-message-a-t-il-ete-recu","title":{"rendered":"Comment le Nouveau Message a t-il \u00e9t\u00e9 re\u00e7u ?"},"content":{"rendered":"<h1><\/h1>\n<p><i>\u00ab Un grand amour a apport\u00e9 ce Nouveau Message dans le monde &#8211; l&rsquo;amour du Cr\u00e9ateur pour la Cr\u00e9ation, l&rsquo;amour du Cr\u00e9ateur pour la famille humaine \u2013 r\u00e9v\u00e9lant ainsi \u00e0 l&rsquo;humanit\u00e9 la grande opportunit\u00e9 de devenir une race unie et libre que ce monde rec\u00e8le. \u00bb<\/i><\/p>\n<p>Le Nouveau Message repr\u00e9sente la volont\u00e9 de Dieu pour l&rsquo;humanit\u00e9, \u00e0 la fois pour le temps pr\u00e9sent et pour les temps \u00e0 venir. La volont\u00e9 de Dieu a \u00e9t\u00e9 traduite en langage, en une pr\u00e9paration et en un enseignement complet gr\u00e2ce \u00e0 la Pr\u00e9sence Ang\u00e9lique qui repr\u00e9sente la volont\u00e9 Divine pour l&rsquo;humanit\u00e9 dans ce monde.<\/p>\n<p>Le Nouveau Message de Dieu a \u00e9t\u00e9 d\u00e9livr\u00e9 sur une p\u00e9riode de plus de 29 ans. Il a \u00e9t\u00e9 re\u00e7u dans un \u00e9tat de r\u00e9v\u00e9lation par Marshall Vian Summers. Chaque mot du message a d&rsquo;abord \u00e9t\u00e9 parl\u00e9 et enregistr\u00e9, puis ensuite transcrit. Ceci a permis de pr\u00e9server l&rsquo;int\u00e9grit\u00e9 et la puret\u00e9 du Nouveau Message dans sa forme originale. Ce qui deviendra finalement des livres entiers a \u00e9t\u00e9 re\u00e7u en quelques jours ou m\u00eame parfois en quelques heures. Par exemple, les 27 chapitres de <i>La Spiritualit\u00e9 de la Grande Communaut\u00e9 : Une Nouvelle R\u00e9v\u00e9lation<\/i> ont \u00e9t\u00e9 re\u00e7us en tout juste onze jours. Ce processus de r\u00e9v\u00e9lation se poursuit actuellement.<\/p>\n<p>C&rsquo;est ainsi que le Nouveau Message de Dieu est parvenu dans le monde, et sa transmission est en accord avec tous les grands Messages qui ont \u00e9t\u00e9 envoy\u00e9s auparavant pour l&rsquo;avancement de l&rsquo;humanit\u00e9. Dieu communique toujours ces Messages grands et opportuns par le biais de la Pr\u00e9sence Ang\u00e9lique, \u00e0 la fois dans ce monde et dans tous les mondes de l&rsquo;univers. C&rsquo;est la nature de la transmission Divine. C&rsquo;est ainsi que Dieu communique aux individus, \u00e0 des mondes et \u00e0 des races enti\u00e8res.<\/p>\n<p>Le Nouveau Message de Dieu est destin\u00e9 \u00e0 servir l&rsquo;humanit\u00e9 en ce temps et en les temps \u00e0 venir. C&rsquo;est un tr\u00e8s grand Message. Son don, son efficacit\u00e9 et son \u00e0-propos pour la famille humaine ne devrait jamais \u00eatre sous-estim\u00e9.<\/p>\n<p>Il porte en lui une grande Sagesse et une grande Connaissance, une Connaissance et une Sagesse au-del\u00e0 de tout ce qui a \u00e9t\u00e9 donn\u00e9 \u00e0 l&rsquo;humanit\u00e9 auparavant. Et recevoir toute la mesure de ce que contient le Nouveau Message demandera un grand courage, une grande humilit\u00e9 et une grande patience. Son pouvoir, sa v\u00e9rit\u00e9 et la paix qu&rsquo;il offre surpasseront l&rsquo;entendement humain.<\/p>\n<p>Le Nouveau Message de Dieu contient l&rsquo;espoir et la promesse de guider la famille humaine dans l&rsquo;avenir, de telle sorte que l&rsquo;humanit\u00e9 puisse \u00e9tablir une plus grande v\u00e9rit\u00e9 et une plus grande justice dans le monde et qu&rsquo;elle prenne sa place en tant que race libre et unie dans la Grande Communaut\u00e9.<\/p>\n<p>&nbsp;<\/p>\n","protected":false},"excerpt":{"rendered":"<p>\u00ab Un grand amour a apport\u00e9 ce Nouveau Message dans le monde &#8211; l&rsquo;amour du Cr\u00e9ateur pour la Cr\u00e9ation, l&rsquo;amour du Cr\u00e9ateur pour la famille humaine \u2013 r\u00e9v\u00e9lant ainsi \u00e0 l&rsquo;humanit\u00e9 la grande opportunit\u00e9 de devenir une race unie et libre que ce monde rec\u00e8le. \u00bb Le Nouveau Message repr\u00e9sente la volont\u00e9 de Dieu pour\u2026 <a class=\"read-more\" href=\"https:\/\/www.v6.newmessage.org\/fr\/introduction-au-nouveau-message\/faq\/comment-le-nouveau-message-a-t-il-ete-recu\"><span>Read More<\/span><\/a><\/p>\n","protected":false},"author":1,"featured_media":0,"parent":12778,"menu_order":2,"comment_status":"closed","ping_status":"closed","template":"template-leftsidebar.php","meta":{"_monsterinsights_skip_tracking":false,"_monsterinsights_sitenote_active":false,"_monsterinsights_sitenote_note":"","_monsterinsights_sitenote_category":0,"footnotes":""},"categories":[61],"tags":[],"_links":{"self":[{"href":"https:\/\/www.v6.newmessage.org\/fr\/wp-json\/wp\/v2\/pages\/161"}],"collection":[{"href":"https:\/\/www.v6.newmessage.org\/fr\/wp-json\/wp\/v2\/pages"}],"about":[{"href":"https:\/\/www.v6.newmessage.org\/fr\/wp-json\/wp\/v2\/types\/page"}],"author":[{"embeddable":true,"href":"https:\/\/www.v6.newmessage.org\/fr\/wp-json\/wp\/v2\/users\/1"}],"replies":[{"embeddable":true,"href":"https:\/\/www.v6.newmessage.org\/fr\/wp-json\/wp\/v2\/comments?post=161"}],"version-history":[{"count":11,"href":"https:\/\/www.v6.newmessage.org\/fr\/wp-json\/wp\/v2\/pages\/161\/revisions"}],"predecessor-version":[{"id":27651,"href":"https:\/\/www.v6.newmessage.org\/fr\/wp-json\/wp\/v2\/pages\/161\/revisions\/27651"}],"up":[{"embeddable":true,"href":"https:\/\/www.v6.newmessage.org\/fr\/wp-json\/wp\/v2\/pages\/12778"}],"wp:attachment":[{"href":"https:\/\/www.v6.newmessage.org\/fr\/wp-json\/wp\/v2\/media?parent=161"}],"wp:term":[{"taxonomy":"category","embeddable":true,"href":"https:\/\/www.v6.newmessage.org\/fr\/wp-json\/wp\/v2\/categories?post=161"},{"taxonomy":"post_tag","embeddable":true,"href":"https:\/\/www.v6.newmessage.org\/fr\/wp-json\/wp\/v2\/tags?post=161"}],"curies":[{"name":"wp","href":"https:\/\/api.w.org\/{rel}","templated":true}]}}