{"id":159,"date":"2011-04-23T16:20:35","date_gmt":"2011-04-23T16:20:35","guid":{"rendered":"http:\/\/wp.www.newmessage.org\/?p=159"},"modified":"2016-03-27T19:31:11","modified_gmt":"2016-03-27T19:31:11","slug":"pourquoi-est-il-la","status":"publish","type":"page","link":"https:\/\/www.v6.newmessage.org\/fr\/introduction-au-nouveau-message\/faq\/pourquoi-est-il-la","title":{"rendered":"Pourquoi est-il l\u00e0 ?"},"content":{"rendered":"<p>&nbsp;<\/p>\n<p><i>\u00ab Vous vous ruez la t\u00eate la premi\u00e8re dans un avenir qui ne ressemblera pas au pass\u00e9, mais vous n&rsquo;\u00eates pas pr\u00e9par\u00e9s.<br \/>\nC&rsquo;est la raison pour laquelle il y a un Nouveau Message de Dieu. \u00bb<\/i><\/p>\n<p>L&rsquo;humanit\u00e9 se trouve au bord du pr\u00e9cipice, au seuil d&rsquo;un grand changement et face \u00e0 un avenir incertain&#8230;<\/p>\n<p>Avec une population croissante dans un monde aux ressources limit\u00e9es, la menace de restrictions, de guerres et de conflits grandissants est plus grande \u00e0 pr\u00e9sent que jamais auparavant.<br \/>\nC&rsquo;est pourquoi il y a un Nouveau Message de Dieu.<\/p>\n<p>L&rsquo;humanit\u00e9 est confront\u00e9e aux effets destructeurs grandissants du r\u00e9chauffement global, aux changements climatiques catastrophiques et \u00e0 la d\u00e9t\u00e9rioration de l&rsquo;environnement.<br \/>\nC&rsquo;est pourquoi il y a un Nouveau Message de Dieu.<\/p>\n<p>Nombre des religions du monde sont trop fractionn\u00e9es, trop tourn\u00e9es vers le pass\u00e9 et trop engag\u00e9es dans une comp\u00e9tition r\u00e9ciproque pour alerter et pr\u00e9parer la famille humaine \u00e0 ce qui arrive.<br \/>\nC&rsquo;est pourquoi il y a un Nouveau Message de Dieu.<\/p>\n<p>Les gens sont divis\u00e9s et ils n&rsquo;ont pas conscience de la Spiritualit\u00e9 Unique de l&rsquo;humanit\u00e9 et de la Source Unique de toutes les traditions religieuses de l&rsquo;humanit\u00e9.<br \/>\nC&rsquo;est pourquoi il y a un Nouveau Message de Dieu.<\/p>\n<p>Les gens utilisent Dieu et la religion pour justifier de terribles actes de cruaut\u00e9 et de vengeance contre les autres. Cela est en train de d\u00e9chirer davantage la famille humaine, \u00e0 un moment o\u00f9 l&rsquo;unit\u00e9 et la coop\u00e9ration humaines sont cruciales.<br \/>\nC&rsquo;est pourquoi il y a un Nouveau Message de Dieu.<\/p>\n<p>L&rsquo;humanit\u00e9 se trouve au seuil de l&rsquo;espace et du Contact avec des races intelligentes extraterrestres. C&rsquo;est notre destin\u00e9e. C&rsquo;est le plus grand \u00e9v\u00e9nement de l&rsquo;histoire humaine. Et cependant, l&rsquo;humanit\u00e9 n&rsquo;est pas pr\u00e9par\u00e9e.<br \/>\nC&rsquo;est pourquoi il y a un Nouveau Message de Dieu.<\/p>\n<p>En ce moment m\u00eame, une Intervention est mise en place par ces forces extraterrestres qui cherchent \u00e0 tirer partie d&rsquo;une famille humaine faible et divis\u00e9e. Et cependant, l&rsquo;humanit\u00e9 n&rsquo;est pas avertie et n&rsquo;est pas pr\u00e9par\u00e9e.<br \/>\nC&rsquo;est pourquoi il y a un Nouveau Message de Dieu.<\/p>\n<p>Ces grandes vagues de changement qui sont en train d&rsquo;arriver sur le monde mettent en danger la survie de l&rsquo;humanit\u00e9 et sa capacit\u00e9 \u00e0 vivre en tant que race libre dans l&rsquo;avenir.<br \/>\nC&rsquo;est pourquoi il y a un Nouveau Message de Dieu.<\/p>\n<p>Les gens sont pas conscients de la r\u00e9alit\u00e9 et du pouvoir de la Connaissance en eux, le grand don du Cr\u00e9ateur destin\u00e9 \u00e0 guider et prot\u00e9ger chaque personne.<br \/>\nC&rsquo;est pourquoi il y a un Nouveau Message de Dieu.<\/p>\n<p>Il existe en chaque personne un d\u00e9sir ardent et profond d&rsquo;une relation nouvelle avec le Divin.<br \/>\nC&rsquo;est pourquoi il y a un Nouveau Message de Dieu.<\/p>\n<p>De nombreuses personnes commencent \u00e0 s&rsquo;\u00e9veiller au grand besoin de leur \u00e2me : le besoin de but, de sens et de direction dans leur vie, et le besoin d&rsquo;apporter une contribution au monde.<\/p>\n<p>C&rsquo;est pourquoi il y a un Nouveau Message de Dieu.<\/p>\n<p>Le Nouveau Message de Dieu a \u00e9t\u00e9 envoy\u00e9 pour alerter, pour b\u00e9nir et pour pr\u00e9parer la famille humaine toute enti\u00e8re. Ce Message est vaste et sa port\u00e9e est grande. Il s&rsquo;adresse pratiquement \u00e0 chaque aspect de nos vies. Son Messager a re\u00e7u ce pr\u00e9sent pour l&rsquo;humanit\u00e9 pendant plus de 25 ans.<br \/>\nEt la r\u00e9v\u00e9lation se poursuit aujourd&rsquo;hui encore&#8230;<\/p>\n<p>&nbsp;<\/p>\n","protected":false},"excerpt":{"rendered":"<p>&nbsp; \u00ab Vous vous ruez la t\u00eate la premi\u00e8re dans un avenir qui ne ressemblera pas au pass\u00e9, mais vous n&rsquo;\u00eates pas pr\u00e9par\u00e9s. C&rsquo;est la raison pour laquelle il y a un Nouveau Message de Dieu. \u00bb L&rsquo;humanit\u00e9 se trouve au bord du pr\u00e9cipice, au seuil d&rsquo;un grand changement et face \u00e0 un avenir incertain&#8230;\u2026 <a class=\"read-more\" href=\"https:\/\/www.v6.newmessage.org\/fr\/introduction-au-nouveau-message\/faq\/pourquoi-est-il-la\"><span>Read More<\/span><\/a><\/p>\n","protected":false},"author":1,"featured_media":0,"parent":12778,"menu_order":0,"comment_status":"closed","ping_status":"closed","template":"template-leftsidebar.php","meta":{"_monsterinsights_skip_tracking":false,"_monsterinsights_sitenote_active":false,"_monsterinsights_sitenote_note":"","_monsterinsights_sitenote_category":0,"footnotes":""},"categories":[61],"tags":[],"_links":{"self":[{"href":"https:\/\/www.v6.newmessage.org\/fr\/wp-json\/wp\/v2\/pages\/159"}],"collection":[{"href":"https:\/\/www.v6.newmessage.org\/fr\/wp-json\/wp\/v2\/pages"}],"about":[{"href":"https:\/\/www.v6.newmessage.org\/fr\/wp-json\/wp\/v2\/types\/page"}],"author":[{"embeddable":true,"href":"https:\/\/www.v6.newmessage.org\/fr\/wp-json\/wp\/v2\/users\/1"}],"replies":[{"embeddable":true,"href":"https:\/\/www.v6.newmessage.org\/fr\/wp-json\/wp\/v2\/comments?post=159"}],"version-history":[{"count":12,"href":"https:\/\/www.v6.newmessage.org\/fr\/wp-json\/wp\/v2\/pages\/159\/revisions"}],"predecessor-version":[{"id":27650,"href":"https:\/\/www.v6.newmessage.org\/fr\/wp-json\/wp\/v2\/pages\/159\/revisions\/27650"}],"up":[{"embeddable":true,"href":"https:\/\/www.v6.newmessage.org\/fr\/wp-json\/wp\/v2\/pages\/12778"}],"wp:attachment":[{"href":"https:\/\/www.v6.newmessage.org\/fr\/wp-json\/wp\/v2\/media?parent=159"}],"wp:term":[{"taxonomy":"category","embeddable":true,"href":"https:\/\/www.v6.newmessage.org\/fr\/wp-json\/wp\/v2\/categories?post=159"},{"taxonomy":"post_tag","embeddable":true,"href":"https:\/\/www.v6.newmessage.org\/fr\/wp-json\/wp\/v2\/tags?post=159"}],"curies":[{"name":"wp","href":"https:\/\/api.w.org\/{rel}","templated":true}]}}