{"id":15766,"date":"2014-09-26T01:28:05","date_gmt":"2014-09-26T01:28:05","guid":{"rendered":"http:\/\/www.newmessage.org\/?page_id=15766"},"modified":"2017-11-04T18:30:11","modified_gmt":"2017-11-04T18:30:11","slug":"revelations-sur-le-messager","status":"publish","type":"page","link":"https:\/\/www.v6.newmessage.org\/fr\/le-message\/revelations\/revelations-sur-le-messager","title":{"rendered":"Les R\u00e9v\u00e9lations sur le Messager"},"content":{"rendered":"<p>En 1982, un ensemble de profonds messages furent re\u00e7us par Marshall Vian Summers dans les d\u00e9serts du sud-ouest am\u00e9ricain. Plus de 44 ans se sont \u00e9coul\u00e9s depuis, et cette transmission divine s&rsquo;est poursuivie, d&rsquo;une port\u00e9e toujours croissante. Comptant \u00e0 pr\u00e9sent plus de 9200 pages, elle s&rsquo;est r\u00e9v\u00e9l\u00e9e \u00eatre un Nouveau Message de Dieu pour l&rsquo;humanit\u00e9.<\/p>\n<div class=\"panel-30 background-color-bridesmaid text-align-center margin-bottom-20\">\n<p>Ecooutez les enregistrements audios de ces R\u00e9v\u00e9lations sur le Messagers (ou lisez-en les transcriptions traduites), telles qu&rsquo;elles ont \u00e9t\u00e9 re\u00e7ues par le Messager, Marshall Vian Summers.<\/p>\n<h4 class=\"text-color-gray-5\" style=\"text-align: center;\">Les R\u00e9v\u00e9lations sur le Messager<\/h4>\n<div class=\" text-align-center\">\n<p style=\"text-align: center;\">\n\t    \n\t<article class=\"posts_listing blog_shortcode clearfix post-28162 page type-page status-publish hentry category-revelations category-revelations-about-the-messenger category-audio category-the-new-messenger category-volume-1 tag-the-requirements-of-the-messenger\" id=\"post-28162\">\n\n\t\t\t\t\n\t<h2 class=\"entry-title\"><a href=\"https:\/\/www.v6.newmessage.org\/fr\/le-message\/volume-1\/le-nouveau-messager\/ce-qui-est-requis-du-messager\" rel=\"bookmark\" title=\"Lien permanent vers Ce qui est requis du Messager\">Ce qui est requis du Messager<\/a><\/h2>\n\n\t\t\t\n\t\t<\/article>\n\t    \n\t<article class=\"posts_listing blog_shortcode clearfix post-28923 page type-page status-publish hentry category-chapter category-revelations category-revelations-about-the-messenger category-audio category-the-new-messenger category-volume-1 tag-assemblee-angelique tag-intervention tag-messager-de-dieu tag-nouveau-message-de-dieu tag-nouvelle-revelation-de-dieu tag-revelation tag-sagesse-de-la-grande-communaute tag-understanding-the-new-messenger tag-oeuvre-de-dieu\" id=\"post-28923\">\n\n\t\t\t\t\n\t<h2 class=\"entry-title\"><a href=\"https:\/\/www.v6.newmessage.org\/fr\/le-message\/volume-1\/le-nouveau-messager\/comprendre-le-nouveau-messager\" rel=\"bookmark\" title=\"Lien permanent vers Comprendre le Nouveau Messager\">Comprendre le Nouveau Messager<\/a><\/h2>\n\n\t\t\t\n\t\t<\/article>\n\t    \n\t<article class=\"posts_listing blog_shortcode clearfix post-28337 page type-page status-publish hentry category-revelations category-revelations-about-the-messenger category-the-new-messenger category-volume-1 tag-facing-the-light-of-the-revelation\" id=\"post-28337\">\n\n\t\t\t\t\n\t<h2 class=\"entry-title\"><a href=\"https:\/\/www.v6.newmessage.org\/fr\/le-message\/volume-1\/le-nouveau-messager\/faire-face-la-lumiere-de-la-revelation\" rel=\"bookmark\" title=\"Lien permanent vers Faire face \u00e0 la Lumi\u00e8re de la R\u00e9v\u00e9lation\">Faire face \u00e0 la Lumi\u00e8re de la R\u00e9v\u00e9lation<\/a><\/h2>\n\n\t\t\t\n\t\t<\/article>\n\t    \n\t<article class=\"posts_listing blog_shortcode clearfix post-28985 page type-page status-publish hentry category-chapter category-revelations category-revelations-about-the-messenger category-audio category-the-new-messenger category-volume-1 tag-appel-de-dieu tag-assemblee-angelique tag-bouddha tag-ciel tag-connaissance tag-createur tag-famille-spirituelle tag-grace-et-le-pouvoir-de-dieu tag-jesus tag-lumiere-de-la-revelation tag-mohammed tag-nouveau-message-de-dieu tag-nouvelle-revelation tag-pas-vers-la-connaissance tag-revelations tag-sagesse tag-seigneur tag-terre tag-the-messengers-calling tag-voix-de-la-revelation\" id=\"post-28985\">\n\n\t\t\t\t\n\t<h2 class=\"entry-title\"><a href=\"https:\/\/www.v6.newmessage.org\/fr\/le-message\/volume-1\/le-nouveau-messager\/appel-du-messager\" rel=\"bookmark\" title=\"Lien permanent vers L&rsquo;Appel du Messager\">L&rsquo;Appel du Messager<\/a><\/h2>\n\n\t\t\t\n\t\t<\/article>\n\t    \n\t<article class=\"posts_listing blog_shortcode clearfix post-15779 page type-page status-publish hentry category-revelations category-revelations-about-the-messenger category-audio category-the-new-messenger category-volume-1 tag-the-origin-of-the-messenger\" id=\"post-15779\">\n\n\t\t\t\t\n\t<h2 class=\"entry-title\"><a href=\"https:\/\/www.v6.newmessage.org\/fr\/le-message\/volume-1\/le-nouveau-messager\/origine-du-messager\" rel=\"bookmark\" title=\"Lien permanent vers L&rsquo;origine du Messager\">L&rsquo;origine du Messager<\/a><\/h2>\n\n\t\t\t\n\t\t<\/article>\n\t    \n\t<article class=\"posts_listing blog_shortcode clearfix post-28977 page type-page status-publish hentry category-chapter category-revelations category-revelations-about-the-messenger category-audio category-the-new-messenger category-volume-1 tag-amour tag-appel tag-createur-de-toute-vie tag-creation tag-divin tag-grand-pouvoir tag-grande-communaute tag-grande-obscurite tag-grandes-vagues-de-changement tag-imam tag-jesus tag-maitreya tag-messager-de-dieu tag-nouvelle-revelation tag-presence-angelique tag-revelation tag-sagesse tag-the-consequence-of-the-revelation\" id=\"post-28977\">\n\n\t\t\t\t\n\t<h2 class=\"entry-title\"><a href=\"https:\/\/www.v6.newmessage.org\/fr\/le-message\/volume-1\/le-nouveau-messager\/la-consequence-de-la-revelation\" rel=\"bookmark\" title=\"Lien permanent vers La cons\u00e9quence de la R\u00e9v\u00e9lation\">La cons\u00e9quence de la R\u00e9v\u00e9lation<\/a><\/h2>\n\n\t\t\t\n\t\t<\/article>\n\t    \n\t<article class=\"posts_listing blog_shortcode clearfix post-28909 page type-page status-publish hentry category-chapter category-revelations category-revelations-about-the-messenger category-audio category-the-new-messenger category-volume-1 tag-bouddha tag-compassion-de-dieu tag-connaissance tag-divin tag-grande-communaute tag-jesus tag-lignee tag-messager tag-mohammed tag-multitude-angelique tag-nouvelle-revelation tag-plan-de-dieu tag-prophete-mohammed tag-sagesse-de-dieu tag-the-lineage-of-the-messenger tag-voix-de-la-revelation tag-oeuvre-de-dieu\" id=\"post-28909\">\n\n\t\t\t\t\n\t<h2 class=\"entry-title\"><a href=\"https:\/\/www.v6.newmessage.org\/fr\/le-message\/volume-1\/le-nouveau-messager\/la-lignee-du-messager\" rel=\"bookmark\" title=\"Lien permanent vers La Lign\u00e9e du Messager\">La Lign\u00e9e du Messager<\/a><\/h2>\n\n\t\t\t\n\t\t<\/article>\n\t    \n\t<article class=\"posts_listing blog_shortcode clearfix post-19246 page type-page status-publish hentry category-revelations category-revelations-about-the-messenger category-audio category-the-proclamation-2 category-volume-1 tag-the-mission-of-the-messenger\" id=\"post-19246\">\n\n\t\t\t\t\n\t<h2 class=\"entry-title\"><a href=\"https:\/\/www.v6.newmessage.org\/fr\/le-message\/volume-1\/dieu-a-parle-a-nouveau\/la-mission-du-messager\" rel=\"bookmark\" title=\"Lien permanent vers La Mission du Messager\">La Mission du Messager<\/a><\/h2>\n\n\t\t\t\n\t\t<\/article>\n\t    \n\t<article class=\"posts_listing blog_shortcode clearfix post-29014 page type-page status-publish hentry category-chapter category-revelations category-revelations-about-the-messenger category-audio category-the-new-messenger category-volume-1 tag-bouddha tag-connaissance tag-createur tag-enseignants tag-grandes-vagues-de-changement tag-immam tag-jesus tag-maitreya tag-messager tag-mohammed tag-moise tag-nouvelle-revelation tag-pas-vers-la-connaissance tag-presence-angelique tag-revelation-de-dieu tag-revelations-de-dieu tag-sauveur tag-terre tag-the-will-of-heaven tag-voix tag-volonte-du-createur tag-volonte-et-le-dessein-de-dieu\" id=\"post-29014\">\n\n\t\t\t\t\n\t<h2 class=\"entry-title\"><a href=\"https:\/\/www.v6.newmessage.org\/fr\/le-message\/volume-1\/le-nouveau-messager\/la-volonte-du-ciel\" rel=\"bookmark\" title=\"Lien permanent vers La Volont\u00e9 du Ciel\">La Volont\u00e9 du Ciel<\/a><\/h2>\n\n\t\t\t\n\t\t<\/article>\n\t    \n\t<article class=\"posts_listing blog_shortcode clearfix post-27446 page type-page status-publish hentry category-other-revelations category-revelations category-revelations-about-the-messenger\" id=\"post-27446\">\n\n\t\t\t\t\n\t<h2 class=\"entry-title\"><a href=\"https:\/\/www.v6.newmessage.org\/fr\/le-message\/other-revelations\/le-message-et-le-messager\" rel=\"bookmark\" title=\"Lien permanent vers Le Message et le Messager\">Le Message et le Messager<\/a><\/h2>\n\n\t\t\t\n\t\t<\/article>\n\t    \n\t<article class=\"posts_listing blog_shortcode clearfix post-28969 page type-page status-publish hentry category-other-revelations category-revelations category-revelations-about-the-messenger category-audio tag-the-pilgrimage\" id=\"post-28969\">\n\n\t\t\t\t\n\t<h2 class=\"entry-title\"><a href=\"https:\/\/www.v6.newmessage.org\/fr\/le-message\/autres-revelations\/le-pelerinage\" rel=\"bookmark\" title=\"Lien permanent vers Le p\u00e8lerinage\">Le p\u00e8lerinage<\/a><\/h2>\n\n\t\t\t\n\t\t<\/article>\n\t    \n\t<article class=\"posts_listing blog_shortcode clearfix post-28953 page type-page status-publish hentry category-chapter category-revelations category-revelations-about-the-messenger category-audio category-the-new-messenger category-volume-1 tag-the-prophet\" id=\"post-28953\">\n\n\t\t\t\t\n\t<h2 class=\"entry-title\"><a href=\"https:\/\/www.v6.newmessage.org\/fr\/le-message\/volume-1\/le-nouveau-messager\/le-prophete\" rel=\"bookmark\" title=\"Lien permanent vers Le Proph\u00e8te\">Le Proph\u00e8te<\/a><\/h2>\n\n\t\t\t\n\t\t<\/article>\n\t    \n\t<article class=\"posts_listing blog_shortcode clearfix post-28916 page type-page status-publish hentry category-chapter category-revelations category-revelations-about-the-messenger category-audio category-the-new-messenger category-volume-1 tag-bouddha tag-ciel tag-creation tag-emissaire-de-dieu tag-feu-de-la-connaissance tag-jesus tag-mohammed tag-nouveau-messager tag-proclamation tag-revelation tag-sagesse tag-the-veil-of-the-messenger tag-voile-du-messager\" id=\"post-28916\">\n\n\t\t\t\t\n\t<h2 class=\"entry-title\"><a href=\"https:\/\/www.v6.newmessage.org\/fr\/le-message\/volume-1\/le-nouveau-messager\/le-voile-du-messager\" rel=\"bookmark\" title=\"Lien permanent vers Le Voile du Messager\">Le Voile du Messager<\/a><\/h2>\n\n\t\t\t\n\t\t<\/article>\n\t    \n\t<article class=\"posts_listing blog_shortcode clearfix post-28945 page type-page status-publish hentry category-chapter category-revelations category-revelations-about-the-messenger category-audio category-the-new-messenger category-volume-1 tag-antiquite tag-assemblee-angelique tag-ciel tag-creation tag-enfer tag-messager tag-puissance-du-ciel tag-revelation tag-the-journey-of-the-messenger\" id=\"post-28945\">\n\n\t\t\t\t\n\t<h2 class=\"entry-title\"><a href=\"https:\/\/www.v6.newmessage.org\/fr\/le-message\/volume-1\/le-nouveau-messager\/le-voyage-du-messager\" rel=\"bookmark\" title=\"Lien permanent vers Le voyage du Messager\">Le voyage du Messager<\/a><\/h2>\n\n\t\t\t\n\t\t<\/article>\n\t    \n\t<article class=\"posts_listing blog_shortcode clearfix post-29030 page type-page status-publish hentry category-chapter category-revelations category-revelations-about-the-messenger category-audio category-the-new-messenger category-volume-1 tag-amour-du-createur tag-ciel tag-connaissance tag-grace-et-le-pouvoir-du-createur tag-grande-communaute-de-vie-intelligente tag-grandes-vagues-du-changement tag-nouvel-enseignement tag-nouvelle-parole tag-pas-vers-la-connaissance tag-pilier-de-la-sante tag-pilier-des-relations tag-pilier-du-developpement-spirituel tag-pilier-du-travail tag-pilier-du-travail-et-de-la-contribution tag-quatre-piliers tag-revelation tag-sagesse-de-la-grande-communaute tag-separation tag-terre tag-umiere-de-la-nouvelle-revelation tag-voie-de-la-connaissance-de-la-grande-communaute tag-walking-with-the-messenger\" id=\"post-29030\">\n\n\t\t\t\t\n\t<h2 class=\"entry-title\"><a href=\"https:\/\/www.v6.newmessage.org\/fr\/le-message\/volume-1\/le-nouveau-messager\/marcher-avec-le-messager\" rel=\"bookmark\" title=\"Lien permanent vers Marcher avec le Messager\">Marcher avec le Messager<\/a><\/h2>\n\n\t\t\t\n\t\t<\/article>\n\t    \t    <\/p>\n<\/div>\n<\/div>\n<p>Aujourd&rsquo;hui, la voix de la r\u00e9v\u00e9lation continue \u00e0 s&rsquo;exprimer \u00e0 travers son messager, apportant l&rsquo;avertissement,\u00a0la pr\u00e9paration et la b\u00e9n\u00e9diction \u00e0 la Terre.<\/p>\n","protected":false},"excerpt":{"rendered":"<p>En 1982, un ensemble de profonds messages furent re\u00e7us par Marshall Vian Summers dans les d\u00e9serts du sud-ouest am\u00e9ricain. Plus de ans se sont \u00e9coul\u00e9s depuis, et cette transmission divine s&rsquo;est poursuivie, d&rsquo;une port\u00e9e toujours croissante. Comptant \u00e0 pr\u00e9sent plus de 9200 pages, elle s&rsquo;est r\u00e9v\u00e9l\u00e9e \u00eatre un Nouveau Message de Dieu pour l&rsquo;humanit\u00e9. Ecooutez\u2026 <a class=\"read-more\" href=\"https:\/\/www.v6.newmessage.org\/fr\/le-message\/volume-1\/le-nouveau-messager\/marcher-avec-le-messager\"><span>Read More<\/span><\/a><\/p>\n","protected":false},"author":1,"featured_media":0,"parent":15041,"menu_order":1,"comment_status":"closed","ping_status":"closed","template":"template-leftsidebar.php","meta":{"_monsterinsights_skip_tracking":false,"_monsterinsights_sitenote_active":false,"_monsterinsights_sitenote_note":"","_monsterinsights_sitenote_category":0,"footnotes":""},"categories":[],"tags":[613],"_links":{"self":[{"href":"https:\/\/www.v6.newmessage.org\/fr\/wp-json\/wp\/v2\/pages\/15766"}],"collection":[{"href":"https:\/\/www.v6.newmessage.org\/fr\/wp-json\/wp\/v2\/pages"}],"about":[{"href":"https:\/\/www.v6.newmessage.org\/fr\/wp-json\/wp\/v2\/types\/page"}],"author":[{"embeddable":true,"href":"https:\/\/www.v6.newmessage.org\/fr\/wp-json\/wp\/v2\/users\/1"}],"replies":[{"embeddable":true,"href":"https:\/\/www.v6.newmessage.org\/fr\/wp-json\/wp\/v2\/comments?post=15766"}],"version-history":[{"count":18,"href":"https:\/\/www.v6.newmessage.org\/fr\/wp-json\/wp\/v2\/pages\/15766\/revisions"}],"predecessor-version":[{"id":28252,"href":"https:\/\/www.v6.newmessage.org\/fr\/wp-json\/wp\/v2\/pages\/15766\/revisions\/28252"}],"up":[{"embeddable":true,"href":"https:\/\/www.v6.newmessage.org\/fr\/wp-json\/wp\/v2\/pages\/15041"}],"wp:attachment":[{"href":"https:\/\/www.v6.newmessage.org\/fr\/wp-json\/wp\/v2\/media?parent=15766"}],"wp:term":[{"taxonomy":"category","embeddable":true,"href":"https:\/\/www.v6.newmessage.org\/fr\/wp-json\/wp\/v2\/categories?post=15766"},{"taxonomy":"post_tag","embeddable":true,"href":"https:\/\/www.v6.newmessage.org\/fr\/wp-json\/wp\/v2\/tags?post=15766"}],"curies":[{"name":"wp","href":"https:\/\/api.w.org\/{rel}","templated":true}]}}