{"id":157,"date":"2011-04-23T16:18:29","date_gmt":"2011-04-23T16:18:29","guid":{"rendered":"http:\/\/wp.www.newmessage.org\/?p=157"},"modified":"2016-03-27T19:30:09","modified_gmt":"2016-03-27T19:30:09","slug":"quest-ce-que-le-nouveau-message-de-dieu","status":"publish","type":"page","link":"https:\/\/www.v6.newmessage.org\/fr\/introduction-au-nouveau-message\/faq\/quest-ce-que-le-nouveau-message-de-dieu","title":{"rendered":"Qu&rsquo;est-ce que le Nouveau Message de Dieu ?"},"content":{"rendered":"<blockquote><p>\u00a0<em>\u00ab\u00a0Un Nouveau Message du Cr\u00e9ateur de toute vie a \u00e9t\u00e9 envoy\u00e9. C&rsquo;est un message pour pr\u00e9parer l&rsquo;individu et pour pr\u00e9parer les peuples du monde \u00e0 survivre et \u00e0 avancer en traversant les grands p\u00e9rils qui menacent l&rsquo;humanit\u00e9. C&rsquo;est un grand don pour faire face \u00e0 un besoin urgent.\u00a0\u00bb<\/em><\/p><\/blockquote>\n<p>Un Nouveau Message de Dieu est dans le monde. C&rsquo;est un don du Cr\u00e9ateur de toute vie pour la protection et le progr\u00e8s de l&rsquo;humanit\u00e9. Il contient un avertissement, une b\u00e9n\u00e9diction et une pr\u00e9paration pour tous les peuples du monde.<\/p>\n<p>Le Nouveau Message n&rsquo;est fond\u00e9 sur aucune tradition religieuse pr\u00e9existante, ni sur un enseignement religieux du pass\u00e9. C&rsquo;est un don pour les gens de toutes les nations et de toutes les fois. Il honore la v\u00e9rit\u00e9 intemporelle contenue dans tous les grands Messages que le Cr\u00e9ateur a donn\u00e9s au monde par le pass\u00e9, et cependant ce Message se distingue de ce qui a \u00e9t\u00e9 r\u00e9v\u00e9l\u00e9 \u00e0 l&rsquo;humanit\u00e9 auparavant.<\/p>\n<p>Le Nouveau Message de Dieu est une communication authentique du Cr\u00e9ateur qui a \u00e9t\u00e9 envoy\u00e9e dans le monde \u00e0 une \u00e9poque de grands changements, de grands conflits et de grands bouleversements. Le Nouveau Message apporte la connaissance, la sagesse et la direction que l&rsquo;humanit\u00e9 ne peut se procurer elle-m\u00eame afin de relever les grands d\u00e9fis auxquels la famille humaine toute enti\u00e8re est maintenant confront\u00e9e.<\/p>\n<p>Le Nouveau Message est une r\u00e9ponse aux pri\u00e8res sinc\u00e8res pour la libert\u00e9, la s\u00e9curit\u00e9 et la d\u00e9livrance provenant de gens de toutes les nations et de toutes les traditions religieuses. C&rsquo;est une nouvelle r\u00e9v\u00e9lation sur la Spiritualit\u00e9 Unique de l&rsquo;humanit\u00e9, sur la pr\u00e9servation du monde et sur l&rsquo;avenir et la destin\u00e9e de l&rsquo;humanit\u00e9 au sein d&rsquo;une Grande Communaut\u00e9 de vie intelligente dans l&rsquo;univers.<\/p>\n","protected":false},"excerpt":{"rendered":"<p>\u00a0\u00ab\u00a0Un Nouveau Message du Cr\u00e9ateur de toute vie a \u00e9t\u00e9 envoy\u00e9. C&rsquo;est un message pour pr\u00e9parer l&rsquo;individu et pour pr\u00e9parer les peuples du monde \u00e0 survivre et \u00e0 avancer en traversant les grands p\u00e9rils qui menacent l&rsquo;humanit\u00e9. C&rsquo;est un grand don pour faire face \u00e0 un besoin urgent.\u00a0\u00bb Un Nouveau Message de Dieu est dans\u2026 <a class=\"read-more\" href=\"https:\/\/www.v6.newmessage.org\/fr\/introduction-au-nouveau-message\/faq\/quest-ce-que-le-nouveau-message-de-dieu\"><span>Read More<\/span><\/a><\/p>\n","protected":false},"author":1,"featured_media":0,"parent":12778,"menu_order":8,"comment_status":"closed","ping_status":"closed","template":"template-leftsidebar.php","meta":{"_monsterinsights_skip_tracking":false,"_monsterinsights_sitenote_active":false,"_monsterinsights_sitenote_note":"","_monsterinsights_sitenote_category":0,"footnotes":""},"categories":[61],"tags":[],"_links":{"self":[{"href":"https:\/\/www.v6.newmessage.org\/fr\/wp-json\/wp\/v2\/pages\/157"}],"collection":[{"href":"https:\/\/www.v6.newmessage.org\/fr\/wp-json\/wp\/v2\/pages"}],"about":[{"href":"https:\/\/www.v6.newmessage.org\/fr\/wp-json\/wp\/v2\/types\/page"}],"author":[{"embeddable":true,"href":"https:\/\/www.v6.newmessage.org\/fr\/wp-json\/wp\/v2\/users\/1"}],"replies":[{"embeddable":true,"href":"https:\/\/www.v6.newmessage.org\/fr\/wp-json\/wp\/v2\/comments?post=157"}],"version-history":[{"count":9,"href":"https:\/\/www.v6.newmessage.org\/fr\/wp-json\/wp\/v2\/pages\/157\/revisions"}],"predecessor-version":[{"id":27649,"href":"https:\/\/www.v6.newmessage.org\/fr\/wp-json\/wp\/v2\/pages\/157\/revisions\/27649"}],"up":[{"embeddable":true,"href":"https:\/\/www.v6.newmessage.org\/fr\/wp-json\/wp\/v2\/pages\/12778"}],"wp:attachment":[{"href":"https:\/\/www.v6.newmessage.org\/fr\/wp-json\/wp\/v2\/media?parent=157"}],"wp:term":[{"taxonomy":"category","embeddable":true,"href":"https:\/\/www.v6.newmessage.org\/fr\/wp-json\/wp\/v2\/categories?post=157"},{"taxonomy":"post_tag","embeddable":true,"href":"https:\/\/www.v6.newmessage.org\/fr\/wp-json\/wp\/v2\/tags?post=157"}],"curies":[{"name":"wp","href":"https:\/\/api.w.org\/{rel}","templated":true}]}}