{"id":14756,"date":"2014-08-23T22:51:24","date_gmt":"2014-08-23T22:51:24","guid":{"rendered":"http:\/\/www.newmessage.org\/?page_id=14756"},"modified":"2017-06-11T10:42:13","modified_gmt":"2017-06-11T10:42:13","slug":"soutenir-le-nouveau-message","status":"publish","type":"page","link":"https:\/\/www.v6.newmessage.org\/fr\/worldwide-community\/society\/soutenir-le-nouveau-message","title":{"rendered":"Soutenir le Nouveau Message"},"content":{"rendered":"<div class=\"one_half \" >\n<h2>Faire un don ponctuel<\/h2>\n<p><img loading=\"lazy\" decoding=\"async\" class=\"alignnone\" src=\"http:\/\/cdn2.bigcommerce.com\/server2100\/932c8\/products\/106\/images\/170\/productimage-frienddonation.001__48553.1405379429.1280.1280.jpg?c=2\" alt=\"Support the New Message with a Donation\" width=\"240\" height=\"240\" \/><\/p>\n<p>Les dons peuvent \u00eatre faits en ligne par la boutique de la New Knowledge Library, ou par Paypal :<\/p>\n<p style=\"text-align: center;\"><a class='simple_button_link ' style='background-color: #4f8fd6' href='http:\/\/www.newknowledgelibrary.org\/products\/Donation-to-the-New-Message-%2410.html'   ><span>Donnez 10$<\/span><\/a> <a class='simple_button_link ' style='background-color: #4f8fd6' href='http:\/\/www.newknowledgelibrary.org\/products\/Donation-to-the-New-Message-%2425.html'   ><span>Donnez 25$<\/span><\/a> <a class='simple_button_link ' style='background-color: #4f8fd6' href='http:\/\/www.newknowledgelibrary.org\/products\/Donation-to-the-New-Message-%2450.html'   ><span>Donnez 50$<\/span><\/a> <a class='simple_button_link ' style='background-color: #4f8fd6' href='http:\/\/www.newknowledgelibrary.org\/products\/Donation-to-the-New-Message-%24100.html'   ><span>Donnez 100$<\/span><\/a> <a class='simple_button_link ' style='background-color: #4f8fd6' href='http:\/\/www.newknowledgelibrary.org\/products\/Donation-to-the-New-Message-%24500.html'   ><span>Donnez 500$<\/span><\/a> <a class='simple_button_link ' style='background-color: #4f8fd6' href='http:\/\/www.newknowledgelibrary.org\/products\/Donation-to-the-New-Message-%241000.html'   ><span>Donnez 1,000$<\/span><\/a> <a class='simple_button_link ' style='background-color: #4f8fd6' href='http:\/\/www.newknowledgelibrary.org\/products\/Donation-to-the-New-Message-%2410%2C000.html'   ><span>Donnez 10,000$<\/span><\/a><\/p>\n<p><em>Tous les dons sont en Dollars US. La Society for the New Message est une organisation \u00e0 but non lucratif. Vos dons servent \u00e0 apporter le Nouveau Message dans le monde.<br \/>\n<\/em><\/p>\n<h2>Faire un don mensuel<\/h2>\n<p><strong>Les Amis du Nouveau Message<\/strong> apportent leurs contribution sur une base mensuelle au travail essentiel de la <em>Society<\/em>. Pendant des ann\u00e9es, les Amis ont fourni une fondation solide aux efforts croissants de la <em>Society<\/em>. Les Amis du Nouveau Message sont des individus qui s&rsquo;impliquent pour soutenir financi\u00e8rement le Nouveau Message selon leurs possibilit\u00e9s. <a href=\"http:\/\/newknowledgelibrary.org\/friend\/\">Devenez un Amis<\/a>.<\/p>\n<p style=\"text-align: center;\"><a class='simple_button_link ' style='background-color: #4f8fd6' href='http:\/\/newknowledgelibrary.org\/donate\/friends-of-the-new-message-give-monthly-25\/'   ><span>Devenez un amis du Nouveau Message en donnant 25$\/mois<\/span><\/a><\/p>\n<p style=\"text-align: center;\"><a class='simple_button_link ' style='background-color: #4f8fd6' href='http:\/\/newknowledgelibrary.org\/donate\/friends-of-the-new-message-give-monthly-50\/'   ><span>Devenez un amis du Nouveau Message en donnant 50$\/mois<\/span><\/a><\/p>\n<p style=\"text-align: center;\"><a class='simple_button_link ' style='background-color: #4f8fd6' href='http:\/\/newknowledgelibrary.org\/donate\/friends-of-the-new-message-give-monthly-75\/'   ><span>Devenez un amis du Nouveau Message en donnant 75$\/mois<\/span><\/a><\/p>\n<p><strong>Les Piliers du Nouveau Message <\/strong>sont partie int\u00e9grante de la fondation de la mission d&rsquo;\u00e9ducation et de diss\u00e9mination de la <em>Society<\/em>. Les Piliers du Nouveau Message s&rsquo;engagent \u00e0 donner 100$ ou plus chaque mois. 300 Piliers sont n\u00e9cessaires pour faire face aux co\u00fbts annuels de la mission.<\/p>\n<p>\u00catre un Pilier est une expression de votre relation avec le Nouveau Message, son Messager et le don qu&rsquo;il doit imp\u00e9rativement apporter au monde. Devenez un pr\u00e9curseur et montrez la voie aux autres personnes qui cherchent \u00e0 vivre une vie inspir\u00e9e et \u00e0 mener \u00e0 bien leur raison d&rsquo;\u00eatre dans un monde \u00e9mergent. <a href=\"http:\/\/newknowledgelibrary.org\/friend\/\">Devenez un Pilier<\/a>.<\/p>\n<p style=\"text-align: center;\"><a class='simple_button_link ' style='background-color: #4f8fd6' href='http:\/\/newknowledgelibrary.org\/donate\/a-pillar-of-the-new-message-give-monthly-100\/'   ><span>Devenez un Pilier du Nouveau Message en donnant 100$\/mois<\/span><\/a><\/p>\n<p style=\"text-align: center;\"><a class='simple_button_link ' style='background-color: #4f8fd6' href='http:\/\/newknowledgelibrary.org\/donate\/a-pillar-of-the-new-message-give-monthly-150\/'   ><span>Devenez un Pilier du Nouveau Message en donnant 150$\/mois<\/span><\/a><\/p>\n<p style=\"text-align: center;\"><a class='simple_button_link ' style='background-color: #4f8fd6' href='http:\/\/newknowledgelibrary.org\/donate\/a-pillar-of-the-new-message-give-monthly-200\/'   ><span>Devenez un Pilier du Nouveau Message en donnant 200$\/mois<\/span><\/a><\/p>\n<p style=\"text-align: center;\"><a class='simple_button_link ' style='background-color: #4f8fd6' href='http:\/\/newknowledgelibrary.org\/donate\/a-pillar-of-the-new-message-give-monthly-300\/'   ><span>Devenez un Pilier du Nouveau Message en donnant 300$\/mois<\/span><\/a><\/p>\n<p>Rejoignez la Communaut\u00e9 Mondiale des gens qui reconnaissent l&rsquo;immense valeur du Nouveau Message de Dieu et qui utilisent une portion de leurs ressources pour soutenir les efforts continuels n\u00e9cessaires pour apporter cette R\u00e9v\u00e9lation \u00e0 l&rsquo;humanit\u00e9.<\/p>\n<h2>Donner sous forme de legs<\/h2>\n<p>Si la vie vous a octroy\u00e9 les moyens financiers pour devenir un Bienfaiteur, vous avez peut-\u00eatre un r\u00f4le historique \u00e0 jouer en assurant la r\u00e9ussite et la pr\u00e9servation du Nouveau Message de Dieu loin dans l&rsquo;avenir. Les dons sous formes de legs peuvent \u00eatre effectu\u00e9s sous la forme de plusieurs donations successives, ou bien de la fa\u00e7on suivante :<\/p>\n<ul class=\"list-vertical diamond\">\n<li>par l&rsquo;\u00e9tablissement d&rsquo;une donation<\/li>\n<li>par le don de titres ou de valeurs immobili\u00e8res<\/li>\n<li>par un legs testamentaire<\/li>\n<li>en d\u00e9signant la <em>Society<\/em> comme b\u00e9n\u00e9ficiaire d&rsquo;un contrat d&rsquo;assurance ou d&rsquo;un plan de retraite.<\/li>\n<\/ul>\n<p>Pour discuter de ces options ou d&rsquo;autres possibilit\u00e9s, veuillez s&rsquo;il-vous-plait contacter Will Burrows (society@greatercommunity.org).<\/p>\n<p class=\"font-size-12\">La <em>Society for the New Message from God (la Soci\u00e9t\u00e9 pour le Nouveau Message de Dieu)<\/em> est une organisation religieuse \u00e0 but non lucratif enregistr\u00e9e aux \u00c9tats-Unis, et qui est d\u00e9di\u00e9e \u00e0 la pr\u00e9sentation et \u00e0 la pr\u00e9servation des textes et des enregistrements sacr\u00e9s du Nouveau Message de Dieu.<\/p>\n<h2>Donnez de votre temps<\/h2>\n<p>La Mission du Nouveau Message est men\u00e9e \u00e0 bien par les membres de la <em>Society<\/em>, accompagn\u00e9s d&rsquo;une \u00e9quipe d\u00e9vou\u00e9e de volontaires partout dans le monde. Si vous souhaitez offrir vos comp\u00e9tences et rejoindre cette grande \u0153uvre, veuillez remplir le <a href=\"https:\/\/www.newmessage.org\/volunteer\">formulaire des Volontaires<\/a>.<\/p>\n<h2>La collecte de fonds par voie communautaire<\/h2>\n<p>Si vous faites des achats en ligne et que vous \u00eates int\u00e9ress\u00e9 pour collecter des fonds pour\u00a0 soutenir la Society for the New Message, vous pouvez utiliser les liens ci-dessous. La Society recevra entre 2 et 12% de la valeur de votre achat dans les boutiques et chez les revendeurs ci-dessous. De cette mani\u00e8re, les \u00e9tudiants du Nouveau Message peuvent faire b\u00e9n\u00e9ficier la Society par l&rsquo;interm\u00e9diaire de leurs achats ordinaires.<\/p>\n<h4><strong>Visitez <\/strong><a href=\"https:\/\/www.newmessage.org\/shop\"><strong>www.newmessage.org\/shop<\/strong><\/a><\/h4>\n<h2>D&rsquo;autres mani\u00e8res de collecter des fonds pour la Society<\/h2>\n<p>Vous pouvez contribuer \u00e0 soutenir la <em>Society<\/em> simplement en surfant sur internet et en faisant vos achats habituels en ligne, sans que cela vous co\u00fbte quoi que ce soit! Voici comment:<\/p>\n<ul>\n<li style=\"list-style-type: none;\">\n<ul>\n<li><a href=\"http:\/\/www.goodsearch.com\/nonprofit\/society-for-the-greater-community-way-of-knowledge.aspx\"><img loading=\"lazy\" decoding=\"async\" class=\"imgborder alignleft size-full\" src=\"https:\/\/www.newmessage.org\/wp-content\/uploads\/2014\/08\/goodsearch.png\" alt=\"GoodSearch\" width=\"207\" height=\"31\" \/><\/a>Utilisez le <a href=\"http:\/\/www.goodsearch.com\/nonprofit\/society-for-the-greater-community-way-of-knowledge.aspx\">moteur de recherche GoodSearch<\/a>. Chaque recherche que vous effectuez donne 0.01$ \u00e0 la Society. Voyez la liste de <a href=\"http:\/\/www.goodsearch.com\/causes\/society-for-the-greater-community-way-of-knowledge\/supporters\">tous ceux qui soutiennent la Society en utilisant Goodsearch<\/a>.<\/li>\n<\/ul>\n<\/li>\n<\/ul>\n<p>&nbsp;<\/p>\n<ul>\n<li style=\"list-style-type: none;\">\n<ul>\n<li><a href=\"http:\/\/www.goodsearch.com\/goodshop.aspx\"><img loading=\"lazy\" decoding=\"async\" class=\"imgborder alignleft size-full\" src=\"https:\/\/www.newmessage.org\/wp-content\/uploads\/2014\/08\/goodshop.png\" alt=\"GoodShop\" width=\"207\" height=\"36\" \/><\/a><a href=\"http:\/\/www.goodsearch.com\/goodshop.aspx\">Achetez en ligne \u00e0 partir du site goodshop<\/a> qui reverse un pourcentage des nombreux achats en ligne \u00e0 la <em>Society<\/em>.<\/li>\n<\/ul>\n<\/li>\n<\/ul>\n<p>&nbsp;<\/p>\n<ul>\n<li><a href=\"http:\/\/smile.amazon.com\"><img loading=\"lazy\" decoding=\"async\" class=\"alignleft size-full imgborder\" src=\"https:\/\/www.newmessage.org\/wp-content\/uploads\/2014\/08\/amazon-smile.jpg\" alt=\"amazon smile\" width=\"207\" height=\"51\" \/><\/a>\u00c0 Amazon.com, enregistrez-vous dans le programme SMILE et choisissez \u00ab\u00a0SOCIETY FOR THE GREATER COMMUNITY WAY OF KNOWLEDGE\u00a0\u00bb en tant qu&rsquo;organisation caritative. Pour plus d\u2019informations, voyez \u00e0 <a href=\"http:\/\/smile.amazon.com\/about\">Amazon Smile<\/a><\/li>\n<\/ul>\n<p>&nbsp;<\/p>\n<h2>Faites un don par t\u00e9l\u00e9phone, par courrier ou par fax<\/h2>\n<p>Pour faire une contribution par carte de cr\u00e9dit par t\u00e9l\u00e9phone, veuillez appeler le <strong>1-800-938-3891<\/strong><\/p>\n<p>Pour faire un don par ch\u00e8que, veuillez envoyer votre ch\u00e8que sous enveloppe \u00e0 l&rsquo;adresse suivante:<\/p>\n<p style=\"text-align: center;\"><strong>THE SOCIETY FOR THE NEW MESSAGE FROM GOD<\/strong><br \/>\n<strong> P.O. Box 1724<\/strong><br \/>\n<strong> Boulder, CO 80306-1724<\/strong><\/p>\n<p>Les ch\u00e8ques doivent \u00eatre \u00e0 l&rsquo;ordre de \u201cSociety for the GCWK.\u201d<\/p>\n<p>Les dons peuvent \u00e9galement nous \u00eatre fax\u00e9s au num\u00e9ro <strong>1-303-938-1214<\/strong>. Veuillez inclure votre nom, votre adresse et votre num\u00e9ro de t\u00e9l\u00e9phone, de m\u00eame que le montant que vous souhaitez donner, votre num\u00e9ro de carte de cr\u00e9dit et sa date d&rsquo;expiration.<\/p>\n<p>Pour plus d&rsquo;informations sur les autres moyens de faire un don, veuillez contacter la <em>Society<\/em> \u00e0 <a href=\"mailto:society@greatercommunity.org?subject=\">society@greatercommunity.org<\/a> 1-303-938-8401.<\/p>\n<p class=\"font-size-12\">Toutes les contributions sont d\u00e9ductibles d&rsquo;imp\u00f4ts aux USA.<\/p>\n<h2>Avec les sinc\u00e8res remerciements et la profonde gratitude de<\/h2>\n<p><span class=\"text-color-pirate-gold font-size-18 font-weight-bold\"><em>Marshall and Patricia Summers<\/em><br \/>\n<em> Reed Summers<\/em><br \/>\n<em> Ayesha Summers<\/em><br \/>\n<em> Darlene Mitchell<\/em><br \/>\n<em> Carol Coffey<\/em><br \/>\n<em> Jeanine Butler<\/em><br \/>\n<em> Ellen Mitchell<\/em><br \/>\n<em> Will Burrows<\/em><br \/>\n<em> Ana Burrows<\/em><br \/>\n<em> Tyyne Andrews<\/em><br \/>\n<em> Robert Busbey<\/em><br \/>\n<\/span><\/p>\n<p><\/div><br \/>\n<div class=\"one_half last\" ><\/p>\n<div class=\"panel-10 background-color-spanish-white border-rounded-8\"><strong>Rejoignez une communaut\u00e9 mondiale <\/strong>de gens qui soutiennent financi\u00e8rement la <em><a href=\"http:\/\/www.nouveaumessagededieu.org\/worldwide-community\/society\" target=\"_blank\" rel=\"noopener noreferrer\">Society<\/a> <\/em>dans sa mission consistant \u00e0 apporter le Nouveau Message de Dieu \u00e0 l&rsquo;humanit\u00e9. Votre don participera \u00e0 l&rsquo;\u00e9tablissement d&rsquo;une fondation solide pour tout ce que nous faisons d\u00e8s \u00e0 pr\u00e9sent et pour tout ce que nous aurons \u00e0 faire dans l&rsquo;avenir.<\/div>\n<div class=\"panel-10 background-color-spanish-white border-rounded-8\">\n<h3>Avec votre soutien, nous pouvons:<\/h3>\n<ul class=\"list-vertical diamond\">\n<li>Apporter le Nouveau Message \u00e0 des centaines de milliers de personnes partout dans le monde par notre travail de diss\u00e9mination et de communication.<\/li>\n<\/ul>\n<ul class=\"list-vertical diamond\">\n<li>Publier et distribuer les <a href=\"http:\/\/www.nouveaumessagededieu.org\/le-message\" target=\"_blank\" rel=\"noopener noreferrer\">textes sacr\u00e9s<\/a> du Nouveau Message dans les pays du monde.<\/li>\n<\/ul>\n<ul class=\"list-vertical diamond\">\n<li>Offrir gratuitement des livres, des CDs et des textes en ligne gr\u00e2ce \u00e0 notre <a title=\"free book Project\" href=\"\/the-message\/free-book-project\">Free Book Project<\/a>.<\/li>\n<\/ul>\n<ul class=\"list-vertical diamond\">\n<li>Traduire des milliers de pages du Nouveau Message en des dizaines de langues.<\/li>\n<\/ul>\n<ul class=\"list-vertical diamond\">\n<li>Permettre au Messager et \u00e0 ses compagnons de voyager vers des endroits o\u00f9 il est crucial d&rsquo;apporter le Nouveau Message de Dieu et \u00e9galement de rencontrer ces individus qui r\u00e9pondent au Message dans le monde entier.<\/li>\n<\/ul>\n<ul class=\"list-vertical diamond\">\n<li>Atteindre des gens qui sont int\u00e9ress\u00e9s par le Nouveau Message de Dieu gr\u00e2ce \u00e0 des \u00e9v\u00e9nements \u00e0 but \u00e9ducatif.<\/li>\n<\/ul>\n<ul class=\"list-vertical diamond\">\n<li>Pr\u00e9parer des centaines de r\u00e9v\u00e9lations audio, de textes et de vid\u00e9os pour les publier en libre acc\u00e8s en ligne.<\/li>\n<\/ul>\n<ul class=\"list-vertical diamond\">\n<li>D\u00e9velopper l&rsquo;environnement de la <em><a href=\"http:\/\/www.nouveaumessagededieu.org\/ecole-du-nouveau-message\" target=\"_blank\" rel=\"noopener noreferrer\">Free School<\/a><\/em> et apporter l&rsquo;\u00e9ducation vitale du Nouveau Message aux gens partout dans le monde.<\/li>\n<\/ul>\n<ul class=\"list-vertical diamond\">\n<li>Faire du<a href=\"http:\/\/www.nouveaumessagededieu.org\/worldwide-community\/society\/le-sanctuaire-du-nouveau-message\" target=\"_blank\" rel=\"noopener noreferrer\"> Sanctuaire du Nouveau Message<\/a> un lieu o\u00f9 les gens venant de tous les chemins de la vie et de partout dans le monde puissent venir \u00e9tudier, prendre un temps de retraite et faire leur propre exp\u00e9rience du Nouveau Message et de son Messager.<\/li>\n<\/ul>\n<p style=\"text-align: center;\"><strong>Avec votre don financier, nous pouvons apporter le Nouveau Message de Dieu dans le monde, aux gens de toutes les nations et de toutes les cultures. Vous \u00eates un maillon vital dans la transmission de la R\u00e9v\u00e9lation de Dieu \u00e0 l&rsquo;humanit\u00e9.<\/strong><\/p>\n<p>Le Nouveau Message est l\u00e0 pour prot\u00e9ger l&rsquo;humanit\u00e9 dans les temps difficiles \u00e0 venir et pour faire \u00e9merger les dons spirituels que nous poss\u00e9dons en tant que famille humaine et que nous devons faire surgir pour pouvoir survivre dans un monde en changement radical. Votre donation va permettre \u00e0 la Sagesse et \u00e0 la Connaissance du Nouveau Message de p\u00e9n\u00e9trer dans notre monde. Au final, ce don permettra d&rsquo;assurer la puret\u00e9 et l&rsquo;accessibilit\u00e9 de la Nouvelle R\u00e9v\u00e9lation de Dieu dans l&rsquo;avenir.<\/p>\n<p>Votre soutien financier est une indication importante que vous avez trouv\u00e9 le Nouveau Message et souhaitez contribuer \u00e0 cette <a href=\"http:\/\/www.nouveaumessagededieu.org\/worldwide-community\/society\" target=\"_blank\" rel=\"noopener noreferrer\">Mission<\/a> maintenant, alors que nous mettons le cap sur un avenir redoutable.<\/p>\n<p>Que ce soit par votre soutien financier, par votre temps, par votre \u00e9nergie, par vos pri\u00e8res et\/ou par votre \u00e9tude, vous \u00eates un cha\u00eenon essentiel pour nous aider \u00e0 accomplir tout ce que nous avons entrepris de faire. Nous vous invitons \u00e0 nous rejoindre dans cette grande entreprise au service du Cr\u00e9ateur. Puisse tout ce qu&rsquo;il nous a \u00e9t\u00e9 demand\u00e9 d&rsquo;accomplir \u00eatre accompli.<\/p>\n<p><\/div>\n<\/div>\n","protected":false},"excerpt":{"rendered":"Faire un don ponctuel Les dons peuvent \u00eatre faits en ligne par la boutique de la New Knowledge Library, ou par Paypal : Donnez 10$ Donnez 25$ Donnez 50$ Donnez 100$ Donnez 500$ Donnez 1,000$ Donnez 10,000$ Tous les dons sont en Dollars US. La Society for the New Message est une organisation \u00e0 but\u2026 <a class=\"read-more\" href=\"https:\/\/www.v6.newmessage.org\/fr\/worldwide-community\/society\/soutenir-le-nouveau-message\"><span>Read More<\/span><\/a>","protected":false},"author":1,"featured_media":0,"parent":12810,"menu_order":1,"comment_status":"closed","ping_status":"closed","template":"","meta":{"_monsterinsights_skip_tracking":false,"_monsterinsights_sitenote_active":false,"_monsterinsights_sitenote_note":"","_monsterinsights_sitenote_category":0,"footnotes":""},"categories":[],"tags":[643],"_links":{"self":[{"href":"https:\/\/www.v6.newmessage.org\/fr\/wp-json\/wp\/v2\/pages\/14756"}],"collection":[{"href":"https:\/\/www.v6.newmessage.org\/fr\/wp-json\/wp\/v2\/pages"}],"about":[{"href":"https:\/\/www.v6.newmessage.org\/fr\/wp-json\/wp\/v2\/types\/page"}],"author":[{"embeddable":true,"href":"https:\/\/www.v6.newmessage.org\/fr\/wp-json\/wp\/v2\/users\/1"}],"replies":[{"embeddable":true,"href":"https:\/\/www.v6.newmessage.org\/fr\/wp-json\/wp\/v2\/comments?post=14756"}],"version-history":[{"count":95,"href":"https:\/\/www.v6.newmessage.org\/fr\/wp-json\/wp\/v2\/pages\/14756\/revisions"}],"predecessor-version":[{"id":28624,"href":"https:\/\/www.v6.newmessage.org\/fr\/wp-json\/wp\/v2\/pages\/14756\/revisions\/28624"}],"up":[{"embeddable":true,"href":"https:\/\/www.v6.newmessage.org\/fr\/wp-json\/wp\/v2\/pages\/12810"}],"wp:attachment":[{"href":"https:\/\/www.v6.newmessage.org\/fr\/wp-json\/wp\/v2\/media?parent=14756"}],"wp:term":[{"taxonomy":"category","embeddable":true,"href":"https:\/\/www.v6.newmessage.org\/fr\/wp-json\/wp\/v2\/categories?post=14756"},{"taxonomy":"post_tag","embeddable":true,"href":"https:\/\/www.v6.newmessage.org\/fr\/wp-json\/wp\/v2\/tags?post=14756"}],"curies":[{"name":"wp","href":"https:\/\/api.w.org\/{rel}","templated":true}]}}