{"id":1473,"date":"2011-11-02T10:01:25","date_gmt":"2011-11-02T10:01:25","guid":{"rendered":"http:\/\/wp.www.newmessage.org\/?p=1473"},"modified":"2016-04-22T21:47:22","modified_gmt":"2016-04-22T21:47:22","slug":"but-et-appel-spirituel","status":"publish","type":"page","link":"https:\/\/www.v6.newmessage.org\/fr\/le-message\/volume-2\/les-relations-et-le-but-superieur\/but-et-appel-spirituel","title":{"rendered":"Votre but et votre appel spirituel"},"content":{"rendered":"<div><!-- 4.0 --><\/div>\n\n<div class=\"tabgroup \"><ul class=\"tabs\"><li><a href=\"#tabs-1\">R\u00e9v\u00e9lation<\/a><\/li>\n<li><a href=\"#tabs-2\">Livre<\/a><\/li><\/ul>\n <div id=\"tabs-1\"><br \/>\n<em>Tel que r\u00e9v\u00e9l\u00e9 \u00e0<br \/>\nMarshall Vian Summers<br \/>\nle 1er janvier 1989<br \/>\n\u00e0 Albany, New York<\/em><\/p>\n<div class=\"toggle toggle-white\"><h4 class=\"trigger \"><span class=\"t_ico\"><\/span><a href=\"#\">\u00c0 propos de ce texte<\/a><\/h4><div class=\"toggle_container \"><br \/>\n<p>Ce que vous lisez dans ce texte est la transcription de la voix originale de <a href=\"http:\/\/www.nouveaumessagededieu.org\/le-message\/important-terms#aa\" target=\"_blank\">l\u2019Assembl\u00e9e Ang\u00e9lique<\/a> parlant \u00e0 travers le <a href=\"http:\/\/www.nouveaumessagededieu.org\/messager-de-dieu\" target=\"_blank\">Messager Marshall Vian Summers<\/a>.<\/p>\n<p>Ici, la communication originale de Dieu, qui existe au-del\u00e0 des mots, est traduite en un langage et un entendement humains par <a href=\"http:\/\/www.nouveaumessagededieu.org\/le-message\/important-terms#aa\" target=\"_blank\">l\u2019Assembl\u00e9e Ang\u00e9lique<\/a> qui veille sur le monde. L\u2019Assembl\u00e9e apporte alors le Message de Dieu \u00e0 travers le Messager.<\/p>\n<p>Dans ce processus remarquable, la <a href=\"http:\/\/www.nouveaumessagededieu.org\/le-message\/important-terms#vr\" target=\"_blank\">Voix de la R\u00e9v\u00e9lation<\/a> parle \u00e0 nouveau. La Parole et le Son sont dans le monde. Pour la premi\u00e8re fois dans l\u2019histoire, l\u2019enregistrement de la r\u00e9v\u00e9lation parl\u00e9e originale est accessible pour que vous en fassiez l\u2019exp\u00e9rience.<\/p>\n<p>Puissiez-vous recevoir ce don de R\u00e9v\u00e9lation et puissiez-vous vous ouvrir \u00e0 son Message unique pour vous et pour votre vie.<\/p>\n<br \/>\n<\/div><\/div>\n<p><\/div>\n<div id=\"tabs-2\"><\/p>\n<div class=\"panel-10 text-align-center\"><img decoding=\"async\" class=\"aligncenter size-full \" src=\"https:\/\/www.newmessage.org\/wp-content\/uploads\/2011\/10\/RHP-Cover-blk-250px.jpg\" alt=\"Relationships and Higher Power\" \/><\/div>\n<div class=\"text-align-center\"><a class='simple_button_link ' style='background-color: #4f8fd6' href='http:\/\/newknowledgelibrary.org\/books\/relationships-and-higher-purpose\/'   ><span>Order the book<\/span><\/a><\/div>\n<p><\/div>\n\t\t\t\t<div align=\"right\">\n\t\t\t<div class=\"fb-like\" data-href=\"\" data-layout=\"button_count\" data-action=\"like\" data-show-faces=\"false\" data-share=\"false\"><\/div>\n\t\t\t<div class=\"fb-share-button\" data-layout=\"button_count\"> <\/div>\n\t\t\t<div class=\"fb_iframe_widget\"><a href=\"https:\/\/twitter.com\/godsnewmessage?ref_src=twsrc%5Etfw\" class=\"twitter-follow-button\" data-show-count=\"false\">Follow @godsnewmessage<\/a><script async src=\"https:\/\/platform.twitter.com\/widgets.js\" charset=\"utf-8\"><\/script><\/div>\n\t\t\t<\/div> <\/div> \n\n<p>&nbsp;<\/p>\n<p>Vous \u00eates venu en ce monde dans le but sp\u00e9cifique de r\u00e9clamer votre Connaissance, de l\u2019exprimer et d\u2019\u00e9tablir des rapports authentiques avec les autres. C\u2019est votre but et celui de tout humain incarn\u00e9 sur terre. Votre appel en fait partie. Il se manifeste o\u00f9 votre travail le plus important, issu de votre Connaissance, devient \u00e9vident. Il na\u00eet de votre pr\u00e9paration \u00e0 la Connaissance, de votre aptitude \u00e0 vous y lier, de votre empres\u00adsement pour la Connaissance et de votre mariage \u00e0 la Connaissance en vous. Pareille d\u00e9marche rend possible le vrai mariage avec d\u2019autres.<\/p>\n<p>Vous aurez un ensemble de t\u00e2ches sp\u00e9cifiques \u00e0 ex\u00e9cuter dans le monde, et cela constitue votre appel. Ce sera le travail de votre vie. Si cet appel doit signifier quelque chose, il ne peut \u00eatre le fruit de vos concepts. Il doit \u00e9maner de la Connaissance en vous. Et vous devez \u00eatre en position de l\u2019accepter, d\u2019accepter le d\u00e9fi que cela repr\u00e9sente, ce que vous pourriez avoir \u00e0 abandonner pour recevoir cet appel, ainsi que les b\u00e9n\u00e9fices qu\u2019il vous procurera tr\u00e8s certainement.<\/p>\n<p>Vous \u00eates venu sur terre dans un but. \u00c0 une certaine \u00e9tape de votre d\u00e9veloppement, votre appel spirituel \u00e9mergera. Peut-\u00eatre aviez-vous d\u00e9j\u00e0 \u00e9chafaud\u00e9 de grandes th\u00e9ories sur qui vous \u00eates, ce que le monde doit \u00eatre, ce que vous devez \u00eatre, ce que vous ferez, ce que vous aurez, ce que les autres devraient faire, et ainsi de suite. Des id\u00e9es comme celles-l\u00e0 peuvent s\u2019av\u00e9rer utiles au d\u00e9part, parce qu\u2019elles sont susceptibles de garder votre d\u00e9sir de v\u00e9rit\u00e9 bien vivant. Cependant, elles doivent \u00e9ventuellement c\u00e9der la place \u00e0 la r\u00e9alit\u00e9. Ici, votre id\u00e9alisme meurt afin que la Connaissance puisse \u00e9merger en vous. Cela ne veut pas dire que l\u2019espoir meurt, mais simplement qu\u2019il s\u2019appuie d\u00e9sormais sur une base r\u00e9elle pour assurer son expression. Cela ne veut pas dire non plus que votre enthousiasme meurt, mais qu\u2019il a une base authentique qui lui permettra de survivre aux conflits et aux tribulations du monde.<\/p>\n<p>Votre pr\u00e9sence sur terre indique d\u00e9j\u00e0 un engagement de votre part. Vous \u00eates d\u00e9j\u00e0 engag\u00e9 envers votre famille spirituelle et vos ma\u00eetres int\u00e9rieurs, ces membres avanc\u00e9s de votre famille spirituelle qui ont termin\u00e9 leur apprentissage dans la r\u00e9alit\u00e9 physique et gradu\u00e9 de cette \u00e9cole. Ils doivent \u00e0 pr\u00e9sent aider ceux qui ne sont pas aussi avanc\u00e9s qu\u2019eux afin que toute la famille spirituelle puisse progresser. Par cons\u00e9quent, dans cet espace au-del\u00e0 du monde, vous partagez d\u00e9j\u00e0 un but avec votre famille spirituelle, vous \u00eates d\u00e9j\u00e0 mari\u00e9 \u00e0 celle-ci, vous avez d\u00e9j\u00e0 un engagement et une r\u00e9alit\u00e9. Votre r\u00f4le est d\u2019amener tout cela dans ce monde-ci, car les Terriens ont oubli\u00e9 la Connaissance, le mariage, le but et l\u2019engagement. Le monde est un lieu o\u00f9 les gens vivent dans leur imagination pour se d\u00e9finir eux-m\u00eames ou d\u00e9finir ce qu\u2019ils d\u00e9sirent.<\/p>\n<p>Vous devez avoir un but dans la vie, car le but, c\u2019<em>est<\/em> la vie. Si vous vous investissez dans vos id\u00e9es, ce sera l\u00e0 votre but. Si vous vous investissez dans l\u2019accomplissement personnel, ce sera votre but. Si vous vous investissez dans le conflit, ce sera votre but. Si vous vous engagez \u00e0 \u00e9viter les exp\u00e9riences douloureuses, ce sera l\u00e0 aussi votre but. Vous ne pouvez vous passer d\u2019un but, car c\u2019est ce qui donne un sens \u00e0 la vie. Toutes les activit\u00e9s dans le monde sont teint\u00e9es de cette recherche de sens, qui est une recherche de but et, finalement, de relations.<\/p>\n<p>Seul, vous n\u2019avez aucun but, aucune signification ni aucune direction r\u00e9els. Vous n\u2019avez aucune v\u00e9ritable identit\u00e9 non plus. Cependant, en tant qu\u2019individu qui exprime une r\u00e9alit\u00e9 plus profonde, vous avez toutes ces choses. Vous existez en vous-m\u00eame, mais vous n\u2019y \u00eates pas seul. Vous ne pouvez vous isoler que dans votre imagination ou dans le r\u00eave. Cependant, \u00e0 mesure que les limitations et les d\u00e9ceptions inh\u00e9rentes au r\u00eave vous permettront de reconna\u00eetre ce dernier pour ce qu\u2019il est, une plus grande v\u00e9rit\u00e9 \u00e9mergera et vous d\u00e9couvrirez que vous avez d\u00e9j\u00e0 un but plus \u00e9lev\u00e9 dans la vie.<\/p>\n<p>\u00c0 mesure que votre d\u00e9sir et votre capacit\u00e9 de faire l\u2019exp\u00e9rience de la Connaissance grandissent et se d\u00e9veloppent, voil\u00e0 que votre mission de vie \u00e9merge et que vous d\u00e9couvrez que vous avez quelque chose de sp\u00e9cifique \u00e0 faire en ce monde. Votre forme et votre plan originel prennent tout leur sens \u00e0 vos yeux. Vous constatez \u00e0 quel point vous \u00eates parfaitement con\u00e7u pour accomplir cette mission que vous n\u2019aviez pas encore reconnue. Cette r\u00e9alisation vous am\u00e8ne \u00e0 vous accepter et cela met un terme \u00e0 l\u2019autocondamnation.<\/p>\n<p>Il n\u2019est pas n\u00e9cessaire que vous d\u00e9terminiez ce qu\u2019est votre mission, bien que vous soyez tent\u00e9 de le faire. Patientez\u2006\u2060; elle se r\u00e9v\u00e9lera tout naturellement. \u00c0 ce moment-l\u00e0, elle vous para\u00eetra peut-\u00eatre tr\u00e8s diff\u00e9rente de ce que vous aviez imagin\u00e9. Un v\u00e9ritable appel spirituel est rarement impressionnant dans son expression. Mais la Connaissance est son essence et, par cons\u00e9quent, il apporte valeur et signification aux autres ainsi qu\u2019\u00e0 vous-m\u00eame.<\/p>\n<p>Certains s\u2019imaginent que le fait d\u2019avoir une mission de vie les \u00e9tablira dans le r\u00f4le de prince spirituel, de proph\u00e8te ou de chef de file de grande renomm\u00e9e, de personne ayant de grandes facult\u00e9s psychiques, ou de ma\u00eetre spirituel. Ce n\u2019est \u00e0 peu pr\u00e8s jamais le cas. C\u2019est pourquoi il n\u2019y a pas de ma\u00eetres vivants dans le monde. Abandonnez l\u2019id\u00e9e d\u2019\u00eatre un ma\u00eetre. Abandonnez ces illusions. Vous d\u00e9couvrirez que votre vrai mariage, votre vrai but et votre vraie mission de vie sont tr\u00e8s simples. Ils iront dans le sens de votre nature et de ce que vous pouvez vraiment faire. Et vous serez heureux du fait qu\u2019il vous sera demand\u00e9 exactement ce que vous voudrez fournir naturellement, car vous le poss\u00e9dez d\u00e9j\u00e0.<\/p>\n<p>Vos attentes en ce qui vous concerne peuvent \u00eatre cruelles ou grandioses si elles sont impr\u00e9gn\u00e9es d\u2019id\u00e9alisme. Mais avec la Connaissance, elles s\u2019alignent sur votre d\u00e9sir de contribuer. Alors, vous r\u00e9alisez enfin que ce que vous voulez pour vous-m\u00eame est identique \u00e0 ce que Dieu veut pour vous. Mais cette prise de conscience ne peut venir que par la Connaissance, selon la progression et le d\u00e9veloppement n\u00e9cessaires dont nous parlons ici.<\/p>\n<p>Quand votre exp\u00e9rience d\u2019un but sup\u00e9rieur aura suffisamment m\u00fbri, votre appel \u00e9mergera. Cependant, il est tr\u00e8s important qu\u2019il se laisse conna\u00eetre seulement quand vous \u00eates pr\u00eat \u00e0 y r\u00e9pondre. Si votre appel \u00e9mergeait avant que vous ne soyez pr\u00eat \u00e0 donner suite, vous vous sentiriez tr\u00e8s confus et d\u00e9courag\u00e9. Vous auriez un s\u00e9rieux probl\u00e8me. Pour cette raison, le plan de Dieu est con\u00e7u de telle sorte que votre appel \u00e9mergera seulement lorsque vous serez pr\u00eat. Car, que pourrait-il vous arriver de pire que de reconna\u00eetre votre appel sans pouvoir y donner suite\u2006\u2060? Pensez-y.<\/p>\n<p>Le plan de Dieu a \u00e9t\u00e9 \u00e9tabli de mani\u00e8re \u00e0 assurer votre succ\u00e8s. Il a \u00e9t\u00e9 \u00e9tabli pour permettre l\u2019expression et la d\u00e9monstration de la Connaissance, de fa\u00e7on \u00e0 la garder vivante dans le monde. Il a \u00e9t\u00e9 \u00e9tabli de telle sorte que le mariage authentique puisse b\u00e9nir toutes les relations et que chaque individu ait une occasion de contribuer au progr\u00e8s des autres.<\/p>\n<p>Par cons\u00e9quent, r\u00e9jouissez-vous d\u2019avoir un but \u00e9lev\u00e9 dans la vie\u2006\u2060; cela signifie beaucoup de choses. D\u2019abord, cela veut dire que votre vie a un sens et qu\u2019elle n\u2019est pas chaotique. Ensuite, cela signifie que vous avez une origine et une destin\u00e9e au-del\u00e0 de ce monde, et aussi que votre vie garde son caract\u00e8re \u00e9ternel m\u00eame durant cette phase temporaire d\u2019existence terrestre. Alors, soyez reconnaissant de conserver les relations que vous r\u00e9clamez, car une fois que vous avez repris contact avec un membre de votre famille spirituelle, vous ne pouvez l\u2019oublier. Votre progr\u00e8s ici est permanent. Seule votre \u00e9valuation de vous-m\u00eame peut se d\u00e9grader. Seule votre capacit\u00e9 \u00e0 accomplir votre destin\u00e9e dans le monde peut \u00eatre d\u00e9vi\u00e9e ou d\u00e9ni\u00e9e, gaspillant ainsi un temps pr\u00e9cieux.<\/p>\n<p>Voudriez-vous revivre votre naissance et votre enfance juste pour vous retrouver encore une fois au point actuel\u2006\u2060? Qui voudrait revivre de vingt \u00e0 soixante-dix ann\u00e9es de pr\u00e9paration\u2006\u2060? Vous ne voulez pas refaire tout ce chemin. Par cons\u00e9quent, utilisez au maximum ce moment qui vous est actuellement offert. Votre mission de vie vous habite. Ne la d\u00e9finissez pas. Elle vous d\u00e9finira. Votre appel vous attend. Ne le d\u00e9finissez pas\u2006\u2060; il se fera conna\u00eetre quand vous serez pr\u00eat.<\/p>\n<p>Cependant, cet appel exigera, pour \u00e9merger, que certains autres individus soient pr\u00eats \u00e9galement. C\u2019est que vous travaillez en tandem avec votre famille spirituelle. En outre, votre Connaissance travaille d\u2019apr\u00e8s un plan de grande envergure. Votre progr\u00e8s d\u00e9pend de vous d\u2019abord, mais aussi du d\u00e9veloppement de certains individus envers qui vous serez engag\u00e9 significativement. S\u2019ils ne se d\u00e9veloppent pas, vous serez dans l\u2019impossibilit\u00e9 d\u2019accomplir votre mission. Comprenez-le bien, car c\u2019est tr\u00e8s important. Votre responsabilit\u00e9 est grande, car vous entreprenez votre d\u00e9veloppement non seulement pour vous-m\u00eame, mais aussi pour votre famille spirituelle. Voil\u00e0 pourquoi nous insistons tant sur la n\u00e9cessit\u00e9 de votre d\u00e9veloppement. S\u2019il ne s\u2019agissait que d\u2019une poursuite \u00e9go\u00efste, elle serait sans valeur.<\/p>\n<p>Cette responsabilit\u00e9 est partie int\u00e9grante de votre mission de vie. C\u2019est ce qui donne \u00e0 cette derni\u00e8re sa puissance. C\u2019est ce qui la rend n\u00e9cessaire. Il vous arrivera de vous sentir indigne de votre propre effort. Mais ceux que vous aimez sont dignes. Vous avez besoin de relations pour avoir le contexte, la motivation et l\u2019inspiration de donner. Vous avez besoin de relations pour constater que vous avez un cadeau \u00e0 offrir.<\/p>\n<p>Acceptez votre mission de vie m\u00eame si elle n\u2019est pas encore d\u00e9finie. C\u2019est un pouvoir que vous pouvez sentir en vous au quotidien. Quoique vous n\u2019ayez pas encore entendu votre appel, acceptez qu\u2019il y en ait un en attente pour vous. Vous n\u2019avez qu\u2019\u00e0 suivre la Connaissance et \u00e0 poursuivre vos obligations d\u2019ordre pratique dans le monde. Vous n\u2019avez pas \u00e0 vous planifier un avenir bas\u00e9 sur les objectifs de mise dans votre soci\u00e9t\u00e9\u2006\u2060; \u00e9tablissez juste certains buts temporaires qui vous permettront de maintenir votre concentration sur la Connaissance et de vous d\u00e9velopper.<\/p>\n<p>Votre mission de vie devenant perceptible, vous constaterez de mani\u00e8re grandissante que m\u00eame votre enfance recelait un \u00e9l\u00e9ment de cette plus grande v\u00e9rit\u00e9. Vous verrez que m\u00eame aux premiers stades de d\u00e9veloppement, la graine de v\u00e9rit\u00e9 et la lumi\u00e8re de v\u00e9rit\u00e9 ne vous quittaient pas. Mais en ces temps-l\u00e0, la comp\u00e9tition leur venait de bien des directions, comp\u00e9tition qui dispara\u00eet \u00e0 pr\u00e9sent, car elle n\u2019a pu gagner contre la Connaissance. Vous suivrez le rythme de la Connaissance si vous parvenez \u00e0 achever les \u00e9tapes de d\u00e9veloppement. Par la suite, vous incarnerez la Connaissance en soi, car au terme de la vie, seule la Connaissance est l\u00e0 pour rencontrer Dieu.<\/p>\n<p>&nbsp;<\/p>\n","protected":false},"excerpt":{"rendered":"<p>&nbsp; Vous \u00eates venu en ce monde dans le but sp\u00e9cifique de r\u00e9clamer votre Connaissance, de l\u2019exprimer et d\u2019\u00e9tablir des rapports authentiques avec les autres. C\u2019est votre but et celui de tout humain incarn\u00e9 sur terre. Votre appel en fait partie. Il se manifeste o\u00f9 votre travail le plus important, issu de votre Connaissance, devient\u2026 <a class=\"read-more\" href=\"https:\/\/www.v6.newmessage.org\/fr\/about-text-shortcode\"><span>Read More<\/span><\/a><\/p>\n","protected":false},"author":1,"featured_media":0,"parent":13085,"menu_order":9,"comment_status":"closed","ping_status":"closed","template":"template-leftsidebar.php","meta":{"_monsterinsights_skip_tracking":false,"_monsterinsights_sitenote_active":false,"_monsterinsights_sitenote_note":"","_monsterinsights_sitenote_category":0,"footnotes":""},"categories":[44,469,76,77,467],"tags":[],"_links":{"self":[{"href":"https:\/\/www.v6.newmessage.org\/fr\/wp-json\/wp\/v2\/pages\/1473"}],"collection":[{"href":"https:\/\/www.v6.newmessage.org\/fr\/wp-json\/wp\/v2\/pages"}],"about":[{"href":"https:\/\/www.v6.newmessage.org\/fr\/wp-json\/wp\/v2\/types\/page"}],"author":[{"embeddable":true,"href":"https:\/\/www.v6.newmessage.org\/fr\/wp-json\/wp\/v2\/users\/1"}],"replies":[{"embeddable":true,"href":"https:\/\/www.v6.newmessage.org\/fr\/wp-json\/wp\/v2\/comments?post=1473"}],"version-history":[{"count":10,"href":"https:\/\/www.v6.newmessage.org\/fr\/wp-json\/wp\/v2\/pages\/1473\/revisions"}],"predecessor-version":[{"id":28030,"href":"https:\/\/www.v6.newmessage.org\/fr\/wp-json\/wp\/v2\/pages\/1473\/revisions\/28030"}],"up":[{"embeddable":true,"href":"https:\/\/www.v6.newmessage.org\/fr\/wp-json\/wp\/v2\/pages\/13085"}],"wp:attachment":[{"href":"https:\/\/www.v6.newmessage.org\/fr\/wp-json\/wp\/v2\/media?parent=1473"}],"wp:term":[{"taxonomy":"category","embeddable":true,"href":"https:\/\/www.v6.newmessage.org\/fr\/wp-json\/wp\/v2\/categories?post=1473"},{"taxonomy":"post_tag","embeddable":true,"href":"https:\/\/www.v6.newmessage.org\/fr\/wp-json\/wp\/v2\/tags?post=1473"}],"curies":[{"name":"wp","href":"https:\/\/api.w.org\/{rel}","templated":true}]}}