{"id":14680,"date":"2014-08-22T18:55:56","date_gmt":"2014-08-22T18:55:56","guid":{"rendered":"http:\/\/www.newmessage.org\/?page_id=14680"},"modified":"2017-09-03T13:07:15","modified_gmt":"2017-09-03T13:07:15","slug":"le-sanctuaire-du-nouveau-message","status":"publish","type":"page","link":"https:\/\/www.v6.newmessage.org\/fr\/worldwide-community\/society\/le-sanctuaire-du-nouveau-message","title":{"rendered":"Le Sanctuaire"},"content":{"rendered":"<h2>Le foyer du Nouveau Message<\/h2>\n<p>&nbsp;<\/p>\n<div class=\"one_half \" >\n<p align=\"LEFT\">\n<p align=\"LEFT\">Le Sanctuaire du Nouveau Message est un lieu o\u00f9 les gens viennent faire l\u2019exp\u00e9rience du pouvoir et de la pr\u00e9sence de <a href=\"http:\/\/www.nouveaumessagededieu.org\/le-message\/important-terms#god\" target=\"_blank\" rel=\"noopener\">Dieu<\/a> et de la <a href=\"http:\/\/www.nouveaumessagededieu.org\/le-message\/important-terms#kn\" target=\"_blank\" rel=\"noopener\">Connaissance<\/a>, se rendre compte par eux-m\u00eames de la gr\u00e2ce et de l\u2019authenticit\u00e9 du Nouveau Message de Dieu et examiner plus en profondeur le but et la direction de leur vie.<\/p>\n<p align=\"LEFT\">Situ\u00e9 aux \u00c9tats-Unis, \u00e0 Boulder dans le Colorado, le Sanctuaire du Nouveau Message est l\u2019humble foyer du Nouveau Message de Dieu. Nous vous invitons \u00e0 venir y rencontrer la communaut\u00e9 des \u00e9tudiants de Boulder et \u00e0 venir y \u00e9couter le Messager lors de l&rsquo;un de nos <a href=\"https:\/\/www.newmessage.org\/worldwide-community\/events\" target=\"_blank\" rel=\"noopener\">grands \u00e9v\u00e9nements annuels<\/a>.<\/p>\n<p><\/div><br \/>\n<div class=\"one_half last\" ><br \/>\n<iframe loading=\"lazy\" width=\"400\" height=\"350\" frameborder=\"0\" src=\"\/\/player.vimeo.com\/video\/29793908?title=0&amp;byline=0&amp;portrait=0&amp;color=c17b29\"><\/iframe><br \/>\n<\/div>\n","protected":false},"excerpt":{"rendered":"<p>Le foyer du Nouveau Message &nbsp;<\/p>\n","protected":false},"author":1,"featured_media":0,"parent":12810,"menu_order":4,"comment_status":"closed","ping_status":"closed","template":"template-leftsidebar.php","meta":{"_monsterinsights_skip_tracking":false,"_monsterinsights_sitenote_active":false,"_monsterinsights_sitenote_note":"","_monsterinsights_sitenote_category":0,"footnotes":""},"categories":[],"tags":[],"_links":{"self":[{"href":"https:\/\/www.v6.newmessage.org\/fr\/wp-json\/wp\/v2\/pages\/14680"}],"collection":[{"href":"https:\/\/www.v6.newmessage.org\/fr\/wp-json\/wp\/v2\/pages"}],"about":[{"href":"https:\/\/www.v6.newmessage.org\/fr\/wp-json\/wp\/v2\/types\/page"}],"author":[{"embeddable":true,"href":"https:\/\/www.v6.newmessage.org\/fr\/wp-json\/wp\/v2\/users\/1"}],"replies":[{"embeddable":true,"href":"https:\/\/www.v6.newmessage.org\/fr\/wp-json\/wp\/v2\/comments?post=14680"}],"version-history":[{"count":18,"href":"https:\/\/www.v6.newmessage.org\/fr\/wp-json\/wp\/v2\/pages\/14680\/revisions"}],"predecessor-version":[{"id":28684,"href":"https:\/\/www.v6.newmessage.org\/fr\/wp-json\/wp\/v2\/pages\/14680\/revisions\/28684"}],"up":[{"embeddable":true,"href":"https:\/\/www.v6.newmessage.org\/fr\/wp-json\/wp\/v2\/pages\/12810"}],"wp:attachment":[{"href":"https:\/\/www.v6.newmessage.org\/fr\/wp-json\/wp\/v2\/media?parent=14680"}],"wp:term":[{"taxonomy":"category","embeddable":true,"href":"https:\/\/www.v6.newmessage.org\/fr\/wp-json\/wp\/v2\/categories?post=14680"},{"taxonomy":"post_tag","embeddable":true,"href":"https:\/\/www.v6.newmessage.org\/fr\/wp-json\/wp\/v2\/tags?post=14680"}],"curies":[{"name":"wp","href":"https:\/\/api.w.org\/{rel}","templated":true}]}}