{"id":14016,"date":"2014-08-14T01:20:09","date_gmt":"2014-08-14T01:20:09","guid":{"rendered":"http:\/\/www.newmessage.org\/?page_id=14016"},"modified":"2017-11-04T18:35:56","modified_gmt":"2017-11-04T18:35:56","slug":"messager-de-dieu","status":"publish","type":"page","link":"https:\/\/www.v6.newmessage.org\/fr\/messager-de-dieu","title":{"rendered":"Le Messager"},"content":{"rendered":"<div class=\"one_half \" ><\/p>\n<div class=\"panel-20\">\n<h2 class=\"text-color-whiskey margin-bottom-20\">Entretien avec Marshall Vian Summers<\/h2>\n<p>Vous pr\u00e9tendez repr\u00e9senter un Nouveau Message de Dieu. Comment pouvez-vous faire une telle affirmation ?<\/p>\n<p>\u00ab Le Nouveau Message m\u2019a \u00e9t\u00e9 donn\u00e9 par les Anges du Cr\u00e9ateur. C\u2019est une Nouvelle R\u00e9v\u00e9lation pour l\u2019humanit\u00e9. On m\u2019a dit d\u2019affirmer cela. \u00bb<\/p>\n<p><strong> <a href=\"http:\/\/www.nouveaumessagededieu.org\/messager-de-dieu\/entretien-avec-marshall-vian-summers\" target=\"_blank\" rel=\"noopener\">Lire l&rsquo;entretien complet&#8230;<\/a><\/strong><\/p>\n<p>De quelle autorit\u00e9 pr\u00e9tendez-vous pr\u00e9senter une nouvelle alliance, un nouveau testament ?<\/p>\n<p>\u00ab On m\u2019a assign\u00e9 cette t\u00e2che, et gr\u00e2ce \u00e0 la Connaissance en moi, je l\u2019ai reconnue et accept\u00e9e. Cependant, la responsabilit\u00e9 d\u2019apporter ce nouveau testament dans le monde a \u00e9t\u00e9 consid\u00e9rable. Cela a \u00e9t\u00e9 un grand fardeau pour moi. \u00bb<\/p>\n<p><strong><a href=\"http:\/\/www.nouveaumessagededieu.org\/messager-de-dieu\/entretien-avec-marshall-vian-summers\" target=\"_blank\" rel=\"noopener\">Lire l&rsquo;entretien complet&#8230;<\/a><\/strong><\/p>\n<\/div>\n<p><\/div>\n<div class=\"one_half last\" ><\/p>\n<div class=\"panel-20 background-color-bridesmaid text-align-center\">\n<p><img loading=\"lazy\" decoding=\"async\" width=\"269\" height=\"354\" class=\"alignnone size-full wp-image-27760 imgborder\" src=\"https:\/\/www.newmessage.org\/wp-content\/uploads\/sites\/38\/2014\/08\/mvs.jpg\" alt=\"mvs\" srcset=\"https:\/\/www.v6.newmessage.org\/fr\/wp-content\/uploads\/sites\/38\/2014\/08\/mvs.jpg 269w, https:\/\/www.v6.newmessage.org\/fr\/wp-content\/uploads\/sites\/38\/2014\/08\/mvs-228x300.jpg 228w\" sizes=\"(max-width: 269px) 100vw, 269px\" \/><\/p>\n<h2 class=\"text-color-whiskey text-align-center\">R\u00e9v\u00e9lations sur le Messager<\/h2>\n<div class=\"margin-bottom-20\">Lisez les r\u00e9v\u00e9lations du Nouveau Message sur le Messager, Marshall Vian Summers. <a href=\"\/le-message\/revelations\/revelations-sur-le-messager\"><strong>En savoir plus&#8230;<\/strong><\/a><\/div>\n<\/div>\n<p><\/div>\n","protected":false},"excerpt":{"rendered":"Entretien avec Marshall Vian Summers Vous pr\u00e9tendez repr\u00e9senter un Nouveau Message de Dieu. Comment pouvez-vous faire une telle affirmation ? \u00ab Le Nouveau Message m\u2019a \u00e9t\u00e9 donn\u00e9 par les Anges du Cr\u00e9ateur. C\u2019est une Nouvelle R\u00e9v\u00e9lation pour l\u2019humanit\u00e9. On m\u2019a dit d\u2019affirmer cela. \u00bb Lire l'entretien complet... De quelle autorit\u00e9 pr\u00e9tendez-vous pr\u00e9senter une nouvelle alliance,\u2026 <a class=\"read-more\" href=\"https:\/\/www.v6.newmessage.org\/fr\/messager-de-dieu\"><span>Read More<\/span><\/a>","protected":false},"author":1,"featured_media":0,"parent":0,"menu_order":43,"comment_status":"closed","ping_status":"closed","template":"template-leftsidebar.php","meta":{"_monsterinsights_skip_tracking":false,"_monsterinsights_sitenote_active":false,"_monsterinsights_sitenote_note":"","_monsterinsights_sitenote_category":0,"footnotes":""},"categories":[],"tags":[609],"_links":{"self":[{"href":"https:\/\/www.v6.newmessage.org\/fr\/wp-json\/wp\/v2\/pages\/14016"}],"collection":[{"href":"https:\/\/www.v6.newmessage.org\/fr\/wp-json\/wp\/v2\/pages"}],"about":[{"href":"https:\/\/www.v6.newmessage.org\/fr\/wp-json\/wp\/v2\/types\/page"}],"author":[{"embeddable":true,"href":"https:\/\/www.v6.newmessage.org\/fr\/wp-json\/wp\/v2\/users\/1"}],"replies":[{"embeddable":true,"href":"https:\/\/www.v6.newmessage.org\/fr\/wp-json\/wp\/v2\/comments?post=14016"}],"version-history":[{"count":200,"href":"https:\/\/www.v6.newmessage.org\/fr\/wp-json\/wp\/v2\/pages\/14016\/revisions"}],"predecessor-version":[{"id":28832,"href":"https:\/\/www.v6.newmessage.org\/fr\/wp-json\/wp\/v2\/pages\/14016\/revisions\/28832"}],"wp:attachment":[{"href":"https:\/\/www.v6.newmessage.org\/fr\/wp-json\/wp\/v2\/media?parent=14016"}],"wp:term":[{"taxonomy":"category","embeddable":true,"href":"https:\/\/www.v6.newmessage.org\/fr\/wp-json\/wp\/v2\/categories?post=14016"},{"taxonomy":"post_tag","embeddable":true,"href":"https:\/\/www.v6.newmessage.org\/fr\/wp-json\/wp\/v2\/tags?post=14016"}],"curies":[{"name":"wp","href":"https:\/\/api.w.org\/{rel}","templated":true}]}}