{"id":13223,"date":"2014-07-25T17:41:39","date_gmt":"2014-07-25T17:41:39","guid":{"rendered":"http:\/\/www.newmessage.org\/?page_id=13223"},"modified":"2021-02-28T22:42:05","modified_gmt":"2021-02-28T22:42:05","slug":"la-sagesse-de-la-grande-communaute-tome-ii","status":"publish","type":"page","link":"https:\/\/www.v6.newmessage.org\/fr\/le-message\/volume-5\/la-sagesse-de-la-grande-communaute-tome-ii","title":{"rendered":"La Sagesse de la Grande Communaut\u00e9 &#8211; Tome II"},"content":{"rendered":"<p><a href=\"https:\/\/www.newmessage.org\/wp-content\/uploads\/2015\/07\/volume5_book2.jpg\"><img loading=\"lazy\" decoding=\"async\" class=\"size-medium alignright\" src=\"https:\/\/www.newmessage.org\/wp-content\/uploads\/2015\/07\/volume5_book2-211x300.jpg\" alt=\"\" width=\"211\" height=\"300\" \/><\/a><\/p>\n<p><em>La Sagesse de la Grande Communaut\u00e9 \u2013 Volume II<\/em> se concentre sur les besoins d\u2019un monde en transition, un contexte plus grand au sein duquel trouver son but sup\u00e9rieur dans la vie et r\u00e9soudre ses dilemmes personnels. Il aborde la vaste ar\u00e8ne de vie intelligente appel\u00e9e la Grande Communaut\u00e9 et apporte l\u2019inspiration et la perspective n\u00e9cessaires pour se pr\u00e9parer \u00e0 un avenir qui sera diff\u00e9rent de tout ce que nous avons connu jusqu\u2019ici.<\/p>\n<p>Dans les Enseignements du Nouveau Message traitant de sujets allant de \u00ab Discernement \u00bb et \u00ab R\u00e9alit\u00e9s de la Grande Communaut\u00e9 \u00bb \u00e0 \u00ab Courage \u00bb et \u00ab La religion comme Myst\u00e8re \u00bb, <em>La Sagesse II<\/em> ouvre la voie pour vivre une plus grande vie dans le monde. Les deux volumes de <em>La Sagesse de la Grande Communaut\u00e9<\/em> sont un compl\u00e9ment au voyage des <em>Pas vers la Connaissance<\/em>.<\/p>\n<p>Ici sont pr\u00e9sent\u00e9s une s\u00e9rie d\u2019enseignements sur la Voie de la Connaissance de la Grande Communaut\u00e9, qui est la voie de pr\u00e9paration spirituelle contenue dans le Nouveau Message de Dieu. Il s\u2019agit d\u2019une pr\u00e9paration spirituelle universelle, qui est maintenant pr\u00e9sent\u00e9e au monde pour la premi\u00e8re fois.<\/p>\n<p><em>La Sagesse de la Grande Communaut\u00e9 \u2013 Volume II <\/em>est le deuxi\u00e8me livre du <a href=\"\/le-message\/volume-5\">Volume 5<\/a> du Nouveau Message de Dieu.<\/p>\n<div class=\"toggle toggle-white\"><h4 class=\"trigger \"><span class=\"t_ico\"><\/span><a href=\"#\">\u00c0 propos des Volumes du Nouveau Message de Dieu<\/a><\/h4><div class=\"toggle_container \"><br \/>\n<div data-post-id='24520' class='insert-page insert-page-24520 '><p>Le Nouveau Message de Dieu sera au final contenu dans 6 volumes individuels. Chaque volume contient deux livres ou plus, et chaque livre est organis\u00e9 en chapitres.<\/p>\n<p>Ainsi, la future structure du Nouveau Message de Dieu peut \u00eatre synth\u00e9tis\u00e9e de la fa\u00e7on suivante :<\/p>\n<div id=\"attachment_24097\" style=\"width: 227px\" class=\"wp-caption alignright\"><a href=\"https:\/\/www.newmessage.org\/wp-content\/uploads\/2015\/08\/Volumes-Books-InfoGraphic.001.jpg\"><img loading=\"lazy\" decoding=\"async\" aria-describedby=\"caption-attachment-24097\" class=\"imgborder \" src=\"https:\/\/www.newmessage.org\/wp-content\/uploads\/2015\/08\/Volumes-Books-InfoGraphic.001.jpg\" alt=\"The New Message One Book\" width=\"217\" height=\"234\" \/><\/a><p id=\"caption-attachment-24097\" class=\"wp-caption-text\">Le Livre Unique du Nouveau Message<\/p><\/div>\n<p><strong>Volume &gt; Livre &gt; Chapitre &gt; Verset.<br \/>\n<\/strong><\/p>\n<p>Le Nouveau Message de Dieu contient la plus grande R\u00e9v\u00e9lation jamais donn\u00e9e au monde. Il s&rsquo;adresse \u00e0 pratiquement tous les aspects de nos vies, pr\u00e9sentant de nouvelles r\u00e9alit\u00e9s jamais r\u00e9v\u00e9l\u00e9es auparavant. La <em>Society<\/em> \u0153uvre pour que le plus possible de livres et de r\u00e9v\u00e9lations audios soient rendues disponibles et accessibles au monde.<\/p>\n<p>Actuellement, la Society est en mesure d&rsquo;offrir un grand nombre d&rsquo;enregistrements de la Voix de la R\u00e9v\u00e9lation dans leur version originale. Vous \u00eates de fait invit\u00e9s \u00e0 faire l&rsquo;exp\u00e9rience du pouvoir et du myst\u00e8re de la \u00ab\u00a0Voix\u00a0\u00bb telle qu&rsquo;elle s&rsquo;est exprim\u00e9e \u00e0 travers le Messager en \u00e9tat de R\u00e9v\u00e9lation. Jamais auparavant il n&rsquo;avait \u00e9t\u00e9 possible d&rsquo;entendre la Voix de la R\u00e9v\u00e9lation originale.<\/p>\n<p>La compilation du Nouveau Message tout entier est un travail de longue haleine. Au m\u00eame moment, la R\u00e9v\u00e9lation continue \u00e0 \u00eatre re\u00e7ue avec de nouveaux enseignements donn\u00e9s chaque ann\u00e9e. En cons\u00e9quence, la s\u00e9lection de chapitres dans chaque livre peut changer. De m\u00eame, les titres des livres peuvent eux-aussi changer pour refl\u00e9ter la port\u00e9e grandissante de chaque livre. Vous vivez \u00e0 une \u00e9poque de R\u00e9v\u00e9lation et \u00eates t\u00e9moin du processus de R\u00e9v\u00e9lation qui se d\u00e9ploie devant vous.<\/p>\n<h4>Livres en ligne<\/h4>\n<p>La <em>Society<\/em> s\u2019efforce de rendre le Nouveau Message accessible gratuitement en ligne pour le monde. Actuellement, un certain nombre de livres du Nouveau Message sont disponibles gratuitement \u00e0 www.newmessage.org. Vous pouvez explorer <a href=\"http:\/\/www.nouveaumessagededieu.org\/le-message\" target=\"_blank\">la biblioth\u00e8que des livres gratuits en ligne<\/a>.<\/p>\n<h4>Livres au format papier<\/h4>\n<p>La <em>Society<\/em> offre actuellement certain des livres du Nouveau Message sous format papier. Cependant, du fait de la taille immense de la partie du Nouveau Message r\u00e9v\u00e9l\u00e9e, la <em>Society<\/em> n\u2019est pas encore en mesure de publier sous forme imprim\u00e9e les six volumes du Nouveau Message pour l\u2019instant. Pour acheter une copie des livres actuellement disponibles, veuillez visiter la boutique de la <a href=\"http:\/\/www.newknowledgelibrary.org\">New Knowledge Library<\/a>.<\/p>\n<h4>CD et mp3<\/h4>\n<p>Certaines r\u00e9v\u00e9lations relatives \u00e0 l\u2019\u00e9tude du Nouveau Message sont disponibles \u00e0 l\u2019achat sous forme de CD ou de mp3. La <em><a href=\"http:\/\/www.nouveaumessagededieu.org\/worldwide-community\/society\" target=\"_blank\">Society<\/a><\/em> propose ces enseignements \u00e0 un co\u00fbt modeste \u00e0 la boutique de la New Knowledge Library en raison des r\u00e9alit\u00e9s financi\u00e8res li\u00e9es \u00e0 la n\u00e9cessit\u00e9 d\u2019atteindre le monde entier avec le Nouveau Message.<\/p>\n<h4>Le <em>Free Book Project<\/em><\/h4>\n<p>Avec un soutien financier plus important, la <em>Society<\/em> sera en mesure de rendre davantage de ces enseignements de sagesse accessibles gratuitement en ligne. En plus de cela, le <a href=\"http:\/\/www.nm-french.tk\/the-message\/free-book-project\">Free Book Project<\/a> de la <em>Society<\/em> offre une copie des livres et des mp3 des r\u00e9v\u00e9lations du Nouveau Message actuellement disponibles \u00e0 ceux qui n\u2019ont pas les moyens de les acheter. Nous vous invitons \u00e0<a href=\"http:\/\/www.nouveaumessagededieu.org\/worldwide-community\/society\/soutenir-le-nouveau-message\" target=\"_blank\"> faire un don<\/a> pour soutenir le <em>Free Book Project<\/em>, afin que de plus en plus de gens dans le besoin puissent avoir acc\u00e8s au Nouveau Message de Dieu.<\/p>\n<h4>Publications futures<\/h4>\n<p>La <em>Society<\/em> continuera \u00e0 mener \u00e0 bien sa vision de publication de l\u2019enti\u00e8ret\u00e9 du Nouveau Message de Dieu, \u00e0 la fois sous la forme de ses livres et de ses volumes, et peut-\u00eatre un jour sous la forme d\u2019un livre unique, simplement intitul\u00e9 : \u201cLe Nouveau Message de Dieu\u201d. C\u2019est une entreprise \u00e9norme pour laquelle la <em>Society<\/em> a besoin de votre contribution et de votre participation. Envisagez, si vous le pouvez, la possibilit\u00e9 de <a href=\"http:\/\/www.nouveaumessagededieu.org\/worldwide-community\/society\/soutenir-le-nouveau-message\" target=\"_blank\">faire un don<\/a> ou de <a href=\"http:\/\/www.nouveaumessagededieu.org\/worldwide-community\/society\/soutenir-le-nouveau-message\" target=\"_blank\">devenir un Pilier<\/a> du Nouveau Message pour soutenir cette cause sacr\u00e9e. Nous vous remercions pour votre soutien.<\/p>\n<\/div><br \/>\n<\/div><\/div>\n<div class=\"background-color-bridesmaid padding-20\">\n<h2 style=\"text-align: left;\"><span style=\"color: #525252;\">Table des mati\u00e8res<\/span><\/h2>\n<p>Chapitre 1 : L&rsquo;ambition<\/p>\n<p>Chapitre 2 : Les possessions<\/p>\n<p>Chapitre 3 : Le plaisir<\/p>\n<p>Chapitre 4 : Servir les autres<\/p>\n<p>Chapitre 5 : Travailler avec le mental<\/p>\n<p>Chapitre 6 : Le discernement<\/p>\n<p>Chapitre 7 : La discr\u00e9tion<\/p>\n<p>Chapitre 8 : R\u00e9soudre des probl\u00e8mes<\/p>\n<p>Chapitre 9 : <a href=\"https:\/\/www.nouveaumessagededieu.org\/le-message\/volume-5\/la-sagesse-de-la-grande-communaute-tome-ii\/honnetete\">L&rsquo;honn\u00eatet\u00e9<\/a><\/p>\n<p>Chapitre 10 : Les visites de la Grande Communaut\u00e9<\/p>\n<p>Chapitre 11 : La pratique spirituelle<\/p>\n<p>Chapitre 12 : L&rsquo;expression de soi et l&rsquo;environnement mental<\/p>\n<p>Chapitre 13 : La religion comme myst\u00e8re<\/p>\n<p>Chapitre 14 : L&rsquo;intelligence<\/p>\n<p>Chapitre 15 : R\u00e9pondre \u00e0 la Grande Communaut\u00e9<\/p>\n<p>Chapitre 16 : Les seuils<\/p>\n<p>Chapitre 17 : Comment les visiteurs per\u00e7oivent l&rsquo;humanit\u00e9<\/p>\n<p>Chapitre 18 : La compassion<\/p>\n<p>Chapitre 19 : Le courage<\/p>\n<p>Chapitre 20 : Apprendre des autres<\/p>\n<p>Chapitre 21 : Le d\u00e9vouement et l&rsquo;engagement<\/p>\n<p>Chapitre 22 : L&rsquo;argent<\/p>\n<p>Chapitre 23 : Devenir sage<\/p>\n<p>Chapitre 24 : Le travail<\/p>\n<p>Chapitre 25 : Les environnements<\/p>\n<p>Chapitre 26 : Le conflict<\/p>\n<p>Chapitre 27 : Le doute de soi<\/p>\n<p>Chapitre 28 : Les r\u00e9alit\u00e9s de la Grande Communaut\u00e9<\/p>\n<p>Chapitre 29 : L&rsquo;inspiration<\/p>\n<p>Chapitre 30 : La gentillesse<\/p>\n<p>Chapitre 31 : La concentration<\/p>\n<p>Chapitre 32 : L&rsquo;orgueil<\/p>\n<p>Chapitre 33 : La pers\u00e9v\u00e9rance<\/p>\n<p>Chapitre 34 : Parcourir la Voie de la Connaissance<\/p>\n<\/div>\n","protected":false},"excerpt":{"rendered":"<p>La Sagesse de la Grande Communaut\u00e9 \u2013 Volume II se concentre sur les besoins d\u2019un monde en transition, un contexte plus grand au sein duquel trouver son but sup\u00e9rieur dans la vie et r\u00e9soudre ses dilemmes personnels. Il aborde la vaste ar\u00e8ne de vie intelligente appel\u00e9e la Grande Communaut\u00e9 et apporte l\u2019inspiration et la perspective\u2026 <a class=\"read-more\" href=\"https:\/\/www.v6.newmessage.org\/fr\/more-about-the-volumes\"><span>Read More<\/span><\/a><\/p>\n","protected":false},"author":1,"featured_media":0,"parent":16320,"menu_order":1,"comment_status":"closed","ping_status":"closed","template":"template-leftsidebar.php","meta":{"_monsterinsights_skip_tracking":false,"_monsterinsights_sitenote_active":false,"_monsterinsights_sitenote_note":"","_monsterinsights_sitenote_category":0,"footnotes":""},"categories":[498,485,484],"tags":[641],"_links":{"self":[{"href":"https:\/\/www.v6.newmessage.org\/fr\/wp-json\/wp\/v2\/pages\/13223"}],"collection":[{"href":"https:\/\/www.v6.newmessage.org\/fr\/wp-json\/wp\/v2\/pages"}],"about":[{"href":"https:\/\/www.v6.newmessage.org\/fr\/wp-json\/wp\/v2\/types\/page"}],"author":[{"embeddable":true,"href":"https:\/\/www.v6.newmessage.org\/fr\/wp-json\/wp\/v2\/users\/1"}],"replies":[{"embeddable":true,"href":"https:\/\/www.v6.newmessage.org\/fr\/wp-json\/wp\/v2\/comments?post=13223"}],"version-history":[{"count":51,"href":"https:\/\/www.v6.newmessage.org\/fr\/wp-json\/wp\/v2\/pages\/13223\/revisions"}],"predecessor-version":[{"id":29464,"href":"https:\/\/www.v6.newmessage.org\/fr\/wp-json\/wp\/v2\/pages\/13223\/revisions\/29464"}],"up":[{"embeddable":true,"href":"https:\/\/www.v6.newmessage.org\/fr\/wp-json\/wp\/v2\/pages\/16320"}],"wp:attachment":[{"href":"https:\/\/www.v6.newmessage.org\/fr\/wp-json\/wp\/v2\/media?parent=13223"}],"wp:term":[{"taxonomy":"category","embeddable":true,"href":"https:\/\/www.v6.newmessage.org\/fr\/wp-json\/wp\/v2\/categories?post=13223"},{"taxonomy":"post_tag","embeddable":true,"href":"https:\/\/www.v6.newmessage.org\/fr\/wp-json\/wp\/v2\/tags?post=13223"}],"curies":[{"name":"wp","href":"https:\/\/api.w.org\/{rel}","templated":true}]}}