{"id":1310,"date":"2011-10-28T13:57:40","date_gmt":"2011-10-28T20:57:40","guid":{"rendered":"http:\/\/wp.www.newmessage.org\/?p=1310"},"modified":"2016-04-17T14:17:53","modified_gmt":"2016-04-17T14:17:53","slug":"votre-relation-avec-le-monde","status":"publish","type":"page","link":"https:\/\/www.v6.newmessage.org\/fr\/le-message\/volume-2\/les-relations-et-le-but-superieur\/votre-relation-avec-le-monde","title":{"rendered":"Votre relation avec le monde"},"content":{"rendered":"<div><!-- 4.0 --><\/div>\n\n<div class=\"tabgroup \"><ul class=\"tabs\"><li><a href=\"#tabs-1\">R\u00e9v\u00e9lation<\/a><\/li>\n<li><a href=\"#tabs-2\">Livre<\/a><\/li><\/ul>\n <div id=\"tabs-1\"><br \/>\n<em>Tel que r\u00e9v\u00e9l\u00e9 \u00e0<br \/>\nMarshall Vian Summers<br \/>\nle 1er janvier 1989<br \/>\n\u00e0 Albany, New York<\/em><\/p>\n<div class=\"toggle toggle-white\"><h4 class=\"trigger \"><span class=\"t_ico\"><\/span><a href=\"#\">\u00c0 propos de ce texte<\/a><\/h4><div class=\"toggle_container \"><br \/>\n<p>Ce que vous lisez dans ce texte est la transcription de la voix originale de <a href=\"http:\/\/www.nouveaumessagededieu.org\/le-message\/important-terms#aa\" target=\"_blank\">l\u2019Assembl\u00e9e Ang\u00e9lique<\/a> parlant \u00e0 travers le <a href=\"http:\/\/www.nouveaumessagededieu.org\/messager-de-dieu\" target=\"_blank\">Messager Marshall Vian Summers<\/a>.<\/p>\n<p>Ici, la communication originale de Dieu, qui existe au-del\u00e0 des mots, est traduite en un langage et un entendement humains par <a href=\"http:\/\/www.nouveaumessagededieu.org\/le-message\/important-terms#aa\" target=\"_blank\">l\u2019Assembl\u00e9e Ang\u00e9lique<\/a> qui veille sur le monde. L\u2019Assembl\u00e9e apporte alors le Message de Dieu \u00e0 travers le Messager.<\/p>\n<p>Dans ce processus remarquable, la <a href=\"http:\/\/www.nouveaumessagededieu.org\/le-message\/important-terms#vr\" target=\"_blank\">Voix de la R\u00e9v\u00e9lation<\/a> parle \u00e0 nouveau. La Parole et le Son sont dans le monde. Pour la premi\u00e8re fois dans l\u2019histoire, l\u2019enregistrement de la r\u00e9v\u00e9lation parl\u00e9e originale est accessible pour que vous en fassiez l\u2019exp\u00e9rience.<\/p>\n<p>Puissiez-vous recevoir ce don de R\u00e9v\u00e9lation et puissiez-vous vous ouvrir \u00e0 son Message unique pour vous et pour votre vie.<\/p>\n<br \/>\n<\/div><\/div>\n<p><\/div>\n<div id=\"tabs-2\"><\/p>\n<div class=\"panel-10 text-align-center\"><img decoding=\"async\" class=\"aligncenter size-full \" src=\"https:\/\/www.newmessage.org\/wp-content\/uploads\/2011\/10\/RHP-Cover-blk-250px.jpg\" alt=\"Relationships and Higher Purpose\" \/><\/div>\n<div class=\"text-align-center\"><a class='simple_button_link ' style='background-color: #4f8fd6' href='http:\/\/newknowledgelibrary.org\/books\/relationships-and-higher-purpose\/'   ><span>Order the book<\/span><\/a><\/div>\n<div class=\"text-align-center text font-size-12 margin-top-10\">Volume 2 &gt; Relationships and Higher Purpose &gt; Chapter 4<\/div>\n<p><\/div>\n\t\t\t\t<div align=\"right\">\n\t\t\t<div class=\"fb-like\" data-href=\"\" data-layout=\"button_count\" data-action=\"like\" data-show-faces=\"false\" data-share=\"false\"><\/div>\n\t\t\t<div class=\"fb-share-button\" data-layout=\"button_count\"> <\/div>\n\t\t\t<div class=\"fb_iframe_widget\"><a href=\"https:\/\/twitter.com\/godsnewmessage?ref_src=twsrc%5Etfw\" class=\"twitter-follow-button\" data-show-count=\"false\">Follow @godsnewmessage<\/a><script async src=\"https:\/\/platform.twitter.com\/widgets.js\" charset=\"utf-8\"><\/script><\/div>\n\t\t\t<\/div> <\/div> \n\n<p class=\"Texteparagraphe1\"><span lang=\"FR\">Votre progr\u00e8s personnel d\u00e9pend largement de votre relation avec le monde puisque vous \u00eates venu servir ce dernier sur le plan de son \u00e9volution. Votre contribution individuelle peut vous para\u00eetre quasi insignifiante dans le plus grand ordre des choses, mais elle est n\u00e9anmoins essentielle et significative. Vous \u00eates venu donner quelque chose. Ultimement, vos relations avec les autres sont cens\u00e9es servir cette relation plus vaste avec le monde.<\/span><\/p>\n<p class=\"texte\"><span lang=\"FR\">Le monde est un environnement aussi bien physique que mental. C\u2019est un espace d\u2019objets en mouvement et un environnement de forces mentales. D\u2019une certaine mani\u00e8re, le monde est une d\u00e9monstration grand format de ce que vous \u00eates individuellement, car il a lui aussi un corps, un mental et une nature spirituelle. Il est constitu\u00e9 comme un humain, mais en plus grand. Si le mental mondial, le mental collectif des gens, utilise mal le corps du monde, la capacit\u00e9 du monde d\u2019appuyer la famille humaine sera \u00e9rod\u00e9e, g\u00e2ch\u00e9e et \u00e9ventuellement d\u00e9truite. Cette situation est tr\u00e8s bien illustr\u00e9e par la condition actuelle de l\u2019environnement. Vous devez apprendre \u00e0 prendre soin du monde, ce terrain d\u2019apprentissage. C\u2019est ainsi que vous manifestez votre relation avec ce dernier.<\/span><\/p>\n<p class=\"texte\"><span lang=\"FR\">Ce monde vous sert de lieu de r\u00e9sidence durant votre s\u00e9jour ici, loin de votre v\u00e9ritable foyer. C\u2019est votre petit foyer temporaire. Il vous sert en d\u00e9montrant la v\u00e9rit\u00e9 et l\u2019erreur, comme le font vos relations avec les gens. Il fournit l\u2019environnement dans lequel vous pouvez r\u00e9clamer votre Connaissance et contribuer par vos talents, comme le font vos relations avec les gens. Il exige que vous soyez objectif et que vous fassiez preuve de discernement et de sagesse, comme le font vos relations avec les gens. Il demande que vous ayez une plus grande compr\u00e9hension de vous-m\u00eame en relation, comme le font vos relations avec les gens.<\/span><\/p>\n<p class=\"texte\"><span lang=\"FR\">Tout ce que vous faites pour un autre en ayant \u00e0 l\u2019esprit son bien-\u00eatre sert le monde, car ce dernier refl\u00e8te sans cesse l\u2019\u00e9quilibre changeant entre les forces du bien et les forces en conflit. Sa condition refl\u00e8te l\u2019incidence de ces forces, lesquelles favorisent l\u2019\u00e9volution humaine ou s\u2019y opposent\u2006\u2060; elle d\u00e9montre les bienfaits des contributions de chacun aux autres par opposition aux r\u00e9sultats de leurs poursuites \u00e9go\u00efstes. C\u2019est un fait que tous ces apports s\u2019additionnent.<\/span><\/p>\n<p class=\"texte\"><span lang=\"FR\">Lorsque vous commencez \u00e0 r\u00e9fl\u00e9chir \u00e0 votre rapport au monde, vous vous rendez compte de votre d\u00e9sir de lui donner quelque chose. Bien que vous puissiez d\u00e9j\u00e0 avoir des indices importants en ce sens, il est tout \u00e0 fait possible que vous ne sachiez pas encore ce que c\u2019est. Si vous pensez d\u00e9j\u00e0 \u00e0 contribuer au monde, c\u2019est peut-\u00eatre que vous lui \u00eates reconnaissant de ce qu\u2019il vous a donn\u00e9. Votre gratitude n\u2019est peut-\u00eatre pas encore tr\u00e8s grande, mais elle le deviendra \u00e0 mesure que vous reconna\u00eetrez que le monde vous sert.<\/span><\/p>\n<p class=\"texte\"><span lang=\"FR\">Comme vos autres relations, le monde vous montre tout ce que vous avez besoin de savoir. La diff\u00e9rence dans ce cas, c\u2019est qu\u2019il peut s\u2019av\u00e9rer plus difficile de d\u00e9velopper un rapport personnel avec le monde, car ce dernier n\u2019a pas de mental personnel individuel. Il a un mental collectif \u00e0 caract\u00e8re impersonnel. C\u2019est une valeur tr\u00e8s sp\u00e9ciale, car elle vous indique que vous devez \u00e0 votre tour d\u00e9couvrir votre mental impersonnel, la Connaissance, ce qui vous permettra d\u2019apporter une r\u00e9elle contribution. Dieu a un mental impersonnel parce qu\u2019il n\u2019est pas une personne. Le mental, derri\u00e8re votre mental est impersonnel parce que derri\u00e8re votre mental vous n\u2019\u00eates pas une personne. \u00catre une personne est un r\u00f4le que vous jouez dans le monde. C\u2019est tr\u00e8s important, mais ce n\u2019est pas votre r\u00e9alit\u00e9 la plus grande.<\/span><\/p>\n<p class=\"texte\"><span lang=\"FR\">Quand vous conna\u00eetrez l\u2019affinit\u00e9 avec les autres, vous aurez acc\u00e8s \u00e0 votre mental impersonnel et verrez que son amour, sa contribution, sa compr\u00e9hension et son expression d\u00e9passent amplement votre esprit personnel. Vous n\u2019avez pas \u00e0 cr\u00e9er un syst\u00e8me de croyances complexe\u2006\u2060; il vous suffit de comprendre quelques id\u00e9es de base essentielles pour penser juste et agir correctement.<\/span><\/p>\n<p class=\"texte\"><span lang=\"FR\">Le monde exige votre soin et votre contribution au m\u00eame titre que vos relations avec les autres. Mais vous devez aussi apprendre \u00e0 donner avec discernement, \u00e0 choisir avec soin o\u00f9 donner votre cadeau et \u00e0 permettre \u00e0 la Connaissance de vous diriger afin que vous ne donniez pas ce cadeau \u00e0 mauvais escient. Il importe ici de r\u00e9aliser que vous ne pouvez pas comprendre votre cadeau jusqu\u2019\u00e0 ce qu\u2019il ait trouv\u00e9 son bon destinataire. Vous ne pouvez pas non plus le trouver en vous ni l\u2019ouvrir vous-m\u00eame. Il \u00e9manera de vous une fois que vous serez correctement engag\u00e9 avec les autres. Il donnera de lui-m\u00eame, car il est ainsi con\u00e7u. C\u2019est comme si vous \u00e9tiez porteur d\u2019un message secret que vous ne pouvez pas ouvrir. Mais une fois que vous aurez trouv\u00e9 le bon destinataire, ce dernier saura comment l\u2019ouvrir et le cadeau vous r\u00e9v\u00e9lera son contenu.<\/span><\/p>\n<p class=\"texte\"><span lang=\"FR\">Votre accomplissement dans le monde d\u00e9pend grandement de votre contribution \u2013 ce doit \u00eatre le bon cadeau. Et votre contribution, elle, d\u00e9pend beaucoup de votre engagement envers les autres. Vous percevez petit \u00e0 petit pourquoi nous insistons sur la n\u00e9cessit\u00e9 des relations. Le monde a besoin de votre cadeau\u2006\u2060; il vous pose des probl\u00e8mes et vous met des b\u00e2tons dans les roues, mais ces obstacles peuvent \u00eatre \u00e9minemment utiles pour vous apprendre le discernement dont vous aurez besoin pour d\u00e9couvrir o\u00f9 livrer votre cadeau.<\/span><\/p>\n<p class=\"texte\"><span lang=\"FR\">Votre engagement dans le monde sert d\u2019assise \u00e0 vos relations avec les autres. Un v\u00e9ritable rapport repose sur la compatibilit\u00e9 et l\u2019engagement conciliable avec le monde. Vous pouvez \u00e9prouver une r\u00e9sonance spirituelle avec certains individus sans toutefois \u00eatre capable de participer avec eux. C\u2019est que les relations sont fond\u00e9es sur la compatibilit\u00e9 et sur un engagement conciliable dans la vie, non sur la reconnaissance spirituelle. La reconnaissance spirituelle est justement cela\u2005\u2060: une reconnaissance. Ce n\u2019est pas une relation.<\/span><\/p>\n<p class=\"texte\"><span lang=\"FR\">Votre relation aux autres est d\u00e9termin\u00e9e par ce que vous pouvez faire ensemble. Votre relation avec le monde est bas\u00e9e sur ce que vous pouvez faire dans le monde, non strictement sur votre mani\u00e8re de le percevoir. Il est tr\u00e8s important de voir le monde clairement, mais ce n\u2019est pas ce qui \u00e9tablit votre relation avec lui\u2006\u2060; cela ne sert qu\u2019\u00e0 initier celle-ci. Une fois initi\u00e9e, votre relation doit \u00eatre \u00e9tablie sur ce qu\u2019il vous est possible de faire. Voil\u00e0 pourquoi votre relation au monde suit en importance votre relation aux autres\u2006\u2060; il est donc essentiel que vous trouviez votre place dans le monde.<\/span><\/p>\n<p class=\"texte\"><span lang=\"FR\">En ce qui a trait \u00e0 votre relation avec le monde, une chose peut vous servir et une autre peut vous tromper. La Connaissance peut vous servir et votre id\u00e9alisme peut vous tromper, tout comme dans vos relations personnelles. La simplicit\u00e9 de cette compr\u00e9hension en fait un d\u00e9fi de taille. En substance, plus votre compr\u00e9hension de ce qui a besoin d\u2019\u00eatre fait est simple, plus l\u2019accomplissement repr\u00e9sente un d\u00e9fi. Pensez-y. La complexit\u00e9 peut ne pas exiger beaucoup de vous, mais il en va autrement de la simplicit\u00e9. Cette derni\u00e8re exige une action franche, des d\u00e9cisions imm\u00e9diates, plus de retenue et un plus grand engagement \u00e0 abandonner ce qui est peu appropri\u00e9. La complexit\u00e9 peut rendre les choses plut\u00f4t vagues. Elle vous garde dans un \u00e9tat de sp\u00e9culation qui n\u2019est pas un \u00e9tat de savoir.<\/span><\/p>\n<p class=\"texte\"><span lang=\"FR\">Le m\u00e9canisme du monde est complexe. Par contre, son essence, la v\u00f4tre et votre v\u00e9ritable fonction sont simples. Vous devez distinguer deux royaumes d\u2019existence\u2005\u2060: celui de l\u2019action et celui de l\u2019\u00eatre. D\u2019un point de vue m\u00e9canique, l\u2019action est complexe. Toutefois, ce qui dirige l\u2019action et la motive est tr\u00e8s simple. Par cons\u00e9quent, si vos relations sont complexes et contradictoires, vous n\u2019\u00eates assur\u00e9ment pas engag\u00e9 correctement. Vous n\u2019avez pas trouv\u00e9 la bonne personne, au bon moment, pour la bonne activit\u00e9.<\/span><\/p>\n<p class=\"texte\"><span lang=\"FR\">Votre but spirituel n\u2019est pas n\u00e9cessairement li\u00e9 au travail pratique que vous exercez. C\u2019est particuli\u00e8rement vrai au d\u00e9but de votre apprentissage. Dans ce cas, si vous \u00eates un \u00e9l\u00e8ve de la Connaissance, votre travail est simplement une fa\u00e7on de pourvoir \u00e0 vos besoins pendant que se d\u00e9roulent les \u00e9tapes de votre pr\u00e9paration spirituelle. Cela est n\u00e9cessaire. Vous d\u00e9couvrirez aussi que le travail qui vous attire peut offrir un grand avantage, en particulier dans l\u2019avenir. Cependant, il peut s\u2019av\u00e9rer tr\u00e8s difficile de d\u00e9terminer vos activit\u00e9s ou de les justifier. Car c\u2019est seulement lorsque vous d\u00e9couvrirez votre appel spirituel \u2013 celui d\u2019un \u00e9l\u00e8ve qui progresse sur la voie de la Connaissance \u2013 que vous comprendrez comment tout ce que vous avez fait a servi cet avancement. \u00c0 ce moment-l\u00e0, vous jetterez un regard sur votre pass\u00e9 et sur le monde avec un discernement r\u00e9el et vous \u00e9prouverez de la gratitude. L\u2019erreur doit \u00eatre \u00e9vit\u00e9e, mais quelquefois elle peut servir. N\u2019en faites pas une habitude, mais apprenez d\u2019elle.<\/span><\/p>\n<p class=\"texte\"><span lang=\"FR\">Le monde est un milieu d\u2019apprentissage tr\u00e8s vaste et absolument essentiel. Comme il poss\u00e8de un corps, votre corps est en rapport avec le sien. Comme il poss\u00e8de un mental \u2013 qui comprend toute la pens\u00e9e mondiale cumul\u00e9e \u2013, votre mental est aussi en rapport avec le sien. Votre \u00eatre est en relation avec l\u2019\u00eatre du monde constitu\u00e9 de la pr\u00e9sence de Dieu dans ce monde. Alors, vous maintenez vos activit\u00e9s physiques dans l\u2019environnement physique et vous apprenez \u00e0 le faire avec sagesse et objectivit\u00e9. Vous pensez dans l\u2019environnement mental et vous apprenez \u00e0 le faire avec retenue et discernement. Sur le plan spirituel, vous fonctionnez dans l\u2019environnement spirituel en permettant \u00e0 votre nature spirituelle de refl\u00e9ter son pouvoir.<\/span><\/p>\n<p class=\"texte\"><span lang=\"FR\">Ce qui est physique n\u2019est pas mental et ce qui est mental n\u2019est pas spirituel. Cette perspective est essentielle. Bien qu\u2019il y ait un lien entre ces trois aspects, les lois qui gouvernent chacun sont uniques. Cela n\u2019a pas \u00e0 devenir complexe. Par contre, il est n\u00e9cessaire pour vous de saisir que vous devez traiter le royaume physique avec objectivit\u00e9, le royaume mental avec discernement et le royaume spirituel avec d\u00e9vouement. Approchez ce qui est physique de mani\u00e8re pratique et ce qui est spirituel avec v\u00e9n\u00e9ration. Ainsi, vous \u00e9viterez la confusion. Vous serez capable de jouir d\u2019un certain pouvoir spirituel et de continuer \u00e0 fonctionner dans le monde en composant avec ce dernier selon ses termes. Vous serez \u00e9galement capable de composer avec les pens\u00e9es des autres sur le plan de la pens\u00e9e et avec les pouvoirs spirituels sur le plan du pouvoir spirituel. Ici, tout ce qui vous habite trouve sa place. Vous \u00eates \u00e0 m\u00eame de percevoir le monde dans ses trois aspects. Cela n\u2019exige pas une philosophie complexe ni une cosmologie, mais seulement que vous regardiez, voyiez et sachiez.<\/span><\/p>\n<p class=\"texte\"><span lang=\"FR\">Dieu est myst\u00e9rieux. Il est donc important de ne pas se montrer pratique en ce qui le concerne. Par contre, le monde physique est concret\u2006\u2060; ne le traitez pas comme un myst\u00e8re. Si vous \u00e9tablissez ces distinctions, vous \u00e9viterez d\u2019innombrables formes d\u2019illusion et d\u2019erreurs qui feraient obstacle \u00e0 votre progr\u00e8s. Le monde est une place physique gu\u00e8re myst\u00e9rieuse. Et Dieu n\u2019est gu\u00e8re concret. Si vous ne confondez pas le temporaire avec le permanent, vous ne confondrez pas ce qui a besoin de service de ce qui offre le service. Vous saisirez la relation juste qui existe entre toutes choses\u2006\u2060; ainsi, tout sera b\u00e9ni et servi.<\/span><\/p>\n<p class=\"texte\"><span lang=\"FR\">Vos ma\u00eetres int\u00e9rieurs sont dans le monde, mais non de ce monde. Il en va de m\u00eame pour vous. Pourtant, vous partagez la r\u00e9alit\u00e9 du monde parce que vous avez un corps. Vous partagez aussi sa pens\u00e9e parce que vous pensez avec lui. Vos ma\u00eetres int\u00e9rieurs ont \u00e9t\u00e9 lib\u00e9r\u00e9s de penser avec le monde\u2006\u2060; par cons\u00e9quent, ils peuvent penser avec Dieu. Si vous pouvez apprendre \u00e0 penser avec Dieu pendant que vous \u00eates dans le monde et, pourtant, permettre \u00e0 votre mental de penser avec le monde lorsque cela est appropri\u00e9, vous servirez de pont entre le divin et le monde. C\u2019est l\u00e0 une fa\u00e7on d\u2019exprimer votre vraie fonction.<\/span><\/p>\n<p class=\"texte\"><span lang=\"FR\">Votre mental est le m\u00e9dium, le monde est la toile, et Dieu est le Cr\u00e9ateur. Cette profonde compr\u00e9hension valide vos natures physique, mentale et spirituelle, et \u00e9tablit une juste relation entre elles. Cet \u00e9quilibre est simple \u00e0 comprendre, mais il repr\u00e9sente tout un d\u00e9fi sur le plan de l\u2019accomplissement. Nous vous communiquons pr\u00e9sentement le chemin le plus court, le chemin direct et opportun qui n\u2019exige ni longue d\u00e9lib\u00e9ration, ni comparaison constante, ni \u00e9tude. La porte est ouverte sur le monde de la v\u00e9rit\u00e9. Mais c\u2019est aussi le chemin du d\u00e9fi, le chemin imm\u00e9diat. Il vous est offert pour vous \u00e9pargner du temps et, par cons\u00e9quent, des souffrances. Tout le bonheur \u00e9mane de l\u2019accomplissement de votre mission dans le monde. Toute la tristesse, la col\u00e8re et la confusion viennent du d\u00e9ni de cette mission.<\/span><\/p>\n<p class=\"texte\"><span lang=\"FR\">Vous \u00eates un morceau du casse-t\u00eate. Le monde est la table sur laquelle vous assemblez les morceaux. Le casse-t\u00eate est le miroir o\u00f9 se refl\u00e8te le visage de Dieu. Quand votre relation aux autres sera juste, votre fragment individuel refl\u00e8tera le visage de Dieu, comme tous les autres fragments. C\u2019est ce qui vous attend dans l\u2019avenir. Pr\u00e9sentement, votre t\u00e2che consiste \u00e0 trouver votre place dans l\u2019ensemble. Une fois que vous aurez identifi\u00e9 votre but et les personnes qui s\u2019y rattachent, votre contribution \u00e9mergera de vous. Elle donnera d\u2019elle-m\u00eame et vous ferez peu \u00e0 peu l\u2019exp\u00e9rience du pouvoir spirituel et du mouvement. Votre exp\u00e9rience de but, de signification et de direction dans la vie grandira \u00e0 mesure que vous accepterez ces relations, que vous les cultiverez et que vous vous y consacrerez.<\/span><\/p>\n<p class=\"texte\"><span lang=\"FR\">\u00a0<\/span><\/p>\n<p>&nbsp;<\/p>\n","protected":false},"excerpt":{"rendered":"<p>Votre progr\u00e8s personnel d\u00e9pend largement de votre relation avec le monde puisque vous \u00eates venu servir ce dernier sur le plan de son \u00e9volution. Votre contribution individuelle peut vous para\u00eetre quasi insignifiante dans le plus grand ordre des choses, mais elle est n\u00e9anmoins essentielle et significative. Vous \u00eates venu donner quelque chose. Ultimement, vos relations\u2026 <a class=\"read-more\" href=\"https:\/\/www.v6.newmessage.org\/fr\/about-text-shortcode\"><span>Read More<\/span><\/a><\/p>\n","protected":false},"author":1,"featured_media":0,"parent":13085,"menu_order":3,"comment_status":"closed","ping_status":"closed","template":"template-leftsidebar.php","meta":{"_monsterinsights_skip_tracking":false,"_monsterinsights_sitenote_active":false,"_monsterinsights_sitenote_note":"","_monsterinsights_sitenote_category":0,"footnotes":""},"categories":[44,469,76,77,467],"tags":[],"_links":{"self":[{"href":"https:\/\/www.v6.newmessage.org\/fr\/wp-json\/wp\/v2\/pages\/1310"}],"collection":[{"href":"https:\/\/www.v6.newmessage.org\/fr\/wp-json\/wp\/v2\/pages"}],"about":[{"href":"https:\/\/www.v6.newmessage.org\/fr\/wp-json\/wp\/v2\/types\/page"}],"author":[{"embeddable":true,"href":"https:\/\/www.v6.newmessage.org\/fr\/wp-json\/wp\/v2\/users\/1"}],"replies":[{"embeddable":true,"href":"https:\/\/www.v6.newmessage.org\/fr\/wp-json\/wp\/v2\/comments?post=1310"}],"version-history":[{"count":14,"href":"https:\/\/www.v6.newmessage.org\/fr\/wp-json\/wp\/v2\/pages\/1310\/revisions"}],"predecessor-version":[{"id":27991,"href":"https:\/\/www.v6.newmessage.org\/fr\/wp-json\/wp\/v2\/pages\/1310\/revisions\/27991"}],"up":[{"embeddable":true,"href":"https:\/\/www.v6.newmessage.org\/fr\/wp-json\/wp\/v2\/pages\/13085"}],"wp:attachment":[{"href":"https:\/\/www.v6.newmessage.org\/fr\/wp-json\/wp\/v2\/media?parent=1310"}],"wp:term":[{"taxonomy":"category","embeddable":true,"href":"https:\/\/www.v6.newmessage.org\/fr\/wp-json\/wp\/v2\/categories?post=1310"},{"taxonomy":"post_tag","embeddable":true,"href":"https:\/\/www.v6.newmessage.org\/fr\/wp-json\/wp\/v2\/tags?post=1310"}],"curies":[{"name":"wp","href":"https:\/\/api.w.org\/{rel}","templated":true}]}}