{"id":13099,"date":"2014-07-24T22:13:19","date_gmt":"2014-07-24T22:13:19","guid":{"rendered":"http:\/\/www.newmessage.org\/?page_id=13099"},"modified":"2022-09-18T18:14:11","modified_gmt":"2022-09-18T18:14:11","slug":"les-grandes-vagues-de-changement","status":"publish","type":"page","link":"https:\/\/www.v6.newmessage.org\/fr\/le-message\/volume-4\/les-grandes-vagues-de-changement","title":{"rendered":"Les Grandes Vagues de Changement"},"content":{"rendered":"<div id=\"attachment_22443\" style=\"width: 244px\" class=\"wp-caption alignright\"><a href=\"https:\/\/www.newmessage.org\/wp-content\/uploads\/2014\/07\/GWC-cover.jpg\"><img loading=\"lazy\" decoding=\"async\" aria-describedby=\"caption-attachment-22443\" class=\"\" src=\"https:\/\/www.newmessage.org\/wp-content\/uploads\/2014\/07\/GWC-cover-200x300.jpg\" alt=\"\" width=\"234\" height=\"351\" \/><\/a><p id=\"caption-attachment-22443\" class=\"wp-caption-text\"><\/p>\n<p><\/p><\/div>\n<p><em>Les Grandes Vagues de Changement<\/em> pr\u00e9sente une proph\u00e9tie sur les temps difficiles \u00e0 venir et sur les pas que vous pouvez faire pour traverser un avenir de plus en plus troubl\u00e9 et incertain.<\/p>\n<p>Face \u00e0 une telle incertitude, <em>Les Grandes Vagues de Changement<\/em> pr\u00e9sente une approche r\u00e9volutionnaire pour acqu\u00e9rir certitude et direction dans sa vie, un proc\u00e9d\u00e9 unique qui peut \u00eatre appliqu\u00e9 par tous. En comprenant la r\u00e9alit\u00e9 des Grandes Vagues et en vous connectant \u00e0 la Connaissance, la profonde autorit\u00e9 en vous, vous pourrez trouver la force, le courage et la certitude int\u00e9rieure pour vous adapter \u00e0 un monde qui change rapidement, et pour devenir un contributeur, et non pas une victime, de ce monde.<\/p>\n<p><em>Les Grandes Vagues<\/em> apporte l\u2019essentiel de ce dont chaque personne a besoin pour se pr\u00e9parer mentalement, \u00e9motionnellement et de mani\u00e8re pratique pour les grands changements qui arrivent. Si suffisamment de personnes sont capables d\u2019entreprendre cette pr\u00e9paration, l\u2019humanit\u00e9 aura la force, la compassion et la r\u00e9silience pour traverser la p\u00e9riode difficile \u00e0 venir et entrer dans la r\u00e9alit\u00e9 du Nouveau Monde.<\/p>\n<p>Les Grandes Vagues de Changement est le premier livre du <a href=\"\/le-message\/volume-4\">Volume 4<\/a> du Nouveau Message de Dieu.<\/p>\n<div class=\"toggle toggle-white\"><h4 class=\"trigger \"><span class=\"t_ico\"><\/span><a href=\"#\">\u00c0 propos des Volumes du Nouveau Message de Dieu<\/a><\/h4><div class=\"toggle_container \"><br \/>\n<div data-post-id='24520' class='insert-page insert-page-24520 '><p>Le Nouveau Message de Dieu sera au final contenu dans 6 volumes individuels. Chaque volume contient deux livres ou plus, et chaque livre est organis\u00e9 en chapitres.<\/p>\n<p>Ainsi, la future structure du Nouveau Message de Dieu peut \u00eatre synth\u00e9tis\u00e9e de la fa\u00e7on suivante :<\/p>\n<div id=\"attachment_24097\" style=\"width: 227px\" class=\"wp-caption alignright\"><a href=\"https:\/\/www.newmessage.org\/wp-content\/uploads\/2015\/08\/Volumes-Books-InfoGraphic.001.jpg\"><img loading=\"lazy\" decoding=\"async\" aria-describedby=\"caption-attachment-24097\" class=\"imgborder \" src=\"https:\/\/www.newmessage.org\/wp-content\/uploads\/2015\/08\/Volumes-Books-InfoGraphic.001.jpg\" alt=\"The New Message One Book\" width=\"217\" height=\"234\" \/><\/a><p id=\"caption-attachment-24097\" class=\"wp-caption-text\">Le Livre Unique du Nouveau Message<\/p><\/div>\n<p><strong>Volume &gt; Livre &gt; Chapitre &gt; Verset.<br \/>\n<\/strong><\/p>\n<p>Le Nouveau Message de Dieu contient la plus grande R\u00e9v\u00e9lation jamais donn\u00e9e au monde. Il s&rsquo;adresse \u00e0 pratiquement tous les aspects de nos vies, pr\u00e9sentant de nouvelles r\u00e9alit\u00e9s jamais r\u00e9v\u00e9l\u00e9es auparavant. La <em>Society<\/em> \u0153uvre pour que le plus possible de livres et de r\u00e9v\u00e9lations audios soient rendues disponibles et accessibles au monde.<\/p>\n<p>Actuellement, la Society est en mesure d&rsquo;offrir un grand nombre d&rsquo;enregistrements de la Voix de la R\u00e9v\u00e9lation dans leur version originale. Vous \u00eates de fait invit\u00e9s \u00e0 faire l&rsquo;exp\u00e9rience du pouvoir et du myst\u00e8re de la \u00ab\u00a0Voix\u00a0\u00bb telle qu&rsquo;elle s&rsquo;est exprim\u00e9e \u00e0 travers le Messager en \u00e9tat de R\u00e9v\u00e9lation. Jamais auparavant il n&rsquo;avait \u00e9t\u00e9 possible d&rsquo;entendre la Voix de la R\u00e9v\u00e9lation originale.<\/p>\n<p>La compilation du Nouveau Message tout entier est un travail de longue haleine. Au m\u00eame moment, la R\u00e9v\u00e9lation continue \u00e0 \u00eatre re\u00e7ue avec de nouveaux enseignements donn\u00e9s chaque ann\u00e9e. En cons\u00e9quence, la s\u00e9lection de chapitres dans chaque livre peut changer. De m\u00eame, les titres des livres peuvent eux-aussi changer pour refl\u00e9ter la port\u00e9e grandissante de chaque livre. Vous vivez \u00e0 une \u00e9poque de R\u00e9v\u00e9lation et \u00eates t\u00e9moin du processus de R\u00e9v\u00e9lation qui se d\u00e9ploie devant vous.<\/p>\n<h4>Livres en ligne<\/h4>\n<p>La <em>Society<\/em> s\u2019efforce de rendre le Nouveau Message accessible gratuitement en ligne pour le monde. Actuellement, un certain nombre de livres du Nouveau Message sont disponibles gratuitement \u00e0 www.newmessage.org. Vous pouvez explorer <a href=\"http:\/\/www.nouveaumessagededieu.org\/le-message\" target=\"_blank\">la biblioth\u00e8que des livres gratuits en ligne<\/a>.<\/p>\n<h4>Livres au format papier<\/h4>\n<p>La <em>Society<\/em> offre actuellement certain des livres du Nouveau Message sous format papier. Cependant, du fait de la taille immense de la partie du Nouveau Message r\u00e9v\u00e9l\u00e9e, la <em>Society<\/em> n\u2019est pas encore en mesure de publier sous forme imprim\u00e9e les six volumes du Nouveau Message pour l\u2019instant. Pour acheter une copie des livres actuellement disponibles, veuillez visiter la boutique de la <a href=\"http:\/\/www.newknowledgelibrary.org\">New Knowledge Library<\/a>.<\/p>\n<h4>CD et mp3<\/h4>\n<p>Certaines r\u00e9v\u00e9lations relatives \u00e0 l\u2019\u00e9tude du Nouveau Message sont disponibles \u00e0 l\u2019achat sous forme de CD ou de mp3. La <em><a href=\"http:\/\/www.nouveaumessagededieu.org\/worldwide-community\/society\" target=\"_blank\">Society<\/a><\/em> propose ces enseignements \u00e0 un co\u00fbt modeste \u00e0 la boutique de la New Knowledge Library en raison des r\u00e9alit\u00e9s financi\u00e8res li\u00e9es \u00e0 la n\u00e9cessit\u00e9 d\u2019atteindre le monde entier avec le Nouveau Message.<\/p>\n<h4>Le <em>Free Book Project<\/em><\/h4>\n<p>Avec un soutien financier plus important, la <em>Society<\/em> sera en mesure de rendre davantage de ces enseignements de sagesse accessibles gratuitement en ligne. En plus de cela, le <a href=\"http:\/\/www.nm-french.tk\/the-message\/free-book-project\">Free Book Project<\/a> de la <em>Society<\/em> offre une copie des livres et des mp3 des r\u00e9v\u00e9lations du Nouveau Message actuellement disponibles \u00e0 ceux qui n\u2019ont pas les moyens de les acheter. Nous vous invitons \u00e0<a href=\"http:\/\/www.nouveaumessagededieu.org\/worldwide-community\/society\/soutenir-le-nouveau-message\" target=\"_blank\"> faire un don<\/a> pour soutenir le <em>Free Book Project<\/em>, afin que de plus en plus de gens dans le besoin puissent avoir acc\u00e8s au Nouveau Message de Dieu.<\/p>\n<h4>Publications futures<\/h4>\n<p>La <em>Society<\/em> continuera \u00e0 mener \u00e0 bien sa vision de publication de l\u2019enti\u00e8ret\u00e9 du Nouveau Message de Dieu, \u00e0 la fois sous la forme de ses livres et de ses volumes, et peut-\u00eatre un jour sous la forme d\u2019un livre unique, simplement intitul\u00e9 : \u201cLe Nouveau Message de Dieu\u201d. C\u2019est une entreprise \u00e9norme pour laquelle la <em>Society<\/em> a besoin de votre contribution et de votre participation. Envisagez, si vous le pouvez, la possibilit\u00e9 de <a href=\"http:\/\/www.nouveaumessagededieu.org\/worldwide-community\/society\/soutenir-le-nouveau-message\" target=\"_blank\">faire un don<\/a> ou de <a href=\"http:\/\/www.nouveaumessagededieu.org\/worldwide-community\/society\/soutenir-le-nouveau-message\" target=\"_blank\">devenir un Pilier<\/a> du Nouveau Message pour soutenir cette cause sacr\u00e9e. Nous vous remercions pour votre soutien.<\/p>\n<\/div><br \/>\n<\/div><\/div>\n<div class=\"background-color-bridesmaid padding-20\">\n<div class=\"background-color-bridesmaid padding-20\">\n<h2 style=\"text-align: left;\"><span style=\"color: #525252;\">Table des mati\u00e8res<br \/>\n<\/span><\/h2>\n<p>Chapitre 1 : <a href=\"https:\/\/www.newmessage.org\/fr\/le-message\/volume-4\/les-grandes-vagues-de-changement\/les-grandes-vagues-de-changement\">Les Grandes Vagues de changement<\/a><\/p>\n<p>Chapitre 2 : <a href=\"https:\/\/www.newmessage.org\/fr\/le-message\/volume-4\/les-grandes-vagues-de-changement\/les-grandes-vagues-et-votre-vie\">Les Grandes Vagues et votre vie<\/a><\/p>\n<p>Chapitre 3 : <a href=\"https:\/\/www.newmessage.org\/fr\/le-message\/volume-4\/les-grandes-vagues-de-changement\/echapper-au-passe\">\u00c9chapper au pass\u00e9<\/a><\/p>\n<p>Chapitre 4 : <a href=\"https:\/\/www.newmessage.org\/fr\/le-message\/volume-4\/les-grandes-vagues-de-changement\/la-liberte-de-se-mouvoir-avec-la-connaissance\">La libert\u00e9 de se mouvoir avec la Connaissance<\/a><\/p>\n<p>Chapitre 5 : <a href=\"https:\/\/www.newmessage.org\/fr\/le-message\/volume-4\/les-grandes-vagues-de-changement\/la-profonde-evaluation\">L&rsquo;\u00e9valuation profonde <\/a><\/p>\n<p>Chapitre 6 : <a href=\"https:\/\/www.newmessage.org\/fr\/le-message\/volume-4\/les-grandes-vagues-de-changement\/les-relations-et-les-grandes-vagues\">Les relations et les Grandes Vagues<\/a><\/p>\n<p>Chapitre 7 : <a href=\"https:\/\/www.newmessage.org\/fr\/le-message\/volume-4\/les-grandes-vagues-de-changement\/preparer-sa-famille\">Pr\u00e9parer sa famille<\/a><\/p>\n<p>Chapitre 8 : <a href=\"https:\/\/www.newmessage.org\/fr\/le-message\/volume-4\/les-grandes-vagues-de-changement\/le-danger-de-lisolement\">Le danger de l\u2019isolement<\/a><\/p>\n<p>Chapitre 9 : <a href=\"https:\/\/www.newmessage.org\/fr\/le-message\/volume-4\/les-grandes-vagues-de-changement\/la-prophetie-des-grandes-vagues\">La proph\u00e9tie des Grandes Vagues<\/a><\/p>\n<p>Chapitre 10 : <a href=\"https:\/\/www.newmessage.org\/fr\/le-message\/volume-4\/les-grandes-vagues-de-changement\/les-grandes-vagues-et-la-realite-cachee-du-contact\">Les Grandes Vagues et la r\u00e9alit\u00e9 cach\u00e9e du Contact<\/a><\/p>\n<p>Chapitre 11 : <a href=\"https:\/\/www.newmessage.org\/fr\/le-message\/volume-4\/les-grandes-vagues-de-changement\/ou-placerez-vous-votre-foi\">O\u00f9 placerez-vous votre foi?<\/a><\/p>\n<p>Chapitre 12 : <a href=\"https:\/\/www.newmessage.org\/fr\/le-message\/volume-4\/les-grandes-vagues-de-changement\/votre-raison-detre-et-votre-destinee-dans-un-monde-qui-change\">Votre but et votre destin\u00e9e dans un monde en mutation<\/a><\/p>\n<p>Chapitre 13 : <a href=\"https:\/\/www.newmessage.org\/fr\/le-message\/volume-4\/les-grandes-vagues-de-changement\/un-nouveau-message-despoir\">Un nouveau message d\u2019espoir<\/a><\/p>\n<p>Chapitre 14 : <a href=\"https:\/\/www.newmessage.org\/fr\/le-message\/volume-4\/les-grandes-vagues-de-changement\/voir-savoir-et-agir\">Voir, savoir et agir<\/a><\/p>\n<p><a href=\"https:\/\/www.newmessage.org\/fr\/le-message\/volume-4\/les-grandes-vagues-de-changement\/recommendations\">Recommandations sur la mani\u00e8re de vivre dans un monde qui subit les Grandes Vagues<\/a><\/p>\n<\/div>\n<\/div>\n","protected":false},"excerpt":{"rendered":"<p>Les Grandes Vagues de Changement pr\u00e9sente une proph\u00e9tie sur les temps difficiles \u00e0 venir et sur les pas que vous pouvez faire pour traverser un avenir de plus en plus troubl\u00e9 et incertain. Face \u00e0 une telle incertitude, Les Grandes Vagues de Changement pr\u00e9sente une approche r\u00e9volutionnaire pour acqu\u00e9rir certitude et direction dans sa vie,\u2026 <a class=\"read-more\" href=\"https:\/\/www.v6.newmessage.org\/fr\/more-about-the-volumes\"><span>Read More<\/span><\/a><\/p>\n","protected":false},"author":1,"featured_media":0,"parent":16316,"menu_order":0,"comment_status":"closed","ping_status":"closed","template":"template-leftsidebar.php","meta":{"_monsterinsights_skip_tracking":false,"_monsterinsights_sitenote_active":false,"_monsterinsights_sitenote_note":"","_monsterinsights_sitenote_category":0,"footnotes":""},"categories":[473,471],"tags":[638],"_links":{"self":[{"href":"https:\/\/www.v6.newmessage.org\/fr\/wp-json\/wp\/v2\/pages\/13099"}],"collection":[{"href":"https:\/\/www.v6.newmessage.org\/fr\/wp-json\/wp\/v2\/pages"}],"about":[{"href":"https:\/\/www.v6.newmessage.org\/fr\/wp-json\/wp\/v2\/types\/page"}],"author":[{"embeddable":true,"href":"https:\/\/www.v6.newmessage.org\/fr\/wp-json\/wp\/v2\/users\/1"}],"replies":[{"embeddable":true,"href":"https:\/\/www.v6.newmessage.org\/fr\/wp-json\/wp\/v2\/comments?post=13099"}],"version-history":[{"count":53,"href":"https:\/\/www.v6.newmessage.org\/fr\/wp-json\/wp\/v2\/pages\/13099\/revisions"}],"predecessor-version":[{"id":29490,"href":"https:\/\/www.v6.newmessage.org\/fr\/wp-json\/wp\/v2\/pages\/13099\/revisions\/29490"}],"up":[{"embeddable":true,"href":"https:\/\/www.v6.newmessage.org\/fr\/wp-json\/wp\/v2\/pages\/16316"}],"wp:attachment":[{"href":"https:\/\/www.v6.newmessage.org\/fr\/wp-json\/wp\/v2\/media?parent=13099"}],"wp:term":[{"taxonomy":"category","embeddable":true,"href":"https:\/\/www.v6.newmessage.org\/fr\/wp-json\/wp\/v2\/categories?post=13099"},{"taxonomy":"post_tag","embeddable":true,"href":"https:\/\/www.v6.newmessage.org\/fr\/wp-json\/wp\/v2\/tags?post=13099"}],"curies":[{"name":"wp","href":"https:\/\/api.w.org\/{rel}","templated":true}]}}