{"id":13079,"date":"2014-07-24T21:54:21","date_gmt":"2014-07-24T21:54:21","guid":{"rendered":"http:\/\/www.newmessage.org\/?page_id=13079"},"modified":"2020-05-11T19:55:59","modified_gmt":"2020-05-11T19:55:59","slug":"la-vie-dans-lunivers","status":"publish","type":"page","link":"https:\/\/www.v6.newmessage.org\/fr\/le-message\/volume-4\/la-vie-dans-lunivers","title":{"rendered":"La Vie dans l&rsquo;Univers"},"content":{"rendered":"<p>&nbsp;<\/p>\n<p><img loading=\"lazy\" decoding=\"async\" class=\"imgborder alignright wp-image-29367\" src=\"https:\/\/www.newmessage.org\/fr\/wp-content\/uploads\/sites\/38\/2020\/05\/LIU-front-cover-french-200x300.jpeg\" alt=\"\" width=\"300\" height=\"450\" srcset=\"https:\/\/www.v6.newmessage.org\/fr\/wp-content\/uploads\/sites\/38\/2020\/05\/LIU-front-cover-french-200x300.jpeg 200w, https:\/\/www.v6.newmessage.org\/fr\/wp-content\/uploads\/sites\/38\/2020\/05\/LIU-front-cover-french-400x600.jpeg 400w, https:\/\/www.v6.newmessage.org\/fr\/wp-content\/uploads\/sites\/38\/2020\/05\/LIU-front-cover-french-500x750.jpeg 500w, https:\/\/www.v6.newmessage.org\/fr\/wp-content\/uploads\/sites\/38\/2020\/05\/LIU-front-cover-french.jpeg 600w\" sizes=\"(max-width: 300px) 100vw, 300px\" \/>Durant des milliers d\u2019ann\u00e9es, l\u2019humanit\u00e9 a regard\u00e9 le ciel \u00e9toil\u00e9 en se demandant : qui est l\u00e0-bas?<\/p>\n<p>Vous avez maintenant la possibilit\u00e9 de voyager dans ce ciel \u00e9toil\u00e9, de d\u00e9passer la sp\u00e9culation et de faire vous-m\u00eame l\u2019exp\u00e9rience de la r\u00e9alit\u00e9 et de la spiritualit\u00e9 de la vie au-del\u00e0 de notre monde.<\/p>\n<p><em>La Vie dans l\u2019Univers<\/em> ouvre une fen\u00eatre sur l\u2019histoire vivante de notre univers : les r\u00e9alit\u00e9s du commerce, du voyage et des conflits au sein d\u2019une Grande Communaut\u00e9 de vie intelligente ; la vie et la mort des civilisations par-del\u00e0 les \u00e9toiles ; et le grand Plan et le grand Dessein du Cr\u00e9ateur, qui supervise l\u2019avancement spirituel de la vie dans tous le cosmos.<\/p>\n<p>Dieu nous alerte et nous pr\u00e9pare \u00e0 pr\u00e9sent pour notre destin\u00e9e au sein de la Grande Communaut\u00e9. Ce n\u2019est que gr\u00e2ce \u00e0 la r\u00e9v\u00e9lation divine que nous pouvons arriver \u00e0 comprendre ces choses et \u00e0 apprendre ce qui nous est n\u00e9cessaire sur la r\u00e9alit\u00e9 et la spiritualit\u00e9 de la vie dans l\u2019univers. Maintenant, pour la premi\u00e8re fois, nous pouvons nous aventurer au-del\u00e0 des confins de notre monde et entrer dans la vaste ar\u00e8ne de vie au sein de laquelle l\u2019humanit\u00e9 est en train d\u2019\u00e9merger.<\/p>\n<p><em>La Vie dans l\u2019Univers<\/em> ouvre une porte qui m\u00e8ne \u00e0 une plus grande exp\u00e9rience humaine. Se d\u00e9ploient devant vous une histoire et une vision du cosmos vivant, la complexit\u00e9 des interactions entre les mondes et l\u2019avenir qui nous attend alors que nous entrons dans cette plus grande ar\u00e8ne de vie. D\u00e9passez un point de vue purement humain et immergez-vous dans cette \u00ab Grande Communaut\u00e9 \u00bb, ce plus grand panorama de la vie, qui vous a toujours appel\u00e9.<\/p>\n<p><em>La Vie dans l\u2019Univers<\/em> est le deuxi\u00e8me livre du <a href=\"\/le-message\/volume-4\">Volume 4<\/a> du Nouveau Message de Dieu.<\/p>\n<div class=\"toggle toggle-white\"><h4 class=\"trigger \"><span class=\"t_ico\"><\/span><a href=\"#\">\u00c0 propos des volumes du Nouveau Message de Dieu<\/a><\/h4><div class=\"toggle_container \"><br \/>\n<div data-post-id='24520' class='insert-page insert-page-24520 '><p>Le Nouveau Message de Dieu sera au final contenu dans 6 volumes individuels. Chaque volume contient deux livres ou plus, et chaque livre est organis\u00e9 en chapitres.<\/p>\n<p>Ainsi, la future structure du Nouveau Message de Dieu peut \u00eatre synth\u00e9tis\u00e9e de la fa\u00e7on suivante :<\/p>\n<div id=\"attachment_24097\" style=\"width: 227px\" class=\"wp-caption alignright\"><a href=\"https:\/\/www.newmessage.org\/wp-content\/uploads\/2015\/08\/Volumes-Books-InfoGraphic.001.jpg\"><img loading=\"lazy\" decoding=\"async\" aria-describedby=\"caption-attachment-24097\" class=\"imgborder \" src=\"https:\/\/www.newmessage.org\/wp-content\/uploads\/2015\/08\/Volumes-Books-InfoGraphic.001.jpg\" alt=\"The New Message One Book\" width=\"217\" height=\"234\" \/><\/a><p id=\"caption-attachment-24097\" class=\"wp-caption-text\">Le Livre Unique du Nouveau Message<\/p><\/div>\n<p><strong>Volume &gt; Livre &gt; Chapitre &gt; Verset.<br \/>\n<\/strong><\/p>\n<p>Le Nouveau Message de Dieu contient la plus grande R\u00e9v\u00e9lation jamais donn\u00e9e au monde. Il s&rsquo;adresse \u00e0 pratiquement tous les aspects de nos vies, pr\u00e9sentant de nouvelles r\u00e9alit\u00e9s jamais r\u00e9v\u00e9l\u00e9es auparavant. La <em>Society<\/em> \u0153uvre pour que le plus possible de livres et de r\u00e9v\u00e9lations audios soient rendues disponibles et accessibles au monde.<\/p>\n<p>Actuellement, la Society est en mesure d&rsquo;offrir un grand nombre d&rsquo;enregistrements de la Voix de la R\u00e9v\u00e9lation dans leur version originale. Vous \u00eates de fait invit\u00e9s \u00e0 faire l&rsquo;exp\u00e9rience du pouvoir et du myst\u00e8re de la \u00ab\u00a0Voix\u00a0\u00bb telle qu&rsquo;elle s&rsquo;est exprim\u00e9e \u00e0 travers le Messager en \u00e9tat de R\u00e9v\u00e9lation. Jamais auparavant il n&rsquo;avait \u00e9t\u00e9 possible d&rsquo;entendre la Voix de la R\u00e9v\u00e9lation originale.<\/p>\n<p>La compilation du Nouveau Message tout entier est un travail de longue haleine. Au m\u00eame moment, la R\u00e9v\u00e9lation continue \u00e0 \u00eatre re\u00e7ue avec de nouveaux enseignements donn\u00e9s chaque ann\u00e9e. En cons\u00e9quence, la s\u00e9lection de chapitres dans chaque livre peut changer. De m\u00eame, les titres des livres peuvent eux-aussi changer pour refl\u00e9ter la port\u00e9e grandissante de chaque livre. Vous vivez \u00e0 une \u00e9poque de R\u00e9v\u00e9lation et \u00eates t\u00e9moin du processus de R\u00e9v\u00e9lation qui se d\u00e9ploie devant vous.<\/p>\n<h4>Livres en ligne<\/h4>\n<p>La <em>Society<\/em> s\u2019efforce de rendre le Nouveau Message accessible gratuitement en ligne pour le monde. Actuellement, un certain nombre de livres du Nouveau Message sont disponibles gratuitement \u00e0 www.newmessage.org. Vous pouvez explorer <a href=\"http:\/\/www.nouveaumessagededieu.org\/le-message\" target=\"_blank\">la biblioth\u00e8que des livres gratuits en ligne<\/a>.<\/p>\n<h4>Livres au format papier<\/h4>\n<p>La <em>Society<\/em> offre actuellement certain des livres du Nouveau Message sous format papier. Cependant, du fait de la taille immense de la partie du Nouveau Message r\u00e9v\u00e9l\u00e9e, la <em>Society<\/em> n\u2019est pas encore en mesure de publier sous forme imprim\u00e9e les six volumes du Nouveau Message pour l\u2019instant. Pour acheter une copie des livres actuellement disponibles, veuillez visiter la boutique de la <a href=\"http:\/\/www.newknowledgelibrary.org\">New Knowledge Library<\/a>.<\/p>\n<h4>CD et mp3<\/h4>\n<p>Certaines r\u00e9v\u00e9lations relatives \u00e0 l\u2019\u00e9tude du Nouveau Message sont disponibles \u00e0 l\u2019achat sous forme de CD ou de mp3. La <em><a href=\"http:\/\/www.nouveaumessagededieu.org\/worldwide-community\/society\" target=\"_blank\">Society<\/a><\/em> propose ces enseignements \u00e0 un co\u00fbt modeste \u00e0 la boutique de la New Knowledge Library en raison des r\u00e9alit\u00e9s financi\u00e8res li\u00e9es \u00e0 la n\u00e9cessit\u00e9 d\u2019atteindre le monde entier avec le Nouveau Message.<\/p>\n<h4>Le <em>Free Book Project<\/em><\/h4>\n<p>Avec un soutien financier plus important, la <em>Society<\/em> sera en mesure de rendre davantage de ces enseignements de sagesse accessibles gratuitement en ligne. En plus de cela, le <a href=\"http:\/\/www.nm-french.tk\/the-message\/free-book-project\">Free Book Project<\/a> de la <em>Society<\/em> offre une copie des livres et des mp3 des r\u00e9v\u00e9lations du Nouveau Message actuellement disponibles \u00e0 ceux qui n\u2019ont pas les moyens de les acheter. Nous vous invitons \u00e0<a href=\"http:\/\/www.nouveaumessagededieu.org\/worldwide-community\/society\/soutenir-le-nouveau-message\" target=\"_blank\"> faire un don<\/a> pour soutenir le <em>Free Book Project<\/em>, afin que de plus en plus de gens dans le besoin puissent avoir acc\u00e8s au Nouveau Message de Dieu.<\/p>\n<h4>Publications futures<\/h4>\n<p>La <em>Society<\/em> continuera \u00e0 mener \u00e0 bien sa vision de publication de l\u2019enti\u00e8ret\u00e9 du Nouveau Message de Dieu, \u00e0 la fois sous la forme de ses livres et de ses volumes, et peut-\u00eatre un jour sous la forme d\u2019un livre unique, simplement intitul\u00e9 : \u201cLe Nouveau Message de Dieu\u201d. C\u2019est une entreprise \u00e9norme pour laquelle la <em>Society<\/em> a besoin de votre contribution et de votre participation. Envisagez, si vous le pouvez, la possibilit\u00e9 de <a href=\"http:\/\/www.nouveaumessagededieu.org\/worldwide-community\/society\/soutenir-le-nouveau-message\" target=\"_blank\">faire un don<\/a> ou de <a href=\"http:\/\/www.nouveaumessagededieu.org\/worldwide-community\/society\/soutenir-le-nouveau-message\" target=\"_blank\">devenir un Pilier<\/a> du Nouveau Message pour soutenir cette cause sacr\u00e9e. Nous vous remercions pour votre soutien.<\/p>\n<\/div><br \/>\n<\/div><\/div>\n<div class=\"background-color-bridesmaid padding-20\">\n<h3><span style=\"color: #525252; line-height: 1.5;\">Table des mati\u00e8res<br \/>\n<\/span><\/h3>\n<h5>Introduction<\/h5>\n<h5 class=\"text-color-gray-6\">Premi\u00e8re partie : la r\u00e9alit\u00e9 de la Vie intelligente dans l&rsquo;univers<\/h5>\n<p>Chapitre 1 : <a href=\"\/le-message\/volume-4\/la-vie-dans-lunivers\/faire-face-a-une-plus-grande-communaute-de-vie\">Faire face \u00e0 une Grande Communaut\u00e9 de vie<\/a><\/p>\n<p>Chapitre 2 : Un bref historique des visites de la Terre<\/p>\n<p>Chapitre 3 :<a href=\"\/le-message\/volume-4\/la-vie-dans-lunivers\/les-limites-du-voyage-spatial\"> Les limites du voyage spatial<\/a><\/p>\n<p>Chapitre 4 : Les \u00e9changes et le commerce dans cette r\u00e9gion de l&rsquo;espace<\/p>\n<p>Chapitre 5 : <a href=\"\/le-message\/volume-4\/la-vie-dans-lunivers\/technologie-et-differentes-voies-vers-stabilite\">La technologie et les diff\u00e9rentes voies vers la stabilit\u00e9<\/a><\/p>\n<p>Chapitre 6 : <a href=\"http:\/\/www.nouveaumessagededieu.org\/le-message\/volume-4\/la-vie-dans-lunivers\/les-familles-et-la-manipulation-genetique\">Les familles et la manipulation g\u00e9n\u00e9tique<\/a><\/p>\n<p>Chapitre 7 : <a href=\"\/le-message\/volume-4\/la-vie-dans-lunivers\/competition-influence-et-environnement-mental\">La comp\u00e9tition, l&rsquo;influence et l&rsquo;environnement mental<\/a><\/p>\n<p>Chapitre 8 : La libert\u00e9 dans la Grande Communaut\u00e9<\/p>\n<h5 class=\"text-color-gray-6\">Deuxi\u00e8me partie : la spiritualit\u00e9 de la vie intelligente dans l&rsquo;univers<\/h5>\n<p>Chapitre 9 : La religion dans la Grande Communaut\u00e9<\/p>\n<p>Chapitre 10 : <a href=\"\/le-message\/volume-4\/la-vie-dans-lunivers\/le-pouvoir-de-la-connaissance\">Le pouvoir de la Connaissance<\/a><\/p>\n<p>Chapitre 11 : <a href=\"\/le-message\/volume-4\/la-vie-dans-lunivers\/les-forces-invisibles-dans-lunivers\">Les Forces Invisibles dans l&rsquo;univers<\/a><\/p>\n<p>Chapitre 12 : <a href=\"\/le-message\/volume-4\/la-vie-dans-lunivers\/creation-et-destin\">Cr\u00e9ation et destin\u00e9e<\/a><\/p>\n<p>Chapitre 13 : Dieu et la Grande Communaut\u00e9<\/p>\n<p>Chapitre 14 : Votre relation avec la Grande Communaut\u00e9<\/p>\n<\/div>\n","protected":false},"excerpt":{"rendered":"<p>&nbsp; Durant des milliers d\u2019ann\u00e9es, l\u2019humanit\u00e9 a regard\u00e9 le ciel \u00e9toil\u00e9 en se demandant : qui est l\u00e0-bas? Vous avez maintenant la possibilit\u00e9 de voyager dans ce ciel \u00e9toil\u00e9, de d\u00e9passer la sp\u00e9culation et de faire vous-m\u00eame l\u2019exp\u00e9rience de la r\u00e9alit\u00e9 et de la spiritualit\u00e9 de la vie au-del\u00e0 de notre monde. La Vie dans\u2026 <a class=\"read-more\" href=\"https:\/\/www.v6.newmessage.org\/fr\/more-about-the-volumes\"><span>Read More<\/span><\/a><\/p>\n","protected":false},"author":1,"featured_media":0,"parent":16316,"menu_order":1,"comment_status":"closed","ping_status":"closed","template":"template-leftsidebar.php","meta":{"_monsterinsights_skip_tracking":false,"_monsterinsights_sitenote_active":false,"_monsterinsights_sitenote_note":"","_monsterinsights_sitenote_category":0,"footnotes":""},"categories":[],"tags":[639],"_links":{"self":[{"href":"https:\/\/www.v6.newmessage.org\/fr\/wp-json\/wp\/v2\/pages\/13079"}],"collection":[{"href":"https:\/\/www.v6.newmessage.org\/fr\/wp-json\/wp\/v2\/pages"}],"about":[{"href":"https:\/\/www.v6.newmessage.org\/fr\/wp-json\/wp\/v2\/types\/page"}],"author":[{"embeddable":true,"href":"https:\/\/www.v6.newmessage.org\/fr\/wp-json\/wp\/v2\/users\/1"}],"replies":[{"embeddable":true,"href":"https:\/\/www.v6.newmessage.org\/fr\/wp-json\/wp\/v2\/comments?post=13079"}],"version-history":[{"count":150,"href":"https:\/\/www.v6.newmessage.org\/fr\/wp-json\/wp\/v2\/pages\/13079\/revisions"}],"predecessor-version":[{"id":29368,"href":"https:\/\/www.v6.newmessage.org\/fr\/wp-json\/wp\/v2\/pages\/13079\/revisions\/29368"}],"up":[{"embeddable":true,"href":"https:\/\/www.v6.newmessage.org\/fr\/wp-json\/wp\/v2\/pages\/16316"}],"wp:attachment":[{"href":"https:\/\/www.v6.newmessage.org\/fr\/wp-json\/wp\/v2\/media?parent=13079"}],"wp:term":[{"taxonomy":"category","embeddable":true,"href":"https:\/\/www.v6.newmessage.org\/fr\/wp-json\/wp\/v2\/categories?post=13079"},{"taxonomy":"post_tag","embeddable":true,"href":"https:\/\/www.v6.newmessage.org\/fr\/wp-json\/wp\/v2\/tags?post=13079"}],"curies":[{"name":"wp","href":"https:\/\/api.w.org\/{rel}","templated":true}]}}