{"id":13077,"date":"2014-07-24T21:53:57","date_gmt":"2014-07-24T21:53:57","guid":{"rendered":"http:\/\/www.newmessage.org\/?page_id=13077"},"modified":"2019-10-30T22:49:47","modified_gmt":"2019-10-30T22:49:47","slug":"les-pas-vers-la-connaissance","status":"publish","type":"page","link":"https:\/\/www.v6.newmessage.org\/fr\/le-message\/volume-3\/les-pas-vers-la-connaissance","title":{"rendered":"Les Pas vers la Connaissance"},"content":{"rendered":"<p><img loading=\"lazy\" decoding=\"async\" width=\"250\" height=\"328\" class=\"size-full wp-image-27682 imgborder alignright\" src=\"https:\/\/www.newmessage.org\/wp-content\/uploads\/sites\/38\/2014\/07\/Pas-vers-la-Connaissance.jpg\" alt=\"Pas-vers-la-Connaissance\" srcset=\"https:\/\/www.v6.newmessage.org\/fr\/wp-content\/uploads\/sites\/38\/2014\/07\/Pas-vers-la-Connaissance.jpg 250w, https:\/\/www.v6.newmessage.org\/fr\/wp-content\/uploads\/sites\/38\/2014\/07\/Pas-vers-la-Connaissance-229x300.jpg 229w\" sizes=\"(max-width: 250px) 100vw, 250px\" \/><\/p>\n<p><em>Les Pas vers la Connaissance<\/em> est le livre central de la pratique spirituelle dans le Nouveau Message de Dieu. Il constitue le moyeu du chemin de d\u00e9veloppement spirituel de la Voie de la Connaissance.<\/p>\n<p>Ce livre vous emm\u00e8ne en voyage vers la d\u00e9couverte de la Connaissance, la source myst\u00e9rieuse de votre pouvoir et de votre autorit\u00e9 int\u00e9rieurs, qui vous a \u00e9t\u00e9 donn\u00e9e par Dieu pour vous guider et vous prot\u00e9ger. Suivre cette Connaissance vous am\u00e8ne aux relations essentielles dont vous aurez besoin pour trouver et accomplir votre but sup\u00e9rieur dans la vie.<\/p>\n<p><em>Les Pas vers la Connaissance<\/em> fournit les le\u00e7ons et les pratiques n\u00e9cessaires pour int\u00e9grer le Nouveau Message de Dieu et le mettre en pratique dans sa vie. Donn\u00e9 sous la forme d\u2019un programme d\u2019apprentissage autonome, ce livre contient 365 Pas (ou pratiques quotidiennes) qui vous enseignent comment voir, savoir et agir avec la certitude et l\u2019autorit\u00e9 que le Cr\u00e9ateur vous a donn\u00e9es. C\u2019est l&rsquo;enseignement qui contient la m\u00e9thode par excellence pour atteindre l\u2019autod\u00e9termination et le savoir int\u00e9rieur.<\/p>\n<p><em>Les Pas vers la Connaissance<\/em> est destin\u00e9 aux personnes qui sont pr\u00eates \u00e0 entreprendre leur grande mission dans la vie et qui r\u00e9alisent qu\u2019elles sont ici pour apporter une contribution au monde \u00e0 ce tournant crucial de notre histoire. Ce livre est ici pour les servir.<\/p>\n<p><em>Les Pas vers la Connaissance<\/em> est le premier livre du <a href=\"\/le-message\/volume-3\">Volume 3<\/a> du Nouveau Message de Dieu.<\/p>\n<p style=\"text-align: left;\"><div class=\"toggle toggle-white\"><h4 class=\"trigger \"><span class=\"t_ico\"><\/span><a href=\"#\">\u00c0 propos des Volumes du Nouveau Message de Dieu<\/a><\/h4><div class=\"toggle_container \"><br \/>\n<div data-post-id='24520' class='insert-page insert-page-24520 '><p>Le Nouveau Message de Dieu sera au final contenu dans 6 volumes individuels. Chaque volume contient deux livres ou plus, et chaque livre est organis\u00e9 en chapitres.<\/p>\n<p>Ainsi, la future structure du Nouveau Message de Dieu peut \u00eatre synth\u00e9tis\u00e9e de la fa\u00e7on suivante :<\/p>\n<div id=\"attachment_24097\" style=\"width: 227px\" class=\"wp-caption alignright\"><a href=\"https:\/\/www.newmessage.org\/wp-content\/uploads\/2015\/08\/Volumes-Books-InfoGraphic.001.jpg\"><img loading=\"lazy\" decoding=\"async\" aria-describedby=\"caption-attachment-24097\" class=\"imgborder \" src=\"https:\/\/www.newmessage.org\/wp-content\/uploads\/2015\/08\/Volumes-Books-InfoGraphic.001.jpg\" alt=\"The New Message One Book\" width=\"217\" height=\"234\" \/><\/a><p id=\"caption-attachment-24097\" class=\"wp-caption-text\">Le Livre Unique du Nouveau Message<\/p><\/div>\n<p><strong>Volume &gt; Livre &gt; Chapitre &gt; Verset.<br \/>\n<\/strong><\/p>\n<p>Le Nouveau Message de Dieu contient la plus grande R\u00e9v\u00e9lation jamais donn\u00e9e au monde. Il s&rsquo;adresse \u00e0 pratiquement tous les aspects de nos vies, pr\u00e9sentant de nouvelles r\u00e9alit\u00e9s jamais r\u00e9v\u00e9l\u00e9es auparavant. La <em>Society<\/em> \u0153uvre pour que le plus possible de livres et de r\u00e9v\u00e9lations audios soient rendues disponibles et accessibles au monde.<\/p>\n<p>Actuellement, la Society est en mesure d&rsquo;offrir un grand nombre d&rsquo;enregistrements de la Voix de la R\u00e9v\u00e9lation dans leur version originale. Vous \u00eates de fait invit\u00e9s \u00e0 faire l&rsquo;exp\u00e9rience du pouvoir et du myst\u00e8re de la \u00ab\u00a0Voix\u00a0\u00bb telle qu&rsquo;elle s&rsquo;est exprim\u00e9e \u00e0 travers le Messager en \u00e9tat de R\u00e9v\u00e9lation. Jamais auparavant il n&rsquo;avait \u00e9t\u00e9 possible d&rsquo;entendre la Voix de la R\u00e9v\u00e9lation originale.<\/p>\n<p>La compilation du Nouveau Message tout entier est un travail de longue haleine. Au m\u00eame moment, la R\u00e9v\u00e9lation continue \u00e0 \u00eatre re\u00e7ue avec de nouveaux enseignements donn\u00e9s chaque ann\u00e9e. En cons\u00e9quence, la s\u00e9lection de chapitres dans chaque livre peut changer. De m\u00eame, les titres des livres peuvent eux-aussi changer pour refl\u00e9ter la port\u00e9e grandissante de chaque livre. Vous vivez \u00e0 une \u00e9poque de R\u00e9v\u00e9lation et \u00eates t\u00e9moin du processus de R\u00e9v\u00e9lation qui se d\u00e9ploie devant vous.<\/p>\n<h4>Livres en ligne<\/h4>\n<p>La <em>Society<\/em> s\u2019efforce de rendre le Nouveau Message accessible gratuitement en ligne pour le monde. Actuellement, un certain nombre de livres du Nouveau Message sont disponibles gratuitement \u00e0 www.newmessage.org. Vous pouvez explorer <a href=\"http:\/\/www.nouveaumessagededieu.org\/le-message\" target=\"_blank\">la biblioth\u00e8que des livres gratuits en ligne<\/a>.<\/p>\n<h4>Livres au format papier<\/h4>\n<p>La <em>Society<\/em> offre actuellement certain des livres du Nouveau Message sous format papier. Cependant, du fait de la taille immense de la partie du Nouveau Message r\u00e9v\u00e9l\u00e9e, la <em>Society<\/em> n\u2019est pas encore en mesure de publier sous forme imprim\u00e9e les six volumes du Nouveau Message pour l\u2019instant. Pour acheter une copie des livres actuellement disponibles, veuillez visiter la boutique de la <a href=\"http:\/\/www.newknowledgelibrary.org\">New Knowledge Library<\/a>.<\/p>\n<h4>CD et mp3<\/h4>\n<p>Certaines r\u00e9v\u00e9lations relatives \u00e0 l\u2019\u00e9tude du Nouveau Message sont disponibles \u00e0 l\u2019achat sous forme de CD ou de mp3. La <em><a href=\"http:\/\/www.nouveaumessagededieu.org\/worldwide-community\/society\" target=\"_blank\">Society<\/a><\/em> propose ces enseignements \u00e0 un co\u00fbt modeste \u00e0 la boutique de la New Knowledge Library en raison des r\u00e9alit\u00e9s financi\u00e8res li\u00e9es \u00e0 la n\u00e9cessit\u00e9 d\u2019atteindre le monde entier avec le Nouveau Message.<\/p>\n<h4>Le <em>Free Book Project<\/em><\/h4>\n<p>Avec un soutien financier plus important, la <em>Society<\/em> sera en mesure de rendre davantage de ces enseignements de sagesse accessibles gratuitement en ligne. En plus de cela, le <a href=\"http:\/\/www.nm-french.tk\/the-message\/free-book-project\">Free Book Project<\/a> de la <em>Society<\/em> offre une copie des livres et des mp3 des r\u00e9v\u00e9lations du Nouveau Message actuellement disponibles \u00e0 ceux qui n\u2019ont pas les moyens de les acheter. Nous vous invitons \u00e0<a href=\"http:\/\/www.nouveaumessagededieu.org\/worldwide-community\/society\/soutenir-le-nouveau-message\" target=\"_blank\"> faire un don<\/a> pour soutenir le <em>Free Book Project<\/em>, afin que de plus en plus de gens dans le besoin puissent avoir acc\u00e8s au Nouveau Message de Dieu.<\/p>\n<h4>Publications futures<\/h4>\n<p>La <em>Society<\/em> continuera \u00e0 mener \u00e0 bien sa vision de publication de l\u2019enti\u00e8ret\u00e9 du Nouveau Message de Dieu, \u00e0 la fois sous la forme de ses livres et de ses volumes, et peut-\u00eatre un jour sous la forme d\u2019un livre unique, simplement intitul\u00e9 : \u201cLe Nouveau Message de Dieu\u201d. C\u2019est une entreprise \u00e9norme pour laquelle la <em>Society<\/em> a besoin de votre contribution et de votre participation. Envisagez, si vous le pouvez, la possibilit\u00e9 de <a href=\"http:\/\/www.nouveaumessagededieu.org\/worldwide-community\/society\/soutenir-le-nouveau-message\" target=\"_blank\">faire un don<\/a> ou de <a href=\"http:\/\/www.nouveaumessagededieu.org\/worldwide-community\/society\/soutenir-le-nouveau-message\" target=\"_blank\">devenir un Pilier<\/a> du Nouveau Message pour soutenir cette cause sacr\u00e9e. Nous vous remercions pour votre soutien.<\/p>\n<\/div><br \/>\n<\/div><\/div>\n<p>&nbsp;<\/p>\n<div class=\"background-color-bridesmaid\">\n<h2 style=\"text-align: left;\"><span style=\"color: #525252;\">Table des mati\u00e8res<br \/>\n<\/span><\/h2>\n<p><a href=\"\/le-message\/volume-3\/les-pas-vers-la-connaissance\/introduction-aux-pas-vers-la-connaissance\" target=\"_blank\" rel=\"noopener noreferrer\">Introduction<\/a><\/p>\n<p><a href=\"\/le-message\/volume-3\/les-pas-vers-la-connaissance\/les-pas-vers-la-connaissance-premiere-partie\" target=\"_blank\" rel=\"noopener noreferrer\">Les Pas vers la Connaissance &#8211; <em>Premi\u00e8re partie (Pas n\u00b01 \u00e0 182)<\/em><\/a><\/p>\n<p><a href=\"\/le-message\/volume-3\/les-pas-vers-la-connaissance\/les-pas-vers-la-connaissance-deuxieme-partie\" target=\"_blank\" rel=\"noopener noreferrer\">Les Pas vers la Connaissance &#8211; <em>Deuxi\u00e8me partie (Pas n\u00b0183 \u00e0 365)<\/em><\/a><\/p>\n<div class=\"panel-10\" align=\"center\">\n<div align=\"center\"><a class='churchope_button ' style='background-color: #4f8fd6' href='https:\/\/www.newmessage.org\/fr\/wp-content\/uploads\/sites\/38\/2019\/03\/STK-French-version-2019.pdf'   ><span>T\u00e9l\u00e9chargez le livre<\/span><\/a><\/div>\n<\/div>\n<\/div>\n","protected":false},"excerpt":{"rendered":"<p>Les Pas vers la Connaissance est le livre central de la pratique spirituelle dans le Nouveau Message de Dieu. Il constitue le moyeu du chemin de d\u00e9veloppement spirituel de la Voie de la Connaissance. Ce livre vous emm\u00e8ne en voyage vers la d\u00e9couverte de la Connaissance, la source myst\u00e9rieuse de votre pouvoir et de votre\u2026 <a class=\"read-more\" href=\"https:\/\/www.v6.newmessage.org\/fr\/more-about-the-volumes\"><span>Read More<\/span><\/a><\/p>\n","protected":false},"author":1,"featured_media":0,"parent":16314,"menu_order":1,"comment_status":"closed","ping_status":"closed","template":"template-leftsidebar.php","meta":{"_monsterinsights_skip_tracking":false,"_monsterinsights_sitenote_active":false,"_monsterinsights_sitenote_note":"","_monsterinsights_sitenote_category":0,"footnotes":""},"categories":[335,470],"tags":[637],"_links":{"self":[{"href":"https:\/\/www.v6.newmessage.org\/fr\/wp-json\/wp\/v2\/pages\/13077"}],"collection":[{"href":"https:\/\/www.v6.newmessage.org\/fr\/wp-json\/wp\/v2\/pages"}],"about":[{"href":"https:\/\/www.v6.newmessage.org\/fr\/wp-json\/wp\/v2\/types\/page"}],"author":[{"embeddable":true,"href":"https:\/\/www.v6.newmessage.org\/fr\/wp-json\/wp\/v2\/users\/1"}],"replies":[{"embeddable":true,"href":"https:\/\/www.v6.newmessage.org\/fr\/wp-json\/wp\/v2\/comments?post=13077"}],"version-history":[{"count":154,"href":"https:\/\/www.v6.newmessage.org\/fr\/wp-json\/wp\/v2\/pages\/13077\/revisions"}],"predecessor-version":[{"id":29054,"href":"https:\/\/www.v6.newmessage.org\/fr\/wp-json\/wp\/v2\/pages\/13077\/revisions\/29054"}],"up":[{"embeddable":true,"href":"https:\/\/www.v6.newmessage.org\/fr\/wp-json\/wp\/v2\/pages\/16314"}],"wp:attachment":[{"href":"https:\/\/www.v6.newmessage.org\/fr\/wp-json\/wp\/v2\/media?parent=13077"}],"wp:term":[{"taxonomy":"category","embeddable":true,"href":"https:\/\/www.v6.newmessage.org\/fr\/wp-json\/wp\/v2\/categories?post=13077"},{"taxonomy":"post_tag","embeddable":true,"href":"https:\/\/www.v6.newmessage.org\/fr\/wp-json\/wp\/v2\/tags?post=13077"}],"curies":[{"name":"wp","href":"https:\/\/api.w.org\/{rel}","templated":true}]}}