{"id":13075,"date":"2014-07-24T21:53:26","date_gmt":"2014-07-24T21:53:26","guid":{"rendered":"http:\/\/www.newmessage.org\/?page_id=13075"},"modified":"2017-10-10T17:38:07","modified_gmt":"2017-10-10T17:38:07","slug":"secrets-du-ciel","status":"publish","type":"page","link":"https:\/\/www.v6.newmessage.org\/fr\/le-message\/volume-6\/secrets-du-ciel","title":{"rendered":"Secrets du Ciel"},"content":{"rendered":"<p><a href=\"https:\/\/www.newmessage.org\/wp-content\/uploads\/2015\/07\/volume6_book1.jpg\"><img loading=\"lazy\" decoding=\"async\" class=\"size-medium alignright\" src=\"https:\/\/www.newmessage.org\/wp-content\/uploads\/2015\/07\/volume6_book1-200x300.jpg\" alt=\"\" width=\"200\" height=\"300\" \/><\/a><\/p>\n<p>Des profondeurs du Myst\u00e8re \u00e9mergent les Secrets du Ciel.\u00a0Ils sont l\u00e0 pour vous entra\u00eener plus en profondeur, dans l\u2019exp\u00e9rience du Myst\u00e8re et du dessein qui impr\u00e8gnent votre pr\u00e9sence dans ce monde.<\/p>\n<p>Les Anges du Ciel cherchent \u00e0 partager avec vous ce qui\u00a0longtemps\u00a0a \u00e9t\u00e9 oubli\u00e9 dans le monde. Miraculeusement, comme s\u2019ils \u00e9taient murmur\u00e9s par del\u00e0 le temps et l\u2019espace, ces secrets sont \u00e0 pr\u00e9sent arriv\u00e9s jusqu\u2019\u00e0 vous. Vous les avez trouv\u00e9s.<\/p>\n<p>\u00c0 une \u00e9poque de grands changements dans le monde, le Ciel cherche \u00e0 vous r\u00e9v\u00e9ler ces v\u00e9rit\u00e9s oubli\u00e9es depuis longtemps, et qui ont autrefois guid\u00e9 les proph\u00e8tes, les po\u00e8tes, les messagers et les mystiques \u00e0 travers les \u00e2ges. Les m\u00e9moires et les consciences anciennes qui vous habitent peuvent maintenant \u00eatre raviv\u00e9es, r\u00e9v\u00e9lant les contributions pour ce monde que vous portez en vous et votre dessein ici-bas. Les Secrets du Ciel d\u00e9tiennent le pouvoir de r\u00e9veiller cette contribution profond\u00e9ment enfouie au c\u0153ur de l\u2019humanit\u00e9, et gr\u00e2ce \u00e0 cela, un nouvel espoir pour l\u2019humanit\u00e9 voit le jour.<\/p>\n<p>Le Ciel vous demande de recevoir ses secrets. Chaque secret est une fen\u00eatre vers une r\u00e9alit\u00e9 plus grande. Chaque secret est une opportunit\u00e9 de scruter \u00e0 travers le miroir, et de nous voir tels que nous sommes vus de l\u00e0-haut. Nous regardons \u00e0 pr\u00e9sent par les yeux du Ciel, pour d\u00e9couvrir le monde, les autres et nous-m\u00eames avec un regard nouveau.<\/p>\n<p><em>Secrets du Ciel<\/em> est le premier livre du <a title=\"Volume 6\" href=\"\/the-message\/volume-6\">Volume 6<\/a> du Nouveau Message de Dieu.<\/p>\n<div class=\"toggle toggle-white\"><h4 class=\"trigger \"><span class=\"t_ico\"><\/span><a href=\"#\">En savoir plus sur les Volumes du Nouveau Message de Dieu<\/a><\/h4><div class=\"toggle_container \"><br \/>\n<div data-post-id='24520' class='insert-page insert-page-24520 '><p>Le Nouveau Message de Dieu sera au final contenu dans 6 volumes individuels. Chaque volume contient deux livres ou plus, et chaque livre est organis\u00e9 en chapitres.<\/p>\n<p>Ainsi, la future structure du Nouveau Message de Dieu peut \u00eatre synth\u00e9tis\u00e9e de la fa\u00e7on suivante :<\/p>\n<div id=\"attachment_24097\" style=\"width: 227px\" class=\"wp-caption alignright\"><a href=\"https:\/\/www.newmessage.org\/wp-content\/uploads\/2015\/08\/Volumes-Books-InfoGraphic.001.jpg\"><img loading=\"lazy\" decoding=\"async\" aria-describedby=\"caption-attachment-24097\" class=\"imgborder \" src=\"https:\/\/www.newmessage.org\/wp-content\/uploads\/2015\/08\/Volumes-Books-InfoGraphic.001.jpg\" alt=\"The New Message One Book\" width=\"217\" height=\"234\" \/><\/a><p id=\"caption-attachment-24097\" class=\"wp-caption-text\">Le Livre Unique du Nouveau Message<\/p><\/div>\n<p><strong>Volume &gt; Livre &gt; Chapitre &gt; Verset.<br \/>\n<\/strong><\/p>\n<p>Le Nouveau Message de Dieu contient la plus grande R\u00e9v\u00e9lation jamais donn\u00e9e au monde. Il s&rsquo;adresse \u00e0 pratiquement tous les aspects de nos vies, pr\u00e9sentant de nouvelles r\u00e9alit\u00e9s jamais r\u00e9v\u00e9l\u00e9es auparavant. La <em>Society<\/em> \u0153uvre pour que le plus possible de livres et de r\u00e9v\u00e9lations audios soient rendues disponibles et accessibles au monde.<\/p>\n<p>Actuellement, la Society est en mesure d&rsquo;offrir un grand nombre d&rsquo;enregistrements de la Voix de la R\u00e9v\u00e9lation dans leur version originale. Vous \u00eates de fait invit\u00e9s \u00e0 faire l&rsquo;exp\u00e9rience du pouvoir et du myst\u00e8re de la \u00ab\u00a0Voix\u00a0\u00bb telle qu&rsquo;elle s&rsquo;est exprim\u00e9e \u00e0 travers le Messager en \u00e9tat de R\u00e9v\u00e9lation. Jamais auparavant il n&rsquo;avait \u00e9t\u00e9 possible d&rsquo;entendre la Voix de la R\u00e9v\u00e9lation originale.<\/p>\n<p>La compilation du Nouveau Message tout entier est un travail de longue haleine. Au m\u00eame moment, la R\u00e9v\u00e9lation continue \u00e0 \u00eatre re\u00e7ue avec de nouveaux enseignements donn\u00e9s chaque ann\u00e9e. En cons\u00e9quence, la s\u00e9lection de chapitres dans chaque livre peut changer. De m\u00eame, les titres des livres peuvent eux-aussi changer pour refl\u00e9ter la port\u00e9e grandissante de chaque livre. Vous vivez \u00e0 une \u00e9poque de R\u00e9v\u00e9lation et \u00eates t\u00e9moin du processus de R\u00e9v\u00e9lation qui se d\u00e9ploie devant vous.<\/p>\n<h4>Livres en ligne<\/h4>\n<p>La <em>Society<\/em> s\u2019efforce de rendre le Nouveau Message accessible gratuitement en ligne pour le monde. Actuellement, un certain nombre de livres du Nouveau Message sont disponibles gratuitement \u00e0 www.newmessage.org. Vous pouvez explorer <a href=\"http:\/\/www.nouveaumessagededieu.org\/le-message\" target=\"_blank\">la biblioth\u00e8que des livres gratuits en ligne<\/a>.<\/p>\n<h4>Livres au format papier<\/h4>\n<p>La <em>Society<\/em> offre actuellement certain des livres du Nouveau Message sous format papier. Cependant, du fait de la taille immense de la partie du Nouveau Message r\u00e9v\u00e9l\u00e9e, la <em>Society<\/em> n\u2019est pas encore en mesure de publier sous forme imprim\u00e9e les six volumes du Nouveau Message pour l\u2019instant. Pour acheter une copie des livres actuellement disponibles, veuillez visiter la boutique de la <a href=\"http:\/\/www.newknowledgelibrary.org\">New Knowledge Library<\/a>.<\/p>\n<h4>CD et mp3<\/h4>\n<p>Certaines r\u00e9v\u00e9lations relatives \u00e0 l\u2019\u00e9tude du Nouveau Message sont disponibles \u00e0 l\u2019achat sous forme de CD ou de mp3. La <em><a href=\"http:\/\/www.nouveaumessagededieu.org\/worldwide-community\/society\" target=\"_blank\">Society<\/a><\/em> propose ces enseignements \u00e0 un co\u00fbt modeste \u00e0 la boutique de la New Knowledge Library en raison des r\u00e9alit\u00e9s financi\u00e8res li\u00e9es \u00e0 la n\u00e9cessit\u00e9 d\u2019atteindre le monde entier avec le Nouveau Message.<\/p>\n<h4>Le <em>Free Book Project<\/em><\/h4>\n<p>Avec un soutien financier plus important, la <em>Society<\/em> sera en mesure de rendre davantage de ces enseignements de sagesse accessibles gratuitement en ligne. En plus de cela, le <a href=\"http:\/\/www.nm-french.tk\/the-message\/free-book-project\">Free Book Project<\/a> de la <em>Society<\/em> offre une copie des livres et des mp3 des r\u00e9v\u00e9lations du Nouveau Message actuellement disponibles \u00e0 ceux qui n\u2019ont pas les moyens de les acheter. Nous vous invitons \u00e0<a href=\"http:\/\/www.nouveaumessagededieu.org\/worldwide-community\/society\/soutenir-le-nouveau-message\" target=\"_blank\"> faire un don<\/a> pour soutenir le <em>Free Book Project<\/em>, afin que de plus en plus de gens dans le besoin puissent avoir acc\u00e8s au Nouveau Message de Dieu.<\/p>\n<h4>Publications futures<\/h4>\n<p>La <em>Society<\/em> continuera \u00e0 mener \u00e0 bien sa vision de publication de l\u2019enti\u00e8ret\u00e9 du Nouveau Message de Dieu, \u00e0 la fois sous la forme de ses livres et de ses volumes, et peut-\u00eatre un jour sous la forme d\u2019un livre unique, simplement intitul\u00e9 : \u201cLe Nouveau Message de Dieu\u201d. C\u2019est une entreprise \u00e9norme pour laquelle la <em>Society<\/em> a besoin de votre contribution et de votre participation. Envisagez, si vous le pouvez, la possibilit\u00e9 de <a href=\"http:\/\/www.nouveaumessagededieu.org\/worldwide-community\/society\/soutenir-le-nouveau-message\" target=\"_blank\">faire un don<\/a> ou de <a href=\"http:\/\/www.nouveaumessagededieu.org\/worldwide-community\/society\/soutenir-le-nouveau-message\" target=\"_blank\">devenir un Pilier<\/a> du Nouveau Message pour soutenir cette cause sacr\u00e9e. Nous vous remercions pour votre soutien.<\/p>\n<\/div><br \/>\n<\/div><\/div>\n<div class=\"background-color-bridesmaid padding-20\">\n<h4>Table des mati\u00e8res<\/h4>\n<p><a title=\"Introduction\" href=\"\/le-message\/volume-6\/secrets-du-ciel\/introduction\">Introduction<\/a><\/p>\n<p><a title=\"Les Secrets du Ciel\" href=\"http:\/\/www.nouveaumessagededieu.org\/le-message\/volume-6\/secrets-du-ciel\/les-secrets-du-ciel\">Les Secrets du Ciel<\/a><\/p>\n<p><a href=\"\/le-message\/volume-1\/dieu-a-parle-a-nouveau\/lengagement\">L&rsquo;Engagement<\/a><\/p>\n<p>\u00c0 propos de Marshall Vian Summers<\/p>\n<p>Approfondir le Myst\u00e8re<\/p>\n<p>Le mouvement grandit<\/p>\n<\/div>\n<p class=\"paragraph_style_14\">\n","protected":false},"excerpt":{"rendered":"<p>Des profondeurs du Myst\u00e8re \u00e9mergent les Secrets du Ciel.\u00a0Ils sont l\u00e0 pour vous entra\u00eener plus en profondeur, dans l\u2019exp\u00e9rience du Myst\u00e8re et du dessein qui impr\u00e8gnent votre pr\u00e9sence dans ce monde. Les Anges du Ciel cherchent \u00e0 partager avec vous ce qui\u00a0longtemps\u00a0a \u00e9t\u00e9 oubli\u00e9 dans le monde. Miraculeusement, comme s\u2019ils \u00e9taient murmur\u00e9s par del\u00e0 le\u2026 <a class=\"read-more\" href=\"https:\/\/www.v6.newmessage.org\/fr\/more-about-the-volumes\"><span>Read More<\/span><\/a><\/p>\n","protected":false},"author":1,"featured_media":0,"parent":16323,"menu_order":0,"comment_status":"closed","ping_status":"closed","template":"template-leftsidebar.php","meta":{"_monsterinsights_skip_tracking":false,"_monsterinsights_sitenote_active":false,"_monsterinsights_sitenote_note":"","_monsterinsights_sitenote_category":0,"footnotes":""},"categories":[],"tags":[686,687],"_links":{"self":[{"href":"https:\/\/www.v6.newmessage.org\/fr\/wp-json\/wp\/v2\/pages\/13075"}],"collection":[{"href":"https:\/\/www.v6.newmessage.org\/fr\/wp-json\/wp\/v2\/pages"}],"about":[{"href":"https:\/\/www.v6.newmessage.org\/fr\/wp-json\/wp\/v2\/types\/page"}],"author":[{"embeddable":true,"href":"https:\/\/www.v6.newmessage.org\/fr\/wp-json\/wp\/v2\/users\/1"}],"replies":[{"embeddable":true,"href":"https:\/\/www.v6.newmessage.org\/fr\/wp-json\/wp\/v2\/comments?post=13075"}],"version-history":[{"count":76,"href":"https:\/\/www.v6.newmessage.org\/fr\/wp-json\/wp\/v2\/pages\/13075\/revisions"}],"predecessor-version":[{"id":28467,"href":"https:\/\/www.v6.newmessage.org\/fr\/wp-json\/wp\/v2\/pages\/13075\/revisions\/28467"}],"up":[{"embeddable":true,"href":"https:\/\/www.v6.newmessage.org\/fr\/wp-json\/wp\/v2\/pages\/16323"}],"wp:attachment":[{"href":"https:\/\/www.v6.newmessage.org\/fr\/wp-json\/wp\/v2\/media?parent=13075"}],"wp:term":[{"taxonomy":"category","embeddable":true,"href":"https:\/\/www.v6.newmessage.org\/fr\/wp-json\/wp\/v2\/categories?post=13075"},{"taxonomy":"post_tag","embeddable":true,"href":"https:\/\/www.v6.newmessage.org\/fr\/wp-json\/wp\/v2\/tags?post=13075"}],"curies":[{"name":"wp","href":"https:\/\/api.w.org\/{rel}","templated":true}]}}