{"id":12814,"date":"2014-07-19T02:42:37","date_gmt":"2014-07-19T02:42:37","guid":{"rendered":"http:\/\/www.newmessage.org\/?page_id=12814"},"modified":"2016-08-28T20:08:21","modified_gmt":"2016-08-28T20:08:21","slug":"ecole-du-nouveau-message","status":"publish","type":"page","link":"https:\/\/www.v6.newmessage.org\/fr\/ecole-du-nouveau-message","title":{"rendered":"L&rsquo;\u00c9cole du Nouveau Message"},"content":{"rendered":"<div class=\"background-color-spanish-white\">\n<div class=\"text-align-center padding-10\">\n<p><img loading=\"lazy\" decoding=\"async\" class=\"school-header aligncenter size-full\" src=\"\/wp-content\/uploads\/2015\/05\/free-school.jpg\" alt=\"free-school\" width=\"412\" height=\"49\" \/><\/p>\n<h3 class=\"text-color-gray-3 font-serif font-size-32\"><em>Bienvenue \u00e0 la Free School du Nouveau Message !<\/em><\/h3>\n<\/div>\n<div class=\"one_half \" ><\/p>\n<div class=\"padding-20\">\n<h3 class=\"text-color-pirate-gold font-serif font-size-32\"><em>Qu&rsquo;est-ce que la Free School du Nouveau Message ?<\/em><\/h3>\n<p>La <em>Free School<\/em> du Nouveau Message <em>(L\u2019\u00c9cole libre et gratuite du Nouveau Message)<\/em> est form\u00e9e d&rsquo;une communaut\u00e9 mondiale de personnes qui \u00e9tudient et partagent le Nouveau Message de Dieu.<\/p>\n<p>La <em>Free School<\/em> est ainsi un environnement facilitant l&rsquo;\u00e9tude individuelle, l&rsquo;\u00e9tude en groupe, les rencontres internationales d&rsquo;\u00e9tudiants et l&rsquo;organisation d&rsquo;\u00e9v\u00e9nements autour du Nouveau Message afin d&rsquo;approfondir notre exp\u00e9rience du Nouveau Message et de nous connecter avec les autres \u00e0 travers le monde.<\/p>\n<h3 class=\"text-color-pirate-gold\">Y a t-il un co\u00fbt ?<\/h3>\n<p>La <em>Free School<\/em> est enti\u00e8rement gratuite et est ouverte aux personnes de toutes les traditions religieuses qui cherchent \u00e0 en savoir plus sur le Nouveau Message.<\/p>\n<p>Cr\u00e9\u00e9e et anim\u00e9e par la <a href=\"http:\/\/www.nouveaumessagededieu.org\/worldwide-community\/society\"><i>Society for the New Message<\/i><\/a>, la <em>Free School<\/em> du Nouveau Message est offerte au monde et permet ainsi que des milliers de personnes puissent d\u00e9couvrir par elles-m\u00eames l&rsquo;\u00e9ducation et la voie pr\u00e9sent\u00e9es par le Nouveau Message de Dieu.<\/p>\n<p>Explorez la r\u00e9v\u00e9lation de Dieu pour l&rsquo;individu et pour le monde, et prenez part \u00e0 la formation de la toute premi\u00e8re communaut\u00e9 mondiale du Nouveau Message de Dieu.<\/p>\n<h3 class=\"text-color-pirate-gold\">Comment puis-je y participer ?<\/h3>\n<p>Il suffit de remplir le formulaire de droite. Merci de nous laissez alors entre 24 et 48 heures pour recevoir votre demande, apr\u00e8s quoi nous vous enverrons vos informations de connexion et un message de bienvenue vous pr\u00e9sentant la session en cours de la <em>Free School<\/em>.<\/p>\n<p>Notez que le programme de la <em>Free School<\/em> est pour l&rsquo;instant enti\u00e8rement en anglais.<\/p>\n<h3 class=\"text-color-pirate-gold\">Comment \u00e7a marche ?<\/h3>\n<p>La <em>Free School<\/em> est un environnement d&rsquo;apprentissage enti\u00e8rement en ligne, qui comprend les \u00e9l\u00e9ments suivants:<\/p>\n<ul class=\"list-vertical diamond\">\n<li>Lisez la Parole, \u00e9coutez la Voix et plongez dans une \u00e9tude approfondie de R\u00e9v\u00e9lations choisies<\/li>\n<li>Un programme d&rsquo;\u00e9tude et des enseignements en vid\u00e9o du Messager et de ses compagnons<\/li>\n<li>Un forum de discussion sur les diff\u00e9rents th\u00e8mes abord\u00e9s par l&rsquo;enseignement<\/li>\n<li>Les retransmissions en direct d&rsquo;\u00e9v\u00e9nements de <em>la Free School<\/em><\/li>\n<li>Un chat hebdomadaire, tous les samedis, avec des \u00e9tudiants du monde entier pour discuter et contempler ensemble les th\u00e8mes des enseignements<\/li>\n<li>Un vaste environnement d&rsquo;\u00e9change et d&rsquo;inspiration au sein de la communaut\u00e9 mondiale<\/li>\n<li>Des relais via les r\u00e9seaux sociaux<\/li>\n<\/ul>\n<p><a name=\"corridors\"><\/a><\/p>\n<h3 class=\"text-color-pirate-gold\">Six sessions annuelles, chacune de 2 mois :<\/h3>\n<p>Chaque session se concentre sur l&rsquo;un des principaux \u00ab\u00a0couloirs\u00a0\u00bb du Nouveau Message, \u00e0 savoir :<\/p>\n<ul class=\"list-vertical diamond\">\n<li>Le Nouveau Monde <em>(Jan &#8211; F\u00e9v)<\/em><\/li>\n<li>Le Voyage vers une Nouvelle Vie <em>(Mar &#8211; Avr)<\/em><\/li>\n<li>La Connaissance et la Pratique Spirituelle <em>(Mai &#8211; Juin)<\/em><\/li>\n<li>Se Pr\u00e9parer \u00e0 la Grande Communaut\u00e9 <em>(Juil &#8211; Ao\u00fbt)<\/em><\/li>\n<li>Le Message et le Messager <em>(Sept &#8211; Oct)<\/em><\/li>\n<li>Dieu, la Consmologie et la Cr\u00e9ation <em>(Nov &#8211; D\u00e9c)<\/em><span style=\"text-decoration: underline;\"><br \/>\n<\/span><\/li>\n<\/ul>\n<\/div>\n<p><\/div>\n<div class=\"one_half last\" ><\/p>\n<div class=\"\">\n<h3 class=\"text-color-grey-3 font-serif font-size-18\"><em>Now open! Register below&#8230;<\/em><\/h3>\n<div class=\"background-color-spanish-white bottom-padding-10 font-size-24\" style=\"text-align: center;\"><a href=\"\/\/www.newmessage.org\/free\/school\/Welcome_to_the_Free_School_of_the_New_Message.html\">session<\/a> | <a href=\"\/\/www.newmessage.org\/forum\">forum<\/a><\/div>\n<p><iframe loading=\"lazy\" width=\"100%\" height=\"2680px\" frameborder=\"0\" marginheight=\"0\" marginwidth=\"0\" src=\"https:\/\/docs.google.com\/spreadsheet\/embeddedform?formkey=dHRWWWJSMVhHeUl6VWZSa3VudlExSEE6MQ\">Loading&#8230;<\/iframe><\/p>\n<p><\/div>\n<\/div>\n<div class=\"clearfix\"><\/div>\n<\/div>\n<p><!-- \n\n<div class=\"background-color-gray-gallery panel-10 border-rounded-8\">\n\n\n<div class=\"panel-20 background-color-spanish-white border-rounded-8\" align=\"center\">\n\n<img loading=\"lazy\" decoding=\"async\" class=\"alignnone wp-image-27540 size-full\" src=\"https:\/\/www.newmessage.org\/french-international\/wp-content\/uploads\/sites\/38\/2014\/07\/school-4.jpg\" alt=\"\" width=\"669\" height=\"111\" srcset=\"https:\/\/www.v6.newmessage.org\/fr\/wp-content\/uploads\/sites\/38\/2014\/07\/school-4.jpg 669w, https:\/\/www.v6.newmessage.org\/fr\/wp-content\/uploads\/sites\/38\/2014\/07\/school-4-300x50.jpg 300w, https:\/\/www.v6.newmessage.org\/fr\/wp-content\/uploads\/sites\/38\/2014\/07\/school-4-600x100.jpg 600w\" sizes=\"(max-width: 669px) 100vw, 669px\" \/>\n\n[button type=\"simple_button_link\" url=\"http:\/\/www.nouveaumessagededieu.org\/worldwide-community\/se-preparer-a-la-grande-communaute-juillet-aout-2016\" target=\"\" ]Session en cours de la Free School[\/button] [button type=\"simple_button_link\" url=\"http:\/\/eepurl.com\/TLCEf\" target=\"\" ]Recevez la newsletter de la Free School[\/button]\n\n<\/div>\n\n\n\n\n<div class=\"background-color-spanish-white panel-10 border-rounded-8\">\n\n\n<h4 align=\"center\">Bienvenue sur le Chat francophone du Nouveau Message !<\/h4>\n\n\n<iframe loading=\"lazy\" width=\"100%\" height=\"600px\" src=\"https:\/\/www.newmessage.org\/test3.php\"><\/iframe>\n[toggle title=\"Cliquez ici pour ouvrir la fen\u00eatre du Chat\"] [\/toggle]\n\n[clear]\n--&gt; --><\/p>\n","protected":false},"excerpt":{"rendered":"<p>Bienvenue \u00e0 la Free School du Nouveau Message !<\/p>\n","protected":false},"author":1,"featured_media":0,"parent":0,"menu_order":12,"comment_status":"closed","ping_status":"closed","template":"","meta":{"_monsterinsights_skip_tracking":false,"_monsterinsights_sitenote_active":false,"_monsterinsights_sitenote_note":"","_monsterinsights_sitenote_category":0,"footnotes":""},"categories":[70],"tags":[617],"_links":{"self":[{"href":"https:\/\/www.v6.newmessage.org\/fr\/wp-json\/wp\/v2\/pages\/12814"}],"collection":[{"href":"https:\/\/www.v6.newmessage.org\/fr\/wp-json\/wp\/v2\/pages"}],"about":[{"href":"https:\/\/www.v6.newmessage.org\/fr\/wp-json\/wp\/v2\/types\/page"}],"author":[{"embeddable":true,"href":"https:\/\/www.v6.newmessage.org\/fr\/wp-json\/wp\/v2\/users\/1"}],"replies":[{"embeddable":true,"href":"https:\/\/www.v6.newmessage.org\/fr\/wp-json\/wp\/v2\/comments?post=12814"}],"version-history":[{"count":219,"href":"https:\/\/www.v6.newmessage.org\/fr\/wp-json\/wp\/v2\/pages\/12814\/revisions"}],"predecessor-version":[{"id":28297,"href":"https:\/\/www.v6.newmessage.org\/fr\/wp-json\/wp\/v2\/pages\/12814\/revisions\/28297"}],"wp:attachment":[{"href":"https:\/\/www.v6.newmessage.org\/fr\/wp-json\/wp\/v2\/media?parent=12814"}],"wp:term":[{"taxonomy":"category","embeddable":true,"href":"https:\/\/www.v6.newmessage.org\/fr\/wp-json\/wp\/v2\/categories?post=12814"},{"taxonomy":"post_tag","embeddable":true,"href":"https:\/\/www.v6.newmessage.org\/fr\/wp-json\/wp\/v2\/tags?post=12814"}],"curies":[{"name":"wp","href":"https:\/\/api.w.org\/{rel}","templated":true}]}}