{"id":12784,"date":"2014-07-19T02:38:10","date_gmt":"2014-07-19T02:38:10","guid":{"rendered":"http:\/\/www.newmessage.org\/?page_id=12784"},"modified":"2016-08-22T14:36:53","modified_gmt":"2016-08-22T14:36:53","slug":"premiers-pas","status":"publish","type":"page","link":"https:\/\/www.v6.newmessage.org\/fr\/le-message\/premiers-pas","title":{"rendered":"Premiers Pas&#8230;"},"content":{"rendered":"<p><strong>Le Nouveau Message de Dieu<img loading=\"lazy\" decoding=\"async\" width=\"172\" height=\"300\" class=\"alignright size-medium wp-image-28275 imgborder\" src=\"https:\/\/www.newmessage.org\/fr\/wp-content\/uploads\/sites\/38\/2014\/07\/Volume-1-CD-Cover1-172x300-172x300.jpg\" alt=\"Le Nouveau Message de Dieu\" \/><\/strong><\/p>\n<p>Totalisant plus de 9000 pages de texte donn\u00e9es sur une p\u00e9riode de 33 ans, le Nouveau Message de Dieu est la plus vaste R\u00e9v\u00e9lation jamais donn\u00e9e au monde. Comment alors commencer \u00e0 lire, \u00e9tudier et pratiquer une r\u00e9v\u00e9lation aussi vaste\u00a0? Par o\u00f9 commencer\u00a0?<\/p>\n<p>Bien que vous soyez enti\u00e8rement libre de commencer par l\u00e0 o\u00f9 vous le voulez, <a href=\"http:\/\/www.nouveaumessagededieu.org\/worldwide-community\/society\">la <em>Society<\/em><\/a> offre un guide d\u2019\u00e9tude pour les \u00e9tudiants fond\u00e9 sur la sagesse et les apports directs du <a href=\"http:\/\/www.nouveaumessagededieu.org\/messager-de-dieu\">Messager<\/a>. Consid\u00e9rez les suggestions ci-dessous \u00e0 mesure que vous tracez votre chemin unique et personnel \u00e0 travers ce puits d&rsquo;enseignement et de r\u00e9v\u00e9lations.<\/p>\n<p>Quelle que soit la mani\u00e8re dont vous explorez <a href=\"http:\/\/www.nouveaumessagededieu.org\/le-message\">la biblioth\u00e8que du Nouveau Message<\/a>, sachez que vous vous trouvez au commencement d&rsquo;un nouveau voyage dans la vie. Ce voyage a le pouvoir d&rsquo;\u00e9veiller <a href=\"http:\/\/www.nouveaumessagededieu.org\/le-message\/important-terms#kn\" target=\"_blank\">la Connaissance<\/a>, l&rsquo;intelligence spirituelle qui est en vous. Il a le pouvoir de r\u00e9v\u00e9ler votre vraie direction dans la vie. Il a le pouvoir de d\u00e9velopper votre conscience des forces plus grandes qui mod\u00e8lent notre monde et de vous rem\u00e9morer le grand but pour lequel vous \u00eates venu.<\/p>\n<p>\u00c0 partir d&rsquo;ici, le chemin vous am\u00e8ne toujours plus haut, vous menant \u00e0 de nouveaux seuils d&rsquo;exp\u00e9rience dans votre vie, vous menant plus pr\u00e8s de <a href=\"http:\/\/www.nouveaumessagededieu.org\/le-message\/important-terms#kn\" target=\"_blank\">la Connaissance<\/a> qui est en vous et finalement de Dieu, gr\u00e2ce au Nouveau Message de Dieu pour le monde.<\/p>\n<p><strong>Voici le Plan d\u2019\u00c9tude tel que propos\u00e9 par la <em>Society<\/em> et le Messager<\/strong><\/p>\n<ol>\n<ol>\n<ol>\n<li>Lisez et \u00e9coutez la Voix de la R\u00e9v\u00e9lation du Nouveau Message dans les r\u00e9v\u00e9lations suivantes\u00a0:<br \/>\n<em><a href=\"http:\/\/www.nouveaumessagededieu.org\/le-message\/volume-1\/la-nouvelle-vie\/le-don-dune-nouvelle-vie-2\">Le don d\u2019une nouvelle vie<\/a><br \/>\n<a href=\"http:\/\/www.nouveaumessagededieu.org\/le-message\/other-revelations\/le-voyage-vers-la-liberte\/\">Le Voyage vers la libert\u00e9<\/a><br \/>\n<a href=\"http:\/\/www.nouveaumessagededieu.org\/le-message\/volume-1\/dieu-a-parle-a-nouveau\/la-benediction\">La B\u00e9n\u00e9diction<\/a><br \/>\n<a href=\"http:\/\/www.nouveaumessagededieu.org\/le-message\/volume-1\/dieu-a-parle-a-nouveau\/linitiation\">L\u2019Initiation<\/a><br \/>\n<\/em><a href=\"http:\/\/www.nouveaumessagededieu.org\/le-message\/volume-1\/dieu-a-parle-a-nouveau\/la-proclamation\"><em>La<\/em><em> Proclamation<\/em><\/a><em><br \/>\n<a href=\"http:\/\/www.nouveaumessagededieu.org\/le-message\/volume-1\/dieu-a-parle-a-nouveau\/vivre-a-une-epoque-de-revelation\">Vivre<\/a><\/em><a href=\"http:\/\/www.nouveaumessagededieu.org\/le-message\/volume-1\/dieu-a-parle-a-nouveau\/vivre-a-une-epoque-de-revelation\"><em> \u00e0 une \u00e9poque de R\u00e9v\u00e9lation<\/em><\/a><\/li>\n<li>Lisez <a href=\"http:\/\/www.nouveaumessagededieu.org\/introduction-au-nouveau-message\">un bref historique du Nouveau Message<\/a> et \u00e9coutez <a href=\"http:\/\/www.nouveaumessagededieu.org\/messager-de-dieu\">le Messager<\/a>.<\/li>\n<li>Apprenez ce qu\u2019est <a href=\"http:\/\/www.nouveaumessagededieu.org\/le-message\/important-terms#kn\" target=\"_blank\">la Connaissance<\/a>, le pouvoir spirituel et la source de la guidance int\u00e9rieure qui vit en vous. D\u00e9couvrir cette Connaissance et d\u00e9velopper votre connexion \u00e0 elle repr\u00e9sente la fondation de la voie pour apprendre et vivre le Nouveau Message.<br \/>\n<em><a href=\"http:\/\/www.nouveaumessagededieu.org\/le-message\/volume-2\/la-spiritualite-de-la-grande-communaute\/4-quest-ce-que-la-connaissance\">Qu\u2019est-ce que la Connaissance ?<\/a><\/em><br \/>\n<em>\u00c9couter la Connaissance<\/em><\/li>\n<li>Apprenez ce que sont la r\u00e9alit\u00e9 de <a href=\"http:\/\/www.nouveaumessagededieu.org\/le-message\/volume-4\/la-vie-dans-lunivers\" target=\"_blank\">la vie dans l&rsquo;univers<\/a> et <a href=\"http:\/\/www.nouveaumessagededieu.org\/le-message\/volume-4\/les-grandes-vagues-de-changement\" target=\"_blank\">des Grandes Vagues de changement<\/a>. Ces deux r\u00e9alit\u00e9s essentielles ont le pouvoir de remodeler notre monde et la vie de chacun d&rsquo;entre nous. C&rsquo;est pourquoi Dieu a parl\u00e9 \u00e0 nouveau et il est vital que vous appreniez ce que cela signifie pour vous et pour le monde.<\/li>\n<li>D\u00e9couvrez ce qu\u2019est la <strong><a href=\"http:\/\/www.nouveaumessagededieu.org\/le-message\/important-terms#gc\" target=\"_blank\">Grande Communaut\u00e9<\/a><\/strong>, en commen\u00e7ant par lire les r\u00e9v\u00e9lations suivantes\u00a0:<br \/>\n<em><a href=\"http:\/\/www.nouveaumessagededieu.org\/le-message\/volume-2\/la-spiritualite-de-la-grande-communaute\/6-quest-ce-que-la-grande-communaute\" target=\"_blank\">Qu\u2019est-ce que la Grande Communaut\u00e9?<\/a><br \/>\n<a href=\"http:\/\/www.nouveaumessagededieu.org\/le-message\/volume-1\/la-grande-communaute\/entrer-dans-la-grande-communaute\" target=\"_blank\">Entrer dans la Grande Communaut\u00e9<\/a><\/em><\/li>\n<li>D\u00e9couvrez ce que sont les <strong><a href=\"http:\/\/www.nouveaumessagededieu.org\/le-message\/important-terms#gwc\" target=\"_blank\">Grandes Vagues de changement<\/a><\/strong> et le Nouveau Monde\u00a0:<br \/>\n<em><a href=\"http:\/\/www.nouveaumessagededieu.org\/le-message\/volume-1\/le-nouveau-monde\/la-course-pour-sauver-la-civilisation-humaine\" target=\"_blank\">La course pour sauver la civilisation humaine<\/a><\/em><br \/>\n<a href=\"http:\/\/www.nouveaumessagededieu.org\/le-message\/volume-1\/le-nouveau-monde\/sauver-lhumanite\"><em>Ce qui sauvera l&rsquo;humanit\u00e9<\/em><\/a><br \/>\n<em>La Volont\u00e9 du Ciel<\/em><br \/>\nEnvisagez une \u00e9tude plus approfondie de ces deux r\u00e9alit\u00e9s centrales dans les livres du Nouveau Message\u00a0: <em><a href=\"http:\/\/www.nouveaumessagededieu.org\/le-message\/volume-4\/les-grandes-vagues-de-changement\" target=\"_blank\">Les Grandes Vagues de changement<\/a><\/em> et <em><a href=\"http:\/\/www.nouveaumessagededieu.org\/le-message\/volume-4\/la-vie-dans-lunivers\" target=\"_blank\">La Vie dans l\u2019Univers<\/a><\/em>.<\/li>\n<li>Si vous \u00eates pr\u00eats \u00e0 commencer le voyage pour d\u00e9couvrir et cultiver votre connexion \u00e0 la <a href=\"http:\/\/www.nouveaumessagededieu.org\/le-message\/important-terms#kn\" target=\"_blank\">Connaissance<\/a>, commencez <a href=\"http:\/\/www.nouveaumessagededieu.org\/le-message\/volume-3\/les-pas-vers-la-connaissance\" target=\"_blank\"><em>Les Pas vers la Connaissance<\/em><\/a>. Ces 365 Pas journaliers sont destin\u00e9s \u00e0 vous conduire \u00e0 une r\u00e9v\u00e9lation concernant votre vie et votre destin\u00e9e. Commencez \u00e0 lire le livre <em><a href=\"http:\/\/www.nouveaumessagededieu.org\/le-message\/volume-2\/la-spiritualite-de-la-grande-communaute\" target=\"_blank\">La Spiritualit\u00e9 de la Grande Communaut\u00e9<\/a><\/em>, qui pr\u00e9sente la r\u00e9alit\u00e9 de la Grande Communaut\u00e9 de vie dans l\u2019univers et la Voie de la Connaissance, qui est intemporelle.<\/li>\n<li><a href=\"http:\/\/www.nouveaumessagededieu.org\/messager-de-dieu\/qui-est-marshallviansummers\" target=\"_blank\">Le Messager<\/a> :<br \/>\n<a href=\"http:\/\/www.nouveaumessagededieu.org\/le-message\/revelations\/revelations-sur-le-messager\">Lisez les r\u00e9v\u00e9lations concernant l\u2019origine, la destin\u00e9e et la mission du Messager.<\/a> Venez en apprendre davantage sur cet homme, sur ce que sa pr\u00e9sence dans le monde signifie et quelle est son lien avec les pr\u00e9c\u00e9dents Messagers.<\/li>\n<\/ol>\n<\/ol>\n<\/ol>\n<h2><strong>Pour aller plus loin<\/strong><\/h2>\n<p><strong>Vous pouvez participer \u00e0 la <a href=\"http:\/\/www.nouveaumessagededieu.org\/ecole-du-nouveau-message\" target=\"_blank\"><em>Free School<\/em> du Nouveau Message<\/a> (en ligne \u2013 une <a href=\"http:\/\/www.nouveaumessagededieu.org\/worldwide-community\/la-free-school-du-nouveau-message-en-francais\" target=\"_blank\">version francophone<\/a> est disponible)<\/strong><\/p>\n<p>Tous les deux mois, une nouvelle session de la <em>Free School<\/em> est d\u00e9di\u00e9e \u00e0 l\u2019exploration d\u2019un des th\u00e8mes majeurs du Nouveau Message. Par le biais de la<em> <a href=\"http:\/\/www.nouveaumessagededieu.org\/ecole-du-nouveau-message\" target=\"_blank\">Free School<\/a><\/em>, vous aurez l\u2019opportunit\u00e9 d&rsquo;interagir avec des \u00e9tudiants venant d&rsquo;un peu partout dans le monde (actuellement de 92 pays).<\/p>\n<p>Lors de chaque session, l&rsquo;occasion vous est donn\u00e9e d&rsquo;\u00e9tudier des r\u00e9v\u00e9lations cl\u00e9s s\u00e9lectionn\u00e9es par le Messager lui-m\u00eame et d\u2019explorer la sagesse et le sens profonds que le Nouveau Message apporte.<\/p>\n<p>Participez au <em>Chat<\/em> en ligne hebdomadaire (une version francophone est disponible) et rencontrez d&rsquo;autres <a href=\"http:\/\/www.nouveaumessagededieu.org\/worldwide-community\/a-propos-de-la-communaute-mondiale\" target=\"_blank\">\u00e9tudiants du Nouveau Message du monde entier<\/a>. Apprenez des exp\u00e9riences des autres, de la <a href=\"http:\/\/www.nouveaumessagededieu.org\/worldwide-community\/society\" target=\"_blank\"><em>Society<\/em><\/a> et du <a href=\"http:\/\/www.nouveaumessagededieu.org\/messager-de-dieu\" target=\"_blank\">Messager<\/a>, et partagez vos propres exp\u00e9riences.<\/p>\n<p>Participez au <em>Fireside Broadcast<\/em>, un \u00e9v\u00e9nement retransmis en direct en ligne, avec Patricia et Reed Summers, et recevez des cl\u00e9s d\u2019inspiration et de sagesse en lien avec les r\u00e9v\u00e9lations que vous \u00eates en train d\u2019\u00e9tudier.<\/p>\n<p>Vous pouvez y prendre part quand vous le voulez. <strong>La <em>Free School<\/em> est enti\u00e8rement gratuite et son acc\u00e8s est libre.<\/strong> <a href=\"http:\/\/www.nouveaumessagededieu.org\/ecole-du-nouveau-message\" target=\"_blank\">Inscrivez-vous \u00e0 la <em>Free School<\/em><\/a> et explorez l\u2019\u00e9tude et la pratique qui sont en cours actuellement.<\/p>\n<p><strong><em>L\u2019Encampment<\/em> de la Communaut\u00e9 Mondiale du Nouveau Message<\/strong><\/p>\n<p>\u00c0 l\u2019automne, durant cinq jours, la Communaut\u00e9 Mondiale du Nouveau Message se rassemble \u00e0 l\u2019occasion de <a href=\"https:\/\/www.newmessage.org\/encampment\" target=\"_blank\"><em>l\u2019Encampment<\/em><\/a>, avec les membres de la <em>Society<\/em>, le Messager et des \u00e9tudiants du Nouveau Message venant d\u2019un peu partout dans le monde, pour se plonger dans cette exp\u00e9rience.<\/p>\n<p>En retraite dans le cadre majestueux des Montagnes Rocheuses, vous avez ici l\u2019opportunit\u00e9 de faire l\u2019exp\u00e9rience d\u2019une direction et d\u2019un but plus grands dans votre vie et le sens que cela d\u00e9tient dans un monde en proie \u00e0 un changement radical. Ensemble, nous approfondirons notre relation sacr\u00e9e \u00e0 la <a href=\"http:\/\/www.nouveaumessagededieu.org\/le-message\/important-terms#kn\" target=\"_blank\">Connaissance<\/a> et b\u00e2tirons des liens avec les autres \u00e9tudiants au sein de la <a href=\"http:\/\/www.nouveaumessagededieu.org\/worldwide-community\/a-propos-de-la-communaute-mondiale\" target=\"_blank\">communaut\u00e9 mondiale<\/a> des gens qui r\u00e9pondent au Nouveau Message, \u00e0 cette \u00e9poque cruciale de l\u2019histoire.<\/p>\n<p><em><u><a href=\"https:\/\/www.newmessage.org\/encampment\" target=\"_blank\">L\u2019Encampment<\/a><\/u><\/em> est destin\u00e9 aux \u00e9tudiants qui se sentent profond\u00e9ment touch\u00e9s par le Nouveau Message et qui ont le sentiment que leur destin\u00e9e dans la vie pourrait \u00eatre directement li\u00e9e au fait d&rsquo;\u00e9tudier et de vivre cette R\u00e9v\u00e9lation du Cr\u00e9ateur.<\/p>\n<p>&nbsp;<\/p>\n","protected":false},"excerpt":{"rendered":"<p>Le Nouveau Message de Dieu Totalisant plus de 9000 pages de texte donn\u00e9es sur une p\u00e9riode de 33 ans, le Nouveau Message de Dieu est la plus vaste R\u00e9v\u00e9lation jamais donn\u00e9e au monde. Comment alors commencer \u00e0 lire, \u00e9tudier et pratiquer une r\u00e9v\u00e9lation aussi vaste\u00a0? Par o\u00f9 commencer\u00a0? Bien que vous soyez enti\u00e8rement libre de\u2026 <a class=\"read-more\" href=\"https:\/\/www.v6.newmessage.org\/fr\/le-message\/premiers-pas\"><span>Read More<\/span><\/a><\/p>\n","protected":false},"author":1,"featured_media":0,"parent":15090,"menu_order":9,"comment_status":"closed","ping_status":"closed","template":"template-leftsidebar.php","meta":{"_monsterinsights_skip_tracking":false,"_monsterinsights_sitenote_active":false,"_monsterinsights_sitenote_note":"","_monsterinsights_sitenote_category":0,"footnotes":""},"categories":[],"tags":[],"_links":{"self":[{"href":"https:\/\/www.v6.newmessage.org\/fr\/wp-json\/wp\/v2\/pages\/12784"}],"collection":[{"href":"https:\/\/www.v6.newmessage.org\/fr\/wp-json\/wp\/v2\/pages"}],"about":[{"href":"https:\/\/www.v6.newmessage.org\/fr\/wp-json\/wp\/v2\/types\/page"}],"author":[{"embeddable":true,"href":"https:\/\/www.v6.newmessage.org\/fr\/wp-json\/wp\/v2\/users\/1"}],"replies":[{"embeddable":true,"href":"https:\/\/www.v6.newmessage.org\/fr\/wp-json\/wp\/v2\/comments?post=12784"}],"version-history":[{"count":69,"href":"https:\/\/www.v6.newmessage.org\/fr\/wp-json\/wp\/v2\/pages\/12784\/revisions"}],"predecessor-version":[{"id":28277,"href":"https:\/\/www.v6.newmessage.org\/fr\/wp-json\/wp\/v2\/pages\/12784\/revisions\/28277"}],"up":[{"embeddable":true,"href":"https:\/\/www.v6.newmessage.org\/fr\/wp-json\/wp\/v2\/pages\/15090"}],"wp:attachment":[{"href":"https:\/\/www.v6.newmessage.org\/fr\/wp-json\/wp\/v2\/media?parent=12784"}],"wp:term":[{"taxonomy":"category","embeddable":true,"href":"https:\/\/www.v6.newmessage.org\/fr\/wp-json\/wp\/v2\/categories?post=12784"},{"taxonomy":"post_tag","embeddable":true,"href":"https:\/\/www.v6.newmessage.org\/fr\/wp-json\/wp\/v2\/tags?post=12784"}],"curies":[{"name":"wp","href":"https:\/\/api.w.org\/{rel}","templated":true}]}}