{"id":12778,"date":"2014-07-19T02:35:55","date_gmt":"2014-07-19T02:35:55","guid":{"rendered":"http:\/\/www.newmessage.org\/?page_id=12778"},"modified":"2017-11-04T18:40:30","modified_gmt":"2017-11-04T18:40:30","slug":"faq","status":"publish","type":"page","link":"https:\/\/www.v6.newmessage.org\/fr\/introduction-au-nouveau-message\/faq","title":{"rendered":"QUESTIONS\/R\u00c9PONSES"},"content":{"rendered":"<p><!--div class=\"text-align-right\"><img decoding=\"async\" src=\"https:\/\/www.newmessage.org\/wp-content\/uploads\/2015\/04\/shapeimage_15-228x300.png\" alt=\"Frequently Asked Questions about the New Message\" class=\"alignright size-medium \" \/><\/div-->\n<div class=\"home_feed_featured\">\n\t    \n\t<article class=\"posts_listing blog_shortcode clearfix post-157 page type-page status-publish hentry category-questions-and-answers\" id=\"post-157\">\n\n\t\t\t\t\n\t<h2 class=\"entry-title\"><a href=\"https:\/\/www.v6.newmessage.org\/fr\/introduction-au-nouveau-message\/faq\/quest-ce-que-le-nouveau-message-de-dieu\" rel=\"bookmark\" title=\"Lien permanent vers Qu&rsquo;est-ce que le Nouveau Message de Dieu ?\">Qu&rsquo;est-ce que le Nouveau Message de Dieu ?<\/a><\/h2>\n\n<div class=\"entry-content\">\n<p>\u00a0\u00ab\u00a0Un Nouveau Message du Cr\u00e9ateur de toute vie a \u00e9t\u00e9 envoy\u00e9. C&rsquo;est un message pour pr\u00e9parer l&rsquo;individu et pour pr\u00e9parer les peuples du monde \u00e0 survivre et \u00e0 avancer en traversant les grands p\u00e9rils qui menacent...<\/p><\/div>\t\t\t\n\t\t<\/article>\n\t    \n\t<article class=\"posts_listing blog_shortcode clearfix post-159 page type-page status-publish hentry category-questions-and-answers\" id=\"post-159\">\n\n\t\t\t\t\n\t<h2 class=\"entry-title\"><a href=\"https:\/\/www.v6.newmessage.org\/fr\/introduction-au-nouveau-message\/faq\/pourquoi-est-il-la\" rel=\"bookmark\" title=\"Lien permanent vers Pourquoi est-il l\u00e0 ?\">Pourquoi est-il l\u00e0 ?<\/a><\/h2>\n\n<div class=\"entry-content\">\n<p>&nbsp; \u00ab Vous vous ruez la t\u00eate la premi\u00e8re dans un avenir qui ne ressemblera pas au pass\u00e9, mais vous n&rsquo;\u00eates pas pr\u00e9par\u00e9s. C&rsquo;est la raison pour laquelle il y a un Nouveau Message de Dieu....<\/p><\/div>\t\t\t\n\t\t<\/article>\n\t    \n\t<article class=\"posts_listing blog_shortcode clearfix post-161 page type-page status-publish hentry category-questions-and-answers\" id=\"post-161\">\n\n\t\t\t\t\n\t<h2 class=\"entry-title\"><a href=\"https:\/\/www.v6.newmessage.org\/fr\/introduction-au-nouveau-message\/faq\/comment-le-nouveau-message-a-t-il-ete-recu\" rel=\"bookmark\" title=\"Lien permanent vers Comment le Nouveau Message a t-il \u00e9t\u00e9 re\u00e7u ?\">Comment le Nouveau Message a t-il \u00e9t\u00e9 re\u00e7u ?<\/a><\/h2>\n\n<div class=\"entry-content\">\n<p>\u00ab Un grand amour a apport\u00e9 ce Nouveau Message dans le monde &#8211; l&rsquo;amour du Cr\u00e9ateur pour la Cr\u00e9ation, l&rsquo;amour du Cr\u00e9ateur pour la famille humaine  r\u00e9v\u00e9lant ainsi \u00e0 l&rsquo;humanit\u00e9 la grande opportunit\u00e9 de devenir...<\/p><\/div>\t\t\t\n\t\t<\/article>\n\t    \n\t<article class=\"posts_listing blog_shortcode clearfix post-12460 page type-page status-publish hentry category-questions-and-answers\" id=\"post-12460\">\n\n\t\t\t\t\n\t<h2 class=\"entry-title\"><a href=\"https:\/\/www.v6.newmessage.org\/fr\/introduction-au-nouveau-message\/faq\/quest-ce-que-la-societe-pour-le-nouveau-message-de-dieu\" rel=\"bookmark\" title=\"Lien permanent vers Qu&rsquo;est-ce que la Society for the New Message from God ?\">Qu&rsquo;est-ce que la Society for the New Message from God ?<\/a><\/h2>\n\n<div class=\"entry-content\">\n<p>&nbsp; La mission de la Society (The Society for the New Message from God) est de porter le Nouveau Message de Dieu dans le monde pour que chacun puisse y avoir acc\u00e8s, et afin que l&rsquo;humanit\u00e9...<\/p><\/div>\t\t\t\n\t\t<\/article>\n\t    \n\t<article class=\"posts_listing blog_shortcode clearfix post-216 page type-page status-publish hentry category-questions-and-answers\" id=\"post-216\">\n\n\t\t\t\t\n\t<h2 class=\"entry-title\"><a href=\"https:\/\/www.v6.newmessage.org\/fr\/introduction-au-nouveau-message\/faq\/quest-ce-que-dieu\" rel=\"bookmark\" title=\"Lien permanent vers Qu\u2019est-ce que Dieu ?\">Qu\u2019est-ce que Dieu ?<\/a><\/h2>\n\n<div class=\"entry-content\">\n<p>\u00ab Vous ne porterez pas ici votre attention sur un Dieu de votre monde et de votre temps, mais sur un Dieu de tous les mondes et de tous les temps. \u00bb Dans le Nouveau Message,...<\/p><\/div>\t\t\t\n\t\t<\/article>\n\t    \n\t<article class=\"posts_listing blog_shortcode clearfix post-221 page type-page status-publish hentry category-questions-and-answers\" id=\"post-221\">\n\n\t\t\t\t\n\t<h2 class=\"entry-title\"><a href=\"https:\/\/www.v6.newmessage.org\/fr\/introduction-au-nouveau-message\/faq\/comment-dieu-communique-t-il-avec-vous\" rel=\"bookmark\" title=\"Lien permanent vers Comment Dieu communique t-Il avec vous ?\">Comment Dieu communique t-Il avec vous ?<\/a><\/h2>\n\n<div class=\"entry-content\">\n<p>\u00ab Gr\u00e2ce \u00e0 la Connaissance, vous pouvez ressentir la pr\u00e9sence de toutes les relations. C&rsquo;est faire l&rsquo;exp\u00e9rience de Dieu. \u00bb Dieu est la Source de la Connaissance en vous, la Connaissance \u00e9tant l&rsquo;esprit plus profond que...<\/p><\/div>\t\t\t\n\t\t<\/article>\n\t    \n\t<article class=\"posts_listing blog_shortcode clearfix post-225 page type-page status-publish hentry category-questions-and-answers\" id=\"post-225\">\n\n\t\t\t\t\n\t<h2 class=\"entry-title\"><a href=\"https:\/\/www.v6.newmessage.org\/fr\/introduction-au-nouveau-message\/faq\/que-prone-le-nouveau-message\" rel=\"bookmark\" title=\"Lien permanent vers Que pr\u00f4ne le Nouveau Message?\">Que pr\u00f4ne le Nouveau Message?<\/a><\/h2>\n\n<div class=\"entry-content\">\n<p>1. La libert\u00e9  apprendre \u00e0 construire, maintenir et prot\u00e9ger votre libert\u00e9 individuelle et la libert\u00e9 de l&rsquo;humanit\u00e9 dans son ensemble face des d\u00e9fis graves et sans pr\u00e9c\u00e9dent. 2. L&rsquo;unit\u00e9 de l&rsquo;humanit\u00e9, la coop\u00e9ration et la...<\/p><\/div>\t\t\t\n\t\t<\/article>\n\t    \n\t<article class=\"posts_listing blog_shortcode clearfix post-227 page type-page status-publish hentry category-questions-and-answers\" id=\"post-227\">\n\n\t\t\t\t\n\t<h2 class=\"entry-title\"><a href=\"https:\/\/www.v6.newmessage.org\/fr\/introduction-au-nouveau-message\/faq\/est-ce-quil-sagit-dune-nouvelle-religion-pourquoi-le-monde-aurait-il-besoin-dune-nouvelle-religion\" rel=\"bookmark\" title=\"Lien permanent vers Est-ce qu&rsquo;il s&rsquo;agit d&rsquo;une nouvelle religion ? Pourquoi le monde aurait-il besoin d\u2019une nouvelle religion ?\">Est-ce qu&rsquo;il s&rsquo;agit d&rsquo;une nouvelle religion ? Pourquoi le monde aurait-il besoin d\u2019une nouvelle religion ?<\/a><\/h2>\n\n<div class=\"entry-content\">\n<p>&nbsp; Le monde a besoin d&rsquo;une nouvelle compr\u00e9hension et d&rsquo;une nouvelle conscience. De cela \u00e9mergeront des formes de pratique spirituelle et na\u00eetront des communaut\u00e9s, et dans ce sens, oui, c&rsquo;est comme une nouvelle religion. Mais le...<\/p><\/div>\t\t\t\n\t\t<\/article>\n\t    \n\t<article class=\"posts_listing blog_shortcode clearfix post-223 page type-page status-publish hentry category-questions-and-answers\" id=\"post-223\">\n\n\t\t\t\t\n\t<h2 class=\"entry-title\"><a href=\"https:\/\/www.v6.newmessage.org\/fr\/introduction-au-nouveau-message\/faq\/dois-je-me-convertir-ou-devenir-disciple-du-nouveau-message-afin-de-le-recevoir\" rel=\"bookmark\" title=\"Lien permanent vers Dois-je me convertir ou devenir disciple du Nouveau Message afin de le recevoir ?\">Dois-je me convertir ou devenir disciple du Nouveau Message afin de le recevoir ?<\/a><\/h2>\n\n<div class=\"entry-content\">\n<p>&nbsp; Non. Recevoir le Nouveau Message consiste \u00e0 recevoir sa sagesse et son enseignement concernant la Connaissance de soi, le but, les relations, l&rsquo;unit\u00e9, la coop\u00e9ration et l&rsquo;\u00e9mergence de l&rsquo;humanit\u00e9 au sein d&rsquo;une Grande Communaut\u00e9 de...<\/p><\/div>\t\t\t\n\t\t<\/article>\n\t    \n\t<article class=\"posts_listing blog_shortcode clearfix post-27431 page type-page status-publish hentry category-questions-and-answers\" id=\"post-27431\">\n\n\t\t\t\t\n\t<h2 class=\"entry-title\"><a href=\"https:\/\/www.v6.newmessage.org\/fr\/introduction-au-nouveau-message\/faq\/quest-ce-que-le-nouveau-message-attend-de-moi\" rel=\"bookmark\" title=\"Lien permanent vers Qu&rsquo;est-ce que le Nouveau Message attend de moi ?\">Qu&rsquo;est-ce que le Nouveau Message attend de moi ?<\/a><\/h2>\n\n<div class=\"entry-content\">\n<p>Le Nouveau Message vous demande d&rsquo;\u00eatre honn\u00eate, sinc\u00e8re, int\u00e8gre et engag\u00e9 &#8211; c&rsquo;est ce dont chacun a besoin pour \u00e9tablir sa propre vie et c&rsquo;est ce qui a besoin d&rsquo;\u00eatre \u00e9tabli au sein des communaut\u00e9s et...<\/p><\/div>\t\t\t\n\t\t<\/article>\n\t    \t    <\/div>\n","protected":false},"excerpt":{"rendered":"Le Nouveau Message vous demande d'\u00eatre honn\u00eate, sinc\u00e8re, int\u00e8gre et engag\u00e9 - c'est ce dont chacun a besoin pour \u00e9tablir sa propre vie et c'est ce qui a besoin d'\u00eatre \u00e9tabli au sein des communaut\u00e9s et des villages, des villes et des nations du monde. Le Nouveau Message vous demande d'honorer ce dont vous avez\u2026 <a class=\"read-more\" href=\"https:\/\/www.v6.newmessage.org\/fr\/introduction-au-nouveau-message\/faq\/quest-ce-que-le-nouveau-message-attend-de-moi\"><span>Read More<\/span><\/a>","protected":false},"author":1,"featured_media":0,"parent":12748,"menu_order":0,"comment_status":"closed","ping_status":"closed","template":"template-leftsidebar.php","meta":{"_monsterinsights_skip_tracking":false,"_monsterinsights_sitenote_active":false,"_monsterinsights_sitenote_note":"","_monsterinsights_sitenote_category":0,"footnotes":""},"categories":[],"tags":[],"_links":{"self":[{"href":"https:\/\/www.v6.newmessage.org\/fr\/wp-json\/wp\/v2\/pages\/12778"}],"collection":[{"href":"https:\/\/www.v6.newmessage.org\/fr\/wp-json\/wp\/v2\/pages"}],"about":[{"href":"https:\/\/www.v6.newmessage.org\/fr\/wp-json\/wp\/v2\/types\/page"}],"author":[{"embeddable":true,"href":"https:\/\/www.v6.newmessage.org\/fr\/wp-json\/wp\/v2\/users\/1"}],"replies":[{"embeddable":true,"href":"https:\/\/www.v6.newmessage.org\/fr\/wp-json\/wp\/v2\/comments?post=12778"}],"version-history":[{"count":15,"href":"https:\/\/www.v6.newmessage.org\/fr\/wp-json\/wp\/v2\/pages\/12778\/revisions"}],"predecessor-version":[{"id":28835,"href":"https:\/\/www.v6.newmessage.org\/fr\/wp-json\/wp\/v2\/pages\/12778\/revisions\/28835"}],"up":[{"embeddable":true,"href":"https:\/\/www.v6.newmessage.org\/fr\/wp-json\/wp\/v2\/pages\/12748"}],"wp:attachment":[{"href":"https:\/\/www.v6.newmessage.org\/fr\/wp-json\/wp\/v2\/media?parent=12778"}],"wp:term":[{"taxonomy":"category","embeddable":true,"href":"https:\/\/www.v6.newmessage.org\/fr\/wp-json\/wp\/v2\/categories?post=12778"},{"taxonomy":"post_tag","embeddable":true,"href":"https:\/\/www.v6.newmessage.org\/fr\/wp-json\/wp\/v2\/tags?post=12778"}],"curies":[{"name":"wp","href":"https:\/\/api.w.org\/{rel}","templated":true}]}}