{"id":12766,"date":"2014-07-19T02:33:59","date_gmt":"2014-07-19T02:33:59","guid":{"rendered":"http:\/\/www.newmessage.org\/?page_id=12766"},"modified":"2017-06-16T09:54:08","modified_gmt":"2017-06-16T09:54:08","slug":"qui-est-marshallviansummers","status":"publish","type":"page","link":"https:\/\/www.v6.newmessage.org\/fr\/messager-de-dieu\/qui-est-marshallviansummers","title":{"rendered":"Qui est Marshall Vian Summers ?"},"content":{"rendered":"<p><a href=\"\/wp-content\/uploads\/2015\/08\/DSC_0146-copy.jpg\"><img decoding=\"async\" class=\"alignright size-medium imgborder\" src=\"\/wp-content\/uploads\/2015\/08\/DSC_0146-copy-300x200.jpg\" alt=\"DSC_0146 copy\" \/><\/a><\/p>\n<p>Marshall Vian Summers est le Messager du Nouveau Message de Dieu. Durant plus de trente ans, il a re\u00e7u une vaste nouvelle r\u00e9v\u00e9lation, donn\u00e9e pour pr\u00e9parer l\u2019humanit\u00e9 \u00e0 de grands changements \u00e9conomiques, sociaux et environnementaux qui arrivent sur le monde, ainsi que pour pr\u00e9parer l\u2019humanit\u00e9 \u00e0 son \u00e9mergence dans un univers de vie intelligente.<\/p>\n<p>Durant l\u2019automne de 1981, \u00e0 l\u2019\u00e2ge de 32 ans, Marshall Vian Summers fit une rencontre directe avec l\u2019<a href=\"http:\/\/www.nouveaumessagededieu.org\/le-message\/important-terms#aa\">Assembl\u00e9e Ang\u00e9lique<\/a> qui veille sur le monde. Cette rencontre modifia \u00e0 jamais le cours de sa vie et l\u2019initia \u00e0 une relation profonde avec l\u2019Assembl\u00e9e requ\u00e9rant qu\u2019il soumette sa vie \u00e0 Dieu. Et ainsi d\u00e9buta le long et myst\u00e9rieux processus par lequel il re\u00e7ut le Nouveau Message de Dieu pour l\u2019humanit\u00e9.<\/p>\n<p>\u00c0 la suite de cette myst\u00e9rieuse initiation, \u00e0 l\u2019\u00e2ge de 33 ans, il fit une seconde rencontre avec l\u2019<a href=\"http:\/\/www.nouveaumessagededieu.org\/le-message\/important-terms#aa\">Assembl\u00e9e Ang\u00e9lique<\/a>, durant laquelle il re\u00e7ut l\u2019instruction de commencer \u00e0 recevoir et \u00e0 enregistrer leur Message pour le monde.<\/p>\n<p>C\u2019est ainsi qu\u2019apr\u00e8s plusieurs d\u00e9cennies, une vaste R\u00e9v\u00e9lation pour l\u2019humanit\u00e9 a \u00e9merg\u00e9, parfois lentement, parfois tel un torrent. Marshall dut avancer, durant de nombreuses et longues ann\u00e9es, avec pour seul soutien celui de quelques rares individus, ne sachant pas ce que cette R\u00e9v\u00e9lation grandissante signifiait, ni l\u00e0 o\u00f9 elle le m\u00e8nerait.<\/p>\n<p>Marshall r\u00e9side la majeure partie de l\u2019ann\u00e9e dans les Montagnes Rocheuses des \u00c9tats-Unis, o\u00f9 il vit relativement retir\u00e9 du monde, assist\u00e9 par sa famille et les membres de la <a href=\"http:\/\/www.nouveaumessagededieu.org\/worldwide-community\/society\"><em>Society for the New Message<\/em><\/a>. C\u2019est ici qu\u2019il poursuit sa mission, qui consiste \u00e0 recevoir, pr\u00e9parer et pr\u00e9senter le Nouveau Message de Dieu.<\/p>\n<p>En de rares occasions, Marshall re\u00e7oit l\u2019instruction de la Source du Nouveau Message de voyager en certains endroits dans le monde pour recevoir la R\u00e9v\u00e9lation de Dieu pour une \u00e9poque et un lieu donn\u00e9s, et pour r\u00e9v\u00e9ler la v\u00e9rit\u00e9 profonde contenue dans le Nouveau Message de Dieu lors de rassemblements sp\u00e9cifiques de la communaut\u00e9 mondiale <a href=\"https:\/\/www.newmessage.org\/worldwide-community\/events-2\">(\u00e9v\u00e9nements)<\/a>.<\/p>\n<p>Le Messager a parcouru une route longue et difficile pour recevoir et pr\u00e9senter la plus large R\u00e9v\u00e9lation jamais donn\u00e9e \u00e0 la famille humaine. Aujourd\u2019hui encore, la <a href=\"http:\/\/www.nouveaumessagededieu.org\/le-message\/important-terms#vr\">Voix de la R\u00e9v\u00e9lation<\/a> continue de s\u2019exprimer \u00e0 travers lui, alors m\u00eame que se pose le grand d\u00e9fi d\u2019apporter la Nouvelle R\u00e9v\u00e9lation de Dieu \u00e0 un monde troubl\u00e9 et divis\u00e9.<\/p>\n<ul class=\"list-vertical diamond\">\n<li><a href=\"http:\/\/www.nouveaumessagededieu.org\/messager-de-dieu\/qui-est-marshall-vian-summers\">Lisez l\u2019histoire du Messager<\/a>.<\/li>\n<li>\u00c9coutez les <a href=\"http:\/\/www.nouveaumessagededieu.org\/messager-de-dieu\/le-messager-parle\">enseignements audios du Messager<\/a>.<\/li>\n<li>Lisez et \u00e9coutez <a href=\"http:\/\/www.nouveaumessagededieu.org\/le-message\/revelations\/revelations-sur-le-messager\">les r\u00e9v\u00e9lations du Nouveau Message<\/a> sur l\u2019origine, la mission et la destin\u00e9e du Messager.<\/li>\n<li>D\u00e9couvrez <a href=\"http:\/\/www.nouveaumessagededieu.org\/le-message\/la-revelation-se-poursuit-a-ce-jour\">le travail de compilation du testament du Nouveau Message<\/a> entrepris par le Messager.<\/li>\n<li>Lisez sur les voyages du Messager dans le monde. (\u00e0 venir)<\/li>\n<\/ul>\n","protected":false},"excerpt":{"rendered":"<p>Marshall Vian Summers est le Messager du Nouveau Message de Dieu. Durant plus de trente ans, il a re\u00e7u une vaste nouvelle r\u00e9v\u00e9lation, donn\u00e9e pour pr\u00e9parer l\u2019humanit\u00e9 \u00e0 de grands changements \u00e9conomiques, sociaux et environnementaux qui arrivent sur le monde, ainsi que pour pr\u00e9parer l\u2019humanit\u00e9 \u00e0 son \u00e9mergence dans un univers de vie intelligente. Durant\u2026 <a class=\"read-more\" href=\"https:\/\/www.v6.newmessage.org\/fr\/messager-de-dieu\/qui-est-marshallviansummers\"><span>Read More<\/span><\/a><\/p>\n","protected":false},"author":1,"featured_media":0,"parent":14016,"menu_order":7,"comment_status":"closed","ping_status":"closed","template":"template-leftsidebar.php","meta":{"_monsterinsights_skip_tracking":false,"_monsterinsights_sitenote_active":false,"_monsterinsights_sitenote_note":"","_monsterinsights_sitenote_category":0,"footnotes":""},"categories":[81],"tags":[430],"_links":{"self":[{"href":"https:\/\/www.v6.newmessage.org\/fr\/wp-json\/wp\/v2\/pages\/12766"}],"collection":[{"href":"https:\/\/www.v6.newmessage.org\/fr\/wp-json\/wp\/v2\/pages"}],"about":[{"href":"https:\/\/www.v6.newmessage.org\/fr\/wp-json\/wp\/v2\/types\/page"}],"author":[{"embeddable":true,"href":"https:\/\/www.v6.newmessage.org\/fr\/wp-json\/wp\/v2\/users\/1"}],"replies":[{"embeddable":true,"href":"https:\/\/www.v6.newmessage.org\/fr\/wp-json\/wp\/v2\/comments?post=12766"}],"version-history":[{"count":21,"href":"https:\/\/www.v6.newmessage.org\/fr\/wp-json\/wp\/v2\/pages\/12766\/revisions"}],"predecessor-version":[{"id":28627,"href":"https:\/\/www.v6.newmessage.org\/fr\/wp-json\/wp\/v2\/pages\/12766\/revisions\/28627"}],"up":[{"embeddable":true,"href":"https:\/\/www.v6.newmessage.org\/fr\/wp-json\/wp\/v2\/pages\/14016"}],"wp:attachment":[{"href":"https:\/\/www.v6.newmessage.org\/fr\/wp-json\/wp\/v2\/media?parent=12766"}],"wp:term":[{"taxonomy":"category","embeddable":true,"href":"https:\/\/www.v6.newmessage.org\/fr\/wp-json\/wp\/v2\/categories?post=12766"},{"taxonomy":"post_tag","embeddable":true,"href":"https:\/\/www.v6.newmessage.org\/fr\/wp-json\/wp\/v2\/tags?post=12766"}],"curies":[{"name":"wp","href":"https:\/\/api.w.org\/{rel}","templated":true}]}}