{"id":12748,"date":"2014-07-19T02:31:12","date_gmt":"2014-07-19T02:31:12","guid":{"rendered":"http:\/\/www.newmessage.org\/?page_id=12748"},"modified":"2017-05-25T15:39:03","modified_gmt":"2017-05-25T15:39:03","slug":"introduction-au-nouveau-message","status":"publish","type":"page","link":"https:\/\/www.v6.newmessage.org\/fr\/introduction-au-nouveau-message","title":{"rendered":"Introduction au Nouveau Message"},"content":{"rendered":"<h3 style=\"text-align: center;\"><strong><img loading=\"lazy\" decoding=\"async\" class=\"imgborder alignright wp-image-28581\" src=\"https:\/\/www.newmessage.org\/fr\/wp-content\/uploads\/sites\/38\/2014\/07\/171.fr_-e1495724545398-536x600.png\" alt=\"\" width=\"350\" height=\"392\" srcset=\"https:\/\/www.v6.newmessage.org\/fr\/wp-content\/uploads\/sites\/38\/2014\/07\/171.fr_-e1495724545398-536x600.png 536w, https:\/\/www.v6.newmessage.org\/fr\/wp-content\/uploads\/sites\/38\/2014\/07\/171.fr_-e1495724545398-268x300.png 268w, https:\/\/www.v6.newmessage.org\/fr\/wp-content\/uploads\/sites\/38\/2014\/07\/171.fr_-e1495724545398-500x560.png 500w, https:\/\/www.v6.newmessage.org\/fr\/wp-content\/uploads\/sites\/38\/2014\/07\/171.fr_-e1495724545398.png 688w\" sizes=\"(max-width: 350px) 100vw, 350px\" \/>\u00c0 propos du Nouveau Message<\/strong><\/h3>\n<p>Bienvenue au Nouveau Message de Dieu. Remarquablement, apr\u00e8s un long et peut-\u00eatre myst\u00e9rieux voyage dans la vie, vous \u00eates arriv\u00e9 ici. Vous avez trouv\u00e9 le Nouveau Message de Dieu, ou peut-\u00eatre est-ce lui qui vous a trouv\u00e9. Ce n\u2019est pas quelque chose qui arrive par accident.<\/p>\n<p>Dieu a parl\u00e9 \u00e0 nouveau. Un Nouveau Message de Dieu est dans le monde. Le miracle de l\u2019amour et de la communication de Dieu pour l\u2019humanit\u00e9 se d\u00e9voile \u00e0 notre \u00e9poque. Et vous \u00eates parmi les premiers \u00e0 en entendre parler.<\/p>\n<p>Le Nouveau Message de Dieu est une communication authentique de Dieu s\u2019adressant \u00e0 tous les individus dans le monde. C&rsquo;est un don de communication et de r\u00e9v\u00e9lation pour les gens de toutes les nations et de toutes les fois, donn\u00e9 \u00e0 pr\u00e9sent \u00e0 un monde qui sait lire et \u00e9crire, dont les communications sont plan\u00e9taires et dont la conscience globale grandit.<\/p>\n<p>Le Nouveau Message n\u2019est pas pour une tribu, une nation ou un groupe religieux seul. Il s&rsquo;agit d&rsquo;une communication de Dieu pour le monde entier.<\/p>\n<p>Cette communication a le pouvoir d&rsquo;\u00e9veiller le c\u0153ur spirituel de l\u2019humanit\u00e9, de sonner l\u2019appel de Dieu \u00e0 l\u2019unit\u00e9 des nations et des religions du monde et de pr\u00e9parer l\u2019humanit\u00e9 \u00e0 un monde qui change de mani\u00e8re radicale et \u00e0 sa destin\u00e9e dans un univers de vie intelligente plus vaste.<\/p>\n<p>Le Nouveau Message a \u00e9t\u00e9 apport\u00e9 sur une p\u00e9riode de plus de 33 ans \u00e0 un homme, <a href=\"http:\/\/www.nouveaumessagededieu.org\/messager-de-dieu\" target=\"_blank\" rel=\"noopener noreferrer\">Marshall Vian Summers<\/a>. Il a emprunt\u00e9 un chemin long et difficile pour recevoir le Nouveau Message de Dieu et pour vous l&rsquo;apporter, \u00e0 vous ainsi qu\u2019\u00e0 tous ceux qui peuvent le recevoir. C&rsquo;est un homme humble, envoy\u00e9 dans le monde dans ce but, pour \u00eatre le Messager d\u2019un Nouveau Message de Dieu.<\/p>\n<h3 style=\"text-align: center;\"><strong>Pourquoi vous\u00a0?<\/strong><\/h3>\n<p>Pourquoi \u00eates-vous arriv\u00e9 ici\u00a0? Pourquoi avez-vous trouv\u00e9 le Nouveau Message de Dieu\u00a0? Cela peut sembler un myst\u00e8re ou un simple hasard. Mais il y a en fait une raison pour laquelle vous avez trouv\u00e9 le Nouveau Message \u00e0 cette \u00e9poque.<\/p>\n<p>Car Dieu appelle partout dans le monde de nombreuses personnes \u00e0 se r\u00e9veiller et \u00e0 se pr\u00e9parer \u00e0 une vie nouvelle et plus grande \u2013 une vie de but, de relation et de contribution \u00e0 un monde dans le besoin. Dieu et <a href=\"http:\/\/www.nouveaumessagededieu.org\/le-message\/important-terms#aa\" target=\"_blank\" rel=\"noopener noreferrer\">l\u2019Assembl\u00e9e Ang\u00e9lique<\/a> appellent de nombreuses personnes \u00e0 d\u00e9couvrir leur but sup\u00e9rieur et \u00e0 servir l\u2019humanit\u00e9, maintenant et dans les temps difficiles \u00e0 venir.<\/p>\n<p>\u00cates-vous l\u2019une de ces personnes\u00a0? Avez-vous le sentiment que votre vie a un but et une destin\u00e9e au-del\u00e0 des circonstances ordinaires\u00a0? Avez-vous le sentiment qu\u2019il y a d\u2019autres personnes que vous devez trouver et dont le but et la destin\u00e9e sont li\u00e9s aux v\u00f4tres\u00a0? Avez-vous la sensation que le monde se dirige vers un avenir difficile et que vous devez d\u00e9couvrir ce que cela signifie et comment vous pouvez vous y pr\u00e9parer\u00a0?<\/p>\n<p>Si tel est le cas, votre d\u00e9couverte du Nouveau Message est peut-\u00eatre un rendez-vous avec le destin. Car le Nouveau Message apporte la r\u00e9ponse \u00e0 ces questions, et bien plus.<\/p>\n<p>Le Nouveau Message apporte un chemin clair pour d\u00e9velopper <a href=\"http:\/\/www.nouveaumessagededieu.org\/le-message\/important-terms#kn\" target=\"_blank\" rel=\"noopener noreferrer\">la Connaissance<\/a>, l\u2019intelligence profonde qui vit en vous, et qui seule peut r\u00e9v\u00e9ler votre but sup\u00e9rieur et les relations qui vous sont destin\u00e9es dans le monde.<\/p>\n<h3 style=\"text-align: center;\"><strong>Pourquoi maintenant\u00a0?<\/strong><\/h3>\n<p>Remarquablement, vous vivez \u00e0 ce grand tournant de l\u2019histoire humaine. C\u2019est une \u00e9poque \u00e0 laquelle les gens sont partout confront\u00e9s \u00e0 des changements, des d\u00e9fis et des opportunit\u00e9s sans pr\u00e9c\u00e9dent.<\/p>\n<p>Jamais auparavant le risque de guerre, de conflit religieux, de changement climatique catastrophique et de grande souffrance humaine n\u2019a \u00e9t\u00e9 aussi extr\u00eame. Et pourtant jamais auparavant l\u2019opportunit\u00e9 d\u2019une unit\u00e9 mondiale et d\u2019une coop\u00e9ration mondiale n\u2019a \u00e9t\u00e9 si grande.<\/p>\n<p>Peu importe l\u00e0 o\u00f9 vous \u00eates n\u00e9, de quelle mani\u00e8re vous avez \u00e9t\u00e9 \u00e9lev\u00e9 et quelles sont les circonstances dans lesquelles vous vous trouvez, vous faites partie de ce chapitre qui dessine l\u2019histoire. Le Nouveau Message enseigne que chacun de nous a choisi d\u2019entrer dans le monde \u00e0 cette \u00e9poque pour y servir une humanit\u00e9 en difficult\u00e9 et y apporter sa contribution, pour garder en vie le feu spirituel qui est au c\u0153ur de l\u2019humanit\u00e9, et pour apporter le don de gr\u00e2ce et de sagesse de notre <a href=\"http:\/\/www.nouveaumessagededieu.org\/le-message\/important-terms#ah\" target=\"_blank\" rel=\"noopener noreferrer\">Ancienne Demeure<\/a>, afin que cette gr\u00e2ce et cette sagesse puissent servir le monde alors que ce dernier est confront\u00e9 \u00e0 ses plus grandes \u00e9preuves. Posez-vous la question\u00a0: est-ce pour cela que vous \u00eates ici\u00a0?<\/p>\n<p>Les d\u00e9cennies \u00e0 venir vont d\u00e9terminer le destin de l\u2019humanit\u00e9. Ce sont les actions et les d\u00e9cisions de chacun d\u2019entre nous, \u00e0 la fois maintenant et dans les ann\u00e9es \u00e0 venir, qui vont d\u00e9terminer le sort et l\u2019avenir de la famille humaine. Durant les ann\u00e9es qui viennent, l\u2019humanit\u00e9 choisira soit un nouveau chemin vers l\u2019unit\u00e9 et la coop\u00e9ration, soit un avenir de conflit et de d\u00e9clin permanent. C\u2019est parce que nous nous trouvons \u00e0 ce grand seuil que Dieu a parl\u00e9 \u00e0 nouveau.<\/p>\n<h3 style=\"text-align: center;\"><strong>Pourquoi un Nouveau Message\u00a0?<\/strong><\/h3>\n<p>Le Nouveau Message de Dieu est l\u00e0 \u00e0 cause de quatre crises fondamentales qui \u00e9mergent \u00e0 pr\u00e9sent dans le monde\u00a0:<\/p>\n<ol>\n<li style=\"list-style-type: none;\">\n<ol>\n<li>De <a href=\"http:\/\/www.nouveaumessagededieu.org\/le-message\/important-terms#gwc\" target=\"_blank\" rel=\"noopener noreferrer\">Grandes Vagues de changements<\/a> et de bouleversements environnementaux, sociaux et \u00e9conomiques convergent \u00e0 pr\u00e9sent sur l\u2019humanit\u00e9, apportant avec elles le risque de guerres et de souffrances humaines d\u2019une ampleur jamais vue auparavant. L\u2019humanit\u00e9 a cr\u00e9\u00e9 une calamit\u00e9 mondiale qui a le pouvoir de changer le monde que nous avons connu. Nous ne sommes pas pr\u00e9par\u00e9s \u00e0 cela. Par le Nouveau Message, Dieu ouvre une nouvelle voie pour l\u2019humanit\u00e9 et un chemin de pr\u00e9paration int\u00e9rieure et ext\u00e9rieure que chaque personne peut entreprendre.<\/li>\n<li>L\u2019humanit\u00e9 est maintenant en train d\u2019\u00e9merger au sein de l<a href=\"http:\/\/www.nouveaumessagededieu.org\/le-message\/important-terms#gc\" target=\"_blank\" rel=\"noopener noreferrer\">a Grande Communaut\u00e9<\/a> de vie intelligente dans l\u2019univers. Le contact a commenc\u00e9, \u00e0 l\u2019initiative de ceux qui cherchent \u00e0 tirer avantage d\u2019une humanit\u00e9 faible et divis\u00e9e. L\u2019humanit\u00e9 n\u2019est pas pr\u00e9par\u00e9e \u00e0 cela. Pour la premi\u00e8re fois, Dieu r\u00e9v\u00e8le la vraie nature de ce contact, et, avec cela, la r\u00e9alit\u00e9 et la spiritualit\u00e9 de la vie dans l\u2019univers. C\u2019est dans ce plus grand contexte que nous pouvons comprendre l\u2019\u00e9volution et la destin\u00e9e de l\u2019humanit\u00e9, et la mani\u00e8re dont Dieu est \u00e0 l\u2019\u0153uvre dans ce monde et dans tous les mondes.<\/li>\n<li>Les religions du monde sont divis\u00e9es et rivalisent entre elles, et m\u00eame en leur propre sein. Par cette rivalit\u00e9 et ce conflit grandissants, elles sont en train d\u2019affaiblir la famille humaine et sont \u00e0 l\u2019origine de grandes dissensions et de grandes divisions \u00e0 un moment o\u00f9 b\u00e2tir l\u2019unit\u00e9 humaine est de la plus haute importance. Le Nouveau Message enseigne que Dieu est \u00e0 l\u2019origine de toutes les religions du monde et qu\u2019elles ont toutes \u00e9t\u00e9 chang\u00e9es par l\u2019homme.<\/li>\n<li>Une grande pauvret\u00e9 int\u00e9rieure est ressentie par les gens partout, dans les pays riches comme dans les pays pauvres, une d\u00e9connexion de la sensation d\u2019un plus grand sens \u00e0 la vie, d\u2019une plus grande relation et d\u2019une plus grande direction dans la vie. Les gens, partout dans le monde, vivent et souffrent avec une aspiration spirituelle profonde. Dieu a r\u00e9pondu \u00e0 ce besoin et \u00e0 ce d\u00e9sir en \u00e9veillant le pouvoir spirituel de <a href=\"http:\/\/www.nouveaumessagededieu.org\/le-message\/important-terms#kn\" target=\"_blank\" rel=\"noopener noreferrer\">la Connaissance<\/a> en chaque personne qui peut r\u00e9pondre. La Connaissance est notre connexion \u00e0 Dieu. Ce sont des individus guid\u00e9s par cette Connaissance qui feront toute la diff\u00e9rence pour d\u00e9cider du sort et de l\u2019avenir de notre monde.<\/li>\n<\/ol>\n<\/li>\n<\/ol>\n<p>Face \u00e0 ces quatre crises fondamentales, Dieu a parl\u00e9 \u00e0 nouveau au monde, avec un avertissement, une b\u00e9n\u00e9diction et une pr\u00e9paration pour toutes les nations, toutes les tribus et toutes les religions de l\u2019humanit\u00e9.<\/p>\n<h3 style=\"text-align: center;\"><strong>Notre Destin\u00e9e<\/strong><\/h3>\n<p>Le Nouveau Message r\u00e9v\u00e8le que l\u2019humanit\u00e9 a une plus grande destin\u00e9e en tant que race libre et unie dans notre monde et dans <a href=\"http:\/\/www.nouveaumessagededieu.org\/le-message\/important-terms#gc\" target=\"_blank\" rel=\"noopener noreferrer\">la Grande Communaut\u00e9<\/a> de vie intelligente dans l\u2019univers. L\u2019humanit\u00e9 a le pouvoir de r\u00e9soudre les conflits et de restaurer l\u2019environnement de la Terre pour que cette derni\u00e8re reste sa plan\u00e8te foyer dans l\u2019avenir. L\u2019humanit\u00e9 a de grands dons et de grandes capacit\u00e9s spirituels qui doivent \u00eatre prot\u00e9g\u00e9s, suscit\u00e9s et cultiv\u00e9s dans le monde entier. Telle est la grande opportunit\u00e9 et la grande n\u00e9cessit\u00e9 auxquelles nous faisons face \u00e0 pr\u00e9sent.<\/p>\n<p>Cependant, comment cela peut-il donc \u00eatre accompli\u00a0? Comment l\u2019humanit\u00e9 peut-elle donc s\u2019\u00e9carter de la trajectoire imprudente et d\u00e9sastreuse qu\u2019elle suit aujourd\u2019hui. \u00c0 mesure que <a href=\"http:\/\/www.nouveaumessagededieu.org\/le-message\/important-terms#gwc\" target=\"_blank\" rel=\"noopener noreferrer\">les Grandes Vagues de changements<\/a> environnementaux, politiques et \u00e9conomiques menacent les int\u00e9r\u00eats personnels et la s\u00e9curit\u00e9 de tous, qu\u2019est-ce qui peut inspirer et instiller une motivation et une inspiration plus grandes au sein de la famille humaine\u00a0?<\/p>\n<p>Au final, c\u2019est <a href=\"http:\/\/www.nouveaumessagededieu.org\/le-message\/important-terms#kn\" target=\"_blank\" rel=\"noopener noreferrer\">la Connaissance<\/a>, le profond pouvoir spirituel en chacun de nous, qui peut inspirer les actions et la motivation n\u00e9cessaires pour que chaque personne trouve son but sup\u00e9rieur dans la vie et, au bout du compte, pour que l\u2019humanit\u00e9 choisisse l\u2019unit\u00e9 et la coop\u00e9ration plut\u00f4t que la comp\u00e9tition, la division et la guerre.<\/p>\n<p>Dieu a apport\u00e9 une Nouvelle R\u00e9v\u00e9lation pour \u00e9veiller ce pouvoir spirituel en chaque personne, pour inspirer une plus grande vision et la capacit\u00e9 \u00e0 b\u00e2tir un avenir bien meilleur que ne l\u2019a \u00e9t\u00e9 notre pass\u00e9. Dieu \u0153uvre ici de l\u2019int\u00e9rieur vers l\u2019ext\u00e9rieur, par l\u2019interm\u00e9diaire d\u2019individus de toutes les nations et de toutes les traditions religieuses, en toutes situations.<\/p>\n<p>Une grande aide provenant de Dieu et de <a href=\"http:\/\/www.nouveaumessagededieu.org\/le-message\/important-terms#aa\" target=\"_blank\" rel=\"noopener noreferrer\">l\u2019Assembl\u00e9e Ang\u00e9lique<\/a>, qui traduit la volont\u00e9 de Dieu en langage et en entendement humains, est \u00e0 pr\u00e9sent apport\u00e9e au monde. L\u2019aide est arriv\u00e9e. Dieu a parl\u00e9 \u00e0 nouveau. Une nouvelle voie s\u2019ouvre pour vous et pour le monde entier.<\/p>\n<h3 style=\"text-align: center;\"><strong>Par o\u00f9 commencer\u00a0?<\/strong><\/h3>\n<p>Vous avez trouv\u00e9 le Nouveau Message de Dieu, mais qu\u2019est-ce que cela signifie\u00a0? Que faire ensuite\u00a0? Prenez le temps d\u2019\u00eatre avec l\u2019importance de cette d\u00e9couverte et consid\u00e9rez ces prochains pas que vous pouvez faire\u00a0:<\/p>\n<div class=\"one_third \" ><a class='simple_button_link ' style='background-color: #363636' href='http:\/\/www.nouveaumessagededieu.org\/le-message\/volume-1\/dieu-a-parle-a-nouveau\/la-proclamation'   ><span>Lire et entendre la Voix de la R\u00e9v\u00e9lation<\/span><\/a><\/p>\n<p>Lisez <a href=\"http:\/\/www.nouveaumessagededieu.org\/le-message\/volume-1\/dieu-a-parle-a-nouveau\/la-proclamation\">La Proclamation<\/a> et \u00e9coutez ensuite les r\u00e9v\u00e9lations du Nouveau Message suivantes\u00a0:<\/p>\n<ul class=\"list-vertical diamond\">\n<li><a href=\"http:\/\/www.nouveaumessagededieu.org\/le-message\/volume-1\/dieu-a-parle-a-nouveau\/la-recitation\">La R\u00e9citation<\/a><\/li>\n<li><a href=\"http:\/\/www.nouveaumessagededieu.org\/le-message\/volume-1\/dieu-a-parle-a-nouveau\/lengagement\">L\u2019Engagement<\/a><\/li>\n<li><a href=\"http:\/\/www.nouveaumessagededieu.org\/le-message\/volume-1\/dieu-a-parle-a-nouveau\/linitiation\">L\u2019Initiation<\/a><\/li>\n<\/ul>\n<p><\/div>\n<div class=\"one_third \" ><a class='simple_button_link ' style='background-color: #4f8fd6' href='http:\/\/www.nouveaumessagededieu.org\/introduction-au-nouveau-message\/faq'   ><span>Lisez les r\u00e9ponses aux questions fr\u00e9quentes<\/span><\/a><\/p>\n<p>Lisez les r\u00e9ponses <a href=\"http:\/\/www.nouveaumessagededieu.org\/introduction-au-nouveau-message\/faq\">aux questions fr\u00e9quemment pos\u00e9es sur le Nouveau Message de Dieu<\/a>, sur ce dont il s\u2019agit, sur la raison pour laquelle il est ici et sur la mani\u00e8re dont il a \u00e9t\u00e9 re\u00e7u.<br \/>\n<\/div>\n<div class=\"one_third last\" > <a class='simple_button_link ' style='background-color: #4f8fd6' href='http:\/\/www.nouveaumessagededieu.org\/messager-de-dieu\/qui-est-marshallviansummers'   ><span>Lisez l\u2019histoire du Messager<\/span><\/a><\/p>\n<p>Marshall Vian Summers a consacr\u00e9 les 30 derni\u00e8res ann\u00e9es de sa vie \u00e0 recevoir le Nouveau Message de Dieu. Lisez l\u2019histoire du Messager et apprenez-en davantage sur l\u2019homme dont la responsabilit\u00e9 est d\u2019apporter le Nouveau Message \u00e0 la Terre.<\/p>\n<p><\/div><br \/>\n<div class=\"clearfix\"><\/div><br \/>\n<div class=\"one_third \" > <a class='simple_button_link ' style='background-color: #4f8fd6' href='http:\/\/www.nouveaumessagededieu.org\/messager-de-dieu\/le-messager-parle'   ><span>\u00c9coutez le Messager parler<\/span><\/a><\/p>\n<p>Le Messager est en vie aujourd\u2019hui. R\u00e9guli\u00e8rement, il prend la parole avec un message pour le monde et pour les \u00e9tudiants du Nouveau Message. <a href=\"http:\/\/www.nouveaumessagededieu.org\/messager-de-dieu\/le-messager-parle\">\u00c9coutez le Messager<\/a>.<\/p>\n<p><\/div>\n<div class=\"one_third \" > <a class='simple_button_link ' style='background-color: #4f8fd6' href='http:\/\/www.nouveaumessagededieu.org\/le-message\/volume-3\/les-pas-vers-la-connaissance'   ><span>Faites le Voyage des Pas vers la Connaissance<\/span><\/a><\/p>\n<p>Dieu a fourni <a href=\"http:\/\/www.nouveaumessagededieu.org\/le-message\/volume-3\/les-pas-vers-la-connaissance\">les Pas vers la Connaissance<\/a> en tant que voie pour que chaque personne puisse d\u00e9velopper sa force fondamentale et une plus grande capacit\u00e9 dans la vie. Les Pas sont disponibles gratuitement en ligne, pour tous.<\/p>\n<p><\/div>\n<div class=\"one_third last\" > <a class='simple_button_link ' style='background-color: #4f8fd6' href='http:\/\/www.nouveaumessagededieu.org\/ecole-du-nouveau-message'   ><span>Rejoignez la Free School du Nouveau Message en ligne<\/span><\/a><\/p>\n<p>Prenez part \u00e0 <a href=\"http:\/\/www.nouveaumessagededieu.org\/ecole-du-nouveau-message\">la Free School du Nouveau Message<\/a> con\u00e7ue pour les \u00e9tudiants de plus de 70 pays qui apprennent et vivent le Nouveau Message de Dieu. Participez au Campfire Chat tous les samedis et \u00e0 la retransmission en direct du Fireside Broadcast.<\/p>\n<p><\/div><br \/>\n<div class=\"clearfix\"><\/div>\n<p><a href=\"\/le-message\/\"><em>Continuez \u00e0 explorer le Nouveau Message&#8230;<\/em><\/a><\/p>\n","protected":false},"excerpt":{"rendered":"<p>\u00c0 propos du Nouveau Message Bienvenue au Nouveau Message de Dieu. Remarquablement, apr\u00e8s un long et peut-\u00eatre myst\u00e9rieux voyage dans la vie, vous \u00eates arriv\u00e9 ici. Vous avez trouv\u00e9 le Nouveau Message de Dieu, ou peut-\u00eatre est-ce lui qui vous a trouv\u00e9. Ce n\u2019est pas quelque chose qui arrive par accident. Dieu a parl\u00e9 \u00e0\u2026 <a class=\"read-more\" href=\"https:\/\/www.v6.newmessage.org\/fr\/introduction-au-nouveau-message\"><span>Read More<\/span><\/a><\/p>\n","protected":false},"author":1,"featured_media":0,"parent":0,"menu_order":30,"comment_status":"closed","ping_status":"closed","template":"template-leftsidebar.php","meta":{"_monsterinsights_skip_tracking":false,"_monsterinsights_sitenote_active":false,"_monsterinsights_sitenote_note":"","_monsterinsights_sitenote_category":0,"footnotes":""},"categories":[],"tags":[603],"_links":{"self":[{"href":"https:\/\/www.v6.newmessage.org\/fr\/wp-json\/wp\/v2\/pages\/12748"}],"collection":[{"href":"https:\/\/www.v6.newmessage.org\/fr\/wp-json\/wp\/v2\/pages"}],"about":[{"href":"https:\/\/www.v6.newmessage.org\/fr\/wp-json\/wp\/v2\/types\/page"}],"author":[{"embeddable":true,"href":"https:\/\/www.v6.newmessage.org\/fr\/wp-json\/wp\/v2\/users\/1"}],"replies":[{"embeddable":true,"href":"https:\/\/www.v6.newmessage.org\/fr\/wp-json\/wp\/v2\/comments?post=12748"}],"version-history":[{"count":96,"href":"https:\/\/www.v6.newmessage.org\/fr\/wp-json\/wp\/v2\/pages\/12748\/revisions"}],"predecessor-version":[{"id":28593,"href":"https:\/\/www.v6.newmessage.org\/fr\/wp-json\/wp\/v2\/pages\/12748\/revisions\/28593"}],"wp:attachment":[{"href":"https:\/\/www.v6.newmessage.org\/fr\/wp-json\/wp\/v2\/media?parent=12748"}],"wp:term":[{"taxonomy":"category","embeddable":true,"href":"https:\/\/www.v6.newmessage.org\/fr\/wp-json\/wp\/v2\/categories?post=12748"},{"taxonomy":"post_tag","embeddable":true,"href":"https:\/\/www.v6.newmessage.org\/fr\/wp-json\/wp\/v2\/tags?post=12748"}],"curies":[{"name":"wp","href":"https:\/\/api.w.org\/{rel}","templated":true}]}}