{"id":12460,"date":"2011-04-23T16:25:57","date_gmt":"2011-04-23T16:25:57","guid":{"rendered":"http:\/\/wp.www.newmessage.org\/?p=163"},"modified":"2016-09-20T22:21:20","modified_gmt":"2016-09-20T22:21:20","slug":"quest-ce-que-la-societe-pour-le-nouveau-message-de-dieu","status":"publish","type":"page","link":"https:\/\/www.v6.newmessage.org\/fr\/introduction-au-nouveau-message\/faq\/quest-ce-que-la-societe-pour-le-nouveau-message-de-dieu","title":{"rendered":"Qu&rsquo;est-ce que la Society for the New Message from God ?"},"content":{"rendered":"<p>&nbsp;<\/p>\n<p align=\"LEFT\"><strong>La mission de la <i>Society<\/i><\/strong> <em>(The Society for the New Message from God)<\/em> est de porter le Nouveau Message de Dieu dans le monde pour que chacun puisse y avoir acc\u00e8s, et afin que l&rsquo;humanit\u00e9 puisse trouver son terrain d&rsquo;entente, pr\u00e9server la Terre, pr\u00e9server sa libert\u00e9 et faire avancer sa civilisation, alors m\u00eame que nous arrivons au seuil de grands changements.<\/p>\n<p align=\"LEFT\"><img loading=\"lazy\" decoding=\"async\" class=\"imgborder alignright wp-image-28323 size-large\" src=\"https:\/\/www.newmessage.org\/fr\/wp-content\/uploads\/sites\/38\/2011\/04\/Keeping-the-fire-of-Knowledge-alive-in-the-world-231x600.jpg\" alt=\"keeping-the-fire-of-knowledge-alive-in-the-world\" width=\"231\" height=\"600\" srcset=\"https:\/\/www.v6.newmessage.org\/fr\/wp-content\/uploads\/sites\/38\/2011\/04\/Keeping-the-fire-of-Knowledge-alive-in-the-world-231x600.jpg 231w, https:\/\/www.v6.newmessage.org\/fr\/wp-content\/uploads\/sites\/38\/2011\/04\/Keeping-the-fire-of-Knowledge-alive-in-the-world-115x300.jpg 115w, https:\/\/www.v6.newmessage.org\/fr\/wp-content\/uploads\/sites\/38\/2011\/04\/Keeping-the-fire-of-Knowledge-alive-in-the-world-768x1996.jpg 768w, https:\/\/www.v6.newmessage.org\/fr\/wp-content\/uploads\/sites\/38\/2011\/04\/Keeping-the-fire-of-Knowledge-alive-in-the-world-500x1300.jpg 500w, https:\/\/www.v6.newmessage.org\/fr\/wp-content\/uploads\/sites\/38\/2011\/04\/Keeping-the-fire-of-Knowledge-alive-in-the-world.jpg 1018w\" sizes=\"(max-width: 231px) 100vw, 231px\" \/>Fond\u00e9e en 1992 par Marshall Vian Summers, la <em>Society<\/em> est une organisation religieuse \u00e0 but non lucratif ind\u00e9pendante, qui vit enti\u00e8rement gr\u00e2ce aux \u00e9tudiants et aux pratiquants du Nouveau Message. La <em>Society<\/em> ne re\u00e7oit ni subvention ni revenu d&rsquo;aucun gouvernements ni d&rsquo;aucune organisation religieuse.<\/p>\n<p align=\"LEFT\">Marshall Vian Summers et la <em>Society<\/em> ont l&rsquo;immense responsabilit\u00e9 de porter ce Nouveau Message dans le monde. Les membres de la <em>Society<\/em> sont des hommes et des femmes qui ont accept\u00e9 de jouer un r\u00f4le majeur dans cette mission. Pour ceux d&rsquo;entre nous qui en sont devenus membres, il s&rsquo;agit \u00e0 la fois d&rsquo;une charge et d&rsquo;une b\u00e9n\u00e9diction, demandant un d\u00e9vouement sans r\u00e9serve \u00e0 ce grand service pour l&rsquo;humanit\u00e9.<\/p>\n<p align=\"LEFT\">Il s&rsquo;agit pourtant d&rsquo;une responsabilit\u00e9 qui d\u00e9passe de loin ce que nous pouvons faire seuls et qui requiert le soutien et l&rsquo;assistance de nombreuses personnes ressentant cet appel. Le livre que vous tenez dans les mains, le site internet qui vous informe et vous inspire, le bureau qui maintient cette organisation sont tous les fruits des contributions de nombreuses personnes : du temps, de l&rsquo;\u00e9nergie, mais aussi de l&rsquo;argent, car toute organisation humaine, m\u00eame au service de Dieu, en a besoin pour fonctionner dans le monde&#8230; Et gr\u00e2ce aux contributions financi\u00e8res, les portes du Sanctuaire de la Grande Communaut\u00e9 \u00e0 Boulder sont ouvertes. C&rsquo;est le modeste foyer du Nouveau Message dans le monde, o\u00f9 vous pouvez participer \u00e0 un service contemplatif hebdomadaire, entendre Marshall enseigner ou prendre part \u00e0 l\u2019<a title=\"L'Ecole du Nouveau Message\" href=\"http:\/\/www.nouveaumessagededieu.org\/ecole-du-nouveau-message\" target=\"_blank\"><em>\u00c9cole du Nouveau Message<\/em><\/a>.<\/p>\n<p align=\"LEFT\">Vous, qui \u00eates peut-\u00eatre parmi les premiers \u00e0 recevoir et \u00e0 vivre le Nouveau Message de Dieu, pouvez vous joindre aux autres en apportant votre contribution \u00e0 cette mission vitale.<\/p>\n<p align=\"LEFT\"><em><strong>LE SANCTUAIRE<\/strong><\/em><\/p>\n<p align=\"LEFT\"><strong>Le Sanctuaire du Nouveau Message<\/strong> est un lieu o\u00f9 les gens viennent faire l&rsquo;exp\u00e9rience du pouvoir et de la pr\u00e9sence de la Connaissance, se rendre compte par eux-m\u00eames de la gr\u00e2ce et de l&rsquo;authenticit\u00e9 du Nouveau Message de Dieu et examiner plus en profondeur le but et la direction de leur vie.<\/p>\n<p align=\"LEFT\">Le Sanctuaire du Nouveau Message est l&rsquo;humble foyer du Nouveau Message de Dieu. Nous vous invitons \u00e0 venir y rencontrer la communaut\u00e9 des \u00e9tudiants et \u00e0 venir \u00e9couter le Messager.<\/p>\n<p><iframe loading=\"lazy\" width=\"560\" height=\"315\" frameborder=\"0\" src=\"https:\/\/www.youtube.com\/embed\/MmlH1Ob_0HA\"><\/iframe><\/p>\n","protected":false},"excerpt":{"rendered":"<p>&nbsp; La mission de la Society (The Society for the New Message from God) est de porter le Nouveau Message de Dieu dans le monde pour que chacun puisse y avoir acc\u00e8s, et afin que l&rsquo;humanit\u00e9 puisse trouver son terrain d&rsquo;entente, pr\u00e9server la Terre, pr\u00e9server sa libert\u00e9 et faire avancer sa civilisation, alors m\u00eame que\u2026 <a class=\"read-more\" href=\"https:\/\/www.v6.newmessage.org\/fr\/introduction-au-nouveau-message\/faq\/quest-ce-que-la-societe-pour-le-nouveau-message-de-dieu\"><span>Read More<\/span><\/a><\/p>\n","protected":false},"author":1,"featured_media":0,"parent":12778,"menu_order":3,"comment_status":"closed","ping_status":"closed","template":"template-leftsidebar.php","meta":{"_monsterinsights_skip_tracking":false,"_monsterinsights_sitenote_active":false,"_monsterinsights_sitenote_note":"","_monsterinsights_sitenote_category":0,"footnotes":""},"categories":[61],"tags":[],"_links":{"self":[{"href":"https:\/\/www.v6.newmessage.org\/fr\/wp-json\/wp\/v2\/pages\/12460"}],"collection":[{"href":"https:\/\/www.v6.newmessage.org\/fr\/wp-json\/wp\/v2\/pages"}],"about":[{"href":"https:\/\/www.v6.newmessage.org\/fr\/wp-json\/wp\/v2\/types\/page"}],"author":[{"embeddable":true,"href":"https:\/\/www.v6.newmessage.org\/fr\/wp-json\/wp\/v2\/users\/1"}],"replies":[{"embeddable":true,"href":"https:\/\/www.v6.newmessage.org\/fr\/wp-json\/wp\/v2\/comments?post=12460"}],"version-history":[{"count":16,"href":"https:\/\/www.v6.newmessage.org\/fr\/wp-json\/wp\/v2\/pages\/12460\/revisions"}],"predecessor-version":[{"id":28324,"href":"https:\/\/www.v6.newmessage.org\/fr\/wp-json\/wp\/v2\/pages\/12460\/revisions\/28324"}],"up":[{"embeddable":true,"href":"https:\/\/www.v6.newmessage.org\/fr\/wp-json\/wp\/v2\/pages\/12778"}],"wp:attachment":[{"href":"https:\/\/www.v6.newmessage.org\/fr\/wp-json\/wp\/v2\/media?parent=12460"}],"wp:term":[{"taxonomy":"category","embeddable":true,"href":"https:\/\/www.v6.newmessage.org\/fr\/wp-json\/wp\/v2\/categories?post=12460"},{"taxonomy":"post_tag","embeddable":true,"href":"https:\/\/www.v6.newmessage.org\/fr\/wp-json\/wp\/v2\/tags?post=12460"}],"curies":[{"name":"wp","href":"https:\/\/api.w.org\/{rel}","templated":true}]}}