{"id":12310,"date":"2014-05-02T19:20:37","date_gmt":"2014-05-02T19:20:37","guid":{"rendered":"http:\/\/www.newmessage.org\/?p=12310"},"modified":"2019-04-03T13:46:46","modified_gmt":"2019-04-03T13:46:46","slug":"la-lampe","status":"publish","type":"page","link":"https:\/\/www.v6.newmessage.org\/fr\/le-message\/autres-revelations\/la-lampe","title":{"rendered":"La Lampe"},"content":{"rendered":"<div><!-- Version 3.1 --><\/div>\n\n<div class=\"tabgroup \"><ul class=\"tabs\"><li><a href=\"#tabs-1\">R\u00e9v\u00e9lation<\/a><\/li>\n<li><a href=\"#tabs-2\">Note<\/a><\/li><\/ul>\n <div id=\"tabs-1\"><\/p>\n<p>\u00c9coutez la r\u00e9v\u00e9lation originale en anglais :<\/p>\n<div id=\"jquery_jplayer_1\" class=\"jp-jplayer\"><\/div>\n\t\t\t\t<div id=\"jp_container_1\" class=\"jp-audio\">\n\t\t\t\t<div class=\"jp-type-single\"><div class=\"jp-control\"><a href=\"javascript:;\" class=\"jp-play\" tabindex=\"1\">play<\/a><a href=\"javascript:;\" class=\"jp-pause\" tabindex=\"1\">pause<\/a><\/div> <div class=\"jp-gui jp-interface\"><div class=\"jp-volume\"><div class=\"jp-volume-bar\"><div class=\"jp-volume-bar-value\"><\/div><\/div><\/div><div class=\"jp-progress\"><div class=\"jp-seek-bar\"><div class=\"jp-play-bar\"><\/div><\/div><\/div><\/div>\t\t\t\t\t<div class=\"jp-no-solution\"><span>Update Required<\/span>To play the media you will need to either update your browser to a recent version or update your <a href=\"http:\/\/get.adobe.com\/flashplayer\/\" target=\"_blank\">Flash plugin<\/a>.<\/div><\/div><\/div>\n\t\t\t<script type='text\/javascript'>\n\t\t\t\tjQuery(document).ready(function() {\n\t\t\t\t\tif (typeof (sermonMedia) == 'function') {\n\t\t\t\t\t\tsermonMedia.addAudio('', \"jquery_jplayer_1\");\n\t\t\t\t\t}\n\t\t\t\t\tjQuery.jPlayer.timeFormat.showHour = true;\n\t\t\t\t\tjQuery(\"#jquery_jplayer_1\").jPlayer({\n\t\t\t\t\t\tready: function(event) {\n\t\t\t\t\t\t\tjQuery(this).jPlayer(\"setMedia\", {mp3: 'https:\/\/www.newmessage.org\/av\/the-lamp.mp3'});\n\t\t\t\t\t\t},\n\t\t\t\t\t\tplay: function() {\n\t\t\t\t\t\t\tjQuery(this).jPlayer(\"pauseOthers\");\n\t\t\t\t\t\t},\n\t\t\t\t\t\tswfPath: ThemeData.directory_uri+\"\/swf\",\n\t\t\t\t\t\tsolution: \"html, flash\",\n\t\t\t\t\t\tpreload: \"metadata\",\n\t\t\t\t\t\twmode: \"window\",\n\t\t\t\t\t\tsupplied: \"mp3\",\n\t\t\t\t\t\tcssSelectorAncestor: '#jp_container_1'\n\t\t\t\t\t});\n\t\t\t\t});\n\t\t\t<\/script><\/p>\n<p><a title=\"The Lamp\" href=\"https:\/\/www.newmessage.org\/av\/the-lamp.mp3\">T\u00e9l\u00e9charger<\/a> (utilisez le clic droit)<\/p>\n<p><em>Tel que r\u00e9v\u00e9l\u00e9 au Messager de Dieu<br \/>\nMarshall Vian Summers<br \/>\nle 16 F\u00e9vrier 2014<br \/>\n\u00e0 Boulder, Colorado<\/em><br \/>\n<\/div>\n<div id=\"tabs-2\"><\/p>\n<p><em>Note aux lecteurs :<br \/>\nCette traduction a \u00e9t\u00e9 fournie \u00e0 la Society par des \u00e9tudiants du Nouveau Message qui se sont port\u00e9s volontaires pour traduire le texte original en anglais. Nous rendons cette traduction publique sous cette forme perfectible pour que les gens aient une chance de d\u00e9couvrir une portion du Nouveau Message dans leur propre langue.<\/em><\/p>\n<p><\/div>\n\t\t\t\t<div align=\"right\">\n\t\t\t<div class=\"fb-like\" data-href=\"\" data-layout=\"button_count\" data-action=\"like\" data-show-faces=\"false\" data-share=\"false\"><\/div>\n\t\t\t<div class=\"fb-share-button\" data-layout=\"button_count\"> <\/div>\n\t\t\t<div class=\"fb_iframe_widget\"><a href=\"https:\/\/twitter.com\/godsnewmessage?ref_src=twsrc%5Etfw\" class=\"twitter-follow-button\" data-show-count=\"false\">Follow @godsnewmessage<\/a><script async src=\"https:\/\/platform.twitter.com\/widgets.js\" charset=\"utf-8\"><\/script><\/div>\n\t\t\t<\/div> <\/div> \n\n<p>Il est certain que vous portez une grande Lampe en vous, une Lampe dont la flamme br\u00fble toujours, toujours \u00e9clair\u00e9e, toujours brillante, car elle ne peut \u00eatre \u00e9teinte par quoi que ce soit dans ce monde \u2013 une Lampe, pure, toujours ardente, voyez-vous, toujours allum\u00e9e. Elle \u00e9tait allum\u00e9e en vous avant que vous veniez en ce monde. Elle sera allum\u00e9e lorsque vous le quitterez. Elle est la lumi\u00e8re de la vie en vous, que Dieu vous a donn\u00e9e pour toujours.<\/p>\n<p>Durant cette vie temporaire, lors de cette visite de la Terre, la Lampe est profond\u00e9ment en vous \u2013 oubli\u00e9e, recouverte d\u2019un voile, et ainsi, lorsque vous fermez vos yeux, tout est sombre \u00e0 l\u2019int\u00e9rieur, comme s\u2019il n\u2019y avait rien ici pour illuminer votre vie int\u00e9rieure. Mais le Feu br\u00fble encore en vous, bien que vous ne le ressentiez pas ou ne le reconnaissiez pas encore suffisamment. Le Feu est en vous parce que vous \u00eates en vie.<\/p>\n<p>D\u2019o\u00f9 cela provient-il, ce fait d\u2019\u00eatre en vie, ce Feu ? S\u2019il ne s\u2019agissait que du feu de votre corps, il cesserait une fois votre vie termin\u00e9e, mais ce Feu ne cesse pas. Il ne s\u2019\u00e9teint pas avec la perte du corps, car lorsque vous quittez ce monde, c\u2019est comme si vous vous r\u00e9veilliez d\u2019un tr\u00e8s long r\u00eave, et que vous reveniez vers ceux qui vous ont envoy\u00e9. Et vous savez que vous avez \u00e9t\u00e9 quelque part, et que vous avez certains souvenirs, mais l\u2019endroit o\u00f9 vous retournerez est tellement familier, bien plus familier que tout ce dont vous pouvez vous souvenir ici sur Terre.<\/p>\n<p>Car la Lampe est en vous. Le fait que vous soyez en vie en t\u00e9moigne. Le fait que vous soyez connect\u00e9 \u00e0 quelque chose de bien plus grand que ce que vos sens peuvent vous rapporter en t\u00e9moigne. Le fait qu\u2019au fond de vous vous soyez ici pour un but sup\u00e9rieur en t\u00e9moigne. Si votre vie \u00e9tait [seulement] temporaire dans ce monde, il n\u2019y aurait pas de but sup\u00e9rieur. Votre seul but serait de survivre, d\u2019\u00eatre \u00e0 l\u2019aise et de voir satisfaits certains d\u00e9sirs et besoins. Mais il s\u2019agit l\u00e0 d\u2019un autre genre de but, initi\u00e9 avant que vous ne veniez dans le monde et qui sera \u00e9valu\u00e9 une fois que vous l\u2019aurez quitt\u00e9, car, en v\u00e9rit\u00e9, il n\u2019y a pas de Jugement Dernier, si ce n\u2019est cela. Il n\u2019y a aucune condamnation. Il s\u2019agit seulement l\u00e0 de clarifier si vous avez suffisamment rempli votre mission ici sur Terre. Il n\u2019y a pas d\u2019Enfer, de damnation ou de punition. Mais il y a une compr\u00e9hension parfaite de ce qui a \u00e9t\u00e9 r\u00e9alis\u00e9 et de ce qui n\u2019a pas \u00e9t\u00e9 r\u00e9alis\u00e9.<\/p>\n<p>Votre but sup\u00e9rieur, ainsi, ne peut \u00eatre r\u00e9el que s\u2019il a \u00e9t\u00e9 initi\u00e9 au-del\u00e0 du monde et que s\u2019il peut \u00eatre \u00e9valu\u00e9 au-del\u00e0 du monde. Vous ne pouvez pas l\u2019\u00e9valuer. Vous \u00eates en plein milieu de celui-ci. C\u2019est comme \u00eatre au milieu de l\u2019oc\u00e9an. Vous ne faites que n\u00e9gocier avec ce qui est autour de vous. Vous n\u2019avez pas atteint l\u2019autre rive. Vous \u00eates \u00e0 la d\u00e9rive et \u00e0 flot.<\/p>\n<p>La seule certitude que vous ayez dans la vie est la Lampe. Elle est la seule chose qui ne vacille pas, qui ne flanche pas, qui soit immuable en vous. Vous ne pouvez pas la d\u00e9tourner au profit de vos d\u00e9sirs ou de vos plans. Vous ne pouvez pas l\u2019utiliser pour vous enrichir. Vous ne pouvez pas l\u2019utiliser pour accomplir des miracles ou pour faire des tours pour impressionner les autres. Elle est hors de votre port\u00e9e \u00e0 cet \u00e9gard. C\u2019est la Lampe qui doit vous guider, car vous n\u2019\u00eates pas capable de la guider. C\u2019est la Lampe qui doit vous diriger, car vous n\u2019\u00eates pas capable de la diriger. C\u2019est la Lampe qui vous rach\u00e8tera, car vous n\u2019\u00eates pas capable de vous racheter vous-m\u00eame.<\/p>\n<p>En cette Lampe se trouve le Feu de la Connaissance \u2013 la conscience profonde, la partie de vous qui n\u2019a jamais quitt\u00e9 Dieu et qui est toujours connect\u00e9e \u00e0 la Cr\u00e9ation au-del\u00e0 du visible. Vous pouvez \u00eatre religieux ou non religieux. Vous pouvez \u00eatre croyant ou non croyant. Cela d\u00e9termine seulement si oui ou non vous serez capable de reconna\u00eetre le pouvoir qui vit en vous et de suivre ce pouvoir, de lui permettre de remodeler votre vie et vos priorit\u00e9s, de lui permettre de vous lib\u00e9rer des ombres et des attaches du pass\u00e9, de lui permettre de vous ouvrir un chemin vers une nouvelle vie.<\/p>\n<p>C\u2019est seulement ici que vous commencez \u00e0 voir que vous n\u2019\u00eates pas votre mental ou votre intellect et que vos id\u00e9es ou bien vous rendent service ou bien ne le font pas, car elles sont un moyen au service d\u2019une finalit\u00e9 sup\u00e9rieure. Vous voyez l\u00e0 que vous \u00eates quelque chose de bien plus profond, de plus puissant, de plus authentique et de plus pur.<\/p>\n<p>Les gens vivent dans leurs pens\u00e9es parce qu\u2019ils vivent dans la s\u00e9paration, car comment pouvez-vous ne pas ressentir la Lampe ? Comment pouvez-vous \u00eatre dissoci\u00e9 de cela, en apparence ? Comment se peut-il que vous soyez coup\u00e9 de vous-m\u00eame, vivant dans votre mental, vos pens\u00e9es, vos plans, vos souvenirs, vos d\u00e9sirs, vos fantasmes, vos projections \u2013 tout ce qui vous absorbe chaque minute de la journ\u00e9e tandis que vous restez tellement occup\u00e9 et pris que vous n\u2019avez pas un moment pour r\u00e9fl\u00e9chir ?<\/p>\n<p>La Lampe attend, voyez-vous, elle attend que vous veniez \u00e0 elle, non pas avec des exigences, des projets ou des plans, mais avec un besoin d\u2019elle pur et la conscience que vous ne pouvez pas vous r\u00e9aliser par vous-m\u00eame, peu importe ce que vous acqu\u00e9rez ou quel avantage vous pouvez \u00eatre capable d\u2019obtenir. La Lampe est juste l\u00e0 \u00e0 attendre.<\/p>\n<p>Vous pouvez prier Dieu pour de nombreuses choses \u2013 toujours \u00e0 demander, toujours \u00e0 vouloir, toujours \u00e0 avoir besoin \u2013 mais Dieu vous a d\u00e9j\u00e0 tout donn\u00e9, en v\u00e9rit\u00e9. Dieu vous a donn\u00e9 la Lampe. C\u2019est la Lampe qui vous dirigera, qui vous retiendra d\u2019aller vers des choses qui sont malsaines pour vous ou qui entraveront vos progr\u00e8s. C\u2019est la Lampe qui appellera \u00e0 vous certaines personnes et qui vous tiendra \u00e0 l\u2019\u00e9cart d\u2019autres. C\u2019est la Lampe qui vous montrera le vrai sens de l\u2019amour, de l\u2019engagement, des relations et de la d\u00e9votion. Seule la Lampe peut faire cela. Compar\u00e9es \u00e0 cela, vos croyances, m\u00eame vos valeurs en apparence les plus \u00e9lev\u00e9es, ne sont que de simples ombres, car le v\u00e9ritable pouvoir de r\u00e9v\u00e9lation est en vous parce que Dieu l\u2019a mis l\u00e0.<\/p>\n<p>Vous pouvez seulement vous attarder. Vous pouvez seulement le fuir. Vous pouvez seulement \u00eatre perdu dans le monde avec vos perp\u00e9tuels plans pour vous \u00e9panouir, mais ce qui pourrait vraiment vous restaurer et vous racheter vous attend, avec humilit\u00e9, patience et d\u00e9termination.<\/p>\n<p>La Lampe est le symbole de l\u2019esp\u00e9rance et de la promesse. C\u2019est le symbole de la nature \u00e9ternelle de Dieu. M\u00eames les choses que les gens peuvent v\u00e9n\u00e9rer en tant que symbole ou idole en font partie. Mais son v\u00e9ritable sens et sa v\u00e9ritable efficacit\u00e9 r\u00e9sident en vous, car la Lampe n\u2019est pas un objet que vous pourriez louer ou v\u00e9n\u00e9rer. Ce n\u2019est pas la marque d\u2019une religion, revendiqu\u00e9e par une seule et unique foi. C\u2019est la Lampe qui vit en chaque personne \u2013 attendant que vous veniez, attendant votre retour, attendant que vous recherchiez ce qui seul peut vous restaurer et vous donner le pouvoir, l\u2019humilit\u00e9 et la compassion.<\/p>\n<p>Le monde est en feu. Il br\u00fble de plus en plus chaque jour qui passe. Les Grandes Vagues de changement arrivent d\u00e9sormais, frappant ici et l\u00e0, et l\u00e0-bas, encore et encore. Elles frappent sans rel\u00e2che, mais ce n\u2019est que le commencement d\u2019un grand changement. Les gens seront submerg\u00e9s. Ils seront dans le d\u00e9ni. Ils s\u2019enfuiront. Ils feront semblant. Toutes sortes de folies feront surface. Ils affirmeront que tout peut \u00eatre r\u00e9solu par des choses simples \u2013 par la technologie ou par quelque autre force. Ils n\u2019ont pas encore le courage d\u2019affronter ce qui vient, car ils n\u2019ont pas la Lampe.<\/p>\n<p>Sans la Lampe, votre courage est b\u00eatise, si jamais il existe. Vous pensez peut-\u00eatre que le courage consiste \u00e0 gaspiller votre vie en vous d\u00e9vouant \u00e0 certains objectifs politiques ou \u00e0 une \u2018noble cause\u2019 de nature destructrice. Mais le v\u00e9ritable courage consiste \u00e0 regarder et \u00e0 voir, qu\u2019importe ce qui arrive, et c\u2019est la Lampe qui vous donne cette force. Ici vous attendez que la compr\u00e9hension \u00e9merge progressivement, plut\u00f4t que de pr\u00e9tendre l\u2019obtenir par vous-m\u00eame en la construisant sur des hypoth\u00e8ses faibles et des notions idiotes qui n\u2019ont jamais vraiment \u00e9t\u00e9 examin\u00e9es.<\/p>\n<p>Sans la Lampe, les gens sont faibles. Ils sont b\u00eates. Ils sont simplistes. Ils s\u2019accrochent \u00e0 certaines id\u00e9es parce qu\u2019ils n\u2019ont pas encore la force, le courage ou le cran pour faire face \u00e0 quelque chose de vraiment grand et d\u2019important, qui balayera le monde entier, qui changera votre monde et qui est en train de le changer en ce moment-m\u00eame.<\/p>\n<p>L\u2019humanit\u00e9 est confront\u00e9e \u00e0 l\u2019intervention de races dans l\u2019univers qui sont ici pour profiter de la faiblesse, des attentes et des conflits humains. Mais sans la Lampe, vous ne pouvez pas non plus faire face \u00e0 cela. Vous pr\u00e9tendrez que cela n\u2019a pas lieu, ou si vous ne pouvez plus pr\u00e9tendre une telle chose, vous pr\u00e9tendrez que tout cela est pour le bien, que l\u2019univers est particuli\u00e8rement int\u00e9ress\u00e9 par le bien-\u00eatre humain. Vous pr\u00e9tendrez ceci et vous pr\u00e9tendrez cela, parce que vous ne poss\u00e9dez pas encore la force de faire face \u00e0 cet \u00e9v\u00e9nement, qui constitue l\u2019autre grand \u00e9v\u00e9nement qui se produit dans le monde qui remod\u00e8lera l\u2019avenir de l\u2019humanit\u00e9, et qui est en train de le faire en ce moment-m\u00eame.<\/p>\n<p>Sans la Lampe, il est difficile de distinguer la v\u00e9rit\u00e9, m\u00eame en ce qui concerne votre propre vie et votre propre situation, et d\u2019examiner si vous vivez la vie que vous \u00e9tiez vraiment cens\u00e9 vivre. La r\u00e9ponse \u00e0 cela vit en vous en ce moment-m\u00eame, mais qui a le courage de l\u2019examiner, d\u2019y faire face et de rester avec elle jusqu\u2019\u00e0 ce qu\u2019une voie puisse s\u2019ouvrir, une voie de la r\u00e9solution ?<\/p>\n<p>Vous ne pouvez pas revendiquer la Lampe et l\u2019utiliser \u00e0 votre propre profit, car elle est plus grande que vous ne l\u2019\u00eates, plus grande que ce que vous pensez \u00eatre et plus grande que tout ce dans quoi vous vous \u00eates investi dans la vie, plus grande que tout ce que vous avez accumul\u00e9 pour votre propre compte. Vous ne pouvez venir \u00e0 elle qu\u2019avec une demande honn\u00eate. Ici, vous devez \u00eatre pr\u00eat \u00e0 recevoir ses conseils et \u00e0 suivre ses recommandations, lesquels vous sont encore inconnus \u00e0 cet instant. C\u2019est cette humilit\u00e9 et cette volont\u00e9 qui envoient un message au Ciel indiquant que vous \u00eates pr\u00eat \u00e0 commencer le retour. Vous \u00eates maintenant pr\u00eat \u00e0 commencer \u00e0 vous approcher d\u2019une nouvelle vie et \u00e0 passer sur le pont que vous aurez \u00e0 traverser, pas \u00e0 pas, pour atteindre cette nouvelle vie, pour la vivre avec succ\u00e8s.<\/p>\n<p>En cet instant, vous pouvez m\u00eame imaginer qu\u2019il y a une lampe qui br\u00fble en vous, et il est sain pour vous de faire cela. Ce n\u2019est pas quelque chose que vous pouvez associer avec d\u2019autres choses, d\u2019autres religions, d\u2019autres id\u00e9es, car elle est ce qu\u2019elle est, purement et simplement. Vous pouvez imaginer que c\u2019est une lampe, puisque vous comprenez ce qu\u2019est une lampe. Cela peut maintenant vous \u00eatre utile, pour d\u00e9velopper votre mental, pour vous apporter du r\u00e9confort et l\u2019assurance que vous n\u2019\u00eates pas perdu dans ce monde, que votre vie n\u2019a pas \u00e9t\u00e9 gaspill\u00e9e dans des choses malheureuses ou d\u00e9pourvues de sens, qu\u2019un Grand Pouvoir attend le moment o\u00f9 vous serez pr\u00eat \u00e0 vous en approcher.<\/p>\n<p>Sans la Lampe, les gens essayent d\u2019obtenir toutes les choses qui ont de la valeur, m\u00eame des choses qui sont nobles, m\u00eame des choses qui sont pr\u00each\u00e9es dans les grands sermons et les grands discours de la religion \u2013 la v\u00e9rit\u00e9, la fid\u00e9lit\u00e9, l\u2019amour, l\u2019altruisme, le courage, le d\u00e9vouement, le pardon et toutes les choses qui y sont associ\u00e9es, qui sont tenues en si haute estime par beaucoup de gens, dans toutes les traditions religieuses. Mais sans la Lampe, vous n\u2019avez pas r\u00e9ellement la force de parvenir \u00e0 de telles choses d\u2019une mani\u00e8re honn\u00eate et efficace, et de les maintenir. En effet, vous ne pouvez faire semblant d\u2019avoir ces qualit\u00e9s, car elles vous feront \u00e0 coup s\u00fbr d\u00e9faut dans des moments de contrainte ou de d\u00e9fi. Mais ce qui vit en vous incarne ces choses et est la source de leur v\u00e9ritable expression. Vous ne pouvez pas les fabriquer ou les cr\u00e9er en dehors de cela, ou tout ceci ne sera qu\u2019imagination, voyez-vous. Ce ne sera pas le centre de votre vie. Ce ne sera pas le puits de votre \u00catre. Ce ne sera pas impr\u00e9gn\u00e9 du pouvoir du Ciel.<\/p>\n<p>La Lampe est tel le grand ch\u00eane sur le flanc de la montagne, r\u00e9sistant \u00e0 tout \u2013 \u00e0 tous les temps, au climat, aux catastrophes. Mais elle est m\u00eame encore plus grande que cela, voyez-vous, car un jour le ch\u00eane mourra. Un jour, il succombera \u00e0 quelque chose \u2013 emport\u00e9 par l\u2019environnement, par la maladie ou la vieillesse. Mais la Lampe ne vieillit jamais. Elle ne peut \u00eatre \u00e9teinte.<\/p>\n<p>Ainsi, elle doit devenir votre fondation. Elle est plus qu\u2019une id\u00e9e ou une image. Elle est une exp\u00e9rience qui r\u00e9sonne en vous. Avec cela, vous pouvez faire face aux Grandes Vagues de changement et recevoir la direction n\u00e9cessaire pour vous pr\u00e9parer, non seulement pour g\u00e9n\u00e9rer une stabilit\u00e9 pour vous-m\u00eame et vos proches, mais \u00e9galement pour \u00eatre une source de force et de direction pour les autres. Avec elle, vous pouvez faire face \u00e0 un univers rempli de vie intelligente et recevoir la R\u00e9v\u00e9lation de Dieu, qui pour la premi\u00e8re fois dans l\u2019histoire r\u00e9v\u00e8le \u00e0 quoi ressemble vraiment la vie dans l\u2019univers, dans votre partie de l\u2019univers, et ce que vous devez savoir pour \u00eatre en mesure de vous y pr\u00e9parer et de la comprendre.<\/p>\n<p>Avec la Lampe, vous verrez la limite de vos propres id\u00e9es ou de vos croyances fixes, et vous verrez avec une grande clart\u00e9 comment d\u2019autres sont si profond\u00e9ment associ\u00e9s \u00e0 ces choses, mais qu\u2019ils n\u2019ont pas de v\u00e9ritable force ou de pouvoir sous cela. Il n\u2019y a l\u00e0 aucune fondation. Vous verrez tant de choses avec compassion. Vous verrez la Connaissance chez d\u2019autres personnes. Vous verrez le besoin de la Connaissance partout. Et toutes nos paroles vous paraitront au bout du compte tout \u00e0 fait sens\u00e9es, car vous en verrez partout la v\u00e9rit\u00e9.<\/p>\n<p>Dieu a fourni les Pas vers la Connaissance pour vous amener \u00e0 la Lampe. Elle vous attend. Elle deviendra une relation tr\u00e8s importante, car toutes les relations dans la vie sont destin\u00e9es \u00e0 accomplir certaines choses. Votre relation avec la voie est destin\u00e9e \u00e0 accomplir certaines choses. Dieu sait que, sans la Lampe, vous n\u2019aurez pas la force ou la lucidit\u00e9 pour comprendre et pour avancer. Vous vous perdrez dans le monde, victime des circonstances, victime de vos propres d\u00e9cisions malavis\u00e9es ou de celles des autres, comme si vous \u00e9tiez rattrap\u00e9 par une mar\u00e9e, montant et descendant dans la temp\u00eate en mer sur votre petit radeau.<\/p>\n<p>Ce ne sont pas l\u00e0 votre but et votre destin\u00e9e. Ce n\u2019est pas pour cela que vous \u00eates venu. Mais pour surmonter ces choses, vous aurez besoin de cette plus grande force. Vous aurez besoin de votre connexion au Ciel. Que vous apparteniez \u00e0 une tradition de foi ou non est \u00e9gal. C\u2019est parce que la Lampe est en vous. Telle est la chose la plus importante.<\/p>\n","protected":false},"excerpt":{"rendered":"<p>Il est certain que vous portez une grande Lampe en vous, une Lampe dont la flamme br\u00fble toujours, toujours \u00e9clair\u00e9e, toujours brillante, car elle ne peut \u00eatre \u00e9teinte par quoi que ce soit dans ce monde \u2013 une Lampe, pure, toujours ardente, voyez-vous, toujours allum\u00e9e. Elle \u00e9tait allum\u00e9e en vous avant que vous veniez en\u2026 <a class=\"read-more\" href=\"https:\/\/www.v6.newmessage.org\/fr\/about-recording-shortcode\"><span>Read More<\/span><\/a><\/p>\n","protected":false},"author":1,"featured_media":0,"parent":28266,"menu_order":3,"comment_status":"closed","ping_status":"closed","template":"template-leftsidebar.php","meta":{"_monsterinsights_skip_tracking":false,"_monsterinsights_sitenote_active":false,"_monsterinsights_sitenote_note":"","_monsterinsights_sitenote_category":0,"footnotes":""},"categories":[501,76,117,30,460],"tags":[668],"_links":{"self":[{"href":"https:\/\/www.v6.newmessage.org\/fr\/wp-json\/wp\/v2\/pages\/12310"}],"collection":[{"href":"https:\/\/www.v6.newmessage.org\/fr\/wp-json\/wp\/v2\/pages"}],"about":[{"href":"https:\/\/www.v6.newmessage.org\/fr\/wp-json\/wp\/v2\/types\/page"}],"author":[{"embeddable":true,"href":"https:\/\/www.v6.newmessage.org\/fr\/wp-json\/wp\/v2\/users\/1"}],"replies":[{"embeddable":true,"href":"https:\/\/www.v6.newmessage.org\/fr\/wp-json\/wp\/v2\/comments?post=12310"}],"version-history":[{"count":13,"href":"https:\/\/www.v6.newmessage.org\/fr\/wp-json\/wp\/v2\/pages\/12310\/revisions"}],"predecessor-version":[{"id":28748,"href":"https:\/\/www.v6.newmessage.org\/fr\/wp-json\/wp\/v2\/pages\/12310\/revisions\/28748"}],"up":[{"embeddable":true,"href":"https:\/\/www.v6.newmessage.org\/fr\/wp-json\/wp\/v2\/pages\/28266"}],"wp:attachment":[{"href":"https:\/\/www.v6.newmessage.org\/fr\/wp-json\/wp\/v2\/media?parent=12310"}],"wp:term":[{"taxonomy":"category","embeddable":true,"href":"https:\/\/www.v6.newmessage.org\/fr\/wp-json\/wp\/v2\/categories?post=12310"},{"taxonomy":"post_tag","embeddable":true,"href":"https:\/\/www.v6.newmessage.org\/fr\/wp-json\/wp\/v2\/tags?post=12310"}],"curies":[{"name":"wp","href":"https:\/\/api.w.org\/{rel}","templated":true}]}}