{"id":9,"date":"2012-06-29T14:02:34","date_gmt":"2012-06-29T14:02:34","guid":{"rendered":"http:\/\/churchope.themoholics.com\/?page_id=9"},"modified":"2017-11-22T17:54:42","modified_gmt":"2017-11-22T17:54:42","slug":"jumalan-uusi-sanoma","status":"publish","type":"page","link":"https:\/\/www.v6.newmessage.org\/fi\/","title":{"rendered":"Jumalan Uusi Sanoma"},"content":{"rendered":"<div class=\"two_third \" ><\/p>\n<div class=\"panel-20 border-rounded-12 background-color-gray-gallery\"><span class=\"text-color-pirate-gold font-size-36 \">Mik\u00e4 on Uusi Sanoma?<\/span><br \/>\n<span class=\"text-color-gray-5 font-size-20\">Jumalan uusi Sanoma<\/span> on Luojalta tullutta aitoa kommunikaatiota, joka on l\u00e4hetetty maailmaan suurten muutosten, konfliktien ja mullistusten aikaan. Uusi Sanoma ei perustu mihink\u00e4\u00e4n jo olemassa olevaan uskontoon tai henkiseen opetukseen. Se on lahja kaikkien maiden ja uskontokuntien ihmisille. Se kunnioittaa pysyv\u00e4\u00e4 totuutta kaikissa Luojan kautta aikojen maailmaan l\u00e4hett\u00e4miss\u00e4 suurissa Sanomissa, ja kuitenkin se poikkeaa kaikesta mit\u00e4 ihmiskunnalle on koskaan aiemmin paljastettu. Se on uusi ilmoitus ja k\u00e4sittelee ihmiskunnan Yht\u00e4 Hengellisyytt\u00e4, maailman suojelemista sek\u00e4 ihmiskunnan tulevaisuutta ja kohtaloa \u00e4lyllisen el\u00e4m\u00e4n universumin Suuryhteis\u00f6ss\u00e4. <a href=\"https:\/\/www.newmessage.org\/fi\/sanomasta\/\">Tutustu tarkemmin&#8230;<\/a><\/div>\n<p><\/div>\n<div><\/div>\n<div class=\"one_third last\" >\n<div class=\"panel-20 border-rounded-12 background-color-gray-gallery\"><span class=\"text-color-pirate-gold font-size-36\"> KOE<\/span><br \/>\n<span class=\"text-color-gray-5 font-size-20\"> uusi Sanoma<\/span><iframe loading=\"lazy\" width=\"100%\" height=\"250px\" frameborder=\"0\" src=\"https:\/\/www.youtube.com\/embed\/eZezTsbywqg\"><\/iframe><\/div>\n<p><\/div><br \/>\n<div class=\"two_third \" ><\/p>\n<div class=\"panel-20 border-rounded-12 background-color-gray-gallery\">\n<div class=\"home_feed_available_online\"><style>\nh3.hungryfeed_feed_title {}\r\ndiv.hungryfeed_feed_description {}\r\ndiv.hungryfeed_feed_content {}\r\ndiv.hungryfeed_items {}\r\ndiv.hungryfeed_item {margin-bottom: 10px;}\r\ndiv.hungryfeed_item_title {font-weight: bold;}\r\ndiv.hungryfeed_item_description {}\r\ndiv.hungryfeed_item_author {}\r\ndiv.hungryfeed_item_date {}\n<\/style>\n<script type=\"text\/javascript\">\r\n\/\/ Custom Javascript here...\r\n<\/script>\n<div style=\"margin:5px 0px 5px 0px;padding:10px;border: solid 1px red; background-color: #ff6666; color: black;\">\r\nHungryFEED can't get feed.  Don't be mad at HungryFEED. SimplePie reported: cURL error 22: The requested URL returned error: 403\r\n<\/div><\/div>\n<hr \/>\n<p><span class=\"text-color-pirate-gold font-size-32\">Uuden Sanoman <\/span><span class=\"text-color-gray-5 font-size-24 \">ilmainen koulu<\/span><\/p>\n<p>Ilmainen koulu (The Free School) on kansainv\u00e4linen yhteis\u00f6, joka koostuu uutta Sanomaa opiskelevista ja sit\u00e4 muille jakavista ihmisist\u00e4. <img loading=\"lazy\" decoding=\"async\" class=\"imgborder alignleft wp-image-27061\" src=\"https:\/\/www.newmessage.org\/finnish-international\/wp-content\/uploads\/sites\/52\/2012\/06\/school-e1450302200653-300x110.jpeg\" alt=\"\" width=\"400\" height=\"147\" srcset=\"https:\/\/www.v6.newmessage.org\/fi\/wp-content\/uploads\/sites\/52\/2012\/06\/school-e1450302200653-300x110.jpeg 300w, https:\/\/www.v6.newmessage.org\/fi\/wp-content\/uploads\/sites\/52\/2012\/06\/school-e1450302200653.jpeg 452w\" sizes=\"(max-width: 400px) 100vw, 400px\" \/>Koulu toimii netin kautta ja tarjoaa siell\u00e4 mahdollisuuden yksil\u00f6opiskeluun, opintokumppanuuteen sek\u00e4 kansainv\u00e4lisiin kokoontumisiin, videol\u00e4hetyksiin ja yhteis\u00f6lliseen toimintaan, joissa voi syvent\u00e4\u00e4 kokemustaan uudesta Sanomasta ja luoda yhteyksi\u00e4 opiskelijoihin kaikkialla maailmassa.<\/p>\n<a class='simple_button_link ' style='background-color: #4f8fd6' href='\/free-school'   ><span>T\u00e4st\u00e4 lis\u00e4tietoa Uuden Sanoman koulusta<\/span><\/a>\n<\/div>\n<p><\/div>\n<div class=\"one_third last\" ><\/p>\n<div class=\"border-rounded-12 panel-20 background-color-gray-gallery\">\n<p><img loading=\"lazy\" decoding=\"async\" class=\"imgborder aligncenter wp-image-27058\" src=\"https:\/\/www.newmessage.org\/finnish-international\/wp-content\/uploads\/sites\/52\/2012\/06\/GHS-Finnish-frontcover-6x9-200x300.jpg\" alt=\"\" width=\"300\" height=\"450\" srcset=\"https:\/\/www.v6.newmessage.org\/fi\/wp-content\/uploads\/sites\/52\/2012\/06\/GHS-Finnish-frontcover-6x9-200x300.jpg 200w, https:\/\/www.v6.newmessage.org\/fi\/wp-content\/uploads\/sites\/52\/2012\/06\/GHS-Finnish-frontcover-6x9-768x1152.jpg 768w, https:\/\/www.v6.newmessage.org\/fi\/wp-content\/uploads\/sites\/52\/2012\/06\/GHS-Finnish-frontcover-6x9-400x600.jpg 400w, https:\/\/www.v6.newmessage.org\/fi\/wp-content\/uploads\/sites\/52\/2012\/06\/GHS-Finnish-frontcover-6x9-500x750.jpg 500w, https:\/\/www.v6.newmessage.org\/fi\/wp-content\/uploads\/sites\/52\/2012\/06\/GHS-Finnish-frontcover-6x9.jpg 1801w\" sizes=\"(max-width: 300px) 100vw, 300px\" \/>Onko Jumala puhunut uudelleen? Onko t\u00e4m\u00e4 se Sanoma, jota olet etsinyt? Lue suuren Sanoman sanat t\u00e4st\u00e4 kirjasta ja tied\u00e4t syvemm\u00e4ll\u00e4 tasolla onko se todellinen, rehellinen ja puhdas, vaikka se ei vastaisikaan sit\u00e4, mihin nyt ehk\u00e4 uskot. T\u00e4m\u00e4 sis\u00e4inen tiet\u00e4minen ja vahvistus on se, mik\u00e4 voi tuoda takaisin sinulle Jumala-yhteytesi syvyyden ja voiman.<\/p>\n<p><a href=\"\/fi\/sanoma\/kokoelma-1\/jumala-on-puhunut-uudelleen\/\">Tutustu tarkemmin&#8230;<\/a><\/p>\n<p><\/div>\n<\/div>\n","protected":false},"excerpt":{"rendered":"Mik\u00e4 on Uusi Sanoma? Jumalan uusi Sanoma on Luojalta tullutta aitoa kommunikaatiota, joka on l\u00e4hetetty maailmaan suurten muutosten, konfliktien ja mullistusten aikaan. Uusi Sanoma ei perustu mihink\u00e4\u00e4n jo olemassa olevaan uskontoon tai henkiseen opetukseen. Se on lahja kaikkien maiden ja uskontokuntien ihmisille. Se kunnioittaa pysyv\u00e4\u00e4 totuutta kaikissa Luojan kautta aikojen maailmaan l\u00e4hett\u00e4miss\u00e4 suurissa Sanomissa, ja\u2026 <a class=\"read-more\" href=\"https:\/\/www.v6.newmessage.org\/fi\/\"><span>Read More<\/span><\/a>","protected":false},"author":1,"featured_media":0,"parent":0,"menu_order":19,"comment_status":"closed","ping_status":"closed","template":"","meta":{"_monsterinsights_skip_tracking":false,"_monsterinsights_sitenote_active":false,"_monsterinsights_sitenote_note":"","_monsterinsights_sitenote_category":0,"footnotes":""},"categories":[],"tags":[],"_links":{"self":[{"href":"https:\/\/www.v6.newmessage.org\/fi\/wp-json\/wp\/v2\/pages\/9"}],"collection":[{"href":"https:\/\/www.v6.newmessage.org\/fi\/wp-json\/wp\/v2\/pages"}],"about":[{"href":"https:\/\/www.v6.newmessage.org\/fi\/wp-json\/wp\/v2\/types\/page"}],"author":[{"embeddable":true,"href":"https:\/\/www.v6.newmessage.org\/fi\/wp-json\/wp\/v2\/users\/1"}],"replies":[{"embeddable":true,"href":"https:\/\/www.v6.newmessage.org\/fi\/wp-json\/wp\/v2\/comments?post=9"}],"version-history":[{"count":416,"href":"https:\/\/www.v6.newmessage.org\/fi\/wp-json\/wp\/v2\/pages\/9\/revisions"}],"predecessor-version":[{"id":27259,"href":"https:\/\/www.v6.newmessage.org\/fi\/wp-json\/wp\/v2\/pages\/9\/revisions\/27259"}],"wp:attachment":[{"href":"https:\/\/www.v6.newmessage.org\/fi\/wp-json\/wp\/v2\/media?parent=9"}],"wp:term":[{"taxonomy":"category","embeddable":true,"href":"https:\/\/www.v6.newmessage.org\/fi\/wp-json\/wp\/v2\/categories?post=9"},{"taxonomy":"post_tag","embeddable":true,"href":"https:\/\/www.v6.newmessage.org\/fi\/wp-json\/wp\/v2\/tags?post=9"}],"curies":[{"name":"wp","href":"https:\/\/api.w.org\/{rel}","templated":true}]}}