{"id":27382,"date":"2020-11-28T17:36:59","date_gmt":"2020-11-28T17:36:59","guid":{"rendered":"https:\/\/www.newmessage.org\/fi\/?page_id=27382"},"modified":"2020-11-28T17:36:59","modified_gmt":"2020-11-28T17:36:59","slug":"yhteisosivusto","status":"publish","type":"page","link":"https:\/\/www.v6.newmessage.org\/fi\/yhteiso\/yhteisosivusto\/","title":{"rendered":"Yhteis\u00f6sivusto"},"content":{"rendered":"<p><a href=\"https:\/\/www.community.newmessage.org\/\"><img loading=\"lazy\" decoding=\"async\" class=\"imgborder aligncenter wp-image-29399 size-full\" src=\"https:\/\/www.newmessage.org\/fr\/wp-content\/uploads\/sites\/38\/2020\/07\/CS-logo.png\" alt=\"\" width=\"504\" height=\"127\" \/><\/a><\/p>\n<p>Yhteis\u00f6sivusto on <a href=\"https:\/\/www.newmessage.org\/fi\">uuden Sanoman<\/a> kaikkialla maailmassa oleville opiskelijoille tarkoitettu globaali koti. Sit\u00e4 yll\u00e4pit\u00e4\u00e4 <a href=\"https:\/\/www.newmessage.org\/fi\/yhteiso\/society\/\">The Society for the New Message<\/a>, ja se tarjoaa paikan, jossa voit kokoontua yhdess\u00e4 kaikkien kanssa, joita uusi Sanoma, <a href=\"https:\/\/www.alliesofhumanity.org\/fi\/\">Ihmiskunnan liittolaisten tiedonannot<\/a> sek\u00e4 <a href=\"https:\/\/www.newmessage.org\/fi\/kuka-on-marshall-vian-summers\/\">Marshall Vian Summersin<\/a> opetukset ovat koskettaneet. Se on paikka, jossa voi luoda merkityksellisi\u00e4 suhteita palvelemaan maailmaa sen tarpeissa.<\/p>\n<p>T\u00e4m\u00e4 verkkosivusto luotiin yhdeksi, monik\u00e4ytt\u00f6iseksi paikaksi uuden Sanoman opiskelijoille ja muille, mahdollistamaan tutustuminen uuden Sanoman opetuksiin, Sanantuoja Marshall Vian Summersiin, Societyyn, sek\u00e4 muihin opiskelijoihin ymp\u00e4ri maailmaa. Sivusto on my\u00f6s Sanantuojalle ja Societylle paikka, jossa he voivat kommunikoida suoraan kanssasi ja muiden kanssa uudesta Sanomasta, sen teht\u00e4v\u00e4st\u00e4, opetuksista, viisaudesta ja liikkeest\u00e4 maailmassa. Ja se on paikka, jossa voit kommunikoida suoraan takaisin meille ja muille uuden Sanoman opiskelijoille.<\/p>\n<p>T\u00e4m\u00e4 visio kattaa kuulemisen suoraan Sanantuojalta sek\u00e4 Patricialta ja Reed Summersilta ja muilta Societyn j\u00e4senilt\u00e4. Jokainen opiskelija on osa t\u00e4rkeiden uutisten ja tapahtumien levitysketjua, kun niit\u00e4 tapahtuu uuden Sanoman missiossa &#8230; aina Sanantuojan saamista uusista Sanomista, prosessiin liittyen jaetuista j\u00e4lkimietteist\u00e4, uusista opetuksista, videoista aina niihin tietoihin asti, joita julkaistaan laajentamaan uuden Sanoman l\u00e4sn\u00e4oloa ja voimaa el\u00e4m\u00e4ss\u00e4mme ja maailmassa. Ja osallistumme yhdess\u00e4 kamppailuihin ja kokemuksiin, kun uusi Sanoma tuo haasteita ja etuja el\u00e4miimme.<\/p>\n<p>Sin\u00e4 ja muut tuotte t\u00e4lle sivustolle el\u00e4m\u00e4\u00e4 ja elinvoimaa, jonka avulla siit\u00e4 voi tulla suhteiden, oppimisen ja osallistumisen ymp\u00e4rist\u00f6. Mit\u00e4 enemm\u00e4n osallistut t\u00e4h\u00e4n yhteis\u00f6\u00f6n, sit\u00e4 enemm\u00e4n saatat hy\u00f6ty\u00e4 ponnisteluistasi.<\/p>\n<p>Kun olet luonut k\u00e4ytt\u00e4j\u00e4tunnuksen, salasanan ja profiiliasetukset, voit liitty\u00e4 sinua kiinnostaviin ryhmiin. Voit olla vuorovaikutuksessa suoraan n\u00e4iden ryhmien muiden j\u00e4senten kanssa, saada ilmoituksia p\u00e4ivityksist\u00e4 ja toiminnasta kyseisess\u00e4 ryhm\u00e4ss\u00e4 sek\u00e4 l\u00e4hett\u00e4\u00e4 ajatuksia ja kommentteja sinne. Voit ilmoittautua ja osallistua uuden Sanoman englanninkieliseen verkkokouluun (Free School) sek\u00e4 tarkastella koulun edellisi\u00e4 opintojaksoja. Uuden Sanoman keskustelupalstat ovat t\u00e4\u00e4ll\u00e4 ja ne toimivat avoimena paikkana ajatusten, oivallusten ja ideoiden jakamiseen t\u00e4rkeist\u00e4 uuden Sanoman aiheista, opiskelijoiden asioista sek\u00e4 niiden soveltamisesta maailmassa. Voit oppia lis\u00e4\u00e4 Societysta, organisaatiorakenteesta ja toiminnasta, kun se palvelee ja tukee uutta Sanomaa ja Sanantuojaa. Voit tutustua Societyn aiemmin j\u00e4rjest\u00e4mien tapahtumien, kuten Encampmentin, Messenger Vigilin sek\u00e4 Steps Vigilin, materiaalia.<\/p>\n<p>&nbsp;<\/p>\n<p><a href=\"https:\/\/www.community.newmessage.org\/\"><img loading=\"lazy\" decoding=\"async\" class=\"imgborder wp-image-29399 size-full aligncenter\" src=\"https:\/\/www.newmessage.org\/fr\/wp-content\/uploads\/sites\/38\/2020\/07\/CS-logo.png\" alt=\"\" width=\"504\" height=\"127\" \/><\/a><\/p>\n<p>&nbsp;<\/p>\n<h2 style=\"text-align: center;\"><span lang=\"FI\">Useimmin Kysytyt Kysymykset (UKK)<\/span><\/h2>\n<p>&nbsp;<\/p>\n<p><strong>Mik\u00e4 on uuden Sanoman Maailmanyhteis\u00f6?<\/strong><\/p>\n<p>Valitse alta linkeist\u00e4 oppiaksesi lis\u00e4\u00e4 uuden Sanoman Maailmanyhteis\u00f6st\u00e4:<\/p>\n<p>* <a href=\"https:\/\/www.newmessage.org\/fi\/yhteiso\/\">Lis\u00e4tietoa Maailmanyhteis\u00f6st\u00e4<\/a><\/p>\n<p>* Sanoma (englanniksi): <a href=\"http:\/\/www.newmessage.org\/the-message\/other-revelations\/worldwide-community-gods-new-message\">The Worldwide Community of God\u2019s New Message<\/a><\/p>\n<p>* <a href=\"https:\/\/www.newmessage.org\/fi\/sanomasta\/\">Johdanto uuteen Sanomaan<\/a><\/p>\n<p>* <a href=\"https:\/\/www.newmessage.org\/fi\/kuka-on-marshall-vian-summers\/\">Who is Marshall Vian Summers<\/a><\/p>\n<p><strong>Mik\u00e4 on Maailmanyhteis\u00f6sivusto (community.newmessage.org)?<\/strong><\/p>\n<p>Maailmanyhteis\u00f6sivusto on paikka Jumalan uuden Sanoman opiskelijoille ja muille ymp\u00e4ri maailmaa, jossa he voivat olla yhteydess\u00e4 L\u00e4hettil\u00e4\u00e4seen, Marshall Vian Summersiin, Societyyn ja toisiinsa. Se on paikka, jossa opiskelijat voivat kuulla ja pohtia uuden Sanoman viisautta, opetuksia ja oivalluksia sek\u00e4 Tietouden Tiet\u00e4 Sanantuojalta itselt\u00e4\u00e4n, uuden Sanoman opettajilta Patricia ja Reed Summersilta, Societyn j\u00e4senilt\u00e4 ja toisiltaan. Se on paikka aloittaa ja kasvattaa merkityksellisi\u00e4 suhteita palvelemaan uuden Sanoman ja sen L\u00e4hettil\u00e4\u00e4n teht\u00e4v\u00e4\u00e4 tuoda uusi, suuri Sanoma Jumalalta maailmaan. Se on paikka, joka voi tarjota ymp\u00e4rist\u00f6n oman opiskelijuuden kasvamiseen ja kukoistamiseen.<\/p>\n<p><strong>Onko kyseess\u00e4 sosiaalisen median sivusto?<\/strong><\/p>\n<p>Vaikka t\u00e4m\u00e4n sivuston perusrakenne ja toiminnot ovat samanlaisia kuin sosiaalisen median sivustoissa, toimii t\u00e4m\u00e4 sivusto alustana Jumalan uuden Sanoman tutkimiseen, oppimiseen tai tukemiseen. Se on kaikkien saatavilla, joilla on todellinen kiinnostus jakaa kokemuksiaan, kysymyksi\u00e4 ja oivalluksia my\u00f6s muiden t\u00e4ss\u00e4 prosessissa mukana olevien kanssa. T\u00e4m\u00e4 sivustoymp\u00e4rist\u00f6 keskittyy Jumalan uuden Sanoman erityisteht\u00e4v\u00e4\u00e4n, sen suhteeseen jokaiseen meist\u00e4 ja maailmaan.<\/p>\n<p><strong>Millaista sis\u00e4lt\u00f6\u00e4 t\u00e4ll\u00e4 sivustolla on saatavilla?<\/strong><\/p>\n<p>L\u00e4hettil\u00e4s Marshall Vian Summersin opetuksia, rukouksia, oivalluksia ja viestej\u00e4. Uuden Sanoman ilmainen online-koulu ja live-chat ovat t\u00e4\u00e4ll\u00e4. L\u00e4hettil\u00e4\u00e4n, h\u00e4nen perheens\u00e4 ja Societyn p\u00e4ivitykset ja viestint\u00e4. Uuden Sanoman eri foorumit ja paljon muuta &#8230;<\/p>\n<p><strong>Onko maailmanyhteis\u00f6sivusto saatavana muilla kielill\u00e4 kuin englanniksi?<\/strong><\/p>\n<p>Ei viel\u00e4 koko sivusto, mutta tulevaisuudessa. Sill\u00e4 v\u00e4lin kansainv\u00e4liset kieliryhm\u00e4t, joissa voit olla vuorovaikutuksessa kielt\u00e4si puhuvien ihmisten kanssa, muodostuvat ja kasvavat.<\/p>\n<p><strong>Kuka voi liitty\u00e4 maailmanyhteis\u00f6sivustoon?<\/strong><\/p>\n<p>Jokainen, joka tuntee kiinnostusta oppia ja el\u00e4\u00e4 Jumalan uutta Sanomaa ja olla vuorovaikutuksessa kasvavan maailmanlaajuisen uuden Sanoman opiskelijayhteis\u00f6n kanssa.<\/p>\n<p><strong>Onko liittymisest\u00e4 kustannuksia?<\/strong><\/p>\n<p>Liittyminen ei maksa mit\u00e4\u00e4n. Se on ilmainen kaikkien niiden opiskelijoiden taloudellisen tuen ansiosta, jotka tuntevat kutsumusta tukea rahallisesti Jumalan uutta Sanomaa.<\/p>\n<p><strong>Kuinka luon k\u00e4ytt\u00e4j\u00e4tilin?<\/strong><\/p>\n<p>Rekister\u00f6im\u00e4ll\u00e4 ja kirjautumalla olet jo luonut tilisi. Kutsumme sinut siirtym\u00e4\u00e4n &#8220;profiilisivullesi&#8221; ja t\u00e4ytt\u00e4m\u00e4\u00e4n kaikki muut tiedot, jotka haluat muiden n\u00e4kev\u00e4n sinusta. Jos olit jo Free Schoolin j\u00e4sen, tilisi on siirretty t\u00e4nne samalla k\u00e4ytt\u00e4j\u00e4tunnuksella ja salasanalla.<\/p>\n<p><strong>Mit\u00e4 ryhm\u00e4t (Groups) ovat?<\/strong><\/p>\n<p>Ryhm\u00e4t antavat k\u00e4ytt\u00e4jien l\u00e4hett\u00e4\u00e4 viestej\u00e4, olla vuorovaikutuksessa, kommentoida ja lukea omia kiinnostuksen kohteitaan. Voidaan ajatella, ett\u00e4 ryhm\u00e4 on pienempi yhteis\u00f6, jolla on tietyt kiinnostuksen kohteet tai aktiviteetit ja joka asuu t\u00e4ss\u00e4 suuremmassa yhteis\u00f6sivustossa. Ryhm\u00e4t voivat olla julkisia tai yksityisi\u00e4.<\/p>\n<p><strong>Mik\u00e4 on aktiviteettin\u00e4kym\u00e4 (Activity Stream)?<\/strong><\/p>\n<p>Aktiviteettin\u00e4kym\u00e4 on luettelo yhden tai useamman t\u00e4m\u00e4n sivuston k\u00e4ytt\u00e4j\u00e4n viimeisimmist\u00e4 toiminnoista, jotka n\u00e4kyv\u00e4t sinulle, kun olet kirjautuneena sivustolle.<\/p>\n<p><strong>Voinko kopioida t\u00e4m\u00e4n sivuston sis\u00e4lt\u00f6\u00e4 muille sivustoille (esim. Facebook, Twitter?)<\/strong><\/p>\n<p>Pyyd\u00e4mme, ett\u00e4 t\u00e4m\u00e4n verkkosivuston sis\u00e4lt\u00f6 pysyy t\u00e4\u00e4ll\u00e4 eik\u00e4 sit\u00e4 ole tarkoitettu jaettavaksi muille verkkosivustoille tai sijainneille. Olet kuitenkin tervetullut linkitt\u00e4m\u00e4\u00e4n mille tahansa yhteis\u00f6nsivuston sivulle, kun jaat sit\u00e4 sosiaalisessa mediassa tai muilla sivustoilla (Huomaa: Rekister\u00f6inti\u00e4 vaaditaan, jotta ihmiset p\u00e4\u00e4sev\u00e4t n\u00e4kem\u00e4\u00e4n linkin taakse).<\/p>\n","protected":false},"excerpt":{"rendered":"<p>Yhteis\u00f6sivusto on uuden Sanoman kaikkialla maailmassa oleville opiskelijoille tarkoitettu globaali koti. Sit\u00e4 yll\u00e4pit\u00e4\u00e4 The Society for the New Message, ja se tarjoaa paikan, jossa voit kokoontua yhdess\u00e4 kaikkien kanssa, joita uusi Sanoma, Ihmiskunnan liittolaisten tiedonannot sek\u00e4 Marshall Vian Summersin opetukset ovat koskettaneet. Se on paikka, jossa voi luoda merkityksellisi\u00e4 suhteita palvelemaan maailmaa sen tarpeissa. T\u00e4m\u00e4\u2026 <a class=\"read-more\" href=\"https:\/\/www.v6.newmessage.org\/fi\/yhteiso\/yhteisosivusto\/\"><span>Read More<\/span><\/a><\/p>\n","protected":false},"author":22,"featured_media":0,"parent":27104,"menu_order":0,"comment_status":"closed","ping_status":"closed","template":"template-leftsidebar.php","meta":{"_monsterinsights_skip_tracking":false,"_monsterinsights_sitenote_active":false,"_monsterinsights_sitenote_note":"","_monsterinsights_sitenote_category":0,"footnotes":""},"categories":[],"tags":[640],"_links":{"self":[{"href":"https:\/\/www.v6.newmessage.org\/fi\/wp-json\/wp\/v2\/pages\/27382"}],"collection":[{"href":"https:\/\/www.v6.newmessage.org\/fi\/wp-json\/wp\/v2\/pages"}],"about":[{"href":"https:\/\/www.v6.newmessage.org\/fi\/wp-json\/wp\/v2\/types\/page"}],"author":[{"embeddable":true,"href":"https:\/\/www.v6.newmessage.org\/fi\/wp-json\/wp\/v2\/users\/22"}],"replies":[{"embeddable":true,"href":"https:\/\/www.v6.newmessage.org\/fi\/wp-json\/wp\/v2\/comments?post=27382"}],"version-history":[{"count":1,"href":"https:\/\/www.v6.newmessage.org\/fi\/wp-json\/wp\/v2\/pages\/27382\/revisions"}],"predecessor-version":[{"id":27383,"href":"https:\/\/www.v6.newmessage.org\/fi\/wp-json\/wp\/v2\/pages\/27382\/revisions\/27383"}],"up":[{"embeddable":true,"href":"https:\/\/www.v6.newmessage.org\/fi\/wp-json\/wp\/v2\/pages\/27104"}],"wp:attachment":[{"href":"https:\/\/www.v6.newmessage.org\/fi\/wp-json\/wp\/v2\/media?parent=27382"}],"wp:term":[{"taxonomy":"category","embeddable":true,"href":"https:\/\/www.v6.newmessage.org\/fi\/wp-json\/wp\/v2\/categories?post=27382"},{"taxonomy":"post_tag","embeddable":true,"href":"https:\/\/www.v6.newmessage.org\/fi\/wp-json\/wp\/v2\/tags?post=27382"}],"curies":[{"name":"wp","href":"https:\/\/api.w.org\/{rel}","templated":true}]}}