{"id":27358,"date":"2019-08-18T18:47:33","date_gmt":"2019-08-18T18:47:33","guid":{"rendered":"http:\/\/www.newmessage.org\/fi\/?page_id=27358"},"modified":"2019-08-18T20:31:51","modified_gmt":"2019-08-18T20:31:51","slug":"uusi-sanantuoja","status":"publish","type":"page","link":"https:\/\/www.v6.newmessage.org\/fi\/sanoma\/kokoelma-1\/uusi-sanantuoja\/","title":{"rendered":"Uusi Sanantuoja"},"content":{"rendered":"<p><img loading=\"lazy\" decoding=\"async\" class=\"alignright wp-image-29650\" src=\"\/wp-content\/uploads\/2016\/09\/The-New-Messenger-ebook-cover.jpg\" width=\"225\" height=\"338\" \/><\/p>\n<p><em>Uusi Sanantuoja<\/em> -kirja ilmoittaa Jumalan Sanantuojien alkuper\u00e4n, sukulinjan ja mission. He ovat tulleet eri aikoina ihmiskunnan historiassa ottamaan vastaan ja esitt\u00e4m\u00e4\u00e4n uuden Pyh\u00e4n Sanoman ihmiskunnalle.<\/p>\n<p>Uusi Sanoma opettaa ett\u00e4 kaikki aiemmat Jumalan Sanantuojat ovat olleet t\u00e4t\u00e4 maailmaa valvovien Enkelien Yhteis\u00f6n j\u00e4seni\u00e4. L\u00e4pi historian t\u00e4m\u00e4 Yhteis\u00f6 on &#8211; Jumalan Tahtoon vastaten &#8211; l\u00e4hett\u00e4nyt maailmaan yhden omistaan tiettyin\u00e4 aikakausina ja tiettyihin paikkoihin palvelemaan ihmiskunnan kasvavia tarpeita.<\/p>\n<p>Uuden Sanantuojan saapuminen edustaa seuraavaa lukua etenev\u00e4ss\u00e4 Pyh\u00e4ss\u00e4 Sanomassa Jumalan Tahdosta ja Suunnitelmasta ihmiskunnalle. Nyt Jumala on puhunut uudelleen, paljastaen sen, mit\u00e4 ei koskaan aiemmin ole paljastettu, puhuen Uuden Sanantuojan kautta, miehen nimelt\u00e4\u00e4n <a href=\"https:\/\/www.newmessage.org\/fi\/kuka-on-marshall-vian-summers\/\">Marshall Vian Summers<\/a>.<\/p>\n<p><em>Uusi Sanantuoja<\/em> sis\u00e4lt\u00e4\u00e4 ne L\u00e4hteelt\u00e4 tulleet sanomat, jotka koskevat Sanantuojaa itse\u00e4\u00e4n. Kuka h\u00e4n on. Miksi h\u00e4net valittiin? Kuinka voit tiet\u00e4\u00e4, ett\u00e4 h\u00e4n on todellinen ja aito? Ja miten h\u00e4n liittyy menneisyyden Sanantuojiin?<br \/>\nN\u00e4it\u00e4 kysymyksi\u00e4 saattavat kaikki hyv\u00e4\u00e4 tarkoittavat ihmiset voivat kysy\u00e4. Jumala on nyt puhunut uudelleen sarjalla sanomia lis\u00e4t\u00e4kseen ymm\u00e4rryst\u00e4mme Jumalan Sanantuojista, heid\u00e4n valinnastaan, heid\u00e4n suuremmasta identiteetist\u00e4\u00e4n, heid\u00e4n v\u00e4lisist\u00e4\u00e4n suhteista sek\u00e4 niist\u00e4 seurauksista, joita heid\u00e4n ilmestymisenst\u00e4 maailmaan aiheuttaa.<\/p>\n<p>Jokainen <em>Uuden Sanantuojan<\/em> kappale on erillinen pyh\u00e4 Sanoma, jonka Jumala on antanut ihmiskunnalle. T\u00e4ss\u00e4 sinulla on mahdollisuus todella ymm\u00e4rt\u00e4\u00e4 miest\u00e4, Marshall Vian Summersia, joka on ottanut vastaan yli 9000 sivua pyh\u00e4\u00e4 uutta Sanomaa Jumalalta. <a href=\"https:\/\/www.newmessage.org\/fi\/sanoma\/kokoelma-1\/olennainen-uskonto\/sanoman-aani\/\">Sanoman \u00c4\u00e4ni<\/a> jatkaa puhumista Sanantuojan kautta, ja Sana ja Jumalan kommunikaation \u00c4\u00e4ni kuullaan nyt ymp\u00e4ri maailmaa. Ilmoitus jatkuu edelleen t\u00e4n\u00e4 p\u00e4iv\u00e4n\u00e4.<\/p>\n<p>Uusi Sanantuoja on osa Jumalan uuden Sanoman 1. kokoelmaa.<\/p>\n<h2 style=\"text-align: left\"><span style=\"color: #525252\">Sis\u00e4llys<\/span><\/h2>\n<p>1: Taivaan Tahto<\/p>\n<p>2: <a href=\"https:\/\/www.newmessage.org\/fi\/sanoma\/kokoelma-1\/uusi-sanantuoja\/sanantuojan-alkupera\/\">Sanantuojan alkuper\u00e4<\/a><\/p>\n<p>3: Sanantuojan sukulinja<\/p>\n<p>4: Sanantuojan tarina<\/p>\n<p>5: Vaatimukset Sanantuojalle<\/p>\n<p>6: Verhoutunut Sanantuoja<\/p>\n<p>7: Sanantuojan ymm\u00e4rt\u00e4minen<\/p>\n<p>8: Pyh\u00e4n Sanoman Valon kohtaaminen<\/p>\n<p>9: Sanantuojan matka<\/p>\n<p>10: Profeetta<\/p>\n<p>11: Pyh\u00e4n Sanoman seuraamukset<\/p>\n<p>12: Sanantuojan kutsumus<\/p>\n<p>13: Sanantuojan kanssa kulkeminen<\/p>\n","protected":false},"excerpt":{"rendered":"<p>Uusi Sanantuoja -kirja ilmoittaa Jumalan Sanantuojien alkuper\u00e4n, sukulinjan ja mission. He ovat tulleet eri aikoina ihmiskunnan historiassa ottamaan vastaan ja esitt\u00e4m\u00e4\u00e4n uuden Pyh\u00e4n Sanoman ihmiskunnalle. Uusi Sanoma opettaa ett\u00e4 kaikki aiemmat Jumalan Sanantuojat ovat olleet t\u00e4t\u00e4 maailmaa valvovien Enkelien Yhteis\u00f6n j\u00e4seni\u00e4. L\u00e4pi historian t\u00e4m\u00e4 Yhteis\u00f6 on &#8211; Jumalan Tahtoon vastaten &#8211; l\u00e4hett\u00e4nyt maailmaan yhden omistaan\u2026 <a class=\"read-more\" href=\"https:\/\/www.v6.newmessage.org\/fi\/sanoma\/kokoelma-1\/uusi-sanantuoja\/\"><span>Read More<\/span><\/a><\/p>\n","protected":false},"author":22,"featured_media":0,"parent":16287,"menu_order":0,"comment_status":"closed","ping_status":"closed","template":"template-leftsidebar.php","meta":{"_monsterinsights_skip_tracking":false,"_monsterinsights_sitenote_active":false,"_monsterinsights_sitenote_note":"","_monsterinsights_sitenote_category":0,"footnotes":""},"categories":[465,460],"tags":[638,599],"_links":{"self":[{"href":"https:\/\/www.v6.newmessage.org\/fi\/wp-json\/wp\/v2\/pages\/27358"}],"collection":[{"href":"https:\/\/www.v6.newmessage.org\/fi\/wp-json\/wp\/v2\/pages"}],"about":[{"href":"https:\/\/www.v6.newmessage.org\/fi\/wp-json\/wp\/v2\/types\/page"}],"author":[{"embeddable":true,"href":"https:\/\/www.v6.newmessage.org\/fi\/wp-json\/wp\/v2\/users\/22"}],"replies":[{"embeddable":true,"href":"https:\/\/www.v6.newmessage.org\/fi\/wp-json\/wp\/v2\/comments?post=27358"}],"version-history":[{"count":4,"href":"https:\/\/www.v6.newmessage.org\/fi\/wp-json\/wp\/v2\/pages\/27358\/revisions"}],"predecessor-version":[{"id":27375,"href":"https:\/\/www.v6.newmessage.org\/fi\/wp-json\/wp\/v2\/pages\/27358\/revisions\/27375"}],"up":[{"embeddable":true,"href":"https:\/\/www.v6.newmessage.org\/fi\/wp-json\/wp\/v2\/pages\/16287"}],"wp:attachment":[{"href":"https:\/\/www.v6.newmessage.org\/fi\/wp-json\/wp\/v2\/media?parent=27358"}],"wp:term":[{"taxonomy":"category","embeddable":true,"href":"https:\/\/www.v6.newmessage.org\/fi\/wp-json\/wp\/v2\/categories?post=27358"},{"taxonomy":"post_tag","embeddable":true,"href":"https:\/\/www.v6.newmessage.org\/fi\/wp-json\/wp\/v2\/tags?post=27358"}],"curies":[{"name":"wp","href":"https:\/\/api.w.org\/{rel}","templated":true}]}}