{"id":27312,"date":"2018-10-06T20:06:20","date_gmt":"2018-10-06T20:06:20","guid":{"rendered":"http:\/\/www.newmessage.org\/fi\/?page_id=27312"},"modified":"2018-10-06T20:37:34","modified_gmt":"2018-10-06T20:37:34","slug":"society","status":"publish","type":"page","link":"https:\/\/www.v6.newmessage.org\/fi\/yhteiso\/society\/","title":{"rendered":"Society"},"content":{"rendered":"<div class=\"floater-right\">\n<p>&nbsp;<\/p>\n\n<div class=\"tabgroup \"><ul class=\"tabs\"><li><a href=\"#tabs-1\">Sis\u00e4llys<\/a><\/li><\/ul>\n <div id=\"tabs-1\"><br \/>\n<a href=\"#whatissociety\">Mik\u00e4 Society on?<\/a><br \/>\n<a href=\"#ourwork\">Ty\u00f6mme<\/a><br \/>\n<a href=\"#ourmission\">Missiomme<\/a><br \/>\n<a href=\"#strategic\">Strategiset tavoitteemme<\/a><br \/>\n<a href=\"#leadership\">Johtohahmot<\/a><br \/>\n<a href=\"#members\">Societyn j\u00e4senist\u00e4<\/a><br \/>\n<a href=\"#story\">J\u00e4senten tarinat<\/a><br \/>\n<a href=\"#core\">Ydinavustajista<\/a><br \/>\n<a href=\"#volunteers\">Vapaaehtoisista<\/a><\/div>\n\t\t\t\t<div align=\"right\">\n\t\t\t<div class=\"fb-like\" data-href=\"\" data-layout=\"button_count\" data-action=\"like\" data-show-faces=\"false\" data-share=\"false\"><\/div>\n\t\t\t<div class=\"fb-share-button\" data-layout=\"button_count\"> <\/div>\n\t\t\t<div class=\"fb_iframe_widget\"><a href=\"https:\/\/twitter.com\/godsnewmessage?ref_src=twsrc%5Etfw\" class=\"twitter-follow-button\" data-show-count=\"false\">Follow @godsnewmessage<\/a><script async src=\"https:\/\/platform.twitter.com\/widgets.js\" charset=\"utf-8\"><\/script><\/div>\n\t\t\t<\/div> <\/div> \n\n<\/div>\n<p><a name=\"whatissociety\"><\/a><\/p>\n<h2>Mik\u00e4 on Society?<\/h2>\n<p>The Society for the New Message from God on 501(c)(3) -artiklan mukainen uskonnollinen, voittoa tavoittelematon organisaatio, jonka teht\u00e4v\u00e4n\u00e4 on s\u00e4ilytt\u00e4\u00e4, suojella ja levitt\u00e4\u00e4 Jumalan Uutta Sanomaa maailmaan. Society ei ole sidoksissa mihink\u00e4\u00e4n muuhun uskonnollisen tahoon. Society saa rahallisen tukensa <a href=\"https:\/\/www.newmessage.org\/fi\/yhteiso\/tue-uutta-sanomaa\/\">lahjoituksina<\/a> Uuden Sanoman opiskelijoilta eri puolilta maailmaa, eik\u00e4 se saa sponsorirahoja tai tuloja mink\u00e4\u00e4n maan hallitukselta tai uskonnolliselta organisaatiolta.<\/p>\n<p>Societyn perusti <a href=\"https:\/\/www.newmessage.org\/fi\/kuka-on-marshall-vian-summers\/\">Sanantuoja Marshall Vian Summers<\/a> vuonna 1992; h\u00e4n n\u00e4ki tarpeen j\u00e4rjest\u00f6lle ja omistautuneelle Uuden Sanoman ydinryhm\u00e4lle, joka voisi vied\u00e4 eteenp\u00e4in Sanantuojan missiota sek\u00e4 h\u00e4nen elinaikanaan ett\u00e4 sen j\u00e4lkeen, suojellen suurta Sanomaa ja pit\u00e4en yll\u00e4 sen puhtautta pitk\u00e4lle tulevaisuuteen asti.<\/p>\n<p>Siit\u00e4 p\u00e4iv\u00e4st\u00e4 t\u00e4h\u00e4n p\u00e4iv\u00e4\u00e4n asti on Society jakanut Sanantuojan taakan seisoen h\u00e4nen vierell\u00e4\u00e4n, todistaen Ilmoituksen prosessia ja ottaen suureksi teht\u00e4v\u00e4kseen Jumalan uuden Sanoman tuomisen ihmiskunnalle.<\/p>\n<p>Societyyn kuuluu kymmenen J\u00e4sent\u00e4 ja kolmetoista Ydinavustajaa, joista jokainen on valinnut vastata omaan kutsumukseensa avustaa Sanantuojaa sek\u00e4 edist\u00e4\u00e4 Uuden Sanoman saattamista maailman tietoisuuteen. Lis\u00e4ksi Societya avustavat ja tukevat eri maissa asuvat omistautuneet vapaaehtoiset, jotka palvelevat monissa eri teht\u00e4viss\u00e4.<\/p>\n<p>Society seuraa Uuden Sanoman johtajan Marshall Vian Summersin suoraa ohjeistusta. Uuden Sanoman johtajaa avustamassa on Societyn johtaja Reed Summers, joka koordinoi organisaation eri osastoja valvovaa johtoryhm\u00e4\u00e4.<\/p>\n<p><a name=\"ourwork\"><\/a><\/p>\n<h2>Ty\u00f6mme<\/h2>\n<p class=\"alignnone\"><a href=\"\/organizational-chart-of-the-society\"><img loading=\"lazy\" decoding=\"async\" class=\"alignright\" src=\"\/wp-content\/uploads\/2015\/04\/org-chart-may-2015.jpg\" alt=\"\" width=\"382\" height=\"295\" \/><\/a>Societyn teht\u00e4v\u00e4 on tuoda Jumalan Uusi Sanoma maailmaan kaikille ihmisille, jotta ihmiskunta voisi l\u00f6yt\u00e4\u00e4 yhteisymm\u00e4rryksen, suojella Maata, suojella ihmiskunnan vapautta ja edist\u00e4\u00e4 ihmiskunnan sivilisaatiota seisoessamme suuren ja ennenn\u00e4kem\u00e4tt\u00f6m\u00e4n muutoksen kynnyksell\u00e4.<br \/>\nSociety omistautuu ty\u00f6ss\u00e4\u00e4n edist\u00e4m\u00e4\u00e4n Sanoman ja Sanantuojan teht\u00e4v\u00e4\u00e4, jonka alkuper\u00e4isesti perusti <a href=\"https:\/\/www.newmessage.org\/fi\/sanomasta\/faq\/mika-on-jumala\/\">Jumala<\/a> ja <a href=\"\/fi\/sanoma\/termit#aa\">Enkelien Yhteis\u00f6<\/a>. T\u00e4m\u00e4 missio on syv\u00e4sti yhteydess\u00e4 maailmamme evoluutioon ja kohtaloon, ja se on suorassa yhteydess\u00e4 Pyh\u00e4\u00e4n Suunnitelmaaan, joka palvelee maailmaamme t\u00e4n\u00e4 kriittisen\u00e4 aikana ihmiskunnan historiassa.<\/p>\n<p>Aina ajanlaskun alusta ja n\u00e4kyv\u00e4n maailman luomisesta asti Jumala ja Enkelien l\u00e4sn\u00e4olo ovat edist\u00e4neet teht\u00e4v\u00e4\u00e4 parantaa <a href=\"\/fi\/sanoma\/termit#separation\">Erillisyys<\/a> ja pelastaa erilliset <a href=\"\/sanoma\/termit#knowledge\">Tietouden<\/a> kautta, sek\u00e4 meid\u00e4n maailmassamme ett\u00e4 kautta Maailmojen Suuryhteis\u00f6n universumin, jota asuttaa \u00e4lyllinen el\u00e4m\u00e4.<\/p>\n<p>Society on omistautunut palvelemaan t\u00e4t\u00e4 teht\u00e4v\u00e4\u00e4 ja Jumalan Suunnitelmaa. T\u00e4ll\u00e4 hetkell\u00e4 p\u00e4\u00e4asiallinen ty\u00f6mme on vastaanottaa, s\u00e4ilytt\u00e4\u00e4, suojella ja esitt\u00e4\u00e4 Jumalan Uutta Sanomaa maailmassa. Me pyrimme tekem\u00e4\u00e4n t\u00e4t\u00e4 kirjojen julkaisujen kautta, tukemalla k\u00e4\u00e4nn\u00f6sprosessia eri kielille, pit\u00e4m\u00e4ll\u00e4 yll\u00e4 verkkosivuja, keskustelufoorumeita ja monia muita verkkoymp\u00e4rist\u00f6j\u00e4, antaen opetusta ja osallistumisalustan <a href=\"https:\/\/www.newmessage.org\/fi\/yhteiso\/\">Maailmanlaajuiselle Yhteis\u00f6lle<\/a> tapahtumien, l\u00e4hetyksien,<a href=\"\/encampment\">\u00a0Kokoontumisten<\/a> sek\u00e4 <a href=\"\/free-school\">Uuden Sanoman Maksuttoman Koulun (Free School)<\/a> kautta.<\/p>\n<p>T\u00e4t\u00e4 tekem\u00e4ll\u00e4 Jumalan kutsu ja kommunikaatio voi saavuttaa kaikkien ihmisten syd\u00e4met, her\u00e4tt\u00e4en <a href=\"\/fi\/sanoma\/termit#knowledge\">Tietouden<\/a> voiman maailmassa, jotta ihmiset voisivat l\u00f6yt\u00e4\u00e4 oman ainutlaatuisen antamistapansa t\u00e4ss\u00e4 lis\u00e4\u00e4ntyvien tarpeiden, muutosten ja mahdollisuuksien ajassa.<\/p>\n<p>Kuitenkin t\u00e4m\u00e4 on vastuu joka suuresti ylitt\u00e4\u00e4 sen, mit\u00e4 yksin voimme tehd\u00e4. Se edellytt\u00e4\u00e4 tukea ja apua monilta ihmisilt\u00e4. Kirjat, joita pid\u00e4t k\u00e4siss\u00e4si; verkkosivu, joka ev\u00e4st\u00e4\u00e4 ja inspiroi sinua; <a href=\"\/worldwide-community\/society\/sanctuary\">Suuryhteis\u00f6n Pyh\u00e4tt\u00f6<\/a>, jossa j\u00e4rjestet\u00e4\u00e4n Uuden Sanoman <a href=\"\/worldwide-community\/events\">tapahtumia<\/a>; toimistot, joissa yll\u00e4pidet\u00e4\u00e4n t\u00e4t\u00e4 organisaatiota, ovat kaikki monen ihmisen antamisen tulosta.<\/p>\n<p>Ja kiitos sen kaiken rahallisen tuen, ovat ovet avoinna Suuryhteis\u00f6n Pyh\u00e4tt\u00f6\u00f6n, Uuden Sanoman Maksuton Koulu on avoinna kaikille ihmisille kuluitta ja yh\u00e4 enemm\u00e4n Uuden Sanoman kokoelmia ja kirjoja on saatavilla ilmaiseksi verkossa. Sin\u00e4, joka saatat olla ensimm\u00e4isten joukossa vastaanottamssa ja kokemassa Jumalan Uuden Sanoman, voit liitty\u00e4 toisten joukkoon antamaan todellista tukea t\u00e4m\u00e4n elint\u00e4rke\u00e4n teht\u00e4v\u00e4n hyv\u00e4ksi.<\/p>\n<p><a name=\"ourmission\"><\/a><\/p>\n<h2>Missiomme<\/h2>\n<ol>\n<li>Tuoda <a href=\"\/fi\/sanoma\">Jumalan Uusi Sanoma<\/a> ihmiskunnalle puhtaassa muodossaan-<\/li>\n<li>Tuoda uutinen ihmisille kaikkialla uudesta <a href=\"https:\/\/www.newmessage.org\/fi\/kuka-on-marshall-vian-summers\/\">Sanantuojasta<\/a> ja h\u00e4nen l\u00e4sn\u00e4olostaan maailmassa.<\/li>\n<li>Tukea <a href=\"\/fi\/sanoma\/termit#knowledge\">Tietouden<\/a> esiintuloa ihmisten el\u00e4m\u00e4ss\u00e4 kaikkialla Uuteen Sanomaan sis\u00e4ltyv\u00e4n opetuksen ja kehityspolun kautta<\/li>\n<li>Kannattaa ihmiskunnan tietoisuutta ja valmistautumista <a href=\"\/fi\/sanoma\/termit#gwoc\">Suuriin Muutosaaltoihin<\/a> ja ihmiskunnan esiintuloon \u00e4lyllisen el\u00e4m\u00e4n asuttamaan universumin <a href=\"\/fi\/sanoma\/termit#gc\">Suuryhteis\u00f6\u00f6n<\/a>.<\/li>\n<li>Kannustaa uskontojen v\u00e4list\u00e4 yhten\u00e4isyytt\u00e4 ja suvaitsevaisuutta niinkuin Jumalan t\u00e4lle ajalle antamassa Sanomassa opastetaan.<\/li>\n<li>Tukea ja kannattaa Sanantuojaa kun h\u00e4n jatkaa Uuden Sanoman vastaanottamista maailmalle.<\/li>\n<li>Perustaa Uuden Sanoman <a href=\"https:\/\/www.newmessage.org\/fi\/yhteiso\/\">Maailmanlaajuinen Yhteis\u00f6<\/a> Uuden Sanoman oppimiseen, el\u00e4miseen ja tukemiseen linjassa Sanantuojan ja Societyn kanssa.<\/li>\n<li>Rakentaa vahva j\u00e4rjest\u00f6llinen perusta Uuden Sanoman maailmaan viemiseksi nyt ja tulevaisuudessa.<\/li>\n<\/ol>\n<p><a name=\"strategic\"><\/a><\/p>\n<h2>Strategiset tavoitteet<\/h2>\n<ol>\n<li>Vakiinnuttaa henkinen tietoisuus Uudesta Sanomasta ja Uuden Sanoman traditio maailmassa.<\/li>\n<li>Saavuttaa miljoonia ihmisi\u00e4 maailmanlaajuisesti Uuden Sanoman opetuksilla ja julistuksella.<\/li>\n<li>Muuntaa <a href=\"\/fi\/sanoma\">Jumalan Uuden Sanoman Testamentin<\/a> teksti ja \u00e4\u00e4ni luettavaksi.<\/li>\n<li>Saattaa Uuden Sanoman valtava laajuus ja syvyys saataville kirjojen, verkkosivujen ja k\u00e4\u00e4nn\u00f6ksien kautta.<\/li>\n<li>Antaa <a href=\"\/fi\/sanoma\/termit#voice\">Sanoman \u00c4\u00e4ni<\/a> maailmalle sen alkuper\u00e4isess\u00e4 \u00e4\u00e4nitetyss\u00e4 muodossaan.<\/li>\n<li>Julkaista <a href=\"\/gods-messenger\/the-messenger-speaks\">Sanantuojan opetuksia maailmalle<\/a> sek\u00e4 \u00e4\u00e4ni- ett\u00e4 tekstimuodossa.<\/li>\n<li>Vakiinnuttaa Sanantuojan visio Uuden Sanoman oppimisen ja el\u00e4misen tiest\u00e4.<\/li>\n<li>Luoda ihmisille maailmanlaajuisesti mahdollisuus olla vuorovaikutuksessa Sanoman sek\u00e4 heid\u00e4n oman syvemm\u00e4n luontonsa ja kutsumuksensa kanssa Uuden Sanoman <a href=\"\/free-school\">Maksuttoman Koulun<\/a> kautta.<\/li>\n<li>Rakentaa j\u00e4rjest\u00f6llist\u00e4 vakautta ja kest\u00e4vyytt\u00e4, jotta voimme menestyksekk\u00e4\u00e4sti kohdata maailman reaktion Uutta Sanomaa ja sen Julistusta kohtaan.<\/li>\n<\/ol>\n<p><a name=\"leadership\"><\/a><\/p>\n<h2>Tietoa Uuden Sanoman johdosta<\/h2>\n<p><a name=\"mvs\"><\/a><\/p>\n<h3 style=\"text-align: center\">Marshall Vian Summers<\/h3>\n<h4 style=\"text-align: center\"><span style=\"color: #808080\">Sanantuoja, Uuden Sanoman johtohahmo<\/span><\/h4>\n<p style=\"text-align: center\"><a href=\"\/wp-content\/uploads\/2015\/08\/DSC_0146-copy.jpg\"><img loading=\"lazy\" decoding=\"async\" class=\"imgborder alignnone size-large\" src=\"\/wp-content\/uploads\/2015\/08\/DSC_0146-copy-600x400.jpg\" alt=\"\" width=\"600\" height=\"400\" \/><\/a><\/p>\n<p>Marshall Vian Summers on Jumalan Uuden Sanoman Sanantuoja. H\u00e4net valittiin ja valmistettiin <a href=\"\/fi\/sanoma\/termit#aa\">Enkelien Yhteis\u00f6n<\/a> toimesta ennen t\u00e4t\u00e4 el\u00e4m\u00e4\u00e4ns\u00e4, palvelemaan t\u00e4ss\u00e4 Uuden Ilmoituksen Sanantuojan roolissaan, ja h\u00e4n on nyt vastaanottanut suurimman ja kokonaisvaltaisimman Sanoman, joka on koskaan annettu ihmiskunnalle.<\/p>\n<p>Marshall on perustanut Societyn, joka muodostettiin vuonna 1992 s\u00e4ilytt\u00e4m\u00e4\u00e4n ja tuomaan esiin Jumalan Uutta Sanomaa maailmassa. H\u00e4n on t\u00e4m\u00e4nhetkinen Jumalan Uuden Sanoman sek\u00e4 <a href=\"https:\/\/www.newmessage.org\/fi\/yhteiso\/\">Uuden Sanoman Maailmanlaajuisen Yhteis\u00f6n<\/a> johtaja. H\u00e4nen johtajan roolinsa tulee ajan mittaan perim\u00e4\u00e4n h\u00e4nen vaimonsa Patricia Summers.<\/p>\n<p>Nykyisin Sanantuoja jatkaa Uuden Sanoman t\u00e4lle ajalle ja tuleville ajoille tarkoitetun laajenevan Ilmoituksen vastaanottamista. Lis\u00e4ksi h\u00e4n toimii julistuksensa ja ydinviestins\u00e4 maailmalle viemisen parissa ja my\u00f6s dokumentoi laajaa kokoelmaa opetuksia, ohjeita ja selvennyksi\u00e4, joiden tarkoituksena on auttaa oppilaita oppimaan ja el\u00e4m\u00e4\u00e4n Uutta Sanomaa. Ja viimeisen\u00e4, h\u00e4n toimii historiallisen projektin parissa kooten yli 9000-sivuista Sanomaa kokonaisuudessaan yhdeksi testamentiksi ihmiskunnalle.<\/p>\n<p><a name=\"rs\"><\/a><\/p>\n<h3 style=\"text-align: center\">Reed Summers<\/h3>\n<h4 style=\"text-align: center\">Uuden Sanoman opettaja ja edustaja<\/h4>\n<p style=\"text-align: center\"><a href=\"\/\/www.newmessage.org\/wp-content\/uploads\/2014\/07\/Reed-Summers-New-Message-from-God.jpg\"><img loading=\"lazy\" decoding=\"async\" class=\"imgborder alignright size-medium\" src=\"\/\/www.newmessage.org\/wp-content\/uploads\/2014\/07\/Reed-Summers-New-Message-from-God-300x282.jpg\" alt=\"\" width=\"300\" height=\"282\" \/><\/a><\/p>\n<p>Syntym\u00e4n kautta Uuden Sanoman perinteeseen mukaan tullut Sanantuojan poika, Reed Summers on Societyn j\u00e4sen ja t\u00e4ll\u00e4 hetkell\u00e4 ohjaa sen yleist\u00e4 jakamis- ja opetusteht\u00e4v\u00e4\u00e4. Lis\u00e4ksi h\u00e4n tarjoaa opetusta ja suuntaa <a href=\"https:\/\/www.newmessage.org\/fi\/yhteiso\/\">Maailmanlaajuisen yhteis\u00f6n<\/a> oppilaille sek\u00e4 toimii Sanantuojan p\u00e4\u00e4asiallisena julkisena edustajana.<\/p>\n<p>Reed Summers liittyi Sanantuojan ja Societyn seuraan vuonna 2004, 20 vuoden ik\u00e4isen\u00e4. Sen j\u00e4lkeisin\u00e4 vuosina h\u00e4n on tukenut Sanantuojan missiota monessa eri teht\u00e4v\u00e4ss\u00e4: Uuden Sanoman verkkosivujen, kirjankansien ja julkistusmateriaalin suunnittelussa; kirjoittamisessa, puhumisessa ja opettamisessa Uuden Sanoman Maksuttomassa Koulussa, <a href=\"\/gods-messenger\/journeys-messenger\">Sanantuojan monien matkojen <\/a> koordinoimisessa; sek\u00e4 ty\u00f6skennellyt Patricia Summersin rinnalla luomassa opinto-ohjelmaa Uuden Sanoman <a href=\"\/free-school\">Maksuttomaan Kouluun<\/a>, Uuden Sanoman videol\u00e4hetyksiss\u00e4, <a href=\"\/events\">valvojaisissa<\/a> ja <a href=\"\/encampment\">kokoontumisissa<\/a>.<\/p>\n<p><a name=\"ps\"><\/a><\/p>\n<h3 style=\"text-align: center\">Patricia Summers<\/h3>\n<h4 style=\"text-align: center\">Uuden Sanoman opettaja ja edustaja<\/h4>\n<p style=\"text-align: center\"><a href=\"\/\/www.newmessage.org\/wp-content\/uploads\/2014\/07\/Patricia-Summers-New-Message-from-God.jpg\"><img loading=\"lazy\" decoding=\"async\" class=\"imgborder alignright size-medium\" src=\"\/\/www.newmessage.org\/wp-content\/uploads\/2014\/07\/Patricia-Summers-New-Message-from-God-293x300.jpg\" alt=\"\" width=\"293\" height=\"300\" \/><\/a><\/p>\n<p>Patricia on ollut Marshallin rinnalla vuodesta 1983 l\u00e4htien, melkein vuosikymmenen ennen Societyn perustamista. Ilmoituksen ensimm\u00e4isist\u00e4 p\u00e4ivist\u00e4 l\u00e4htien h\u00e4n on ollut l\u00e4heisen\u00e4 apuna Sanantuojalle h\u00e4nen pitk\u00e4ll\u00e4 matkallaan Uuden Sanoman Ilmoituksen vastaanottamisessa. Patricia on pysynyt h\u00e4nen rinnallaan aina, auttaen kantamaan kasvavaa vastuun ja roolin taakkaa.<\/p>\n<p>Patricia on Societyn j\u00e4sen, ja yli kolmen vuosikymmenen ajan h\u00e4n on auttanut j\u00e4rjest\u00f6n rakentamisessa ja ohjannut sen monien haasteiden l\u00e4pi saadakseen sen siihen tilaan, miss\u00e4 se on t\u00e4ll\u00e4 hetkell\u00e4. T\u00e4n\u00e4 p\u00e4iv\u00e4n\u00e4 h\u00e4n ty\u00f6skentelee Reed Summersin ja Sanantuojan kanssa Societyn johdossa, Ilmoituksen kirjojen kokoamisessa sek\u00e4 Uuden Sanoman v\u00e4litt\u00e4misess\u00e4 maailmalle. Lis\u00e4ksi h\u00e4n on yksi Uuden Sanoman p\u00e4\u00e4asiallisista opettajista antaen elint\u00e4rke\u00e4\u00e4 viisautta, inspiraatiota ja suuntaa Maailmanlaajuisen Yhteis\u00f6n opiskelijoille, jotka opiskelevat Ilmoitusta.<\/p>\n<p><a name=\"members\"><\/a><\/p>\n<h3>Societyn j\u00e4senist\u00e4<\/h3>\n<p>Marshall Vian Summersille ja Societylle on annettu valtaisa vastuu tuoda Uusi Sanoma maailmaan. Kymmenelle Societyn j\u00e4senelle on sek\u00e4 taakka ett\u00e4 siunaukselta sitoutua t\u00e4ysin syd\u00e4min t\u00e4h\u00e4n suureen palvelukseen ihmiskunnalle.<\/p>\n<p>Society on Uuden Sanoman Pyh\u00e4n Sanan ja \u00c4\u00e4nen opastaja ja suojelija. Uuden Sanoman L\u00e4hde on uskonut heille t\u00e4m\u00e4n roolin suojella, s\u00e4ilytt\u00e4\u00e4 ja jakaa t\u00e4m\u00e4 Uusi Pyh\u00e4 Sanoma ja palvella sit\u00e4 t\u00e4ysin syd\u00e4min. Heid\u00e4n ty\u00f6ns\u00e4 onkin suojella Uuden Sanoman puhtautta sen julkaisuissa, teksteiss\u00e4, \u00e4\u00e4ness\u00e4, kuvissa ja julkisissa tapahtumissa.<\/p>\n<p>Societylla on laaja-alaiset k\u00e4yt\u00e4nn\u00f6n vastuualueet, jotka liittyv\u00e4t teht\u00e4v\u00e4\u00e4n suojella ja julistaa Uutta Sanomaa ja tukea Maailmanlaajuisen Yhteis\u00f6n opiskelijoiden kehityst\u00e4. T\u00e4ss\u00e4 ty\u00f6ss\u00e4\u00e4n he ovat mukana monissa ydinryhmiss\u00e4 ja Societyn projekteissa koordinoiden ydinavustajien ja vapaaehtoisten j\u00e4rjest\u00f6\u00e4 avustavaa ty\u00f6t\u00e4.<\/p>\n<p>Societyn j\u00e4senet eiv\u00e4t ole hengellisen neuvonantajan, ohjaajan tai opettajan asemassa. He eiv\u00e4t opeta Uutta Sanomaa tai tulkitse sit\u00e4. Sen sijaan heid\u00e4n roolinsa on pit\u00e4\u00e4 yll\u00e4 organisaation keskeist\u00e4 ty\u00f6t\u00e4 ja tukea Sanantuojaa ja Uuden Sanoman opettajia tarjoamalla opetuksellinen polku ja inspiraatiota kaikille niille, jotka pyrkiv\u00e4t oppimaan ja el\u00e4m\u00e4\u00e4n Pyh\u00e4\u00e4 Sanomaa.<\/p>\n<p>T\u00e4ll\u00e4 hetkell\u00e4 Societyss\u00e4 on kymmenen j\u00e4sent\u00e4: <em><strong>Tyyne Andrews, Will Burrows, Robert Busbey, Jeanine Butler, Carol Coffey, Darlene Mitchell, Ellen Mitchell, Ayesha Summers, Reed Summers ja Patricia Summers<\/strong><\/em><br \/>\n<a name=\"story\"><\/a><\/p>\n<h3>Societyn j\u00e4senten tarina<\/h3>\n<p>Jokaisella Luojan kautta aikain antamalla Ilmoituksella on tarina &#8211; tarina sen jakamisesta, tarina sen <a href=\"https:\/\/www.newmessage.org\/fi\/kuka-on-marshall-vian-summers\/\">Sanantuojasta<\/a> ja tarina silloisesta yhteis\u00f6st\u00e4, joka ker\u00e4\u00e4ntyi tukemaan Sanatuojaa ja auttamaan tuomaan esiin Jumalan Ilmoituksen maailmaan.<\/p>\n<p>Jumalan Uuden Ilmoituksen tarina on tapahtuu silmiemme edess\u00e4 juuri nyt, Sanantuojan ymp\u00e4rill\u00e4, Societyn ymp\u00e4rill\u00e4 &#8211; sen pienen h\u00e4nt\u00e4 tukemaan kokoontuneen piirin &#8211; ja kasvavan Maailmanlaajuisen opiskelijayhteis\u00f6n ymp\u00e4rill\u00e4. T\u00e4m\u00e4 on tarina, jolla on vaatimaton alku ja joka jatkuu parhaillaan.<\/p>\n<p>Vuonna 1992, oltuaan Ilmoituksen prosessissa jo 10 vuotta, Sanantuoja perusti Society-yhdistyksen, vaikka siihen aikaan h\u00e4nen kanssaan l\u00e4sn\u00e4 oli vain muutama yksil\u00f6, jotka pystyiv\u00e4t tulemaan mukaan.<\/p>\n<p>Sit\u00e4 seuranneina vuosina nykyiset Societyn j\u00e4senet tulisivat l\u00f6yt\u00e4m\u00e4\u00e4n Ilmoituksen ja lopulta ottivat oman paikkansa sen palveluksessa. Jokaisella heist\u00e4 on oma ainutlaatuinen tarinansa.<\/p>\n<p>Erilaisista el\u00e4m\u00e4ntilanteista, olosuhteista ja paikoista k\u00e4sin, heist\u00e4 jokainen kohtasi Sanoman tai Sanantuojan ja alkoi vastaamaan tunnistamisen kokemukseen ja kutsumuksen tunteeseen, ottaen ensiaskeleensa palveluksent\u00e4yteist\u00e4 el\u00e4m\u00e4\u00e4 kohti, tiet\u00e4m\u00e4tt\u00e4 minne n\u00e4m\u00e4 askeleet johtaisivat tai mit\u00e4 se tarkoittaisi.<\/p>\n<p>Ja niin he saapuivat &#8211; ottaen vapauden l\u00f6yt\u00e4\u00e4 tiens\u00e4 &#8211; yksi kerrallaan, jokainen kohdaten haasteita ja vastuksia, mutta jokainen tiet\u00e4en ett\u00e4 heid\u00e4n t\u00e4ytyy tulla, tiet\u00e4en ett\u00e4 heid\u00e4n t\u00e4ytyy astua palveluteht\u00e4v\u00e4\u00e4n t\u00e4t\u00e4 saapuvaa Sanomaa ja sit\u00e4 vastaanottavaa miest\u00e4 varten.<\/p>\n<p>Palvelusvuosiensa aikana he ovat kulkeneet Sanantuojan kanssa vaikeaa polkua pit\u00e4en yll\u00e4 syv\u00e4\u00e4 omistautumista ja sitoutumista h\u00e4nt\u00e4 ja h\u00e4nen teht\u00e4v\u00e4\u00e4ns\u00e4 kohtaan, jolloin h\u00e4n on vapautunut tekem\u00e4\u00e4n sit\u00e4, mit\u00e4 vain h\u00e4n voi tehd\u00e4. He ovat seisoneet h\u00e4nen rinnallaan ja olleet paikalla h\u00e4nt\u00e4 varten, oli haaste tai vaikeus mik\u00e4 hyv\u00e4ns\u00e4.<\/p>\n<p>T\u00e4n\u00e4\u00e4n he vastaavat edelleen kutsumuksen ja vastuun tuntoonsa, tavoitellen tiet\u00e4\u00e4n suurempaan palvelukseen, kohdaten yh\u00e4 suurempia haasteita, joissa heid\u00e4n el\u00e4m\u00e4ns\u00e4 ja roolinsa muuttuu ja uudelleenm\u00e4\u00e4rittyy t\u00e4m\u00e4n suuren mission palveluksessa. T\u00e4m\u00e4 kaikki tapahtuu siksi, ett\u00e4 Jumalan Uusi Sanoma voisi tavoittaa maailman yh\u00e4 pienenev\u00e4ss\u00e4 aikaikkunassa, v\u00e4litt\u00e4en viisautta ja syv\u00e4\u00e4 ymm\u00e4rt\u00e4myst\u00e4, jota harvemmin n\u00e4kee t\u00e4ss\u00e4 maailmassa. Jumalan Uusi Sanoma kutsuu esiin <a href=\"\/fi\/sanoma\/termit#knowledge\">Tietoutta<\/a> ihmiskunnassa niin, ett\u00e4 t\u00e4m\u00e4 hengellinen voima voisi tulla esiin ja opastaa ihmiskuntaa nyt kun sit\u00e4 niin suuresti tarvitaan.<\/p>\n<p>Mutta kuinka n\u00e4in ihmisryhm\u00e4 voisi mitenk\u00e4\u00e4n tehd\u00e4 t\u00e4m\u00e4n kaiken? Miten he saavat t\u00e4m\u00e4n teht\u00e4v\u00e4n p\u00e4\u00e4t\u00f6kseen? N\u00e4iden kysymysten kanssa he el\u00e4v\u00e4t.<\/p>\n<p>Nyt muutkin ovat alkaneet vastaamaan omaan kutsumuksen tuntoonsa auttaa Society\u00e4 t\u00e4ss\u00e4 suuressa hankkeessa. Ydinavustajat ja monet Societya avustavat vapaaehtoiset ovat nyt ottamassa merkitt\u00e4vi\u00e4 rooleja ja vastuualueita mik\u00e4 mahdollistaa mission etenemisen yh\u00e4 suuremmassa mittakaavassa.<\/p>\n<p>Suuren Sanoman varhaisen yhteis\u00f6n tarina jatkaa muotoutumistaan, kun inspiroituneet yksil\u00f6t ymp\u00e4ri maailmaa vastaavat Jumalan Uuteen Ilmoitukseen ja ottavat paikkansa sen palveluksessa niin maailmassa kuin suoraan tukien Sanomaa ja Sanantuojan teht\u00e4v\u00e4\u00e4.<\/p>\n<p><a name=\"core\"><\/a><\/p>\n<h3>Societyn ydinvustajat<\/h3>\n<p>Societyn ydinavustajat ovat olennainen osa Jumalan Uuden Sanoman missiossa. Ydinavustajat ovat henkil\u00f6it\u00e4, jotka tuntevat henkil\u00f6kohtaista kutsumuksen tuntoa palvella ja edist\u00e4\u00e4 Sanoman ja Sanantuojan teht\u00e4v\u00e4\u00e4 ja auttaa Society\u00e4 toteuttamaan t\u00e4t\u00e4 teht\u00e4v\u00e4\u00e4 maailmassa. He ovat asettaneet t\u00e4m\u00e4n keskeiseksi painopisteeksi, vahvistaen sis\u00e4ist\u00e4 ja ulkoista el\u00e4m\u00e4\u00e4ns\u00e4 riitt\u00e4v\u00e4sti pysty\u00e4kseen vastaamaan ja edist\u00e4m\u00e4\u00e4n Societyn ty\u00f6n p\u00e4\u00e4alueita sek\u00e4 yll\u00e4pit\u00e4m\u00e4\u00e4n n\u00e4it\u00e4 pitk\u00e4aikaisesti. T\u00e4m\u00e4 on todellinen esimerkki aidosta palveluty\u00f6st\u00e4.<\/p>\n<p>T\u00e4ll\u00e4 hetkell\u00e4 kolmetoista ydinavustajaa kolmesta eri maasta on avustamassa Society\u00e4.<\/p>\n<p><a name=\"volunteers\"><\/a><\/p>\n<h3>Societya avustavat vapaaehtoiset<\/h3>\n<p>Society\u00e4 avustavat vapaaehtoiset antavat elint\u00e4rke\u00e4\u00e4 apua Societyn ty\u00f6n ja mission osa-alueiden edist\u00e4miseen. Vapaaehtoiset ovat Maailmanlaajuisessa Yhteis\u00f6n eri puolilla maailmaa asuvia opiskelijoita, jotka kykenev\u00e4t tarjoamaan aikaansa, taitojansa ja ovat k\u00e4ytettt\u00e4viss\u00e4 tiettyjen teht\u00e4vien toteuttamiseen, projektien miehitt\u00e4miseen sek\u00e4 tekem\u00e4\u00e4n yhteisty\u00f6t\u00e4 yhdistyksen tiimien ja osastojen kanssa. T\u00e4m\u00e4 palvelu t\u00e4ydent\u00e4\u00e4 heid\u00e4n opiskelijuuttaan ja Uuden Sanoman jakamisty\u00f6t\u00e4, ja se on merkitt\u00e4v\u00e4n\u00e4 tukena Societyn ja Sanantuojan missiossa.<\/p>\n<p>T\u00e4ll\u00e4 hetkell\u00e4 Societya avustaa 84 vapaaehtoista 28 eri maasta.<\/p>\n<hr \/>\n<a class='simple_button_link ' style='background-color: #4f8fd6' href='\/fi\/yhteiso\/tue-uutta-sanomaa\/'   ><span>Lahjoita auttaaksesi tuomaan Uusi Sanoma maailmaan<\/span><\/a>\n","protected":false},"excerpt":{"rendered":"<p>&nbsp; Mik\u00e4 on Society? The Society for the New Message from God on 501(c)(3) -artiklan mukainen uskonnollinen, voittoa tavoittelematon organisaatio, jonka teht\u00e4v\u00e4n\u00e4 on s\u00e4ilytt\u00e4\u00e4, suojella ja levitt\u00e4\u00e4 Jumalan Uutta Sanomaa maailmaan. Society ei ole sidoksissa mihink\u00e4\u00e4n muuhun uskonnollisen tahoon. Society saa rahallisen tukensa lahjoituksina Uuden Sanoman opiskelijoilta eri puolilta maailmaa, eik\u00e4 se saa sponsorirahoja tai\u2026 <a class=\"read-more\" href=\"https:\/\/www.v6.newmessage.org\/fi\/yhteiso\/society\/\"><span>Read More<\/span><\/a><\/p>\n","protected":false},"author":22,"featured_media":0,"parent":27104,"menu_order":0,"comment_status":"closed","ping_status":"closed","template":"template-leftsidebar.php","meta":{"_monsterinsights_skip_tracking":false,"_monsterinsights_sitenote_active":false,"_monsterinsights_sitenote_note":"","_monsterinsights_sitenote_category":0,"footnotes":""},"categories":[1],"tags":[634],"_links":{"self":[{"href":"https:\/\/www.v6.newmessage.org\/fi\/wp-json\/wp\/v2\/pages\/27312"}],"collection":[{"href":"https:\/\/www.v6.newmessage.org\/fi\/wp-json\/wp\/v2\/pages"}],"about":[{"href":"https:\/\/www.v6.newmessage.org\/fi\/wp-json\/wp\/v2\/types\/page"}],"author":[{"embeddable":true,"href":"https:\/\/www.v6.newmessage.org\/fi\/wp-json\/wp\/v2\/users\/22"}],"replies":[{"embeddable":true,"href":"https:\/\/www.v6.newmessage.org\/fi\/wp-json\/wp\/v2\/comments?post=27312"}],"version-history":[{"count":5,"href":"https:\/\/www.v6.newmessage.org\/fi\/wp-json\/wp\/v2\/pages\/27312\/revisions"}],"predecessor-version":[{"id":27317,"href":"https:\/\/www.v6.newmessage.org\/fi\/wp-json\/wp\/v2\/pages\/27312\/revisions\/27317"}],"up":[{"embeddable":true,"href":"https:\/\/www.v6.newmessage.org\/fi\/wp-json\/wp\/v2\/pages\/27104"}],"wp:attachment":[{"href":"https:\/\/www.v6.newmessage.org\/fi\/wp-json\/wp\/v2\/media?parent=27312"}],"wp:term":[{"taxonomy":"category","embeddable":true,"href":"https:\/\/www.v6.newmessage.org\/fi\/wp-json\/wp\/v2\/categories?post=27312"},{"taxonomy":"post_tag","embeddable":true,"href":"https:\/\/www.v6.newmessage.org\/fi\/wp-json\/wp\/v2\/tags?post=27312"}],"curies":[{"name":"wp","href":"https:\/\/api.w.org\/{rel}","templated":true}]}}