{"id":27285,"date":"2017-12-17T17:11:54","date_gmt":"2017-12-17T17:11:54","guid":{"rendered":"http:\/\/www.newmessage.org\/fi\/?page_id=27285"},"modified":"2017-12-17T17:40:02","modified_gmt":"2017-12-17T17:40:02","slug":"sanantuojan-haastattelu","status":"publish","type":"page","link":"https:\/\/www.v6.newmessage.org\/fi\/kuka-on-marshall-vian-summers\/sanantuojan-haastattelu\/","title":{"rendered":"Sanantuoja Marshall Vian Summersin haastattelu"},"content":{"rendered":"<table align=\"right\">\n<tbody>\n<tr>\n<td>\n<iframe loading=\"lazy\" src=\"https:\/\/player.vimeo.com\/video\/29022283\" width=\"340\" height=\"255\" frameborder=\"0\" title=\"The Messenger&#039;s Prayer\" webkitallowfullscreen mozallowfullscreen allowfullscreen><\/iframe>\n<\/td>\n<\/tr>\n<\/tbody>\n<\/table>\n<h5>Mist\u00e4 uusi Sanoma on per\u00e4isin?<\/h5>\n<p>&#8220;Jumalan enkelit ovat sen minulle paljastaneet, voimallinen, mystinen <a href=\"\/fi\/sanoma\/termit#presence\">L\u00e4sn\u00e4olo<\/a> joka t\u00e4ytti mieleni ja ymp\u00e4r\u00f6iv\u00e4n tilan armollaan.&#8221;<\/p>\n<h5>V\u00e4it\u00e4t edustavasi uutta Sanomaa Jumalalta. Kuinka voit esitt\u00e4\u00e4 t\u00e4llaisen v\u00e4itteen?<\/h5>\n<p>&#8220;<a href=\"\/fi\/sanoma\/termit#aa\">Luojan enkelit <\/a> antoivat minulle <a href=\"\/fi\/sanoma\/\">uuden Sanoman<\/a>. Se on uusi Pyh\u00e4 Ilmoitus ihmiskunnalle. Minua opastettiin esitt\u00e4m\u00e4\u00e4n asia n\u00e4in.&#8221; <\/p>\n<h5>Mill\u00e4 oikeudella v\u00e4it\u00e4t, ett\u00e4 tuot uuden liiton, uuden testamentin?<\/h5>\n<p>&#8220;Minulle on annettu t\u00e4m\u00e4 teht\u00e4v\u00e4 ja sisimm\u00e4ss\u00e4ni olevan <a title=\"Mit\u00e4 on Tietous?\" href=\"\/fi\/sanoma\/termit#knowledge\">Tietouden<\/a> kautta olen sen tunnistanut ja sen hyv\u00e4ksynyt. Mutta vastuu, joka t\u00e4m\u00e4n uuden testamentin maailmaan tuomiseen liittyy, on ollut valtaisa. Se on ollut minulle suuri taakka.&#8221;<\/p>\n<h5>Kuinka t\u00e4m\u00e4 uusi Sanoma eroaa muista opetuksista?<\/h5>\n<p>&#8220;Se on erilainen, koska se kertoo <a href=\"\/fi\/sanoma\/termit#gc\">Suuryhteis\u00f6n (universumi)<\/a> el\u00e4m\u00e4st\u00e4 ja hengellisyydest\u00e4 ja koska se edustaa <a href=\"\/fi\/sanoma\/termit#knowledge\">Tietoutta<\/a> ja viisautta, joka ylitt\u00e4\u00e4 sen, mit\u00e4 ihmiskunta on t\u00e4h\u00e4n menness\u00e4 pystynyt vakiinnuttamaan.&#8221;<\/p>\n<h5>Onko t\u00e4m\u00e4n tarkoitus korvata maailman uskonnot?<\/h5>\n<p>&#8220;Ei, uuden Sanoman tarkoitus on antaa maailman uskonnollisille traditioille laajempi toimintapiiri, avarampi n\u00e4k\u00f6kulma ja suurempi konteksti, jossa ne voivat jatkaa olemassaoloaan, kasvuaan ja kehittymist\u00e4\u00e4n.&#8221;<\/p>\n<h5>Mit\u00e4 tarkoitat &#8220;Suuryhteis\u00f6ll\u00e4&#8221;?<\/h5>\n<p>&#8220;T\u00e4m\u00e4 on universumin \u00e4lyllisen el\u00e4m\u00e4n suurempi areena, johon ihmiskunta on nyt astumassa.&#8221;<\/p>\n<h5>Kuinka sinusta tuli p\u00e4tev\u00e4 olemaan se, joka valittiin tuomaan t\u00e4m\u00e4?<\/h5>\n<p>&#8220;Minut valittiin ja sen j\u00e4lkeen minut valmisteltiin.&#8221;<\/p>\n<h5>Oletko sin\u00e4 ainoa, joka on vastaanottanut t\u00e4m\u00e4n uuden Sanoman?<\/h5>\n<p>&#8220;Vaikkakin monia ihmisi\u00e4 on kutsuttu minua auttamaan, olen ainoa.&#8221;<\/p>\n<h5>Millaista on olla yhteydess\u00e4 Luojan enkeleihin?<\/h5>\n<p>&#8220;Sit\u00e4 ei voi verrata mihink\u00e4\u00e4n maailmassa. Sen kuvaamiseeen ei ole sanoja.&#8221;<\/p>\n<h5>Oletko t\u00e4ydellinen ihminen?<\/h5>\n<p>&#8220;Olen ep\u00e4t\u00e4ydellinen, mutta se mit\u00e4 edustan on silti t\u00e4ydellist\u00e4. Ihmisen kekseli\u00e4isyys ja manipulaatiot eiv\u00e4t siihen yll\u00e4. Se on Luojan lahja kamppailevalle ihmiskunnalle.&#8221;<\/p>\n<h5>Kuka sin\u00e4 olet sanomaan n\u00e4in? Olet vain mies? Luuletko olevasi Jumala?<\/h5>\n<p>&#8220;Ei, en ole Jumala. Olen mies, joka valittiin tekem\u00e4\u00e4n t\u00e4m\u00e4, ja se on ollut minulle hyvin vaikeaa. Ja koska olen joutunut kokemaan niin paljon ep\u00e4ilyst\u00e4, ep\u00e4luuloja ja v\u00e4lttely\u00e4 ja kielt\u00e4mist\u00e4 muiden taholta, se on edelleenkin vaikeaa minulle. Mutta minun on edustettava Jumalan uutta Sanomaa, koska tied\u00e4n sen olevan totta. N\u00e4in olen n\u00e4hnyt. Se on n\u00e4ytetty minulle.&#8221;<\/p>\n<h5>Kuka sit\u00e4 sinulle n\u00e4ytt\u00e4\u00e4? Huijataanko sinua?<\/h5>\n<p>&#8220;Ei. Kun kerran on kokenut Jumalan ja Jumalan enkelien l\u00e4sn\u00e4olon niin ei silloin ole mit\u00e4\u00e4n ep\u00e4ilyst\u00e4.&#8221;<\/p>\n<h5>Uskotko sitten Jeesukseen Kristukseen?<\/h5>\n<p>&#8220;No, edustan h\u00e4nen tahtoaan t\u00e4ss\u00e4 asiassa, sill\u00e4 h\u00e4n valvoo ihmiskunnan valmistautumista <a href=\"\/fi\/sanoma\/termit#gc\">Suuryhteis\u00f6\u00e4<\/a> varten yhdess\u00e4 muiden ihmiskunnan suurten henkisten l\u00e4hettil\u00e4iden kanssa.&#8221;<\/p>\n<h5>Mit\u00e4 sanot ihmisille, jotka eiv\u00e4t usko sinua?<\/h5>\n<p>&#8220;Voihan sit\u00e4 ep\u00e4ill\u00e4 minua tai kyseenalaistaa minut, mutta se ei ole asian ydin, koska min\u00e4 vain v\u00e4lit\u00e4n <a href=\"\/fi\/sanoma\/\">uuden Sanoman<\/a>. On oltava tekemisiss\u00e4 uuden Sanoman kanssa. Jos ei halua olla tekemisiss\u00e4 uuden Sanoman kanssa, tai jos pelk\u00e4\u00e4 uutta Sanomaa, tai ei pysty sit\u00e4 k\u00e4sittelem\u00e4\u00e4n, niin silloin laittaa kaiken huomionsa viestintuojaan. Mutta t\u00e4m\u00e4 ei ole se ydinasia. Olen ihminen. Olen erehtyv\u00e4inen. L\u00f6yd\u00e4t minusta vikoja, jos sit\u00e4 toivot. Mutta siltikin on kysymys siit\u00e4, ett\u00e4 et kykene k\u00e4sittelem\u00e4\u00e4n uutta Sanomaa.&#8221;<\/p>\n<h5>Mit\u00e4 sellaista uusi Sanoma kertoo, mit\u00e4 emme ole jo aiemmin kuulleet menneisyyden suurilta opettajilta?<\/h5>\n<p>&#8220;Jumalan uusi Sanoma kertoo meille, ett\u00e4 olemme astumassa esiin universumin \u00e4lyllisen el\u00e4m\u00e4n Suuryhteis\u00f6\u00f6n, ett\u00e4 maailmaan on soluttautumassa ulkopuolisia voimia, jotka vastustavat ihmisten vapautta, ja ett\u00e4 edess\u00e4mme on ymp\u00e4rist\u00f6n ja talouden suuret Muutosaallot<\/a>, jotka luovat tulevaisuuden, joka on erilainen kuin menneisyys. N\u00e4ihin kolmeen tapahtumaan ihmiset ja kansakunnat ovat valmistautumattomia, ja siksi Jumalan uusi Sanoma on maailmassa.&#8221;<\/p>\n<h5>Puhut ulkoavaruuden olennoista, jotka parhaillaan vierailevat maailmassamme. Ovatko he t\u00e4\u00e4ll\u00e4 auttamassa meit\u00e4 ongelmissamme?<\/h5>\n<p>Silt\u00e4 se saattaa n\u00e4ytt\u00e4\u00e4, ett\u00e4 he auttavat, mutta ainoastaan saadakseen uskollisuutemme.<\/p>\n<h5>Onko kukaan ulkoavaruuden olento (ET) siis hyv\u00e4ksi meille?<\/h5>\n<p>&#8220;Kyll\u00e4, mutta n\u00e4ihin eiv\u00e4t kuulu ne, jotka sekaantuvat ihmisten asioihin.&#8221;<\/p>\n<h5>Miksi sanomasi tuodaan esille nyt?<\/h5>\n<p>&#8220;<a title=\"The Greater Darkness Upon the World\" href=\"\/fi\/sanoma\/termit#darkness\">Suurempi Pimeys<\/a> on maailmassa. Se on toista kuin mik\u00e4\u00e4n, mit\u00e4 ihmiskunta on aiemmin kohdannut. Kontakti on alkanut, mutta se on kontakti, joka ei kest\u00e4 p\u00e4iv\u00e4nvaloa. Lis\u00e4ksi edess\u00e4 ovat yhteen liittyv\u00e4t suuret Muutosaallot, ilmastonmuutos, ymp\u00e4rist\u00f6n tilan heikkeneminen, hupenevat ruoka- ja energiavarat sek\u00e4 lis\u00e4\u00e4ntyv\u00e4 konfliktien ja sotien uhka.<\/p>\n<p>Sanomani tulee <a href=\"\/fi\/sanoma\/termit#aa\">Luojan Enkeleilt\u00e4<\/a>, jotka kiireesti yritt\u00e4v\u00e4t mahdollistaa sen, ett\u00e4 ihmiskunta tunnistaisi t\u00e4m\u00e4n ja olisi valmis kohtaamaan n\u00e4m\u00e4 uudet realiteetit viisaasti ja selke\u00e4sti. N\u00e4m\u00e4 ovat suurimmat tapahtumat koko ihmiskunnan historiassa, mutta ihmiskunta on valmistautumaton.&#8221;<\/p>\n<h5>Mist\u00e4 Uusi Sanoma puhuu?<\/h5>\n<p>&#8220;Se puhuu ihmisen syvemm\u00e4st\u00e4 hengellisyydest\u00e4 ja universumin el\u00e4m\u00e4n hengellisyydest\u00e4. Se puhuu yksil\u00f6llisest\u00e4 vapaudesta ja ihmiskunnan vapauden turvaamisesta. Se puhuu ihmiskunnan yhdistymisest\u00e4 puolustamaan itse\u00e4\u00e4n maailman s\u00e4ilytt\u00e4miseksi. Se puhuu maailmassa olevan suuremman Pimeyden kohtaamisesta ja sen vastapainona olemisesta.&#8221;<\/p>\n<h5>Miksi kutsut t\u00e4t\u00e4 suuremmaksi Pimeydeksi?<\/h5>\n<p>&#8220;Koska se on erilaista ja vaarallisempaa kuin mik\u00e4\u00e4n mit\u00e4 ihmiskunta on koskaan aiemmin kohdannut. Emme ole en\u00e4\u00e4 yksin universumissa tai edes omassa maailmassanne. Eristyneisyytemme on ohi.&#8221;<\/p>\n<h5>Mik\u00e4 on Jumalan tahto ihmiskunnalle?<\/h5>\n<p>&#8220;Luoja tahtoisi, ett\u00e4 ihmiskunta olisi valmistautunut suuriin Muutosaltoihin ja kohtaamiseensa universumin el\u00e4m\u00e4n realiteettien kanssa. Luoja on l\u00e4hett\u00e4nyt varoituksen, siunauksen ja valmistelun. Yhdess\u00e4 n\u00e4m\u00e4 edustavat uutta Pyh\u00e4\u00e4 Ilmoitusta ihmiskunnalle.&#8221;<\/p>\n<h5>Kuinka t\u00e4m\u00e4 eroaa muista opetuksista?<\/h5>\n<p>&#8220;Se on erilainen, koska se on opetus Suuryhteis\u00f6n hengellisyydest\u00e4, joka edustaa Jumalan tahtoa toiminnassa siin\u00e4 laajemmassa universumissa, jossa me el\u00e4mme. Se on harvinainen lahja, joka on tullut juuri oikeaan aikaan.&#8221;<\/p>\n<h5>Kauanko kest\u00e4\u00e4 oppia t\u00e4m\u00e4 opetus?<\/h5>\n<p>&#8220;No, se riippuu siit\u00e4 mit\u00e4 henkil\u00f6 on oppinut t\u00e4h\u00e4n menness\u00e4 ja siit\u00e4 kuinka paljon on poisopittavaa.&#8221;<\/p>\n<h5>Pid\u00e4tk\u00f6 itse\u00e4si avatarina, pyhimyksen\u00e4 tai pelastajana?<\/h5>\n<p>&#8220;En. Olen t\u00e4\u00e4ll\u00e4 tuomassa uutta Sanomaa maailmaan. Ei enemp\u00e4\u00e4, eik\u00e4 v\u00e4hemp\u00e4\u00e4.&#8221;<\/p>\n<h5>Kuinka valmistauduit t\u00e4h\u00e4n?<\/h5>\n<p>&#8220;Minut valmisteltiin suurin ja mystisin tavoin.&#8221;<\/p>\n<h5>T\u00e4ytyyk\u00f6 kaikkien kuulla sanomasi? Onko se kaikille?<\/h5>\n<p>&#8220;Kyll\u00e4 se on kaikille, mutta vain muutamat pystyv\u00e4t aivan alussa tunnistamaan t\u00e4m\u00e4n lahjan Luojalta ja sen, miksi sit\u00e4 niin kovasti tarvitaan maailmassa t\u00e4h\u00e4n aikaan. Kyseess\u00e4 on suuri kutsumus!&#8221;<\/p>\n<h5>Onko t\u00e4m\u00e4 ainoa tapa valmistautua niihin asioihin, joista puhut?<\/h5>\n<p>&#8220;T\u00e4m\u00e4n Tien Luoja on antanut.&#8221;<\/p>\n<h5>Miksi meid\u00e4n pit\u00e4isi olla valmistautuneita Suuryhteis\u00f6\u00f6n?<\/h5>\n<p>&#8220;Koska maapallon ulkopuoliset voimat <a href=\"\/fi\/sanoma\/termit#gc\">Suuryhteis\u00f6st\u00e4<\/a> ovat maailmassa t\u00e4n\u00e4\u00e4n pyrkien saamaan vaikutusvaltaa ja kontrollia t\u00e4\u00e4ll\u00e4 kumouksellisen toiminnan ja petoksen kautta. Ihmiskunta, jolla on edess\u00e4\u00e4n taantuva maailma, on haavoittuva t\u00e4lle taivuttelulle. Ihmiskunnan t\u00e4ytyy tunnistaa t\u00e4m\u00e4 Interventio ja toimia sit\u00e4 vastaan yll\u00e4pit\u00e4\u00e4kseen vapauttaan ja itsem\u00e4\u00e4r\u00e4\u00e4misoikeuttaan suurempien v\u00e4liintulevien voimien l\u00e4sn\u00e4ollessa &#8221;<\/p>\n<h5>T\u00e4m\u00e4 kyll\u00e4 kuulostaa tosi pelottavalta.<\/h5>\n<p>&#8220;Ei se ole pelottavaa. Se on yksinkertaisesti totuus. Jos k\u00e4yt\u00e4t aikaa katsoaksesi t\u00e4t\u00e4 ilman pelkoa tai mielipiteit\u00e4, tilanne selkenee sinulle.&#8221;<\/p>\n<h5>T\u00e4m\u00e4n kyll\u00e4 pit\u00e4isi olla rakkaudellisempaa. Ei kuulosta minusta rakastavalta.<\/h5>\n<p>&#8220;Se on yksinkertaisesti totuus, ja min\u00e4 olen rakastava esitt\u00e4ess\u00e4ni sen teille. Uusi Sanoma on valtavan rakkauden lahja Luojalta. T\u00e4m\u00e4n rakkauden on tarkoitus pelastaa ihmiskunta suuresta vaarasta ja valmistaa ihmiskunta suurempaa tulevaisuutta ja kohtaloa varten Suuryhteis\u00f6ss\u00e4.&#8221;<\/p>\n<h5>Kuinka tied\u00e4t, ett\u00e4 sanomasi ja roolisi ovat todellisia?<\/h5>\n<p>&#8220;Tied\u00e4n sen, koska se on minulle paljastettu.&#8221;<\/p>\n<h5>Ja kuka on sen sinulle paljastanut?<\/h5>\n<p>&#8220;Jumalan enkelit ovat paljastaneet sen minulle ja se on paljastettu sinulle uudessa Sanomassa.\u201d<\/p>\n<h5>Miksi meid\u00e4n pit\u00e4isi uskoa t\u00e4h\u00e4n sinun sanomaasi?<\/h5>\n<p>&#8220;Kyseess\u00e4 ei olekaan uskonasia. Kysymys on tunnistamisesta ja <a title=\"What is Knowledge?\" href=\"\/fi\/sanoma\/termit#knowledge\">Tietoudesta<\/a>. Jos voit kokea t\u00e4m\u00e4n syd\u00e4mess\u00e4si, silloin tied\u00e4t ett\u00e4 olen aito sinulle.&#8221;<\/p>\n<h5>Etk\u00f6 siis vain yrit\u00e4 koota rahaa ja tulla varakkaaksi ja hy\u00f6ty\u00e4 ihmisist\u00e4?<\/h5>\n<p>&#8220;Ei, min\u00e4 en rikastu t\u00e4st\u00e4 ty\u00f6st\u00e4. Se on suuri taakka ja uhraus minulle ja perheelleni. Olemme maksaneet siit\u00e4 suuren hinnan. Ja kuitenkin olen t\u00e4\u00e4ll\u00e4 antaakseni ihmisille jotain, mit\u00e4 he eiv\u00e4t voisi l\u00f6yt\u00e4\u00e4 mist\u00e4\u00e4n muualta.&#8221;<\/p>\n<h5>Mit\u00e4 t\u00e4m\u00e4n uuden Sanoman opiskelu sitten antaisi minulle?<\/h5>\n<p>&#8220;Se antaa sinulle rohkeutta. Se antaa el\u00e4m\u00e4llesi suunnan. Se antaa keinot, joilla voit oppia tulemaan viisaaksi, rakastavaksi ja my\u00f6t\u00e4tuntoiseksi. Se auttaa sinua suojelemaan maailmaa, jota nyt uhkaavat niin ulkopuoliset voimat kuin ihmisen oma tiet\u00e4m\u00e4tt\u00f6myys ja hyv\u00e4ksik\u00e4ytt\u00f6. Jos n\u00e4m\u00e4 asiat ovat t\u00e4rkeit\u00e4 sinulle, silloin olet mahdollisesti l\u00f6yt\u00e4nyt tien.&#8221;<\/p>\n<h5>Mit\u00e4 sanot ihmisille, jotka syytt\u00e4v\u00e4t sinua jostain?<\/h5>\n<p>&#8220;Sanon heille: Lukekaa Jumalan uusi Sanoma kokonaisuudessaan. Olkaa sen kanssa avoimin mielin. Sen j\u00e4lkeen kuuntelen moitteenne.&#8221;<\/p>\n<h5>Eik\u00f6 k\u00e4sityksesi ET vierailijoista ole kuitenkin ylen negatiivinen?<\/h5>\n<p>&#8220;Ei, esit\u00e4n vain suuremman totuuden aiheesta. Ei ole kyse positiivisuudesta tai negatiivisuudesta. Se on sinun oma reaktiosi.&#8221;<\/p>\n<h5>Mik\u00e4 on vastauksesi niille, jotka v\u00e4itt\u00e4v\u00e4t, ett\u00e4 keksit t\u00e4m\u00e4n kaiken?<\/h5>\n<p>&#8220;Sanon, ett\u00e4 maailmassa ei ole ainuttakaan ihmist\u00e4, jolla olisi se viisaus ja <a href=\"\/fi\/sanoma\/termit#knowledge\">Tietous<\/a>, joka uuteen Sanomaan sis\u00e4ltyy. Se on liian suuri, se on liian syv\u00e4 ja se on liian todellinen. Sill\u00e4 on voima muuttaa el\u00e4m\u00e4si t\u00e4ysin.&#8221;<\/p>\n<h5>No miss\u00e4 sitten ovat todisteet t\u00e4st\u00e4 suuresta uhasta, josta puhut?<\/h5>\n<p>&#8220;Ihmiset kaikkialla maailmassa tiet\u00e4v\u00e4t, ett\u00e4 maailmassa jotain pahasti vialla. Samaan aikaan kun ihmiset syyttelev\u00e4t t\u00e4st\u00e4 toisiaan, ihmiskunnalla on edess\u00e4\u00e4n paljon suurempi uhka ulkopuolelta. Todisteet ovat kaikkialla ymp\u00e4rill\u00e4mme. Mutta n\u00e4hd\u00e4kseen on katsottava selkein silmin \u2014 vailla pelkoa, mielipiteit\u00e4 tai tuomitsemista.&#8221;<\/p>\n<h5>Kuinka ihmiset voivat l\u00f6yt\u00e4\u00e4 korkeamman tarkoituksensa el\u00e4m\u00e4ss\u00e4?<\/h5>\n<p>&#8220;Lahja on sisimm\u00e4ss\u00e4si. <a title=\"Steps To Knowledge\" href=\"\/fi\/sanoma\/kokoelma-3\/askelet-tietouteen\">Tietouden Tie<\/a> on siell\u00e4. Tien voi vain tuntea. Ja jotta sen voi tuntea, on oltava perusta <a href=\"\/fi\/sanoma\/termit#knowledge\">Tietoudessa<\/a>. Siksi otamme <em><a href=\"\/\/stepstoknowledge.com\">Askelet Tietouteen<\/a><\/em>. Ei ole kyse mielipiteest\u00e4 tai n\u00e4k\u00f6kulmasta. On kyse totuuden tunnistamisesta kasvoista kasvoihin ja sen syv\u00e4st\u00e4 kokemisesta. Siisp\u00e4 heille, jotka voivat n\u00e4hd\u00e4, kuulla ja reagoida, on olemassa &#8220;Tie&#8221;, josta voi l\u00f6yt\u00e4\u00e4 sen mink\u00e4 syvimmin tiet\u00e4\u00e4 ja mit\u00e4 on tullut t\u00e4nne tekem\u00e4\u00e4n. Voit vapaasti olla eri mielt\u00e4 kanssani ja kyseenalaistaa minut, mutta et tied\u00e4 mit\u00e4 min\u00e4 tied\u00e4n, etk\u00e4 n\u00e4e mit\u00e4 min\u00e4 n\u00e4en ennen kuin olet edistynyt siin\u00e4 valmistelussa, jonka uusi Sanoma antaa.&#8221;<\/p>\n<h5>Mit\u00e4 on viisaus?<\/h5>\n<p>&#8220;Viisaus on kyky\u00e4 el\u00e4\u00e4 Tietouden kanssa.&#8221;<\/p>\n<h5>Ent\u00e4 mit\u00e4 Tietous on?<\/h5>\n<p>&#8220;Se on el\u00e4mist\u00e4 Viisauden kanssa.&#8221;<\/p>\n<h5>Niin, tuo ei vastaa kysymykseeni<\/h5>\n<p>&#8220;On olemassa vain yksi vastaus kysymykseesi ja se on tehd\u00e4 t\u00e4m\u00e4 matka. Tunnet Viisauden vain oppimalla Viisautta. Tunnet Tietouden vain p\u00e4\u00e4sem\u00e4ll\u00e4 suhteeseen sen kanssa. Ei ole mit\u00e4\u00e4n muuta tapaa.&#8221;<\/p>\n<h5>Mit\u00e4 olet t\u00e4\u00e4ll\u00e4 tekem\u00e4ss\u00e4?<\/h5>\n<p>&#8220;Olen ihmiskunnalle annetun uuden pyh\u00e4n Sanoman edustaja. Teht\u00e4v\u00e4ni on jakaa t\u00e4m\u00e4 suuri lahja niin monelle ihmiselle kuin mahdollista. Se on Luojan Sanoma kaikille meille.&#8221;<\/p>\n<h5>Mit\u00e4 t\u00e4m\u00e4 uusi pyh\u00e4 Sanoma ihmisille tarjoaa?<\/h5>\n<p>&#8220;Se vie kohti laajempaa n\u00e4k\u00f6kulmaa. Se luo kontekstin, jossa voi l\u00f6yt\u00e4\u00e4 sen mit\u00e4 on tullut t\u00e4nne tekem\u00e4\u00e4n. Se antaa sinulle voiman n\u00e4hd\u00e4, tiet\u00e4\u00e4 ja toimia. Se antaa keinon l\u00f6yt\u00e4\u00e4 Tietous sisimm\u00e4st\u00e4si. Mutta sinun on teht\u00e4v\u00e4 matka. Et voi oppia n\u00e4it\u00e4 asioita vain kysym\u00e4ll\u00e4 minulta kysymyksi\u00e4 ja yritt\u00e4m\u00e4ll\u00e4 tulkita n\u00e4it\u00e4 ajatuksia.&#8221;<\/p>\n<h5>Mit\u00e4 sinulla on sanottavana ihmisille, jotka esitt\u00e4v\u00e4t vastaavanlaisia v\u00e4itteit\u00e4?<\/h5>\n<p>&#8220;T\u00e4m\u00e4 rooli on annettu yksin minulle, mutta voit auttaa maailmaa, jos niin aidosti tunnet haluavasi. Jokaisen on autettava ihmiskunnan itsem\u00e4\u00e4r\u00e4\u00e4misoikeuden ja vapauden s\u00e4ilytt\u00e4miseksi t\u00e4ss\u00e4 maailmassa.&#8221;<\/p>\n<h5>Ihmiset tulevat hy\u00f6kk\u00e4\u00e4m\u00e4\u00e4n sinua vastaan. Mik\u00e4 on vastauksesi heille?<\/h5>\n<p>&#8220;Jos ei pysty vastaanottamaan uutta Sanomaa Luojalta, niin silloin on katsottava omia vajavaisuuksiaan. T\u00e4m\u00e4 on pyh\u00e4 Sanoma t\u00e4lle ajalle ja tuleville ajoille. On Jumalan tahto, ett\u00e4 t\u00e4m\u00e4 tuodaan esille nyt.&#8221;<\/p>\n<h5>Kuinka ihmiset voivat olla varmoja sen suhteen mit\u00e4 sanot?<\/h5>\n<p>&#8220;Jos haluaa saada selvyyden, niin silloin on suoritettava valmistelu, jonka Luoja on antanut. Se on ainut tapa tiet\u00e4\u00e4, mit\u00e4 t\u00e4m\u00e4 merkitsee. Ilman sit\u00e4 vain arvailet ja arvailusi perustuvat pelkoihisi ja ennakkoluuloihisi, eik\u00e4 syvemp\u00e4\u00e4n kokemukseen.&#8221;<\/p>\n<h5>Oletko Mestari?<\/h5>\n<p>&#8220;En, <a href=\"\/fi\/sanoma\/termit#knowledge\">Tietous<\/a> on Mestari.&#8221;<\/p>\n<h5>Oletko sitten pyhimys?<\/h5>\n<p>&#8220;En ajattele itsest\u00e4ni t\u00e4ll\u00e4 tavoin.&#8221;<\/p>\n<h5>Miksi puhut niin varovaiseen tapaan?<\/h5>\n<p>&#8220;Koska jokainen sana on t\u00e4rke\u00e4 ilmaistaessa jotain n\u00e4in suurta. Jokaisen sanan tulee saada t\u00e4yttymyksens\u00e4 yrityksess\u00e4ni jakaa kanssasi jotain \u00e4\u00e4rimm\u00e4isen t\u00e4rke\u00e4\u00e4.&#8221;<\/p>\n<h5>Kuinka t\u00e4m\u00e4 pyh\u00e4 sanoma sai alkunsa?<\/h5>\n<p>&#8220;Aloitin urani opettamalla sokeita. Sitten er\u00e4\u00e4n\u00e4 p\u00e4iv\u00e4n\u00e4 minun t\u00e4ytyi lopettaa ja alkaa opettaa ihmissuhteista ja tunnistamisesta. Opetin sit\u00e4 jonkin aikaa, ja sitten minun t\u00e4ytyi lopettaa, ja aloin opettaa Itsen tuntemista ja Sis\u00e4ist\u00e4 ohjausta. 1982 pyh\u00e4 Sanoma alkoi. Se oli suurin haaste, jonka olin koskaan kohdannut.&#8221;<\/p>\n<h5>Miksi t\u00e4m\u00e4 on niin selitt\u00e4m\u00e4t\u00f6nt\u00e4?<\/h5>\n<p>&#8220;Se vaikuttaa selitt\u00e4m\u00e4tt\u00f6m\u00e4lt\u00e4, koska se on selitt\u00e4m\u00e4t\u00f6nt\u00e4, ja n\u00e4in Pyh\u00e4 Sanoma kuitenkin sai alkunsa.&#8221;<\/p>\n<h5>Miten t\u00e4m\u00e4 liittyy ihmisten p\u00e4ivitt\u00e4isiin tarpeisiin?<\/h5>\n<p>&#8220;<a href=\"\/fi\/sanoma\/termit#knowledge\">Tietouden<\/a> kehittyminen on ehdottomasti avainasemassa, jotta ihmiset voivat toimia varmuudella jokap\u00e4iv\u00e4isess\u00e4 el\u00e4m\u00e4ss\u00e4. Ihmissuhteissa, ty\u00f6ss\u00e4, omassa terveydess\u00e4 ja hengellisess\u00e4 tietoisuudessa tarvitset voimaa, jonka Luoja on antanut ohjaamaan ja suojaamaan sinua. Uusi Sanoma puhuu t\u00e4st\u00e4 ja antaa keinon oppia n\u00e4m\u00e4 asiat.&#8221;<\/p>\n<h5>Mik\u00e4 on se valmistelu, josta puhut?<\/h5>\n<p>&#8220;Se on valmistautuminen <a href=\"\/fi\/sanoma\/termit#gc\">Suuryhteis\u00f6\u00f6n<\/a> ja muuttuvaan maailmaan. Se on valmistelu ihmisille heid\u00e4n todellisen henkisen voimansa ja kykyns\u00e4 saavuttamiseksi suurien vastustavien voimien edess\u00e4.&#8221;<\/p>\n<h5>No mit\u00e4 ihmiset voivat tehd\u00e4 valmistautuakseen?<\/h5>\n<p>&#8220;Lue <a href=\"\/fi\/sanoma\/\">uutta Sanomaa<\/a>. Kuuntele uuden <a href=\"\/fi\/sanoma\/termit#voice\">Sanoman \u00c4\u00e4nt\u00e4<\/a>. Valmistaudu Tietouden tien mukaan. T\u00e4m\u00e4 johtaa siihen, ett\u00e4 l\u00f6yd\u00e4t sen mik\u00e4 on antisi ja osallistumisesi, mik\u00e4 jo sinussa ja odottaa l\u00f6yt\u00e4mist\u00e4\u00e4n. Mutta ensin on opittava tie. Et ole valmis.&#8221;<\/p>\n<h5>Kuinka voin selitt\u00e4\u00e4 uuden Sanoman toisille ihmisille?<\/h5>\n<p>&#8220;Voit kertoa heille, ett\u00e4 Luoja on l\u00e4hett\u00e4nyt varoituksen, siunauksen sek\u00e4 valmistelun vastauksena maailman muuttuviin tapahtumiin ja siihen uuteen kynnykseen, joka ihmiskunnalla on edess\u00e4\u00e4n universumin el\u00e4m\u00e4n kohtaamisessa.<\/p>\n<p>Voit kertoa heille, ett\u00e4 uusi Sanoma ei perustu mihink\u00e4\u00e4n tiettyyn uskonnolliseen traditioon tai opetukseen. Se korostaa niit\u00e4 perustavanlaatuisia totuuksia, joka niill\u00e4 on yhteist\u00e4 ja esitt\u00e4\u00e4 samalla sellaisen uuden ymm\u00e4rryksen Tietoudesta ja Viisaudesta, jota ei ole ihmiskunnalle aiemmin annettu. Nykyiset uskonnolliset perinteemme eiv\u00e4t voi sellaisenaan valmistaa ihmiskuntaa Suuryhteis\u00f6\u00f6n tai siihen suureen muutokseen, joka on maailmaan tulossa. Siksi uusi Sanoma on l\u00e4hetetty.<\/p>\n<p>Voit kertoa heille, ett\u00e4 uusi Sanoma korostaa Tietouden ensisijaisuutta, erottelukyky\u00e4, ihmissuhteita ja tunnistamista ja sit\u00e4 kuinka elet\u00e4\u00e4n varmoina, vahvoina ja viisaasti valmistautuessamme tulevaisuuteen, joka tulee olemaan erilainen kuin mik\u00e4\u00e4n, mit\u00e4 aiemmin on n\u00e4hty.&#8221;<\/p>\n","protected":false},"excerpt":{"rendered":"<p>Mist\u00e4 uusi Sanoma on per\u00e4isin? &#8220;Jumalan enkelit ovat sen minulle paljastaneet, voimallinen, mystinen L\u00e4sn\u00e4olo joka t\u00e4ytti mieleni ja ymp\u00e4r\u00f6iv\u00e4n tilan armollaan.&#8221; V\u00e4it\u00e4t edustavasi uutta Sanomaa Jumalalta. Kuinka voit esitt\u00e4\u00e4 t\u00e4llaisen v\u00e4itteen? &#8220;Luojan enkelit antoivat minulle uuden Sanoman. Se on uusi Pyh\u00e4 Ilmoitus ihmiskunnalle. Minua opastettiin esitt\u00e4m\u00e4\u00e4n asia n\u00e4in.&#8221; Mill\u00e4 oikeudella v\u00e4it\u00e4t, ett\u00e4 tuot uuden liiton,\u2026 <a class=\"read-more\" href=\"https:\/\/www.v6.newmessage.org\/fi\/kuka-on-marshall-vian-summers\/sanantuojan-haastattelu\/\"><span>Read More<\/span><\/a><\/p>\n","protected":false},"author":22,"featured_media":0,"parent":12766,"menu_order":0,"comment_status":"closed","ping_status":"closed","template":"template-leftsidebar.php","meta":{"_monsterinsights_skip_tracking":false,"_monsterinsights_sitenote_active":false,"_monsterinsights_sitenote_note":"","_monsterinsights_sitenote_category":0,"footnotes":""},"categories":[81,84],"tags":[258],"_links":{"self":[{"href":"https:\/\/www.v6.newmessage.org\/fi\/wp-json\/wp\/v2\/pages\/27285"}],"collection":[{"href":"https:\/\/www.v6.newmessage.org\/fi\/wp-json\/wp\/v2\/pages"}],"about":[{"href":"https:\/\/www.v6.newmessage.org\/fi\/wp-json\/wp\/v2\/types\/page"}],"author":[{"embeddable":true,"href":"https:\/\/www.v6.newmessage.org\/fi\/wp-json\/wp\/v2\/users\/22"}],"replies":[{"embeddable":true,"href":"https:\/\/www.v6.newmessage.org\/fi\/wp-json\/wp\/v2\/comments?post=27285"}],"version-history":[{"count":6,"href":"https:\/\/www.v6.newmessage.org\/fi\/wp-json\/wp\/v2\/pages\/27285\/revisions"}],"predecessor-version":[{"id":27291,"href":"https:\/\/www.v6.newmessage.org\/fi\/wp-json\/wp\/v2\/pages\/27285\/revisions\/27291"}],"up":[{"embeddable":true,"href":"https:\/\/www.v6.newmessage.org\/fi\/wp-json\/wp\/v2\/pages\/12766"}],"wp:attachment":[{"href":"https:\/\/www.v6.newmessage.org\/fi\/wp-json\/wp\/v2\/media?parent=27285"}],"wp:term":[{"taxonomy":"category","embeddable":true,"href":"https:\/\/www.v6.newmessage.org\/fi\/wp-json\/wp\/v2\/categories?post=27285"},{"taxonomy":"post_tag","embeddable":true,"href":"https:\/\/www.v6.newmessage.org\/fi\/wp-json\/wp\/v2\/tags?post=27285"}],"curies":[{"name":"wp","href":"https:\/\/api.w.org\/{rel}","templated":true}]}}