{"id":27126,"date":"2017-10-22T13:42:18","date_gmt":"2017-10-22T13:42:18","guid":{"rendered":"http:\/\/www.newmessage.org\/finnish-international\/?page_id=27126"},"modified":"2017-10-22T13:55:02","modified_gmt":"2017-10-22T13:55:02","slug":"sanoman-kaannosprosessista","status":"publish","type":"page","link":"https:\/\/www.v6.newmessage.org\/fi\/sanomasta\/sanoman-kaannosprosessista\/","title":{"rendered":"Uuden Sanoman k\u00e4\u00e4nn\u00f6sprosessista"},"content":{"rendered":"<p>Sanantuoja Marshall Vian Summers on ottanut vastaan uutta Sanomaa Jumalalta vuodesta 1983. Jumalan uusi Sanoma on suurin pyh\u00e4 Sanoma, joka koskaan on ihmiskunnalle annettu, t\u00e4ll\u00e4 kertaa annettu lukutaitoiselle globaalin viestinn\u00e4n ja kasvavan globaalin ymm\u00e4rryksen maailmalle. Sit\u00e4 ei ole annettu vain yhdelle heimolle, yhdelle kansakunnalle tai yhdelle uskontokunnalle, vaan saavuttamaan koko maailma. T\u00e4t\u00e4 varten tarvitaan k\u00e4\u00e4nn\u00f6ksi\u00e4 niin monelle kielelle kuin mahdollista.<\/p>\n<p>Pyh\u00e4n Sanoman ilmestyksenomainen prosessi on paljastettu ensimm\u00e4ist\u00e4 kertaa historiassa. T\u00e4ss\u00e4 erityislaatuisessa prosessissa Jumalan L\u00e4sn\u00e4olo kommunikoi sanattomasti Enkelien Yhteis\u00f6lle, joka valvoo maailmaa. T\u00e4m\u00e4n j\u00e4lkeen Yhteis\u00f6 k\u00e4\u00e4nt\u00e4\u00e4 kommunikaation ihmiskielelle ja ilmaisee kaiken yhteisesti Sanantuojansa kautta, jonka \u00e4\u00e4nest\u00e4 tulee t\u00e4m\u00e4n suuremman \u00c4\u00e4nen v\u00e4likappale &#8211; Sanoman \u00c4\u00e4neksi. Sanat puhutaan englanniksi ja nauhoitetaan suoraan \u00e4\u00e4nitiedostoksi, ja sen j\u00e4lkeen ne kirjoitetaan puhtaaksi ja julkaistaan Uuden Sanoman tekstein\u00e4 ja \u00e4\u00e4nitiedostoina. T\u00e4ll\u00e4 tavoin Jumalan alkuper\u00e4isen Sanoman puhtaus s\u00e4ilyy ja voidaan antaa kaikille ihmisille.<\/p>\n<p>Ja lis\u00e4ksi on olemassa my\u00f6s k\u00e4\u00e4nn\u00f6sprosessi. Koska alkuper\u00e4inen Sanoma on annettu englanniksi, on t\u00e4m\u00e4 perustana kaikille ihmiskunnan kielien k\u00e4\u00e4nn\u00f6ksille. Koska maailmassamme puhutaan monia kieli\u00e4, ovat k\u00e4\u00e4nn\u00f6kset v\u00e4ltt\u00e4m\u00e4tt\u00f6mi\u00e4 viet\u00e4ess\u00e4 uutta Sanomaa ihmisille kaikkialle. Uuden Sanoman opiskelijat ovat tarttuneet vapaaehtoisesti toimeen k\u00e4\u00e4nt\u00e4\u00e4kseen Sanomaa omille \u00e4idinkielilleen.<\/p>\n<p>T\u00e4ss\u00e4 historian vaiheessa Society ei pysty maksamaan n\u00e4in laajan Sanoman k\u00e4\u00e4nn\u00f6ksist\u00e4 n\u00e4in monille kielille &#8211; Sanoman, jonka on tavoitettava maailma kriittisen kiireellisesti. T\u00e4m\u00e4n lis\u00e4ksi Society uskoo my\u00f6s, ett\u00e4 k\u00e4\u00e4nt\u00e4jiemme on t\u00e4rke\u00e4\u00e4 olla uuden Sanoman opiskelijoita ymm\u00e4rt\u00e4\u00e4kseen ja kokeakseen, niin paljon kuin mahdollista, sen ydinolemusta mit\u00e4 ollaan k\u00e4\u00e4nt\u00e4m\u00e4ss\u00e4.<\/p>\n<p>Ottaen huomioon kiireellisyyden ja tarpeen jakaa uusi Sanoma kautta maailman, kutsumme lis\u00e4\u00e4 k\u00e4\u00e4nn\u00f6sapua parantaaksemme uuden Sanoman tavoitettavuutta maailmassa, tuomaan lis\u00e4\u00e4 uutta Sanomaa niille kielille, joissa k\u00e4\u00e4nt\u00e4minen on jo alkanut ja my\u00f6s tuomaan uusia kieli\u00e4 mukaan. Ajan my\u00f6t\u00e4 pyrimme my\u00f6s kehitt\u00e4m\u00e4\u00e4n n\u00e4iden k\u00e4\u00e4nn\u00f6sten laatua. On viel\u00e4 paljon teht\u00e4v\u00e4\u00e4.<\/p>\n","protected":false},"excerpt":{"rendered":"<p>Sanantuoja Marshall Vian Summers on ottanut vastaan uutta Sanomaa Jumalalta vuodesta 1983. Jumalan uusi Sanoma on suurin pyh\u00e4 Sanoma, joka koskaan on ihmiskunnalle annettu, t\u00e4ll\u00e4 kertaa annettu lukutaitoiselle globaalin viestinn\u00e4n ja kasvavan globaalin ymm\u00e4rryksen maailmalle. Sit\u00e4 ei ole annettu vain yhdelle heimolle, yhdelle kansakunnalle tai yhdelle uskontokunnalle, vaan saavuttamaan koko maailma. T\u00e4t\u00e4 varten tarvitaan k\u00e4\u00e4nn\u00f6ksi\u00e4\u2026 <a class=\"read-more\" href=\"https:\/\/www.v6.newmessage.org\/fi\/sanomasta\/sanoman-kaannosprosessista\/\"><span>Read More<\/span><\/a><\/p>\n","protected":false},"author":22,"featured_media":0,"parent":12748,"menu_order":0,"comment_status":"closed","ping_status":"closed","template":"template-leftsidebar.php","meta":{"_monsterinsights_skip_tracking":false,"_monsterinsights_sitenote_active":false,"_monsterinsights_sitenote_note":"","_monsterinsights_sitenote_category":0,"footnotes":""},"categories":[],"tags":[615],"_links":{"self":[{"href":"https:\/\/www.v6.newmessage.org\/fi\/wp-json\/wp\/v2\/pages\/27126"}],"collection":[{"href":"https:\/\/www.v6.newmessage.org\/fi\/wp-json\/wp\/v2\/pages"}],"about":[{"href":"https:\/\/www.v6.newmessage.org\/fi\/wp-json\/wp\/v2\/types\/page"}],"author":[{"embeddable":true,"href":"https:\/\/www.v6.newmessage.org\/fi\/wp-json\/wp\/v2\/users\/22"}],"replies":[{"embeddable":true,"href":"https:\/\/www.v6.newmessage.org\/fi\/wp-json\/wp\/v2\/comments?post=27126"}],"version-history":[{"count":3,"href":"https:\/\/www.v6.newmessage.org\/fi\/wp-json\/wp\/v2\/pages\/27126\/revisions"}],"predecessor-version":[{"id":27130,"href":"https:\/\/www.v6.newmessage.org\/fi\/wp-json\/wp\/v2\/pages\/27126\/revisions\/27130"}],"up":[{"embeddable":true,"href":"https:\/\/www.v6.newmessage.org\/fi\/wp-json\/wp\/v2\/pages\/12748"}],"wp:attachment":[{"href":"https:\/\/www.v6.newmessage.org\/fi\/wp-json\/wp\/v2\/media?parent=27126"}],"wp:term":[{"taxonomy":"category","embeddable":true,"href":"https:\/\/www.v6.newmessage.org\/fi\/wp-json\/wp\/v2\/categories?post=27126"},{"taxonomy":"post_tag","embeddable":true,"href":"https:\/\/www.v6.newmessage.org\/fi\/wp-json\/wp\/v2\/tags?post=27126"}],"curies":[{"name":"wp","href":"https:\/\/api.w.org\/{rel}","templated":true}]}}