{"id":27118,"date":"2017-10-22T13:03:54","date_gmt":"2017-10-22T13:03:54","guid":{"rendered":"http:\/\/www.newmessage.org\/finnish-international\/?page_id=27118"},"modified":"2017-11-13T19:05:42","modified_gmt":"2017-11-13T19:05:42","slug":"jumala-on-puhunut-uudelleen","status":"publish","type":"page","link":"https:\/\/www.v6.newmessage.org\/fi\/sanoma\/kokoelma-1\/jumala-on-puhunut-uudelleen\/","title":{"rendered":"Jumala on puhunut uudelleen"},"content":{"rendered":"<p><em><img loading=\"lazy\" decoding=\"async\" width=\"200\" height=\"300\" class=\"size-medium wp-image-27058 imgborder alignright\" src=\"https:\/\/www.newmessage.org\/finnish-international\/wp-content\/uploads\/sites\/52\/2012\/06\/GHS-Finnish-frontcover-6x9-200x300.jpg\" alt=\"\" srcset=\"https:\/\/www.v6.newmessage.org\/fi\/wp-content\/uploads\/sites\/52\/2012\/06\/GHS-Finnish-frontcover-6x9-200x300.jpg 200w, https:\/\/www.v6.newmessage.org\/fi\/wp-content\/uploads\/sites\/52\/2012\/06\/GHS-Finnish-frontcover-6x9-768x1152.jpg 768w, https:\/\/www.v6.newmessage.org\/fi\/wp-content\/uploads\/sites\/52\/2012\/06\/GHS-Finnish-frontcover-6x9-400x600.jpg 400w, https:\/\/www.v6.newmessage.org\/fi\/wp-content\/uploads\/sites\/52\/2012\/06\/GHS-Finnish-frontcover-6x9-500x750.jpg 500w, https:\/\/www.v6.newmessage.org\/fi\/wp-content\/uploads\/sites\/52\/2012\/06\/GHS-Finnish-frontcover-6x9.jpg 1801w\" sizes=\"(max-width: 200px) 100vw, 200px\" \/>Jumala on puhunut uudelleen <\/em>aloittaa aloittaa Jumalan uuden Sanoman ihmiskunnalle. T\u00e4m\u00e4n kirjan sivuilla ja kappaleilla Jumala puhuu ihmiskunnalle uudelleen, julistaen varoituksen, siunauksen ja valmistelun uuteen maailmantodellisuuteen, tarkentaen Jumalan L\u00e4sn\u00e4olon todellisuutta, antaen Jumalallisen vastauksen lis\u00e4\u00e4ntyviin kriiseihin: sotiin, ymp\u00e4rist\u00f6tuhoon, uskonnollisiin selkkauksiin, ihmisten k\u00e4rsimykseen ja k\u00f6yhyyteen, jotka ovat nyt levi\u00e4m\u00e4ss\u00e4 eri puolilla maailmaa.<\/p>\n<p>T\u00e4m\u00e4 on uusi Sanoma Jumalalta. Se ei ole vain yhdelle heimolle, kansakunnalle tai uskonnolliselle ryhm\u00e4lle. Se on el\u00e4v\u00e4\u00e4 kommunikaatiota Jumalalta jokaisen miehen, naisen ja lapsen syd\u00e4meen maapallolla n\u00e4in\u00e4 aikoina ja tulevina aikoina. Se on alkuper\u00e4ist\u00e4 kommunikaatiota Pyh\u00e4lt\u00e4 L\u00e4sn\u00e4ololta, joka valvoo maailmaa ja on ohjannut ihmiskuntaa ammoisista ajoista l\u00e4htien.<\/p>\n<p>Vaikka se vaikuttaa k\u00e4dess\u00e4si kirjalta, <em>Jumala on puhunut uudelleen <\/em> on jotain paljon enemm\u00e4n. Se on alku el\u00e4v\u00e4lle kommunikaatiolle Jumalalta sinulle. T\u00e4ss\u00e4 kirjassa Jumalan L\u00e4sn\u00e4olo kutsuu sinua ja kaikkia ihmisi\u00e4, kutsuu mielesi ikiaikaisten k\u00e4yt\u00e4vien kautta, hengelliseen l\u00e4sn\u00e4oloon, joka el\u00e4\u00e4 sisimm\u00e4ss\u00e4si. T\u00e4m\u00e4 on kest\u00e4v\u00e4n kauneuden, vahvuuden ja vallan Sanoma, kaikkien niiden parannukseksi, jotka sen kykenev\u00e4t ottamaan vastaan. Sill\u00e4 Jumala tiet\u00e4\u00e4, mit\u00e4 maailmaan on tulossa, ja Jumala tiet\u00e4\u00e4 miksi sinut ja kaikki muut on l\u00e4hetetty maailmaan t\u00e4h\u00e4n aikaan valmistelemaan sit\u00e4 sellaista tulevaisuutta varten, joka on erilainen kuin menneisyys.<\/p>\n<p><em>Jumala on puhunut uudelleen <\/em> on ensimm\u00e4inen kirja Jumalan uuden Sanoman <a href=\"https:\/\/www.newmessage.org\/finnish-international\/sanoma\/kokoelma-1\/\">1. Kokoelmasta.<\/a><\/p>\n<h2><strong>Sis\u00e4llys<\/strong><\/h2>\n<div class=\"menu-books\">\n<p><a href=\"https:\/\/www.newmessage.org\/finnish-international\/sanoma\/kokoelma-1\/jumala-on-puhunut-uudelleen\/johdanto\">Johdanto<\/a><\/p>\n<p>1. Kappale: <a href=\"https:\/\/www.newmessage.org\/fi\/sanoma\/kokoelma-1\/jumala-on-puhunut-uudelleen\/julistus\">Julistus<\/a><\/p>\n<p>2. Kappale: <a href=\"https:\/\/www.newmessage.org\/fi\/sanoma\/kokoelma-1\/jumala-on-puhunut-uudelleen\/lausunta\">Lausunta<\/a><\/p>\n<p>3. Kappale: <a href=\"https:\/\/www.newmessage.org\/fi\/sanoma\/kokoelma-1\/jumala-on-puhunut-uudelleen\/sitoumus\">Sitoumus<\/a><\/p>\n<p>4. Kappale: <a href=\"https:\/\/www.newmessage.org\/fi\/sanoma\/kokoelma-1\/jumala-on-puhunut-uudelleen\/jumala-on-puhunut\">Jumala on puhunut uudelleen<\/a><\/p>\n<p>5. Kappale: <a href=\"https:\/\/www.newmessage.org\/fi\/sanoma\/kokoelma-1\/jumala-on-puhunut-uudelleen\/profeettojen-sinetti\">Profeettojen sinetti<\/a><\/p>\n<p>6. Kappale: <a href=\"https:\/\/www.newmessage.org\/fi\/sanoma\/kokoelma-1\/jumala-on-puhunut-uudelleen\/sanantuojan-missio\">Sanantuojan missio<\/a><\/p>\n<p>7. Kappale: <a href=\"https:\/\/www.newmessage.org\/fi\/sanoma\/kokoelma-1\/jumala-on-puhunut-uudelleen\/vihkimys\">Vihkimys<\/a><\/p>\n<p>8. Kappale: <a href=\"https:\/\/www.newmessage.org\/fi\/sanoma\/kokoelma-1\/jumala-on-puhunut-uudelleen\/siunaus\">Siunaus<\/a><\/p>\n<p>9. Kappale: <a href=\"https:\/\/www.newmessage.org\/fi\/sanoma\/kokoelma-1\/jumala-on-puhunut-uudelleen\/elaminen-suuren-sanoman-aikana\">El\u00e4minen suuren Sanoman aikana<\/a><\/p>\n<p>10. Kappale: <a href=\"https:\/\/www.newmessage.org\/fi\/sanoma\/kokoelma-1\/jumala-on-puhunut-uudelleen\/enkelien-yhteiso\">Enkelien Yhteis\u00f6<\/a><\/p>\n<p>11. Kappale: <a href=\"https:\/\/www.newmessage.org\/fi\/sanoma\/kokoelma-1\/jumala-on-puhunut-uudelleen\/jumalan-uusi-sanoma-maailmalle\">Jumalan uusi Sanoma maailmalle<\/a><\/p>\n<p>12. Kappale: <a href=\"https:\/\/www.newmessage.org\/fi\/sanoma\/kokoelma-1\/jumala-on-puhunut-uudelleen\/jumala-liikuttaa-ihmiskuntaa-uuteen-suuntaan\">Jumala liikuttaa ihmiskuntaa uuteen suuntaan<\/a><\/p>\n<p>13. Kappale: <a href=\"https:\/\/www.newmessage.org\/fi\/sanoma\/kokoelma-1\/jumala-on-puhunut-uudelleen\/maailman-taytyy-ottaa-vastaan-jumalan-uusi-sanoma\">Maailman t\u00e4ytyy ottaa vastaan Jumalan uusi Sanoma<\/a><\/p>\n<p>14. Kappale: <a href=\"https:\/\/www.newmessage.org\/fi\/sanoma\/kokoelma-1\/jumala-on-puhunut-uudelleen\/kutsumus\/\">Kutsumus<\/a><\/p>\n<\/div>\n","protected":false},"excerpt":{"rendered":"<p>Jumala on puhunut uudelleen aloittaa aloittaa Jumalan uuden Sanoman ihmiskunnalle. T\u00e4m\u00e4n kirjan sivuilla ja kappaleilla Jumala puhuu ihmiskunnalle uudelleen, julistaen varoituksen, siunauksen ja valmistelun uuteen maailmantodellisuuteen, tarkentaen Jumalan L\u00e4sn\u00e4olon todellisuutta, antaen Jumalallisen vastauksen lis\u00e4\u00e4ntyviin kriiseihin: sotiin, ymp\u00e4rist\u00f6tuhoon, uskonnollisiin selkkauksiin, ihmisten k\u00e4rsimykseen ja k\u00f6yhyyteen, jotka ovat nyt levi\u00e4m\u00e4ss\u00e4 eri puolilla maailmaa. T\u00e4m\u00e4 on uusi Sanoma Jumalalta.\u2026 <a class=\"read-more\" href=\"https:\/\/www.v6.newmessage.org\/fi\/sanoma\/kokoelma-1\/jumala-on-puhunut-uudelleen\/\"><span>Read More<\/span><\/a><\/p>\n","protected":false},"author":22,"featured_media":0,"parent":16287,"menu_order":0,"comment_status":"closed","ping_status":"closed","template":"template-leftsidebar.php","meta":{"_monsterinsights_skip_tracking":false,"_monsterinsights_sitenote_active":false,"_monsterinsights_sitenote_note":"","_monsterinsights_sitenote_category":0,"footnotes":""},"categories":[460],"tags":[601],"_links":{"self":[{"href":"https:\/\/www.v6.newmessage.org\/fi\/wp-json\/wp\/v2\/pages\/27118"}],"collection":[{"href":"https:\/\/www.v6.newmessage.org\/fi\/wp-json\/wp\/v2\/pages"}],"about":[{"href":"https:\/\/www.v6.newmessage.org\/fi\/wp-json\/wp\/v2\/types\/page"}],"author":[{"embeddable":true,"href":"https:\/\/www.v6.newmessage.org\/fi\/wp-json\/wp\/v2\/users\/22"}],"replies":[{"embeddable":true,"href":"https:\/\/www.v6.newmessage.org\/fi\/wp-json\/wp\/v2\/comments?post=27118"}],"version-history":[{"count":4,"href":"https:\/\/www.v6.newmessage.org\/fi\/wp-json\/wp\/v2\/pages\/27118\/revisions"}],"predecessor-version":[{"id":27238,"href":"https:\/\/www.v6.newmessage.org\/fi\/wp-json\/wp\/v2\/pages\/27118\/revisions\/27238"}],"up":[{"embeddable":true,"href":"https:\/\/www.v6.newmessage.org\/fi\/wp-json\/wp\/v2\/pages\/16287"}],"wp:attachment":[{"href":"https:\/\/www.v6.newmessage.org\/fi\/wp-json\/wp\/v2\/media?parent=27118"}],"wp:term":[{"taxonomy":"category","embeddable":true,"href":"https:\/\/www.v6.newmessage.org\/fi\/wp-json\/wp\/v2\/categories?post=27118"},{"taxonomy":"post_tag","embeddable":true,"href":"https:\/\/www.v6.newmessage.org\/fi\/wp-json\/wp\/v2\/tags?post=27118"}],"curies":[{"name":"wp","href":"https:\/\/api.w.org\/{rel}","templated":true}]}}