{"id":27104,"date":"2017-10-15T17:40:16","date_gmt":"2017-10-15T17:40:16","guid":{"rendered":"http:\/\/www.newmessage.org\/finnish-international\/?page_id=27104"},"modified":"2017-11-13T19:42:03","modified_gmt":"2017-11-13T19:42:03","slug":"yhteiso","status":"publish","type":"page","link":"https:\/\/www.v6.newmessage.org\/fi\/yhteiso\/","title":{"rendered":"Maailmanlaajuisesta yhteis\u00f6st\u00e4"},"content":{"rendered":"<p><a href=\"\/wp-content\/uploads\/2015\/08\/WWC-final.png\"><img loading=\"lazy\" decoding=\"async\" class=\"imgborder alignright \" src=\"\/wp-content\/uploads\/2015\/08\/WWC-final-400x600.png\" alt=\"Worldwide community of God's new message\" width=\"350\" height=\"525\" \/><\/a> <a name=\"aboutthewwc\"><\/a><br \/>\nMaailmanlaajuinen yhteis\u00f6 (Wordwide Community, WWC) on kaikista kansoista, kulttuuripiireist\u00e4 ja uskontokunnista koostuva avoin yhteis\u00f6, joka pyrkii ottamaan vastaan, opiskelemaan ja el\u00e4m\u00e4\u00e4n Jumalan uutta Sanomaa. Maailmanlaajuinen yhteis\u00f6 on avoin jokaiselle, joka vilpitt\u00f6m\u00e4sti pyrkii tutkimaan Jumalan uuden Sanoman tekstej\u00e4, opetuksia ja polkua.<\/p>\n<p>Yhteis\u00f6\u00f6n tutustut parhaiten <a href=\"https:\/\/www.community.newmessage.org\/\" target=\"_blank\" rel=\"noopener\">Yhteis\u00f6n sivuston<\/a> kautta, jonne voit luoda k\u00e4ytt\u00e4j\u00e4tunnukset.<\/p>\n","protected":false},"excerpt":{"rendered":"<p>Maailmanlaajuinen yhteis\u00f6 (Wordwide Community, WWC) on kaikista kansoista, kulttuuripiireist\u00e4 ja uskontokunnista koostuva avoin yhteis\u00f6, joka pyrkii ottamaan vastaan, opiskelemaan ja el\u00e4m\u00e4\u00e4n Jumalan uutta Sanomaa. Maailmanlaajuinen yhteis\u00f6 on avoin jokaiselle, joka vilpitt\u00f6m\u00e4sti pyrkii tutkimaan Jumalan uuden Sanoman tekstej\u00e4, opetuksia ja polkua. Yhteis\u00f6\u00f6n tutustut parhaiten Yhteis\u00f6n sivuston kautta, jonne voit luoda k\u00e4ytt\u00e4j\u00e4tunnukset.<\/p>\n","protected":false},"author":22,"featured_media":0,"parent":0,"menu_order":0,"comment_status":"closed","ping_status":"closed","template":"template-leftsidebar.php","meta":{"_monsterinsights_skip_tracking":false,"_monsterinsights_sitenote_active":false,"_monsterinsights_sitenote_note":"","_monsterinsights_sitenote_category":0,"footnotes":""},"categories":[],"tags":[613,611],"_links":{"self":[{"href":"https:\/\/www.v6.newmessage.org\/fi\/wp-json\/wp\/v2\/pages\/27104"}],"collection":[{"href":"https:\/\/www.v6.newmessage.org\/fi\/wp-json\/wp\/v2\/pages"}],"about":[{"href":"https:\/\/www.v6.newmessage.org\/fi\/wp-json\/wp\/v2\/types\/page"}],"author":[{"embeddable":true,"href":"https:\/\/www.v6.newmessage.org\/fi\/wp-json\/wp\/v2\/users\/22"}],"replies":[{"embeddable":true,"href":"https:\/\/www.v6.newmessage.org\/fi\/wp-json\/wp\/v2\/comments?post=27104"}],"version-history":[{"count":3,"href":"https:\/\/www.v6.newmessage.org\/fi\/wp-json\/wp\/v2\/pages\/27104\/revisions"}],"predecessor-version":[{"id":27241,"href":"https:\/\/www.v6.newmessage.org\/fi\/wp-json\/wp\/v2\/pages\/27104\/revisions\/27241"}],"wp:attachment":[{"href":"https:\/\/www.v6.newmessage.org\/fi\/wp-json\/wp\/v2\/media?parent=27104"}],"wp:term":[{"taxonomy":"category","embeddable":true,"href":"https:\/\/www.v6.newmessage.org\/fi\/wp-json\/wp\/v2\/categories?post=27104"},{"taxonomy":"post_tag","embeddable":true,"href":"https:\/\/www.v6.newmessage.org\/fi\/wp-json\/wp\/v2\/tags?post=27104"}],"curies":[{"name":"wp","href":"https:\/\/api.w.org\/{rel}","templated":true}]}}