{"id":227,"date":"2011-04-24T11:34:35","date_gmt":"2011-04-24T11:34:35","guid":{"rendered":"http:\/\/wp.www.newmessage.org\/?p=227"},"modified":"2017-11-13T18:49:03","modified_gmt":"2017-11-13T18:49:03","slug":"taytyyko-kaantya","status":"publish","type":"page","link":"https:\/\/www.v6.newmessage.org\/fi\/sanomasta\/faq\/taytyyko-kaantya\/","title":{"rendered":"T\u00e4ytyyk\u00f6 k\u00e4\u00e4nty\u00e4 kokonaan uuden Sanoman seuraajaksi vastaanottaakseen uuden Sanoman?"},"content":{"rendered":"<p>Ei. Uuden Sanoman vastaanottaminen tarkoittaa, ett\u00e4 ottaa vastaan sen viisauden sek\u00e4 opetuksen <a href=\"\/fi\/sanoma\/termit#knowledge\">Tietoudesta<\/a>, tarkoituksesta, suhteista, yhten\u00e4isyydest\u00e4, yhteisty\u00f6st\u00e4 ja ihmiskunnan astumisesta maailmankaikkeuden \u00e4lyllisen el\u00e4m\u00e4n <a href=\"\/fi\/sanoma\/termit#gc\">Suuryhteis\u00f6\u00f6n<\/a>.<\/p>\n<p>Ota siis uusi Sanoma ja anna se ihmisillesi, kansallesi, heimollesi, uskonnollesi, ja tunnista ne suuret voimat, jotka uhkaavat ihmiskunnan eloonj\u00e4\u00e4misen, vapauden ja itsem\u00e4\u00e4r\u00e4\u00e4misoikeuden perustaa t\u00e4ss\u00e4 maailmassa. On sitouduttava uudelleen ihmisen vapauteen, yhten\u00e4isyyteen ja maailman s\u00e4ilytt\u00e4miseen. T\u00e4m\u00e4 sitoutuminen voi nousta vain syvemm\u00e4st\u00e4 tietoudesta, jonka Jumala on asettanut jokaiseen ihmiseen.<\/p>\n<p>Silloin voit olla buddhalainen, jolla on <a href=\"\/fi\/sanoma\/termit#gc\">Suuryhteis\u00f6n<\/a> tietoisuus ja sitoumus. Voit olla muslimi, jolla on Suuryhteis\u00f6n tietoisuus ja sitoumus. Voit olla katolinen tai protestantti tai harjoittaa mit\u00e4 tahansa uskontoa tai henkist\u00e4 polkua, jonka olet valinnut, mutta suuremmasta n\u00e4k\u00f6kulmasta. On nimitt\u00e4in t\u00e4rke\u00e4\u00e4 ymm\u00e4rt\u00e4\u00e4, ett\u00e4 Jumala ei pyri luomaan uutta uskontoa, vaan uutta ymm\u00e4rryst\u00e4, uutta tietoisuutta ja uutta sitoutumista. N\u00e4iden t\u00e4ytyy el\u00e4\u00e4 kaikkien ihmiskunnan valtioiden ja uskontojen sis\u00e4ll\u00e4.<\/p>\n<p>Er\u00e4ille uusi Sanoma tulee kuitenkin olemaan oma polku ja tie, ja he tulevat sen ensimm\u00e4isiksi vastaanottajiksi, sen ensimm\u00e4isiksi harjoittajiksi. He tulevat tuntemaan, ett\u00e4 heille on annettu se, mit\u00e4 he ovat etsineet, eli uusi tie.<\/p>\n<p>Koko muuta ihmiskuntaa varten antaa uusi Sanoma suuremman tietoisuuden, ymm\u00e4rryksen, voiman ja sitoumuksen, joita tulee ilmaista kautta ihmisten perheen. Ota siis vastaan uusi Sanoma. Tuo se syd\u00e4meesi, mieleesi, perheeseesi, yhteis\u00f6\u00f6si, uskonnollisiin traditioihisi, valtioosi ja ymm\u00e4rrykseesi maailmasta, ja n\u00e4in olet vastaanottanut Jumalan uuden Sanoman.<\/p>\n","protected":false},"excerpt":{"rendered":"<p>Ei. Uuden Sanoman vastaanottaminen tarkoittaa, ett\u00e4 ottaa vastaan sen viisauden sek\u00e4 opetuksen Tietoudesta, tarkoituksesta, suhteista, yhten\u00e4isyydest\u00e4, yhteisty\u00f6st\u00e4 ja ihmiskunnan astumisesta maailmankaikkeuden \u00e4lyllisen el\u00e4m\u00e4n Suuryhteis\u00f6\u00f6n. Ota siis uusi Sanoma ja anna se ihmisillesi, kansallesi, heimollesi, uskonnollesi, ja tunnista ne suuret voimat, jotka uhkaavat ihmiskunnan eloonj\u00e4\u00e4misen, vapauden ja itsem\u00e4\u00e4r\u00e4\u00e4misoikeuden perustaa t\u00e4ss\u00e4 maailmassa. On sitouduttava uudelleen ihmisen vapauteen,\u2026 <a class=\"read-more\" href=\"https:\/\/www.v6.newmessage.org\/fi\/sanomasta\/faq\/taytyyko-kaantya\/\"><span>Read More<\/span><\/a><\/p>\n","protected":false},"author":22,"featured_media":0,"parent":12778,"menu_order":3,"comment_status":"closed","ping_status":"closed","template":"template-leftsidebar.php","meta":{"_monsterinsights_skip_tracking":false,"_monsterinsights_sitenote_active":false,"_monsterinsights_sitenote_note":"","_monsterinsights_sitenote_category":0,"footnotes":""},"categories":[61],"tags":[157,623,611],"_links":{"self":[{"href":"https:\/\/www.v6.newmessage.org\/fi\/wp-json\/wp\/v2\/pages\/227"}],"collection":[{"href":"https:\/\/www.v6.newmessage.org\/fi\/wp-json\/wp\/v2\/pages"}],"about":[{"href":"https:\/\/www.v6.newmessage.org\/fi\/wp-json\/wp\/v2\/types\/page"}],"author":[{"embeddable":true,"href":"https:\/\/www.v6.newmessage.org\/fi\/wp-json\/wp\/v2\/users\/22"}],"replies":[{"embeddable":true,"href":"https:\/\/www.v6.newmessage.org\/fi\/wp-json\/wp\/v2\/comments?post=227"}],"version-history":[{"count":9,"href":"https:\/\/www.v6.newmessage.org\/fi\/wp-json\/wp\/v2\/pages\/227\/revisions"}],"predecessor-version":[{"id":27219,"href":"https:\/\/www.v6.newmessage.org\/fi\/wp-json\/wp\/v2\/pages\/227\/revisions\/27219"}],"up":[{"embeddable":true,"href":"https:\/\/www.v6.newmessage.org\/fi\/wp-json\/wp\/v2\/pages\/12778"}],"wp:attachment":[{"href":"https:\/\/www.v6.newmessage.org\/fi\/wp-json\/wp\/v2\/media?parent=227"}],"wp:term":[{"taxonomy":"category","embeddable":true,"href":"https:\/\/www.v6.newmessage.org\/fi\/wp-json\/wp\/v2\/categories?post=227"},{"taxonomy":"post_tag","embeddable":true,"href":"https:\/\/www.v6.newmessage.org\/fi\/wp-json\/wp\/v2\/tags?post=227"}],"curies":[{"name":"wp","href":"https:\/\/api.w.org\/{rel}","templated":true}]}}