{"id":225,"date":"2011-04-24T11:33:10","date_gmt":"2011-04-24T11:33:10","guid":{"rendered":"http:\/\/wp.www.newmessage.org\/?p=225"},"modified":"2017-11-13T18:49:03","modified_gmt":"2017-11-13T18:49:03","slug":"onko-tama-uusi-uskonto","status":"publish","type":"page","link":"https:\/\/www.v6.newmessage.org\/fi\/sanomasta\/faq\/onko-tama-uusi-uskonto\/","title":{"rendered":"Onko t\u00e4m\u00e4 uusi uskonto? Miksi maailma tarvitsee uuden uskonnon?"},"content":{"rendered":"<p>Maailma tarvitsee uuden ymm\u00e4rryksen ja uuden tietoisuuden. T\u00e4st\u00e4 kumpuaa hengellisen harjoituksen muotoja ja yhteis\u00f6j\u00e4, eli t\u00e4ss\u00e4 mieless\u00e4 kyll\u00e4, se on kuin uusi uskonto. Mutta uuden Sanoman tarkoitus ei ole vain luoda uutta uskontoa kilpailemaan tai olemaan vastakohtana muille uskonnoille, vaan sen sijaan edist\u00e4\u00e4 inhimillist\u00e4 ymm\u00e4rryst\u00e4 hengellisest\u00e4 todellisuudestamme, suurista haasteistamme maailmassa ja kohtalostamme maailmankaikkeudessa, jota t\u00e4ytt\u00e4\u00e4 \u00e4lyllinen el\u00e4m\u00e4.<\/p>\n<p>Mit\u00e4 ihmiskunta tarvitsee on uusi kokemus ja uusi ymm\u00e4rrys Jumalan tahdosta, aikomuksista ja l\u00e4sn\u00e4olosta maailmassa, ja uusi ymm\u00e4rrys tulevasta suuresta muutoksesta ja voimista, jotka uhkaavat vied\u00e4 pohjan ihmisten yhten\u00e4isyydelt\u00e4, vapaudelta ja itsem\u00e4\u00e4r\u00e4\u00e4misoikeudelta t\u00e4ss\u00e4 maailmassa.<\/p>\n<p>Maailma ei siis niink\u00e4\u00e4n tarvitse uutta uskontoa kuin se tarvitsee uutta ymm\u00e4rryst\u00e4 ja tietoisuutta ja uutta sitoutumista ihmisten yhten\u00e4isyyteen suuren, heikennytt\u00e4v\u00e4n muutoksen alla. T\u00e4m\u00e4 ei ole pelk\u00e4st\u00e4\u00e4n vain hyv\u00e4 ajatus. T\u00e4m\u00e4 ei ole pelk\u00e4st\u00e4\u00e4n korkea moraalinen periaate. T\u00e4m\u00e4 on v\u00e4ltt\u00e4m\u00e4tt\u00f6myys, jos ihmiskunta aikoo selviyty\u00e4 ja s\u00e4ily\u00e4 vapaana.<\/p>\n<p>Vain jokin todella v\u00e4ltt\u00e4m\u00e4t\u00f6n voi saada Jumalan l\u00e4hett\u00e4m\u00e4\u00e4n uuden Sanoman maailmaan. Vain tarve, joka on niin kaikenkattava voi kutsua t\u00e4llaisen uuden testamentin maailmaan. Vain tilanne, johon ihmiskunta ei voi itse valmistautua, voi tuoda Jumalalta uuden Sanoman ja sen mukana valmistautumisen, joka auttaa ihmisi\u00e4 saamaan sen uuden kokemuksen ja ymm\u00e4rryksen, joita maailmassa t\u00e4n\u00e4 p\u00e4iv\u00e4n\u00e4 niin tarvitaan.<\/p>\n","protected":false},"excerpt":{"rendered":"<p>Maailma tarvitsee uuden ymm\u00e4rryksen ja uuden tietoisuuden. T\u00e4st\u00e4 kumpuaa hengellisen harjoituksen muotoja ja yhteis\u00f6j\u00e4, eli t\u00e4ss\u00e4 mieless\u00e4 kyll\u00e4, se on kuin uusi uskonto. Mutta uuden Sanoman tarkoitus ei ole vain luoda uutta uskontoa kilpailemaan tai olemaan vastakohtana muille uskonnoille, vaan sen sijaan edist\u00e4\u00e4 inhimillist\u00e4 ymm\u00e4rryst\u00e4 hengellisest\u00e4 todellisuudestamme, suurista haasteistamme maailmassa ja kohtalostamme maailmankaikkeudessa, jota t\u00e4ytt\u00e4\u00e4\u2026 <a class=\"read-more\" href=\"https:\/\/www.v6.newmessage.org\/fi\/sanomasta\/faq\/onko-tama-uusi-uskonto\/\"><span>Read More<\/span><\/a><\/p>\n","protected":false},"author":22,"featured_media":0,"parent":12778,"menu_order":1,"comment_status":"closed","ping_status":"closed","template":"template-leftsidebar.php","meta":{"_monsterinsights_skip_tracking":false,"_monsterinsights_sitenote_active":false,"_monsterinsights_sitenote_note":"","_monsterinsights_sitenote_category":0,"footnotes":""},"categories":[61],"tags":[623,611,263],"_links":{"self":[{"href":"https:\/\/www.v6.newmessage.org\/fi\/wp-json\/wp\/v2\/pages\/225"}],"collection":[{"href":"https:\/\/www.v6.newmessage.org\/fi\/wp-json\/wp\/v2\/pages"}],"about":[{"href":"https:\/\/www.v6.newmessage.org\/fi\/wp-json\/wp\/v2\/types\/page"}],"author":[{"embeddable":true,"href":"https:\/\/www.v6.newmessage.org\/fi\/wp-json\/wp\/v2\/users\/22"}],"replies":[{"embeddable":true,"href":"https:\/\/www.v6.newmessage.org\/fi\/wp-json\/wp\/v2\/comments?post=225"}],"version-history":[{"count":5,"href":"https:\/\/www.v6.newmessage.org\/fi\/wp-json\/wp\/v2\/pages\/225\/revisions"}],"predecessor-version":[{"id":27216,"href":"https:\/\/www.v6.newmessage.org\/fi\/wp-json\/wp\/v2\/pages\/225\/revisions\/27216"}],"up":[{"embeddable":true,"href":"https:\/\/www.v6.newmessage.org\/fi\/wp-json\/wp\/v2\/pages\/12778"}],"wp:attachment":[{"href":"https:\/\/www.v6.newmessage.org\/fi\/wp-json\/wp\/v2\/media?parent=225"}],"wp:term":[{"taxonomy":"category","embeddable":true,"href":"https:\/\/www.v6.newmessage.org\/fi\/wp-json\/wp\/v2\/categories?post=225"},{"taxonomy":"post_tag","embeddable":true,"href":"https:\/\/www.v6.newmessage.org\/fi\/wp-json\/wp\/v2\/tags?post=225"}],"curies":[{"name":"wp","href":"https:\/\/api.w.org\/{rel}","templated":true}]}}