{"id":22376,"date":"2015-08-21T04:41:41","date_gmt":"2015-08-21T04:41:41","guid":{"rendered":"http:\/\/www.newmessage.org\/?page_id=22376"},"modified":"2017-11-19T14:59:11","modified_gmt":"2017-11-19T14:59:11","slug":"ilmoituksen-prosessista","status":"publish","type":"page","link":"https:\/\/www.v6.newmessage.org\/fi\/sanoma\/ilmoituksen-prosessista\/","title":{"rendered":"Ilmoituksen prosessista"},"content":{"rendered":"<p><a href=\"https:\/\/www.newmessage.org\/wp-content\/uploads\/2015\/08\/Volume-1-CD-Cover1.jpg\"><img loading=\"lazy\" decoding=\"async\" class=\"imgborder alignright \" src=\"https:\/\/www.newmessage.org\/wp-content\/uploads\/2015\/08\/Volume-1-CD-Cover1-172x300.jpg\" alt=\"The New Message from God\" width=\"250\" height=\"435\" \/><\/a><\/p>\n<p>Uuden Sanoman tekstin on alunperin puhunut <a href=\"\/fi\/sanoma\/termit#aa\">Enkelien Yhteis\u00f6n<\/a> \u00c4\u00e4ni Sanantuoja Marshall Vian Summersin kautta. T\u00e4m\u00e4 Jumalallisen Ilmoituksen prosessi on ollut k\u00e4ynniss\u00e4 vuodesta 1983. Sanoman tuleminen jatkuu edelleen.<\/p>\n<p>Siin\u00e4 Jumalan alkuper\u00e4inen kommunikaatio, joka ylitt\u00e4\u00e4 sanat, k\u00e4\u00e4nnet\u00e4\u00e4n ihmisten kielelle ja ymm\u00e4rrykselle <a href=\"\/fi\/sanoma\/termit#aa\">Enkelien Yhteis\u00f6n<\/a>\u00a0toimesta joka maailmaa valvoo. Yhteis\u00f6 puhuu sen j\u00e4lkeen Jumalan Sanoman Sanantuojan kautta, jolloin se \u00e4\u00e4nitet\u00e4\u00e4n, puhtaaksikirjoitetaan ja julkaistaan laajaan Sanomien kirjastoon t\u00e4\u00e4ll\u00e4 www.NewMessage.org sivustolla.<\/p>\n<p>Lis\u00e4ksi ensimm\u00e4ist\u00e4 kertaa historiassa, voi kuulla <a href=\"\/fi\/sanoma\/termit#voice\">Sanoman \u00c4\u00e4nen<\/a>, alkuper\u00e4iset \u00e4\u00e4nitykset, sellaisena kuin se puhui profeetoille ja sanantuojille menneisyydess\u00e4, ja kuten se puhuu j\u00e4lleen uuden Sanantuojan kautta maailmassa t\u00e4n\u00e4\u00e4n. Koskaan aiemmin ei Ilmoituksen alkuper\u00e4ist\u00e4 \u00e4\u00e4nitett\u00e4 ole tallennettu ja julkaistu puhtaassa muodossaan.<\/p>\n<p>Sana ja \u00c4\u00e4ni ovat maailmassa. Ensimm\u00e4ist\u00e4 kertaa historiassa sin\u00e4 ja kaikki ihmiset voivat kuulla alkuper\u00e4isen Sanoman \u00c4\u00e4nen. T\u00e4m\u00e4 \u00e4\u00e4ni ei ole yhden yksil\u00f6n \u00e4\u00e4ni, vaan koko Enkelien Yhteis\u00f6n puhumassa yhdess\u00e4, kaikki yhten\u00e4.<\/p>\n<p>N\u00e4in ihmiskunta kykenee ottamaan vastaan <a href=\"https:\/\/www.newmessage.org\/fi\/sanoma\/lisaa-tulossa\/\">Jumalan Ilmoituksen<\/a>, alkuper\u00e4isen testamentin, mik\u00e4 tallennettiin puhutussa \u00e4\u00e4nitemuodossa, puhtaaksikirjoitettiin, ja Sanantuojan toimesta koottiin ja nyt annetaan maailman saataville.<\/p>\n<p>Kuullaksesi Sanoman \u00c4\u00e4nen, mik\u00e4 on kaikkien Uuden Sanoman kirjojen tekstien l\u00e4hde, k\u00e4y osoitteessa <a href=\"\/experience\">www.NewMessage.org\/experience<\/a>. Alkuper\u00e4iset \u00e4\u00e4nitiedostot on nyt julkaistu saataville kaikille ihmisille.<\/p>\n<p>Olkoon niin, ett\u00e4 olet t\u00e4m\u00e4n Ilmoituksen lahjan vastaanottaja ja olkoon, ett\u00e4 voit ottaa avoimesti vastaan sen voimallisen Sanoman itsellesi ja el\u00e4m\u00e4llesi.<\/p>\n","protected":false},"excerpt":{"rendered":"<p>Uuden Sanoman tekstin on alunperin puhunut Enkelien Yhteis\u00f6n \u00c4\u00e4ni Sanantuoja Marshall Vian Summersin kautta. T\u00e4m\u00e4 Jumalallisen Ilmoituksen prosessi on ollut k\u00e4ynniss\u00e4 vuodesta 1983. Sanoman tuleminen jatkuu edelleen. Siin\u00e4 Jumalan alkuper\u00e4inen kommunikaatio, joka ylitt\u00e4\u00e4 sanat, k\u00e4\u00e4nnet\u00e4\u00e4n ihmisten kielelle ja ymm\u00e4rrykselle Enkelien Yhteis\u00f6n\u00a0toimesta joka maailmaa valvoo. Yhteis\u00f6 puhuu sen j\u00e4lkeen Jumalan Sanoman Sanantuojan kautta, jolloin se \u00e4\u00e4nitet\u00e4\u00e4n,\u2026 <a class=\"read-more\" href=\"https:\/\/www.v6.newmessage.org\/fi\/sanoma\/ilmoituksen-prosessista\/\"><span>Read More<\/span><\/a><\/p>\n","protected":false},"author":32,"featured_media":0,"parent":26942,"menu_order":5,"comment_status":"closed","ping_status":"closed","template":"template-leftsidebar.php","meta":{"_monsterinsights_skip_tracking":false,"_monsterinsights_sitenote_active":false,"_monsterinsights_sitenote_note":"","_monsterinsights_sitenote_category":0,"footnotes":""},"categories":[],"tags":[],"_links":{"self":[{"href":"https:\/\/www.v6.newmessage.org\/fi\/wp-json\/wp\/v2\/pages\/22376"}],"collection":[{"href":"https:\/\/www.v6.newmessage.org\/fi\/wp-json\/wp\/v2\/pages"}],"about":[{"href":"https:\/\/www.v6.newmessage.org\/fi\/wp-json\/wp\/v2\/types\/page"}],"author":[{"embeddable":true,"href":"https:\/\/www.v6.newmessage.org\/fi\/wp-json\/wp\/v2\/users\/32"}],"replies":[{"embeddable":true,"href":"https:\/\/www.v6.newmessage.org\/fi\/wp-json\/wp\/v2\/comments?post=22376"}],"version-history":[{"count":13,"href":"https:\/\/www.v6.newmessage.org\/fi\/wp-json\/wp\/v2\/pages\/22376\/revisions"}],"predecessor-version":[{"id":27256,"href":"https:\/\/www.v6.newmessage.org\/fi\/wp-json\/wp\/v2\/pages\/22376\/revisions\/27256"}],"up":[{"embeddable":true,"href":"https:\/\/www.v6.newmessage.org\/fi\/wp-json\/wp\/v2\/pages\/26942"}],"wp:attachment":[{"href":"https:\/\/www.v6.newmessage.org\/fi\/wp-json\/wp\/v2\/media?parent=22376"}],"wp:term":[{"taxonomy":"category","embeddable":true,"href":"https:\/\/www.v6.newmessage.org\/fi\/wp-json\/wp\/v2\/categories?post=22376"},{"taxonomy":"post_tag","embeddable":true,"href":"https:\/\/www.v6.newmessage.org\/fi\/wp-json\/wp\/v2\/tags?post=22376"}],"curies":[{"name":"wp","href":"https:\/\/api.w.org\/{rel}","templated":true}]}}