{"id":223,"date":"2012-05-21T22:15:49","date_gmt":"2012-05-21T22:15:49","guid":{"rendered":"http:\/\/wp.www.newmessage.org\/?p=223"},"modified":"2017-11-13T18:49:03","modified_gmt":"2017-11-13T18:49:03","slug":"mita-uusi-sanoma-edellyttaa-minulta","status":"publish","type":"page","link":"https:\/\/www.v6.newmessage.org\/fi\/sanomasta\/faq\/mita-uusi-sanoma-edellyttaa-minulta\/","title":{"rendered":"Mit\u00e4 uusi Sanoma edellytt\u00e4\u00e4 minulta?"},"content":{"rendered":"<p>Uusi Sanoma edellytt\u00e4\u00e4 sinulta rehellisyytt\u00e4, vilpitt\u00f6myytt\u00e4, tinkim\u00e4tt\u00f6myytt\u00e4 ja sitoutumista \u2013 kaikki asioita, joita jokainen tarvitsee el\u00e4m\u00e4ns\u00e4 perustaksi ja kaikki asioita, mit\u00e4 maailman yhteis\u00f6iss\u00e4 ja kyliss\u00e4, kaupungeissa ja kansakunnissa on vakiinnutettava.<\/p>\n<p>Uusi Sanoma pyyt\u00e4\u00e4 sinua kunnioittamaan tarpeitasi ja maailman tarpeita. Se pyyt\u00e4\u00e4 sinua tunnistamaan ja vastaanottamaan <a href=\"\/fi\/sanoma\/termit#god\">Luojan<\/a> siunaukset ja valmistelun, jonka Luoja on l\u00e4hett\u00e4nyt maailmaan koko ihmiskunnan hyv\u00e4ksi.<\/p>\n<p>Jos t\u00e4m\u00e4 tuntuu joistakin liialliselta, silloin he eiv\u00e4t tunnista omia tarpeitaan. He eiv\u00e4t ole saavuttaneet ymm\u00e4rryst\u00e4 sielunsa tarpeista, syd\u00e4mens\u00e4 tarpeista. He ovat syventyneet siihen, mit\u00e4 he haluavat ja mit\u00e4 he pelk\u00e4\u00e4v\u00e4t. He eiv\u00e4t viel\u00e4 ole saavuttaneet pistett\u00e4, jossa he tunnistavat tarpeensa l\u00f6yt\u00e4\u00e4 <a href=\"\/fi\/sanoma\/termit#purpose\">suurempi tarkoitus<\/a> el\u00e4m\u00e4ss\u00e4. He tarvitsevat teht\u00e4v\u00e4kseen pyyteet\u00f6nt\u00e4 palvelusta tunteakseen tyydytyst\u00e4 ja onnea. Heid\u00e4n tulee antaa ja auttaa pit\u00e4m\u00e4\u00e4n huolta maailmasta, jotta heid\u00e4n el\u00e4m\u00e4ns\u00e4 tuntuisi elinvoimaiselta, merkitykselliselt\u00e4 ja tarkoitukselliselta.<\/p>\n<p>Jumalan uusi Sanoma pyyt\u00e4\u00e4 ett\u00e4 tunnistat uuden Sanoman tarpeen, ett\u00e4 luet uutta Sanomaa, ett\u00e4 mietit sit\u00e4 ja ett\u00e4 alat soveltaa ja el\u00e4\u00e4 sit\u00e4.<\/p>\n<p>Se pyyt\u00e4\u00e4 sinua vastaanottamaan sen siunaukset, sen hy\u00f6dyn, sen vahvuuden ja voimallisuuden el\u00e4m\u00e4ss\u00e4si.<\/p>\n<p>Se pyyt\u00e4\u00e4 sinua jakamaan t\u00e4m\u00e4n uuden Sanoman muiden kanssa ja yll\u00e4pit\u00e4m\u00e4\u00e4n sit\u00e4 puhtaassa muodossaan s\u00e4\u00e4telem\u00e4tt\u00e4 sit\u00e4, muuttamatta sit\u00e4 tai yritt\u00e4m\u00e4tt\u00e4 saada sit\u00e4 sopimaan yhteen mink\u00e4\u00e4n muun kanssa.<\/p>\n<p>Pohjimmiltaan, sinua pyydet\u00e4\u00e4n vastaanottamaan Jumalan uusi Sanoma ja olemaan sen todistaja. Ja jos voit vastaanottaa sen siunaukset, sinua pyydet\u00e4\u00e4n olemaan sen puolestapuhuja ja puolustamaan sen suojelua maailmassa.<\/p>\n<p>Uusi Sanoma pyyt\u00e4\u00e4 sinua siis vastaanottamaan sen mit\u00e4 tarvitset ja sen mit\u00e4 maailma tarvitsee. Anna t\u00e4m\u00e4n olla ymm\u00e4rryksesi.<\/p>\n","protected":false},"excerpt":{"rendered":"<p>Uusi Sanoma edellytt\u00e4\u00e4 sinulta rehellisyytt\u00e4, vilpitt\u00f6myytt\u00e4, tinkim\u00e4tt\u00f6myytt\u00e4 ja sitoutumista \u2013 kaikki asioita, joita jokainen tarvitsee el\u00e4m\u00e4ns\u00e4 perustaksi ja kaikki asioita, mit\u00e4 maailman yhteis\u00f6iss\u00e4 ja kyliss\u00e4, kaupungeissa ja kansakunnissa on vakiinnutettava. Uusi Sanoma pyyt\u00e4\u00e4 sinua kunnioittamaan tarpeitasi ja maailman tarpeita. Se pyyt\u00e4\u00e4 sinua tunnistamaan ja vastaanottamaan Luojan siunaukset ja valmistelun, jonka Luoja on l\u00e4hett\u00e4nyt maailmaan koko\u2026 <a class=\"read-more\" href=\"https:\/\/www.v6.newmessage.org\/fi\/sanomasta\/faq\/mita-uusi-sanoma-edellyttaa-minulta\/\"><span>Read More<\/span><\/a><\/p>\n","protected":false},"author":1,"featured_media":0,"parent":12778,"menu_order":8,"comment_status":"closed","ping_status":"closed","template":"template-leftsidebar.php","meta":{"_monsterinsights_skip_tracking":false,"_monsterinsights_sitenote_active":false,"_monsterinsights_sitenote_note":"","_monsterinsights_sitenote_category":0,"footnotes":""},"categories":[61],"tags":[623,415],"_links":{"self":[{"href":"https:\/\/www.v6.newmessage.org\/fi\/wp-json\/wp\/v2\/pages\/223"}],"collection":[{"href":"https:\/\/www.v6.newmessage.org\/fi\/wp-json\/wp\/v2\/pages"}],"about":[{"href":"https:\/\/www.v6.newmessage.org\/fi\/wp-json\/wp\/v2\/types\/page"}],"author":[{"embeddable":true,"href":"https:\/\/www.v6.newmessage.org\/fi\/wp-json\/wp\/v2\/users\/1"}],"replies":[{"embeddable":true,"href":"https:\/\/www.v6.newmessage.org\/fi\/wp-json\/wp\/v2\/comments?post=223"}],"version-history":[{"count":7,"href":"https:\/\/www.v6.newmessage.org\/fi\/wp-json\/wp\/v2\/pages\/223\/revisions"}],"predecessor-version":[{"id":27220,"href":"https:\/\/www.v6.newmessage.org\/fi\/wp-json\/wp\/v2\/pages\/223\/revisions\/27220"}],"up":[{"embeddable":true,"href":"https:\/\/www.v6.newmessage.org\/fi\/wp-json\/wp\/v2\/pages\/12778"}],"wp:attachment":[{"href":"https:\/\/www.v6.newmessage.org\/fi\/wp-json\/wp\/v2\/media?parent=223"}],"wp:term":[{"taxonomy":"category","embeddable":true,"href":"https:\/\/www.v6.newmessage.org\/fi\/wp-json\/wp\/v2\/categories?post=223"},{"taxonomy":"post_tag","embeddable":true,"href":"https:\/\/www.v6.newmessage.org\/fi\/wp-json\/wp\/v2\/tags?post=223"}],"curies":[{"name":"wp","href":"https:\/\/api.w.org\/{rel}","templated":true}]}}