{"id":221,"date":"2011-04-24T11:30:40","date_gmt":"2011-04-24T11:30:40","guid":{"rendered":"http:\/\/wp.www.newmessage.org\/?p=221"},"modified":"2017-12-03T11:34:35","modified_gmt":"2017-12-03T11:34:35","slug":"mita-uusi-sanoma-kannattaa","status":"publish","type":"page","link":"https:\/\/www.v6.newmessage.org\/fi\/sanomasta\/faq\/mita-uusi-sanoma-kannattaa\/","title":{"rendered":"Mit\u00e4 uusi Sanoma kannattaa?"},"content":{"rendered":"<p>1. <strong>Ihmisten vapaus<\/strong> &ndash; oppiminen rakentamaan, yll\u00e4pit\u00e4m\u00e4\u00e4n ja suojelemaan omaa yksil\u00f6llist\u00e4 vapautta ja koko ihmiskunnan vapautta kun kohdataan vakavia ja ennalta-arvaamattomia haasteita.<\/p>\n<p>2. <strong>Ihmisten yhten\u00e4isyys, yhteisty\u00f6 ja sodan ja konfliktien lopettaminen<\/strong> &ndash; ei suurien ihanteiden ja aatteiden vuoksi, vaan ihmiskunnan kollektiivisen eloonj\u00e4\u00e4misen takia.<\/p>\n<p>3. <strong>Kest\u00e4v\u00e4 kehitys ja ymp\u00e4rist\u00f6n kunnon palauttaminen<\/strong> \u2014 maailman v\u00e4henevien resurssien s\u00e4ilytt\u00e4minen ja jakaminen sen sijaan ett\u00e4 kilpailtaisiin niist\u00e4 \u2013 sodan v\u00e4ltt\u00e4minen, jotta ihmiskunnalla olisi el\u00e4misen arvoinen tulevaisuus.<\/p>\n<p>4. <strong>Tietouden ensisijaisuus yksil\u00f6n sis\u00e4ll\u00e4<\/strong> \u2014 <a href=\"\/fi\/sanoma\/termit#knowledge\">Tietous<\/a> on Luojan suoma suuri lahja, joka el\u00e4\u00e4 sis\u00e4ll\u00e4si ja sallii sinun kokea ja ilmaista ihmiskunnan kaikki rotu-, kulttuuri-, valtio- ja uskontorajat ylitt\u00e4v\u00e4\u00e4 Yht\u00e4 hengellisyytt\u00e4. Vain Tietoudella on voima sek\u00e4 ohjata ett\u00e4 suojata yksil\u00f6\u00e4, sek\u00e4 yhten\u00e4ist\u00e4\u00e4 ihmiskunta ja mahdollistaa ihmiskunnan suunnistaminen uudelle, eteenp\u00e4in viev\u00e4lle tielle.<\/p>\n<p>5. <strong>Maailman uskontojen rauhanomainen keskin\u00e4inen rinnakkaiselo ja yhteisty\u00f6<\/strong> \u2014 Jumala on saattanut alulle kaikki maailman uskonnot, eik\u00e4 niiden ole koskaan ollut tarkoitus kilpailla kesken\u00e4\u00e4n tai olla ristiriidoissa.<\/p>\n<p>6. <strong>Tuleminen vahvaksi ajatusymp\u00e4rist\u00f6ss\u00e4<\/strong> \u2014 El\u00e4t mielten ymp\u00e4rist\u00f6ss\u00e4 fyysisen ymp\u00e4rist\u00f6n ohella. <a href=\"\/fi\/sanoma\/termit#me\">Ajatusymp\u00e4rist\u00f6<\/a> on kaiken l\u00e4p\u00e4isev\u00e4 ajatusten ja vaikutuksen ymp\u00e4rist\u00f6, jossa me kaikki el\u00e4mme. Kyet\u00e4kseen ajattelemaan vapaasti, ollakseen erottelukykyinen ja vastustaakseen henkist\u00e4 manipulaatiota, t\u00e4ytyy oppia ymm\u00e4rt\u00e4m\u00e4\u00e4n ajatusymp\u00e4rist\u00f6\u00e4 ja tulla voimalliseksi siin\u00e4. <a title=\"Steps To Knowledge\" href=\"\/the-message\/volume-3\/steps-knowledge\"><em>Steps to Knowledge<\/em><\/a>, uuden Sanoman harjoitusten kirja, opettaa kuinka t\u00e4m\u00e4 tehd\u00e4\u00e4n.<\/p>\n<p>7. <strong>Suuryhteis\u00f6\u00f6n valmistautuminen<\/strong> \u2014 eristyneisyytemme on ohi. Uuden Sanoman profetia paljastaa, ett\u00e4 <a title=\"Life in the Universe\" href=\"\/the-message\/volume-4\/life-universe\">ihmiskunta ei ole yksin maailmankaikkeudessa<\/a> tai edes omassa maailmassaan. Uusi Sanoma on t\u00e4\u00e4ll\u00e4 valmistamassa yksil\u00f6\u00e4 ja kansakuntia todellisuuteen, vaaroihin ja mahdollisuuksiin, joita maailmankaikkeuden \u00e4lyllisen el\u00e4m\u00e4n <a href=\"\/fi\/sanoma\/termit#gc\">Suuryhteis\u00f6n<\/a> kohtaamiseen sis\u00e4ltyy. T\u00e4m\u00e4n yhden maailman alkuper\u00e4isin\u00e4 asukkaina meid\u00e4n on toimittava ensimm\u00e4isiss\u00e4 kohtaamisissa ulkopuolelta tulevien tunkeilijoiden kanssa viisaasti ja erottelukykyisesti, ja asetettava omat s\u00e4\u00e4nt\u00f6mme kanssak\u00e4ymiselle. <\/p>\n<p>8. <strong>Suuriin Muutosaaltoihin valmistautuminen<\/strong> \u2014 Uuden Sanoman profetia paljastaa, ett\u00e4 <a href=\"\/fi\/sanoma\/termit#gwc\">Suuret Muutosaallot<\/a> ovat yhdistym\u00e4ss\u00e4 nyt koko ihmissuvun ylle, luoden tilanteen, joka on ennen kokematon ihmiskunnan historiassa. Suuriin aaltoihin kuuluvat ilmastonmuutos, s\u00e4\u00e4katastrofit, pienenev\u00e4t energiavarat, vakava ymp\u00e4rist\u00f6n tilan huononeminen, laskeva elintarviketuotanto, taloudellinen ep\u00e4tasapaino ja kasvava sodan ja konfliktien uhka kilpailussa j\u00e4ljelle j\u00e4\u00e4vist\u00e4 voimavaroista. Suuret aallot luovat suunnatonta ep\u00e4tasapainoa ymp\u00e4ri maailman, jopa rikkaissa maissa. Suuryhteis\u00f6n ja l\u00e4hestyvien suurien aaltojen todellisuuden tunnistaminen edustavat aikamme suuria tarpeita. Uusi Sanoma on tullut valmistamaan meit\u00e4 suunnistamaan tulevissa vaikeissa ajoissa.<\/p>\n<p>9. <strong>Tarpeessa olevan maailman auttaminen<\/strong> \u2014 Todellinen onni on tulosta sen tekemisest\u00e4, mit\u00e4 on t\u00e4nne tullut tekem\u00e4\u00e4n. Saavuttaakseen t\u00e4m\u00e4n t\u00e4ytyy yhdist\u00e4\u00e4 ajatteleva mieli Tietouden syvemp\u00e4\u00e4n mieleen sek\u00e4 kehitt\u00e4\u00e4 viisautta ja voimaa t\u00e4ytt\u00e4\u00e4 teht\u00e4v\u00e4si maailmassa.<\/p>\n<p>10. <strong>El\u00e4m\u00e4si nelj\u00e4n pilarin rakentaminen<\/strong> \u2014 el\u00e4m\u00e4ss\u00e4si on nelj\u00e4 pilaria, niin kuin nelj\u00e4 p\u00f6yd\u00e4njalkaa, jotka kannattelevat el\u00e4m\u00e4\u00e4si ja antavat sille voimaa, pysyvyytt\u00e4 ja tasapainoa:<\/p>\n<ul class=\"list-vertical diamond\">\n<li>Suhteiden pilari<\/li>\n<li>Terveyden pilari<\/li>\n<li>Ty\u00f6n ja elatuksen pilari<\/li>\n<li>Hengellisen kehityksen pilari<\/li>\n<\/ul>\n<p>Uusi Sanoma paljastaa, mit\u00e4 <a title=\"Chapter 2: The Four Pillars of Life\" href=\"\/the-message\/volume-3\/living-way-knowledge\/the-four-pillars-of-life\">nelj\u00e4 pilaria<\/a> todella tarkoittavat ja kuinka niit\u00e4 voi vahvistaa ja yll\u00e4pit\u00e4\u00e4. Tulet tarvitsemaan vahvoja pilareita, jotta voit kest\u00e4\u00e4 suuret aallot ja olla voimanl\u00e4hteen\u00e4 muille.<\/p>\n<p>11. <strong>Korkeamman tarkoituksen suhteet<\/strong> \u2014 Olet syntynyt teht\u00e4v\u00e4\u00e4n ja sen <a href=\"\/fi\/sanoma\/termit#knowledge\">Tietous<\/a> kanssa, joka auttaa sinua l\u00f6yt\u00e4m\u00e4\u00e4n ja toteuttamaan t\u00e4m\u00e4n teht\u00e4v\u00e4n. Lopputuloksena on se, ett\u00e4 el\u00e4m\u00e4ss\u00e4 on tiettyj\u00e4 yksil\u00f6it\u00e4, jotka sinun t\u00e4ytyy tavata ja joiden kanssa olet tekemisiss\u00e4. Syvemm\u00e4ll\u00e4 tasolla, t\u00e4m\u00e4 edustaa suhteen etsimist\u00e4si. Uudessa Sanomassa n\u00e4it\u00e4 kutsutaan <a title=\"Relationships and Higher Purpose\" href=\"\/the-message\/volume-2\/relationships-higher-purpose\">korkeamman tarkoituksen suhteiksi<\/a>. Uusi Sanoma opettaa kuinka l\u00f6yt\u00e4\u00e4 ja erottaa n\u00e4m\u00e4 ihmiset kaikista muista vetovoiman ja velvollisuuden muodoista. Et voi l\u00f6yt\u00e4\u00e4 ja toteuttaa teht\u00e4v\u00e4\u00e4si yksin. Tarvitset poikkeuksellisia rehellisyyden ja eheyden suhteita, joiden teht\u00e4v\u00e4 ja kohtalo on linjassa omasi kanssa.<\/p>\n<p>On oltava uusi testamentti, joka puhuu n\u00e4ist\u00e4 asioista. Jumalan uusi Sanoma on uusi testamentti, uusi ymm\u00e4rrys, uusi tie, joka ohittaa kaikki menneisyyden uskomukset ja oletukset, kaikki menneisyyden ristiriidat ja sekavuudet.<\/p>\n<p>Uusi Sanoma puhuu viisauden, vapauden, tarkoituksen, yhten\u00e4isyyden ja yhteisty\u00f6n puolesta perustuen ihmiskunnan Yhteen Hengellisyyteen ja aikamme suuriin tarpeisiin.<\/p>\n","protected":false},"excerpt":{"rendered":"<p>1. Ihmisten vapaus &ndash; oppiminen rakentamaan, yll\u00e4pit\u00e4m\u00e4\u00e4n ja suojelemaan omaa yksil\u00f6llist\u00e4 vapautta ja koko ihmiskunnan vapautta kun kohdataan vakavia ja ennalta-arvaamattomia haasteita. 2. Ihmisten yhten\u00e4isyys, yhteisty\u00f6 ja sodan ja konfliktien lopettaminen &ndash; ei suurien ihanteiden ja aatteiden vuoksi, vaan ihmiskunnan kollektiivisen eloonj\u00e4\u00e4misen takia. 3. Kest\u00e4v\u00e4 kehitys ja ymp\u00e4rist\u00f6n kunnon palauttaminen \u2014 maailman v\u00e4henevien resurssien s\u00e4ilytt\u00e4minen\u2026 <a class=\"read-more\" href=\"https:\/\/www.v6.newmessage.org\/fi\/sanomasta\/faq\/mita-uusi-sanoma-kannattaa\/\"><span>Read More<\/span><\/a><\/p>\n","protected":false},"author":22,"featured_media":0,"parent":12778,"menu_order":7,"comment_status":"closed","ping_status":"closed","template":"template-leftsidebar.php","meta":{"_monsterinsights_skip_tracking":false,"_monsterinsights_sitenote_active":false,"_monsterinsights_sitenote_note":"","_monsterinsights_sitenote_category":0,"footnotes":""},"categories":[61],"tags":[623,611,627],"_links":{"self":[{"href":"https:\/\/www.v6.newmessage.org\/fi\/wp-json\/wp\/v2\/pages\/221"}],"collection":[{"href":"https:\/\/www.v6.newmessage.org\/fi\/wp-json\/wp\/v2\/pages"}],"about":[{"href":"https:\/\/www.v6.newmessage.org\/fi\/wp-json\/wp\/v2\/types\/page"}],"author":[{"embeddable":true,"href":"https:\/\/www.v6.newmessage.org\/fi\/wp-json\/wp\/v2\/users\/22"}],"replies":[{"embeddable":true,"href":"https:\/\/www.v6.newmessage.org\/fi\/wp-json\/wp\/v2\/comments?post=221"}],"version-history":[{"count":20,"href":"https:\/\/www.v6.newmessage.org\/fi\/wp-json\/wp\/v2\/pages\/221\/revisions"}],"predecessor-version":[{"id":27274,"href":"https:\/\/www.v6.newmessage.org\/fi\/wp-json\/wp\/v2\/pages\/221\/revisions\/27274"}],"up":[{"embeddable":true,"href":"https:\/\/www.v6.newmessage.org\/fi\/wp-json\/wp\/v2\/pages\/12778"}],"wp:attachment":[{"href":"https:\/\/www.v6.newmessage.org\/fi\/wp-json\/wp\/v2\/media?parent=221"}],"wp:term":[{"taxonomy":"category","embeddable":true,"href":"https:\/\/www.v6.newmessage.org\/fi\/wp-json\/wp\/v2\/categories?post=221"},{"taxonomy":"post_tag","embeddable":true,"href":"https:\/\/www.v6.newmessage.org\/fi\/wp-json\/wp\/v2\/tags?post=221"}],"curies":[{"name":"wp","href":"https:\/\/api.w.org\/{rel}","templated":true}]}}