{"id":216,"date":"2011-04-24T11:28:11","date_gmt":"2011-04-24T11:28:11","guid":{"rendered":"http:\/\/wp.www.newmessage.org\/?p=216"},"modified":"2017-11-13T18:49:03","modified_gmt":"2017-11-13T18:49:03","slug":"kuinka-kommunikoin-jumalan-kanssa","status":"publish","type":"page","link":"https:\/\/www.v6.newmessage.org\/fi\/sanomasta\/faq\/kuinka-kommunikoin-jumalan-kanssa\/","title":{"rendered":"Kuinka kommunikoin Jumalan kanssa?"},"content":{"rendered":"<blockquote><p><em>Tietouden kautta voit tuntea kaikkien suhteiden l\u00e4sn\u00e4olon. T\u00e4m\u00e4 on kokemus Jumalasta.<\/em><\/p><\/blockquote>\n<p>Jumala on <a href=\"\/fi\/sanoma\/termit#knowledge\">Tietouden<\/a> alkul\u00e4hde sisimm\u00e4ss\u00e4si \u2013 Tietouden ollessa syvempi hengellinen mieli, jonka Luoja on lahjoittanut sinulle ja kaikille tunteville olennoille maailmankaikkeudessa. <\/p>\n<p>Jumala on luonut fyysisen universumin, mutta ei siten kuin ehk\u00e4 ajattelet. Jumala on saattanut liikkeelle evoluutioprosessin fyysisess\u00e4 maailmankaikkeudessa t\u00e4ytt\u00e4m\u00e4\u00e4n kaiken avaruuden ja ajan niit\u00e4 varten, jotka el\u00e4v\u00e4t avaruudessa ja ajassa \u2013 niille, jotka ovat erill\u00e4\u00e4n Luojasta oman tahtonsa ja aikomuksensa vuoksi.<\/p>\n<p>Ymm\u00e4rt\u00e4\u00e4kseen t\u00e4m\u00e4n lauseen, ett\u00e4 Jumala on sisimm\u00e4ss\u00e4si olevan Tietouden Luoja, t\u00e4ytyy ymm\u00e4rt\u00e4\u00e4 hengellisen ja maailmallisen mielesi ero. T\u00e4ytyy ymm\u00e4rt\u00e4\u00e4 Sielusi, mielesi ja kehosi ero.<\/p>\n<p>Tietous sis\u00e4ll\u00e4si edustaa yhteytt\u00e4si Jumalaan sek\u00e4 yhteytt\u00e4si el\u00e4m\u00e4\u00e4si t\u00e4m\u00e4n maailman tuolla puolen. T\u00e4m\u00e4 yhteys on olemassa sek\u00e4 kaikkien tosiuskontojen sis\u00e4ll\u00e4 ett\u00e4 niiden ulkopuolella. Tietous on puhdas ja pysyv\u00e4, eik\u00e4 mik\u00e4\u00e4n maailman voima tai vaikutusvalta ulotu siihen.<\/p>\n<p>Uusi Sanoma tulee opettamaan sinulle kuinka n\u00e4it\u00e4 asioita voi ymm\u00e4rt\u00e4\u00e4 selkeimm\u00e4ll\u00e4 mahdollisella tavalla. Mutta koska t\u00e4m\u00e4 on ihmiskunnalle uusi kynnys ja uutta ymm\u00e4rryst\u00e4, se vaatii aikaa sek\u00e4 rohkaisua muilta, jotka oppivat kanssasi. On vaikeaa ja haastavaa oppia jotain ensimm\u00e4isen kerran kun kaikki ymp\u00e4rill\u00e4si yll\u00e4pit\u00e4v\u00e4t erilaisia arvoja ja olettamuksia.<\/p>\n<p>Jos pystyt n\u00e4kem\u00e4\u00e4n, ett\u00e4 Tietous sisimm\u00e4ss\u00e4si on se pysyv\u00e4 osa \u2013 se Jumalan luoma osa, mik\u00e4 on yh\u00e4 yhteydess\u00e4 Jumalaan, se osa sinua, joka on t\u00e4yttynyt Jumalan viisaudella opastaakseen ja suojellakseen el\u00e4m\u00e4\u00e4si t\u00e4ss\u00e4 maailmassa t\u00e4n\u00e4 aikana \u2013 silloin voit alkaa tajuta Jumalallisen ohjauksen luonteen ja sen, miksi se on niin ehdottoman t\u00e4rke\u00e4\u00e4 sinulle, joka pyrit l\u00f6yt\u00e4m\u00e4\u00e4n todellisen tarkoituksen, merkityksen ja suunnan el\u00e4m\u00e4\u00e4si.<\/p>\n","protected":false},"excerpt":{"rendered":"<p>Tietouden kautta voit tuntea kaikkien suhteiden l\u00e4sn\u00e4olon. T\u00e4m\u00e4 on kokemus Jumalasta. Jumala on Tietouden alkul\u00e4hde sisimm\u00e4ss\u00e4si \u2013 Tietouden ollessa syvempi hengellinen mieli, jonka Luoja on lahjoittanut sinulle ja kaikille tunteville olennoille maailmankaikkeudessa. Jumala on luonut fyysisen universumin, mutta ei siten kuin ehk\u00e4 ajattelet. Jumala on saattanut liikkeelle evoluutioprosessin fyysisess\u00e4 maailmankaikkeudessa t\u00e4ytt\u00e4m\u00e4\u00e4n kaiken avaruuden ja ajan\u2026 <a class=\"read-more\" href=\"https:\/\/www.v6.newmessage.org\/fi\/sanomasta\/faq\/kuinka-kommunikoin-jumalan-kanssa\/\"><span>Read More<\/span><\/a><\/p>\n","protected":false},"author":22,"featured_media":0,"parent":12778,"menu_order":2,"comment_status":"closed","ping_status":"closed","template":"template-leftsidebar.php","meta":{"_monsterinsights_skip_tracking":false,"_monsterinsights_sitenote_active":false,"_monsterinsights_sitenote_note":"","_monsterinsights_sitenote_category":0,"footnotes":""},"categories":[61],"tags":[623,626],"_links":{"self":[{"href":"https:\/\/www.v6.newmessage.org\/fi\/wp-json\/wp\/v2\/pages\/216"}],"collection":[{"href":"https:\/\/www.v6.newmessage.org\/fi\/wp-json\/wp\/v2\/pages"}],"about":[{"href":"https:\/\/www.v6.newmessage.org\/fi\/wp-json\/wp\/v2\/types\/page"}],"author":[{"embeddable":true,"href":"https:\/\/www.v6.newmessage.org\/fi\/wp-json\/wp\/v2\/users\/22"}],"replies":[{"embeddable":true,"href":"https:\/\/www.v6.newmessage.org\/fi\/wp-json\/wp\/v2\/comments?post=216"}],"version-history":[{"count":9,"href":"https:\/\/www.v6.newmessage.org\/fi\/wp-json\/wp\/v2\/pages\/216\/revisions"}],"predecessor-version":[{"id":27205,"href":"https:\/\/www.v6.newmessage.org\/fi\/wp-json\/wp\/v2\/pages\/216\/revisions\/27205"}],"up":[{"embeddable":true,"href":"https:\/\/www.v6.newmessage.org\/fi\/wp-json\/wp\/v2\/pages\/12778"}],"wp:attachment":[{"href":"https:\/\/www.v6.newmessage.org\/fi\/wp-json\/wp\/v2\/media?parent=216"}],"wp:term":[{"taxonomy":"category","embeddable":true,"href":"https:\/\/www.v6.newmessage.org\/fi\/wp-json\/wp\/v2\/categories?post=216"},{"taxonomy":"post_tag","embeddable":true,"href":"https:\/\/www.v6.newmessage.org\/fi\/wp-json\/wp\/v2\/tags?post=216"}],"curies":[{"name":"wp","href":"https:\/\/api.w.org\/{rel}","templated":true}]}}