{"id":20897,"date":"2015-08-12T17:43:27","date_gmt":"2015-08-12T17:43:27","guid":{"rendered":"http:\/\/www.newmessage.org\/?page_id=20897"},"modified":"2017-11-19T14:36:48","modified_gmt":"2017-11-19T14:36:48","slug":"lisaa-tulossa","status":"publish","type":"page","link":"https:\/\/www.v6.newmessage.org\/fi\/sanoma\/lisaa-tulossa\/","title":{"rendered":"Lis\u00e4\u00e4 tulossa&#8230;"},"content":{"rendered":"<p>T\u00e4ll\u00e4 hetkell\u00e4\u00a0 <a href=\"https:\/\/www.newmessage.org\/fi\/kuka-on-marshall-vian-summers\/\">Sanantuoja Marshall Vian Summers<\/a> on historiallisen projektin parissa koostamassa kaikkia Uuden Sanoman kirjoja ja kokoelmia yhdeksi kokonaisuudeksi. Samaan aikaan salaper\u00e4inen Ilmoituksen prosessi jatkuu. Jumala jatkaa, Enkelien Yhteis\u00f6n v\u00e4lityksell\u00e4, uusien Sanomien tuomista Sanantuojan kautta t\u00e4ss\u00e4 ajassa; Sanomien, jotka tulevat lopulta l\u00f6yt\u00e4m\u00e4\u00e4n tiens\u00e4 osaksi Uuden Sanoman kirjoja ja kokoelmia.<\/p>\n<p>N\u00e4in ollen, kun Sanantuoja jatkaa historiallista koontity\u00f6t\u00e4\u00e4n, ja kun Jumala ja Enkelien Yhteis\u00f6 paljastavat edelleen lis\u00e4\u00e4 Sanantuojan kautta, kasvaa kirjojen ja kokoelmien saatavuus t\u00e4\u00e4ll\u00e4 NewMessage.org -sivustolla, avaten uusia ulottuvuuksia, opastaen meit\u00e4 ja valmistaen meit\u00e4 tuleviin aikoihin.<\/p>\n<p>El\u00e4mme t\u00e4ll\u00e4 hetkell\u00e4 Pyh\u00e4n Ilmoituksen aikaa. Olemme siunattuja todistaessamme Sanoman prosessin etenemist\u00e4 silmiemme edess\u00e4. Olemme etuoikeutettuja todistaessamme, kunJumalan Sanantuoja kokoaa uutta perint\u00f6\u00e4 ihmiskunnalle h\u00e4nen omana aikanaan ja sen ohjeistuksen mukaan jonka Luoja on h\u00e4nelle antanut Luojalta. T\u00e4m\u00e4 luo kontrastin sille tosiasialle, ett\u00e4 menneisyyden Ilmoitusten kirjoja eiv\u00e4t koonneet niiden Sanantuojat elinaikanaan, mik\u00e4 johti ajan mittaan ongelmiin alkuper\u00e4isten tekstien tulkinnassa ja n\u00e4iden tekstien v\u00e4\u00e4ristymiseen.<\/p>\n<h3>Lis\u00e4tietoa ilmoituksen prosessista ja koostamisesta<\/h3>\n<p>Uusi Sanoma, yli 9000 tekstisivuineen (ja l\u00e4hes tuhat \u00e4\u00e4nitetty\u00e4 sanomaa niiden l\u00e4htein\u00e4), on suurin ja kattavin Pyh\u00e4 Ilmoitus joka on koskaan annettu ihmiskunnalle, t\u00e4ll\u00e4 kertaa annettu lukutaitoiselle, globaalin kommunikaation ja kasvavan maailmanlaajuisen tietoisuuden maailmalle.<\/p>\n<p>N\u00e4iden pyhien tekstien kokoelman laajuus ja syvyys ylitt\u00e4\u00e4 mink\u00e4 tahansa aiemman Pyh\u00e4n Ilmoituksen ja se on annettu vastaamaan monimutkaiseen yhdistelm\u00e4\u00e4n nykymaailmaamme kohtaavia maailmanlaajuisia tarpeita ja haasteita, sek\u00e4 nyt ett\u00e4 tulevaisuudessa.<\/p>\n<p>Joka p\u00e4iv\u00e4 The Society for The New Message from God, monen muun t\u00e4rke\u00e4n teht\u00e4v\u00e4ns\u00e4 ja v\u00e4hien resurssiensa ohella, tekee ty\u00f6t\u00e4 toimittaakseen t\u00e4t\u00e4 suurta Ilmoitusta, tuodakseen sen saataville maailmalle niin monella kielell\u00e4 kuin mahdollista (21 kielt\u00e4 t\u00e4ll\u00e4 hetkell\u00e4 englannin lis\u00e4ksi) ja monessa muodossa (verkossa, painettuna, e-kirjana, videona), tehden ty\u00f6t\u00e4 saattaakseen sen saataville joka mantereella ja joka maassa.<\/p>\n<p>Ja kuitenkin kulissien takana viel\u00e4 suurempi teht\u00e4v\u00e4 on meneill\u00e4\u00e4n. Nyt ja tulevina vuosina Sanantuoja l\u00e4hestyy koko ajan suuren teht\u00e4v\u00e4ns\u00e4 loppuunsaattamista: Uuden Sanoman koontia Yhdeksi Kirjaksi ja sen esitt\u00e4mist\u00e4 uutena testamenttina maailmalle.<\/p>\n<h4>Uuden Sanoman Yksi Kirja<\/h4>\n<p><img decoding=\"async\" class=\"size-medium imgborder alignright\" src=\"https:\/\/www.newmessage.org\/wp-content\/uploads\/2015\/08\/Volume-1-CD-Cover-172x300.jpg\" alt=\"The New Message from God\" \/><\/p>\n<p>Enkelien yhteis\u00f6 on ohjannut Sanantuojaa yhdist\u00e4m\u00e4\u00e4n Uuden Sanoman yhdeksi testamentiksi ihmiskunnalle. T\u00e4m\u00e4 testamentti tulee olemaan jaoteltu kokoelmiin; jokainen kokoelma jaettuna kirjoiksi; jokainen kirja jaettuna kappaleiksi; ja jokaisen kappaleen teksti jaettu s\u00e4keiksi. Joten tuleva Uuden Sanoman rakenne voitaisiin esitell\u00e4 t\u00e4ll\u00e4 tavalla: <strong>Kokoelma &gt; Kirja &gt; Kappale &gt; S\u00e4e<\/strong>. Kokonaisuudessaan n\u00e4m\u00e4 kokoelmat, kirjat ja kappaleet tulevat lopuksi yhdistetyksi yhdeksi testamentiksi: Jumalan Uudeksi Sanomaksi.<\/p>\n<p>Uudessa Sanomassa on kahdenlaisia kirjoja: niit\u00e4, jotka L\u00e4hde on antanut kirjoina ja niit\u00e4, jotka on koottu kirjoiksi sadoista yksitt\u00e4isist\u00e4 Sanomista Sanantuojan toimesta.<\/p>\n<p>Kaikki yksitt\u00e4iset sanomat on annettu yli 44 vuoden kuluessa ja viime vuosina my\u00f6s eri paikoissa ymp\u00e4ri maailmaa. N\u00e4it\u00e4 yksitt\u00e4isi\u00e4 Sanomia kootaan nyt kirjoiksi Sanantuojan toimesta, joka on ainoana nimetty teht\u00e4v\u00e4\u00e4n j\u00e4rjest\u00e4\u00e4 ja esitt\u00e4\u00e4 Jumala uusi Sanoma.<br \/>\n<img loading=\"lazy\" decoding=\"async\" class=\" imgborder alignright \" src=\"https:\/\/www.newmessage.org\/wp-content\/uploads\/2015\/08\/Volumes-Books-InfoGraphic.001-279x300.jpg\" alt=\"About the Volumes and Books of the New Message from God\" width=\"250\" height=\"269\" \/><\/p>\n<p>On siis Sanantuojan vastuulla koota yksitt\u00e4iset Sanomat ja yhdist\u00e4\u00e4 ne jo olemassa olevaan Uuden Sanoman kirjojen kokonaisuuteen, jotta niist\u00e4 tulisi kokonainen testamentti ihmiskunnalle. Samaan aikaan h\u00e4nen t\u00e4ytyy esitt\u00e4\u00e4 t\u00e4m\u00e4 testamentti ihmiskunnalle ja tuoda se eri puolilla maailmaa oleville yksil\u00f6ille, jotka ovat valmiina ottamaan sen vastaan. T\u00e4m\u00e4 on valtava teht\u00e4v\u00e4.<\/p>\n<p>Koko Uuden Sanoman koostaminen on etenev\u00e4 pitk\u00e4n aikav\u00e4lin ty\u00f6prosessi. Samaan aikaan Ilmoituksen vastaanottaminen jatkuu; uusia opetuksia saadaan joka vuosi. T\u00e4m\u00e4n tuloksena eri kirjojen kappalejako voi muuttua. T\u00e4m\u00e4n my\u00f6t\u00e4 kirjojen nimikin voi muuttua heijastamaan kirjojen kasvavaa laajuutta.<\/p>\n<p>Uuden Sanoman kirjat tulevat aikanaan olemaan kuudessa kokoelmassa. Jokaisen kokoelman koko kasvaa uusien L\u00e4hteen antamien Sanomien my\u00f6t\u00e4, sek\u00e4 kun Sanantuoja kokoaa uusia kirjoja ja asettaa niit\u00e4 oikeisiin kokoelmiin.<\/p>\n<p>Aikanaan n\u00e4m\u00e4 kuusi kokoelmaa tullaan liitt\u00e4m\u00e4\u00e4n yhteen, yhdeksi testamentiksi ihmiskunnalle. T\u00e4m\u00e4 testamentti pit\u00e4\u00e4 sis\u00e4ll\u00e4\u00e4n jokaisen Jumalan Uuden Sanoman sanan maailmalle.<\/p>\n<p>Ensimm\u00e4ist\u00e4 kertaa historiassa itse Sanantuoja on kokoamassa ja esittelem\u00e4ss\u00e4 puhdasta Jumalan Pyh\u00e4n Ilmoituksen teksti\u00e4. T\u00e4ss\u00e4 Sanantuoja sinet\u00f6i Jumalan uuden Sanoman tekstien puhtauden ja antaa ne sinulle, maailmalle ja kaikille tulevaisuuden ihmisille. Olivatpa n\u00e4m\u00e4 tekstit luettu t\u00e4n\u00e4\u00e4n tai 500 vuoden p\u00e4\u00e4st\u00e4, Jumalan alkuper\u00e4inen kommunikaatio tulee esiin yht\u00e4 intiimin\u00e4, puhtaana ja voimakkaana kuin p\u00e4iv\u00e4n\u00e4, jolloin se lausuttiin.<\/p>\n<p>Lis\u00e4ksi suuri m\u00e4\u00e4r\u00e4 \u00e4\u00e4nitteit\u00e4 n\u00e4ist\u00e4 puhutuista Sanomista tullaan tekem\u00e4\u00e4n saatavaksi tekstien oheen. Ja t\u00e4m\u00e4 tarjoaa yksil\u00f6lle intiimin ja henkil\u00f6kohtaisen l\u00e4heisyyden tilan Jumalan alkuper\u00e4isen kommunikaatioon maailmalle sellaisena kuin se oli sin\u00e4 p\u00e4iv\u00e4n\u00e4, siin\u00e4 paikassa ja sill\u00e4 hetkell\u00e4, kun se lausuttiin. Merkillepantavaa on, ett\u00e4 ensi kertaa historiassa <a href=\"\/fi\/sanoma\/sanomat-aani\/\">Sanoman \u00c4\u00e4ni<\/a> on tallennettu ja tulee olemaan saatavilla kaikkien koettavaksi tulevaisuudessa.<\/p>\n<p>T\u00e4t\u00e4 lahjaa annetaan maailmalle t\u00e4ll\u00e4 hetkell\u00e4. Se on syntynyt Jumalan rakkaudesta: suuresta rakkaudesta, jolla on voima her\u00e4tt\u00e4\u00e4 Tietous ihmissuvun syd\u00e4mess\u00e4 sek\u00e4 valmistaa ja suojella ihmiskuntaa kun se kohtaa suurimmat haasteensa tulevaisuudessa.<\/p>\n<h4>Kirjat verkossa<\/h4>\n<p>Society ponnistelee saattaakseen Uuden Sanoman saataville maailmalle ilmaiseksi verkosta. T\u00e4ll\u00e4 hetkell\u00e4 useita Uuden Sanoman kirjoja on saatavilla maksutta NewMessage.org -sivustolla. Voit <a href=\"\/the-message\">tutustua maksuttomien verkkokirjojen tarjontaan.<\/a>.<\/p>\n<h4>Painetut kirjat<\/h4>\n<p>Society tarjoaa t\u00e4ll\u00e4 hetkell\u00e4 joitakin Uuden Sanoman kirjoja painettuna. Mutta Uuden Sanoman valtavan koon takia Societyn ei ole mahdollista julkaista kaikkia kuutta Uuden Sanoman kokoelmaa t\u00e4ll\u00e4 hetkell\u00e4. Ostaaksesi painetun kappaleen Uuden Sanoman kirjoista, k\u00e4y <a href=\"http:\/\/www.newknowledgelibrary.org\">New Knowledge Library -kaupassa.<\/a><\/p>\n<h4>CD:t ja mp3 -\u00e4\u00e4nitteet<\/h4>\n<p>Tietyt Uuden Sanoman opiskelijuuteen liittyv\u00e4t Sanomat ovat saatavilla maksullisina CD-levyin\u00e4 tai mp3-tiedostoina. Uuden Sanoman koko maailman saavuttamisen rahallisten realiteettien vuoksi <a href=\"\/worldwide-community\/society\">Society<\/a> tarjoaa tiettyj\u00e4 Opetuksia myyt\u00e4v\u00e4ksi kohtuulliseen hintaan New Knowledge Library -kaupassa.<\/p>\n<h4>Ilmainen Kirja -projekti (The Free Book Project)<\/h4>\n<p>Suuremmalla rahallisella tuella Society voi tarjota enemm\u00e4n n\u00e4it\u00e4 viisauden opetuksia ilmaiseksi netiss\u00e4. Lis\u00e4ksi Societyn <a href=\"\/the-message\/free-book-project\">Free Book Project<\/a> tarjoaa ilmaisen henkil\u00f6kohtaisen kopion t\u00e4ll\u00e4 hetkell\u00e4 saatavilla olevista Uuden Sanoman kirjoista ja mp3 -tallenteista niille, joilla ei ole mahdollisuutta ostaa niit\u00e4. Kutsumme sinua tekem\u00e4\u00e4n <a href=\"https:\/\/www.newmessage.org\/fi\/yhteiso\/tue-uutta-sanomaa\/\">lahjoituksen<\/a> tukeaksesi Ilmainen Kirja -projektia, jotta Uusi Sanoma olisi saatavilla yh\u00e4 suuremmalle osalle sit\u00e4 tarvitsevista ihmisist\u00e4.<\/p>\n<h4>Tulevat julkaisut<\/h4>\n<p>Society tulee jatkamaan visionsa edist\u00e4mist\u00e4; julkaista koko Jumalan Uusi Sanoma kirjoineen ja kokoelmineen, ja ehk\u00e4 jonain p\u00e4iv\u00e4n\u00e4 yhten\u00e4 kirjana, yksinkertaisesti nimell\u00e4 \u201dJumalan Uusi Sanoma\u201d. T\u00e4m\u00e4 on valtava hanke, johon Society tarvitsee sinun apuasi ja osallistumistasi. Harkitse yst\u00e4v\u00e4llisesti lahjoituksen tekemist\u00e4 tai tulemista <a href=\"https:\/\/www.newmessage.org\/fi\/yhteiso\/tue-uutta-sanomaa\/\">Uuden Sanoman Pilariksi<\/a> tukeaksesi t\u00e4t\u00e4 pyh\u00e4\u00e4 teht\u00e4v\u00e4\u00e4. Kiit\u00e4mme sinua tuestasi.<\/p>\n","protected":false},"excerpt":{"rendered":"<p>T\u00e4ll\u00e4 hetkell\u00e4\u00a0 Sanantuoja Marshall Vian Summers on historiallisen projektin parissa koostamassa kaikkia Uuden Sanoman kirjoja ja kokoelmia yhdeksi kokonaisuudeksi. Samaan aikaan salaper\u00e4inen Ilmoituksen prosessi jatkuu. Jumala jatkaa, Enkelien Yhteis\u00f6n v\u00e4lityksell\u00e4, uusien Sanomien tuomista Sanantuojan kautta t\u00e4ss\u00e4 ajassa; Sanomien, jotka tulevat lopulta l\u00f6yt\u00e4m\u00e4\u00e4n tiens\u00e4 osaksi Uuden Sanoman kirjoja ja kokoelmia. N\u00e4in ollen, kun Sanantuoja jatkaa historiallista\u2026 <a class=\"read-more\" href=\"https:\/\/www.v6.newmessage.org\/fi\/sanoma\/lisaa-tulossa\/\"><span>Read More<\/span><\/a><\/p>\n","protected":false},"author":24,"featured_media":0,"parent":26942,"menu_order":14,"comment_status":"closed","ping_status":"closed","template":"template-leftsidebar.php","meta":{"_monsterinsights_skip_tracking":false,"_monsterinsights_sitenote_active":false,"_monsterinsights_sitenote_note":"","_monsterinsights_sitenote_category":0,"footnotes":""},"categories":[],"tags":[630],"_links":{"self":[{"href":"https:\/\/www.v6.newmessage.org\/fi\/wp-json\/wp\/v2\/pages\/20897"}],"collection":[{"href":"https:\/\/www.v6.newmessage.org\/fi\/wp-json\/wp\/v2\/pages"}],"about":[{"href":"https:\/\/www.v6.newmessage.org\/fi\/wp-json\/wp\/v2\/types\/page"}],"author":[{"embeddable":true,"href":"https:\/\/www.v6.newmessage.org\/fi\/wp-json\/wp\/v2\/users\/24"}],"replies":[{"embeddable":true,"href":"https:\/\/www.v6.newmessage.org\/fi\/wp-json\/wp\/v2\/comments?post=20897"}],"version-history":[{"count":30,"href":"https:\/\/www.v6.newmessage.org\/fi\/wp-json\/wp\/v2\/pages\/20897\/revisions"}],"predecessor-version":[{"id":27253,"href":"https:\/\/www.v6.newmessage.org\/fi\/wp-json\/wp\/v2\/pages\/20897\/revisions\/27253"}],"up":[{"embeddable":true,"href":"https:\/\/www.v6.newmessage.org\/fi\/wp-json\/wp\/v2\/pages\/26942"}],"wp:attachment":[{"href":"https:\/\/www.v6.newmessage.org\/fi\/wp-json\/wp\/v2\/media?parent=20897"}],"wp:term":[{"taxonomy":"category","embeddable":true,"href":"https:\/\/www.v6.newmessage.org\/fi\/wp-json\/wp\/v2\/categories?post=20897"},{"taxonomy":"post_tag","embeddable":true,"href":"https:\/\/www.v6.newmessage.org\/fi\/wp-json\/wp\/v2\/tags?post=20897"}],"curies":[{"name":"wp","href":"https:\/\/api.w.org\/{rel}","templated":true}]}}