{"id":16492,"date":"2014-10-29T23:53:02","date_gmt":"2014-10-29T23:53:02","guid":{"rendered":"http:\/\/www.newmessage.org\/?page_id=16492"},"modified":"2018-01-14T13:23:30","modified_gmt":"2018-01-14T13:23:30","slug":"olennainen-uskonto","status":"publish","type":"page","link":"https:\/\/www.v6.newmessage.org\/fi\/sanoma\/kokoelma-1\/olennainen-uskonto\/","title":{"rendered":"Olennainen uskonto"},"content":{"rendered":"<p><img loading=\"lazy\" decoding=\"async\" class=\"alignright wp-image-23180\" src=\"\/\/www.newmessage.org\/wp-content\/uploads\/2014\/10\/the-pure-religion-205x300.jpg\" alt=\"\" width=\"205\" height=\"300\" \/><em>Olennainen uskonto<\/em> on ilmoituksen kirja, jonka Jumala on antanut paljastamaan uudelleen maailman uskontojen syvemm\u00e4n olemuksen ja merkityksen sek\u00e4 Jumalan voiman ja L\u00e4sn\u00e4olon, joka pyrkii puhuttelemaan kaikkia ihmisi\u00e4, kaikissa uskontokunnissa maailmassa t\u00e4h\u00e4n aikaan.<\/p>\n<p><em>Olennainen uskonto<\/em> on ajaton her\u00e4\u00e4misen, vapautuksen ja paluun polku Luojan luo, jonka Jumala on saattanut alkuun Erillisuuden alussa, ja sen j\u00e4lkeen tuonut kaikkiin universumin maailmoihin miss\u00e4 \u00e4lyllist\u00e4 el\u00e4m\u00e4\u00e4 esiintyy. <em>Olennainen uskonto<\/em> on Jumalan vastaus siihen tragediaan ja k\u00e4rsimykseen, mink\u00e4 <a href=\"\/fi\/sanoma\/termit#separation\">Erillisyydess\u00e4<\/a> el\u00e4minen on aiheuttanut uskontojen historiassa t\u00e4ss\u00e4 maailmassa. Se on el\u00e4v\u00e4\u00e4 kommunikaatiota Jumalalta kaikelle elolliselle, ja kutsuu kaikkia edelleen Erillisyydess\u00e4 el\u00e4vi\u00e4 palaamaan Jumalan yhteyteen ja tarjoaa polun paluuseen.<\/p>\n<p>Jumala on puhunut uudelleen, tuoden suuren Sanoman ihmiskunnalle. T\u00e4m\u00e4 suuri Sanoma on suoraa heijastusta siit\u00e4 puhtaasta henkisyydest\u00e4 joka piilee kaikkien maailman uskontojen ytimess\u00e4.<\/p>\n<p>Uusi Sanoma julistaa, ett\u00e4 kukaan ei voi v\u00e4itt\u00e4\u00e4, ett\u00e4 heid\u00e4n uskontonsa on ainoa oikea uskonto. Sen sijaan on olemassa puhdas ja mystinen Jumalan kutsu jokaiselle ihmiselle maailmassa. T\u00e4m\u00e4 kutsu menee kaikille ihmisille, olivat he sitten kristittyj\u00e4, islaminuskoisia, buddhalaisia, tai muuhun uskovia tai niit\u00e4 joille ei ole mit\u00e4\u00e4n erityist\u00e4 uskontoa. T\u00e4m\u00e4 on sis\u00e4inen kutsu, kutsuen jokaista ihmist\u00e4 astumaan ulos uskomusten rajoituksista ja astumaan syvemm\u00e4n kokemuksen el\u00e4m\u00e4\u00e4n, suurempiin suhteisiin ja korkeampaan tarkoitukseen maailmassa.<\/p>\n<p>Uusi Sanoma on tullut maailmaan. Se on ilmaisua ajattomasta puhtaasta yhteydest\u00e4 Jumalaan, sellaisena kuin se on ollut kautta ihmiskunnan historia, ja fyysisesti ilmenev\u00e4n universumin alusta. Ihmiskunnalla on nyt suora yhteys t\u00e4h\u00e4n puhtaaseen kokemukseen, jota ei ihmisen ymm\u00e4rrys, auktoriteetti tai korruptio ole est\u00e4m\u00e4ss\u00e4. Se on tullut nyt maailmaan uudelleen.<\/p>\n<p><em>Olennainen uskonto<\/em> on seitsem\u00e4s kirja Jumalan uuden Sanoman <a href=\"\/fi\/sanoma\/kokoelma-1\/\">1. kokoelmasta<\/a>.<\/p>\n<div class=\"background-color-bridesmaid padding-20\">\n<h2 style=\"text-align: left\"><span style=\"color: #525252\">Sis\u00e4llys<\/span><\/h2>\n<p>Jumalan uusi Sanoma maailma uskonnoille<\/p>\n<p>Jumalan Voima ja L\u00e4sn\u00e4olo maailmassa<\/p>\n<p><a href=\"\/fi\/sanoma\/olennainen-uskonto\/sanoman-aani\">Sanoman \u00c4\u00e4ni<\/a><\/p>\n<p>Uskonnollinen fundamentalismi<\/p>\n<p>Uskonnollinen v\u00e4kivalta<\/p>\n<p>Jeesus ja Jumalan uusi Sanoma<\/p>\n<p>Muhammed ja Jumalan uusi Sanoma<\/p>\n<p>Buddha ja Jumalan uusi Sanoma<\/p>\n<p>Jumalan uusi Sanoma islaminuskoiselle maailmalle<\/p>\n<p>Suuri Usko<\/p>\n<\/div>\n","protected":false},"excerpt":{"rendered":"<p>Olennainen uskonto on ilmoituksen kirja, jonka Jumala on antanut paljastamaan uudelleen maailman uskontojen syvemm\u00e4n olemuksen ja merkityksen sek\u00e4 Jumalan voiman ja L\u00e4sn\u00e4olon, joka pyrkii puhuttelemaan kaikkia ihmisi\u00e4, kaikissa uskontokunnissa maailmassa t\u00e4h\u00e4n aikaan. Olennainen uskonto on ajaton her\u00e4\u00e4misen, vapautuksen ja paluun polku Luojan luo, jonka Jumala on saattanut alkuun Erillisuuden alussa, ja sen j\u00e4lkeen tuonut kaikkiin\u2026 <a class=\"read-more\" href=\"https:\/\/www.v6.newmessage.org\/fi\/sanoma\/kokoelma-1\/olennainen-uskonto\/\"><span>Read More<\/span><\/a><\/p>\n","protected":false},"author":1,"featured_media":0,"parent":16287,"menu_order":1,"comment_status":"closed","ping_status":"closed","template":"template-leftsidebar.php","meta":{"_monsterinsights_skip_tracking":false,"_monsterinsights_sitenote_active":false,"_monsterinsights_sitenote_note":"","_monsterinsights_sitenote_category":0,"footnotes":""},"categories":[466,460],"tags":[633],"_links":{"self":[{"href":"https:\/\/www.v6.newmessage.org\/fi\/wp-json\/wp\/v2\/pages\/16492"}],"collection":[{"href":"https:\/\/www.v6.newmessage.org\/fi\/wp-json\/wp\/v2\/pages"}],"about":[{"href":"https:\/\/www.v6.newmessage.org\/fi\/wp-json\/wp\/v2\/types\/page"}],"author":[{"embeddable":true,"href":"https:\/\/www.v6.newmessage.org\/fi\/wp-json\/wp\/v2\/users\/1"}],"replies":[{"embeddable":true,"href":"https:\/\/www.v6.newmessage.org\/fi\/wp-json\/wp\/v2\/comments?post=16492"}],"version-history":[{"count":39,"href":"https:\/\/www.v6.newmessage.org\/fi\/wp-json\/wp\/v2\/pages\/16492\/revisions"}],"predecessor-version":[{"id":27302,"href":"https:\/\/www.v6.newmessage.org\/fi\/wp-json\/wp\/v2\/pages\/16492\/revisions\/27302"}],"up":[{"embeddable":true,"href":"https:\/\/www.v6.newmessage.org\/fi\/wp-json\/wp\/v2\/pages\/16287"}],"wp:attachment":[{"href":"https:\/\/www.v6.newmessage.org\/fi\/wp-json\/wp\/v2\/media?parent=16492"}],"wp:term":[{"taxonomy":"category","embeddable":true,"href":"https:\/\/www.v6.newmessage.org\/fi\/wp-json\/wp\/v2\/categories?post=16492"},{"taxonomy":"post_tag","embeddable":true,"href":"https:\/\/www.v6.newmessage.org\/fi\/wp-json\/wp\/v2\/tags?post=16492"}],"curies":[{"name":"wp","href":"https:\/\/api.w.org\/{rel}","templated":true}]}}