{"id":16297,"date":"2014-10-25T22:08:36","date_gmt":"2014-10-25T22:08:36","guid":{"rendered":"http:\/\/www.newmessage.org\/?page_id=16297"},"modified":"2018-01-14T11:32:23","modified_gmt":"2018-01-14T11:32:23","slug":"yksi-jumala","status":"publish","type":"page","link":"https:\/\/www.v6.newmessage.org\/fi\/sanoma\/kokoelma-1\/yksi-jumala\/","title":{"rendered":"Yksi Jumala"},"content":{"rendered":"<p><img loading=\"lazy\" decoding=\"async\" class=\"imgborder alignright\" src=\"https:\/\/www.newmessage.org\/wp-content\/uploads\/2016\/07\/TOG_v.7.0_ebook-cover-1-200x300.jpg\" alt=\"\" width=\"200\" height=\"300\" \/><\/p>\n<p><em>Yksi Jumala<\/em> on on ilmoituksen kirja, joka antaa uuden ymm\u00e4rryksen Jumalan olemuksesta ja todellisuudesta sek\u00e4 Jumalan Suunnitelmasta ja Tarkoituksesta maailmassa ja universumin Suuryhteis\u00f6n el\u00e4m\u00e4ss\u00e4. T\u00e4st\u00e4 alkaa uusi luku etenev\u00e4ss\u00e4 Sanomassa Jumalan L\u00e4sn\u00e4olosta ja Tahdosta ihmiskunnan suhteen.<\/p>\n<p>T\u00e4m\u00e4 jatkuva Ilmoitus on virrannut ajan my\u00f6t\u00e4 menneisyyden suurien L\u00e4hettil\u00e4iden ja Opetusten kautta, edist\u00e4en ymm\u00e4rryst\u00e4mme Yhdest\u00e4 Jumalasta ja her\u00e4tt\u00e4en j\u00e4lleen henkil\u00f6kohtaisen suhteemme Jumalalliseen L\u00e4sn\u00e4oloon el\u00e4m\u00e4ss\u00e4mme. Nyt t\u00e4m\u00e4 etenev\u00e4 Ilmoitus jatkuu uutena Jumalan uuden Sanoman kautta.<\/p>\n<p>Sana ja \u00c4\u00e4ni ovat nyt maailmassa. Jokainen kirjan Yksi Jumala kappale on ilmoitus, joka on annettu uudeksi opetukseksi el\u00e4m\u00e4mme L\u00e4hteest\u00e4 ja siit\u00e4 tarkoituksesta, jonka vuoksi olemme maailmassa t\u00e4h\u00e4n aikaan. Jokainen kappale avaa eteesi uuden n\u00e4k\u00f6kulman, josta voit kurkistaa Jumalan syd\u00e4meen, kauas universumin alkuun ja eteenp\u00e4in kohti Jumalan etenev\u00e4\u00e4 Suunnitelmaa t\u00e4lle ajalle ja tuleville ajoille.<\/p>\n<p>Jokainen kirjan <em>Yksi Jumala<\/em> kappale on L\u00e4hteest\u00e4 annettu ilmoitus, ja sen on koonnut tekstiksi Sanantuoja Marshall Vian Summers.<\/p>\n<p><em>Yksi Jumala<\/em> on Jumalan uuden Sanoman <a href=\"\/fi\/sanoma\/kokoelma-1\/\">Ensimm\u00e4isen kokoelman<\/a> toinen kirja.<\/p>\n<div class=\"background-color-bridesmaid padding-20\">\n<h2 style=\"text-align: left\"><span style=\"color: #525252\">Sis\u00e4llys <\/span><\/h2>\n<p>Johdanto<\/p>\n<p>1. Kappale: Jumalan ymm\u00e4rt\u00e4minen<\/p>\n<p>2. Kappale: <a href=\"\/fi\/sanoma\/kokoelma-1\/yksi-jumala\/uusi-jumala\/\">Uusi Jumala<\/a><\/p>\n<p>3. Kappale: Alkuper\u00e4<\/p>\n<p>4. Kappale: Erillisyys<\/p>\n<p>5. Kappale: Mik\u00e4 on Luomakunta<\/p>\n<p>6. Kappale: Sielu<\/p>\n<p>7. Kappale: Mik\u00e4 luo Pahan?<\/p>\n<p>8. Kappale: Pelastus<\/p>\n<p>9. Kappale: Jumala, Tietous ja Enkelien L\u00e4sn\u00e4olo<\/p>\n<p>10. Kappale: Kuinka Jumala puhuu maailmalle<\/p>\n<p>11. Kappale: <a href=\"https:\/\/www.newmessage.org\/fi\/sanoma\/kokoelma-1\/yksi-jumala\/jumalan-suunnitelma-pelastaa-jokainen\/\">Jumalan suunnitelma on pelastaa jokainen<\/a><\/p>\n<p>12. Kappale: Jumalan syd\u00e4n<\/p>\n<\/div>\n","protected":false},"excerpt":{"rendered":"<p>Yksi Jumala on on ilmoituksen kirja, joka antaa uuden ymm\u00e4rryksen Jumalan olemuksesta ja todellisuudesta sek\u00e4 Jumalan Suunnitelmasta ja Tarkoituksesta maailmassa ja universumin Suuryhteis\u00f6n el\u00e4m\u00e4ss\u00e4. T\u00e4st\u00e4 alkaa uusi luku etenev\u00e4ss\u00e4 Sanomassa Jumalan L\u00e4sn\u00e4olosta ja Tahdosta ihmiskunnan suhteen. T\u00e4m\u00e4 jatkuva Ilmoitus on virrannut ajan my\u00f6t\u00e4 menneisyyden suurien L\u00e4hettil\u00e4iden ja Opetusten kautta, edist\u00e4en ymm\u00e4rryst\u00e4mme Yhdest\u00e4 Jumalasta ja her\u00e4tt\u00e4en\u2026 <a class=\"read-more\" href=\"https:\/\/www.v6.newmessage.org\/fi\/sanoma\/kokoelma-1\/yksi-jumala\/\"><span>Read More<\/span><\/a><\/p>\n","protected":false},"author":1,"featured_media":0,"parent":16287,"menu_order":2,"comment_status":"closed","ping_status":"closed","template":"template-leftsidebar.php","meta":{"_monsterinsights_skip_tracking":false,"_monsterinsights_sitenote_active":false,"_monsterinsights_sitenote_note":"","_monsterinsights_sitenote_category":0,"footnotes":""},"categories":[460],"tags":[573,605],"_links":{"self":[{"href":"https:\/\/www.v6.newmessage.org\/fi\/wp-json\/wp\/v2\/pages\/16297"}],"collection":[{"href":"https:\/\/www.v6.newmessage.org\/fi\/wp-json\/wp\/v2\/pages"}],"about":[{"href":"https:\/\/www.v6.newmessage.org\/fi\/wp-json\/wp\/v2\/types\/page"}],"author":[{"embeddable":true,"href":"https:\/\/www.v6.newmessage.org\/fi\/wp-json\/wp\/v2\/users\/1"}],"replies":[{"embeddable":true,"href":"https:\/\/www.v6.newmessage.org\/fi\/wp-json\/wp\/v2\/comments?post=16297"}],"version-history":[{"count":64,"href":"https:\/\/www.v6.newmessage.org\/fi\/wp-json\/wp\/v2\/pages\/16297\/revisions"}],"predecessor-version":[{"id":27299,"href":"https:\/\/www.v6.newmessage.org\/fi\/wp-json\/wp\/v2\/pages\/16297\/revisions\/27299"}],"up":[{"embeddable":true,"href":"https:\/\/www.v6.newmessage.org\/fi\/wp-json\/wp\/v2\/pages\/16287"}],"wp:attachment":[{"href":"https:\/\/www.v6.newmessage.org\/fi\/wp-json\/wp\/v2\/media?parent=16297"}],"wp:term":[{"taxonomy":"category","embeddable":true,"href":"https:\/\/www.v6.newmessage.org\/fi\/wp-json\/wp\/v2\/categories?post=16297"},{"taxonomy":"post_tag","embeddable":true,"href":"https:\/\/www.v6.newmessage.org\/fi\/wp-json\/wp\/v2\/tags?post=16297"}],"curies":[{"name":"wp","href":"https:\/\/api.w.org\/{rel}","templated":true}]}}