{"id":16287,"date":"2014-10-25T01:14:16","date_gmt":"2014-10-25T01:14:16","guid":{"rendered":"http:\/\/www.newmessage.org\/?page_id=16287"},"modified":"2019-08-18T19:54:11","modified_gmt":"2019-08-18T19:54:11","slug":"kokoelma-1","status":"publish","type":"page","link":"https:\/\/www.v6.newmessage.org\/fi\/sanoma\/kokoelma-1\/","title":{"rendered":"Kokoelma 1"},"content":{"rendered":"<h3><strong>Kokoelma 1<\/strong><\/h3>\n<p><img loading=\"lazy\" decoding=\"async\" class=\"imgborder alignright size-medium\" src=\"https:\/\/www.newmessage.org\/wp-content\/uploads\/2014\/10\/The-New-Message-from-God-Volume-1-214x300.png\" alt=\"\" width=\"214\" height=\"300\" \/><br \/>\nJumalan uuden Sanoman Ensimm\u00e4inen Kokoelma sis\u00e4lt\u00e4\u00e4 Jumalan olennaisimman pyh\u00e4n Sanoman t\u00e4lle maailmalle t\u00e4h\u00e4n aikaan. T\u00e4m\u00e4 on alku uudelle kommunikaatiolle Jumalan syd\u00e4mest\u00e4 ihmisten maailmalle.<\/p>\n<p>Ensimm\u00e4isen Kokoelman seitsem\u00e4ss\u00e4 kirjassa Jumala julistaa Jumalan uuden Ilmoituksen maailmalle ja sen suuren tarpeen mit\u00e4 Jumalan Sanomalle on t\u00e4ss\u00e4 ajassa ja tulevina aikoina.<\/p>\n<p>Ensimm\u00e4isen Kokoelman kirjat paljastavat el\u00e4m\u00e4n suuremman todellisuuden, niin maailmassa kuin universumin el\u00e4m\u00e4n Suuryhteis\u00f6ss\u00e4. T\u00e4m\u00e4 suurempi todellisuus paljastetaan maailmalle ensimm\u00e4ist\u00e4 kertaa ihmiskunnan historiassa. Ensimm\u00e4inen Kokoelma varoittaa meit\u00e4 suurista vaaroista ja polttavista tarpeista, jotka maailmaa nyt ja tulevaisuudessa kohtaavat. T\u00e4m\u00e4n my\u00f6t\u00e4 se kutsuu jokaista meit\u00e4 ottamaan omaksemme ja ilmaisemaan sit\u00e4 piilotettua hengellist\u00e4 voimaa, mik\u00e4 el\u00e4\u00e4 ihmiskunnan syd\u00e4mess\u00e4.<\/p>\n<p>Ensimm\u00e4isen Kokoelman aloittaa <em>Jumala on puhunut uudelleen<\/em>, joka avaa oven Jumalan uuteen Sanomaan kaikille maailman ihmisille. Jumala on puhunut uudelleen -kirjaa seuraavat Ensimm\u00e4isess\u00e4 kokoelmassa seuraavaksi <em>Yksi Jumala<\/em> sek\u00e4 <em>Uusi Sanantuoja<\/em>, jotka paljastavat lis\u00e4\u00e4 Jumalan luonnosta, Jumalan suunnitelmasta Erillisyyden p\u00e4\u00e4tt\u00e4miseksi, sek\u00e4 Enkelien Yhteis\u00f6n ja heid\u00e4n Sanantuojiensa l\u00e4sn\u00e4olosta. T\u00e4m\u00e4n j\u00e4lkeen Ensimm\u00e4isess\u00e4 kokoelmassa tulevat kirjat <em>Suuryhteis\u00f6<\/em>, <em>Uusi el\u00e4m\u00e4<\/em> ja <em>Uusi maailma<\/em>, jotka avaavat eteemme uuden todellisuuden el\u00e4m\u00e4st\u00e4 maailmassamme ja kohtalostamme universumissa. Ensimmm\u00e4isen kokoelman p\u00e4\u00e4tt\u00e4\u00e4 kirja <em>Puhdas uskonto<\/em>, joka kutsuu jokaista ihmist\u00e4 Jumalan l\u00e4sn\u00e4oloon el\u00e4m\u00e4ss\u00e4\u00e4n.<\/p>\n<p>Ensimm\u00e4isen Kokoelman kirjat sis\u00e4lt\u00e4v\u00e4t alkuper\u00e4iset puhutut Sanomat, jotka on ottanut vastaan Sanantuoja <a href=\"https:\/\/www.newmessage.org\/fi\/kuka-on-marshall-vian-summers\/\">Marshall Vian Summers<\/a>. L\u00e4hden on ohjannut Sanantuojaa ker\u00e4\u00e4m\u00e4\u00e4n Sanomat Jumalan uuden Sanoman Ensimm\u00e4isen Kokoelman pyhiksi kirjoiksi.<\/p>\n<div class=\"clearfix\"><\/div>\n<h2 style=\"text-align: center\">Uuden Sanoman 1. Kokoelman koko kirjasto (englanninkielinen t\u00e4ysi versio)<\/h2>\n<div class=\"the-message-books-volumes background-tile-1\">\n<h2 class=\"text-align-center margin-bottom-20\"><a class=\"text-color-gray-5 not-underlined\" title=\"Volume 1\" href=\"\/the-message\/volume-1\">Volume 1<\/a><\/h2>\n<div class=\"one_third \" ><\/p>\n<div class=\"message-book-div\"><a class=\"message-book-link-to-post\" title=\"God Has Spoken Again\" href=\"\/the-message\/volume-1\/god-spoken-again\" rel=\"bookmark\">God Has<br \/>\nSpoken Again<\/a><\/div>\n<div class=\"toggle toggle-gray\"><h4 class=\"trigger \"><span class=\"t_ico\"><\/span><a href=\"#\">Table of Contents<\/a><\/h4><div class=\"toggle_container \"><br \/>\n<a href=\"\/the-message\/volume-1\/god-spoken-again\/the-proclamation\">The Proclamation<\/a><br \/>\n<a href=\"\/the-message\/volume-1\/god-spoken-again\/the-recitation\">The Recitation<\/a><br \/>\n<a href=\"\/the-message\/volume-1\/god-spoken-again\/the-engagement\">The Engagement<\/a><br \/>\n<a href=\"\/the-message\/volume-1\/god-spoken-again\/god-has-spoken\">God Has Spoken Again<\/a><br \/>\n<a href=\"\/the-message\/volume-1\/god-spoken-again\/seal-of-the-prophets\">The Seal of the Prophets<\/a><br \/>\n<a href=\"\/the-message\/volume-1\/god-spoken-again\/mission-of-the-messenger\">The Mission of the Messenger<\/a><br \/>\n<a href=\"\/the-message\/volume-1\/god-spoken-again\/the-initiation\">The Initiation<\/a><br \/>\n<a href=\"\/the-message\/volume-1\/god-spoken-again\/the-blessing\">The Blessing<\/a><br \/>\n<a href=\"\/the-message\/volume-1\/god-spoken-again\/living-at-a-time-of-revelation\">Living at a Time of Revelation<\/a><br \/>\n<a href=\"\/the-message\/volume-1\/god-spoken-again\/the-assembly\">The Assembly<\/a><br \/>\n<a href=\"\/the-message\/volume-1\/god-spoken-again\/gods-new-message-for-the-world\">God\u2019s New Message for the World<\/a><br \/>\n<a href=\"\/the-message\/volume-1\/god-spoken-again\/god-is-moving-humanity-in-a-new-direction\">God Is Moving Humanity in a New Direction<\/a><br \/>\n<a href=\"\/the-message\/volume-1\/god-spoken-again\/the-world-must-receive-gods-new-message\">The World Must Receive God\u2019s New Message<\/a><br \/>\n<a href=\"\/the-message\/volume-1\/god-spoken-again\/the-calling\">The Calling<\/a><br \/>\n<\/div><\/div><br \/>\n<\/div>\n<div class=\"one_third \" ><\/p>\n<div class=\"message-book-div\"><a class=\"message-book-link-to-post\" title=\"The One God\" href=\"\/the-message\/volume-1\/one-god\" rel=\"bookmark\">The<br \/>\nOne God<\/a><\/div>\n<div class=\"toggle toggle-gray\"><h4 class=\"trigger \"><span class=\"t_ico\"><\/span><a href=\"#\">Table of Contents<\/a><\/h4><div class=\"toggle_container \"><\/p>\n<p><a href=\"\/the-message\/volume-1\/one-god\/comprehending-god\">Comprehending God<\/a><br \/>\n<a href=\"\/the-message\/volume-1\/one-god\/new-god-revelation\">The New God Revelation<\/a><br \/>\n<a href=\"\/the-message\/volume-1\/one-god\/the-origin\">The Origin<\/a><br \/>\n<a href=\"\/the-message\/volume-1\/one-god\/the-separation\">The Separation<\/a><br \/>\n<a href=\"\/the-message\/volume-1\/one-god\/what-is-creation\">What is Creation?<\/a><br \/>\n<a href=\"\/the-message\/volume-1\/one-god\/the-soul\">The Soul<\/a><br \/>\n<a href=\"\/the-message\/volume-1\/one-god\/what-creates-evil\">What Creates Evil?<\/a><br \/>\n<a href=\"\/the-message\/volume-1\/one-god\/the-redemption\">The Redemption<\/a><br \/>\n<a href=\"\/the-message\/volume-1\/one-god\/god-knowledge-and-the-angelic-presence\">God, Knowledge and the Angelic Presence<\/a><br \/>\n<a href=\"\/the-message\/volume-1\/one-god\/how-god-speaks-to-the-world\">How God Speaks To The World<\/a><br \/>\n<a title=\"God's Plan Is to Save Everyone\" href=\"\/the-message\/volume-1\/one-god\/gods-plan-save-everyone\">God&#8217;s Plan Is to Save Everyone<\/a><br \/>\n<a href=\"\/the-message\/volume-1\/one-god\/the-heart-of-god\">The Heart of God<\/a><br \/>\n<\/div><\/div><br \/>\n<\/div>\n<div class=\"one_third last\" ><\/p>\n<div class=\"message-book-div\"><a class=\"message-book-link-to-post\" title=\"The New Messenger\" href=\"\/the-message\/volume-1\/new-messenger\" rel=\"bookmark\">The New Messenger<\/a><\/div>\n<div class=\"toggle toggle-gray\"><h4 class=\"trigger \"><span class=\"t_ico\"><\/span><a href=\"#\">Table of Contents<\/a><\/h4><div class=\"toggle_container \"><br \/>\n<a href=\"\/the-message\/volume-1\/new-messenger\/the-will-of-heaven\">The Will of Heaven<\/a><br \/>\n<a href=\"\/the-message\/volume-1\/new-messenger\/origin-messenger\">The Origin of The Messenger<\/a><br \/>\n<a href=\"\/the-message\/volume-1\/new-messenger\/lineage-messenger\">The Lineage of The Messenger<\/a><br \/>\n<a href=\"\/the-message\/volume-1\/new-messenger\/the-story-of-the-messenger\">The Story of The Messenger<\/a><br \/>\n<a href=\"\/the-message\/volume-1\/new-messenger\/the-requirements-of-the-messenger\">The Requirements of the Messenger<\/a><br \/>\n<a href=\"\/the-message\/volume-1\/new-messenger\/the-veil-of-the-messenger\">The Veil of the Messenger<\/a><br \/>\n<a href=\"\/the-message\/volume-1\/new-messenger\/understanding-the-new-messenger\">Understanding the New Messenger<\/a><br \/>\n<a href=\"\/the-message\/volume-1\/new-messenger\/facing-light-revelation\">Facing the Light of Revelation<\/a><br \/>\n<a href=\"\/the-message\/volume-1\/new-messenger\/the-journey-of-the-messenger\">The Journey of the Messenger<\/a><br \/>\n<a href=\"\/the-message\/volume-1\/new-messenger\/the-prophet\">The Prophet<\/a><br \/>\n<a href=\"\/the-message\/volume-1\/new-messenger\/the-consequence-of-revelation\">The Consequence of Revelation<\/a><br \/>\n<a href=\"\/the-message\/volume-1\/new-messenger\/the-messengers-calling\">The Messenger&#8217;s Calling<\/a><br \/>\n<a href=\"\/the-message\/volume-1\/new-messenger\/walking-with-the-messenger\">Walking with the Messenger<\/a><br \/>\n<\/div><\/div><br \/>\n<\/div>\n<div class=\"clearfix\"><\/div>\n<div class=\"one_third \" ><\/p>\n<div class=\"message-book-div\"><a class=\"message-book-link-to-post\" title=\"The Greater Community\" href=\"\/the-message\/volume-1\/greater-community\" rel=\"bookmark\">The Greater<br \/>\nCommunity<\/a><\/div>\n<div class=\"toggle toggle-gray\"><h4 class=\"trigger \"><span class=\"t_ico\"><\/span><a href=\"#\">Table of Contents<\/a><\/h4><div class=\"toggle_container \"><\/p>\n<p><a title=\"Humanity's Emergence into the Greater Community\" href=\"\/\/www.newmessage.org\/the-message\/volume-1\/greater-community\/humanitys-emergence-into-the-greater-community\">Humanity&#8217;s Emergence into the Greater Community<\/a><br \/>\n<a title=\"Contact with Intelligent Life in the Universe\" href=\"\/the-message\/volume-1\/greater-community\/intelligent-life-in-the-universe\">Contact with Intelligent Life in the Universe<\/a><br \/>\n<a title=\"Facing the Greater Community\" href=\"\/the-message\/volume-1\/greater-community\/free-energy-alien-technologies\">Facing the Greater Community<\/a><br \/>\n<a title=\"Entering the Greater Community\" href=\"\/\/www.newmessage.org\/the-message\/volume-1\/greater-community\/human-unity\">Entering the Greater Community<\/a><br \/>\n<a title=\"Who Are the Allies of Humanity?\" href=\"\/\/www.newmessage.org\/the-message\/volume-1\/greater-community\/who-are-the-allies-of-humanity\">Who Are the Allies of Humanity?<\/a><br \/>\n<a title=\"The Enemies of Humanity\" href=\"\/\/www.newmessage.org\/the-message\/volume-1\/greater-community\/enemies-human-family\">The Enemies of Humanity<\/a><br \/>\n<a title=\"Humanity's Destiny in the Greater Community\" href=\"\/\/www.newmessage.org\/the-message\/volume-1\/greater-community\/humanitys-destiny-in-the-greater-community\">Humanity&#8217;s Destiny in the Greater Community<\/a><br \/>\n<a title=\"Preparing for the Greater Community\" href=\"\/\/www.newmessage.org\/the-message\/volume-1\/greater-community\/preparing-for-the-greater-community\">Preparing for the Greater Community<\/a><br \/>\n<a title=\"Protecting the World\" href=\"\/\/www.newmessage.org\/the-message\/volume-1\/greater-community\/protecting-the-world\">Protecting the World<\/a><br \/>\n<a title=\"The Importance of the Greater Community\" href=\"\/\/www.newmessage.org\/the-message\/volume-1\/greater-community\/importance-greater-community\">The Importance of the Greater Community<\/a><br \/>\n<a title=\"The New Revelation\" href=\"\/\/www.newmessage.org\/the-message\/volume-1\/greater-community\/uncertain-future\">The New Revelation<\/a><br \/>\n<\/div><\/div><br \/>\n<\/div>\n<div class=\"one_third \" ><\/p>\n<div class=\"message-book-div\"><a class=\"message-book-link-to-post\" title=\"The Pure Religion\" href=\"\/the-message\/volume-1\/power-of-knowledge\" rel=\"bookmark\">The Power of Knowledge<\/a><\/div>\n<div class=\"toggle toggle-gray\"><h4 class=\"trigger \"><span class=\"t_ico\"><\/span><a href=\"#\">Table of Contents<\/a><\/h4><div class=\"toggle_container \"><br \/>\n<a href=\"\/the-message\/volume-1\/power-of-knowledge\/greater-power\">The Greater Power within You<\/a><br \/>\n<a href=\"\/the-message\/volume-1\/power-of-knowledge\/power-of-knowledge-other\">The Power of Knowledge<\/a><br \/>\n<a href=\"\/the-message\/volume-1\/power-of-knowledge\/souls-journey-through-life\">The Soul&#8217;s Journey on Earth<\/a><br \/>\n<a href=\"\/the-message\/volume-1\/power-of-knowledge\/living-separation-alone-afraid\">Living in Separation<\/a><br \/>\n<a href=\"\/the-message\/volume-1\/pure-religion\/the-purpose-of-religion\">The Purpose of Religion<\/a><br \/>\n<a href=\"\/the-message\/volume-1\/power-of-knowledge\/the-crisis\">The Crisis<\/a><br \/>\n<a href=\"\/the-message\/volume-1\/power-of-knowledge\/experiencing-presence-god\">The Presence<\/a><br \/>\n<a href=\"\/the-message\/volume-1\/power-of-knowledge\/the-reconciliation\">The Reconciliation<\/a><br \/>\n<a href=\"\/the-message\/volume-1\/power-of-knowledge\/you-are-not-your-mind\">Who You Are Is Not Your Mind<\/a><br \/>\n<a href=\"\/the-message\/volume-1\/power-of-knowledge\/ideas-beliefs-god\">Knowledge and the Limits of Belief<\/a><br \/>\n<a href=\"\/the-message\/volume-1\/power-of-knowledge\/the-greater-intelligence\">The Greater Intelligence<\/a><br \/>\n<a href=\"\/the-message\/volume-1\/power-of-knowledge\/bridge-two-minds\">The Bridge<\/a><br \/>\n<a href=\"\/the-message\/volume-1\/power-of-knowledge\/following-presence-god\">Following the Presence<\/a><br \/>\n<a href=\"\/the-message\/volume-1\/power-of-knowledge\/the-spiritual-fire\">The Spiritual Fire<\/a><br \/>\n<a href=\"\/the-message\/volume-1\/power-of-knowledge\/remembrance-eternal-life\">The Remembrance<\/a><\/p>\n<p><\/div><\/div><br \/>\n<\/div>\n<div class=\"one_third last\" >\n<div class=\"message-book-div\"><a class=\"message-book-link-to-post\" title=\"The Journey to a New Life\" href=\"\/the-message\/volume-1\/journey-new-life\" rel=\"bookmark\">The Journey to a New Life<\/a><\/div>\n<div class=\"toggle toggle-gray\"><h4 class=\"trigger \"><span class=\"t_ico\"><\/span><a href=\"#\">Table of Contents<\/a><\/h4><div class=\"toggle_container \"><br \/>\n<a href=\"\/the-message\/volume-1\/journey-new-life\/the-awakening\">The Awakening<\/a><br \/>\n<a href=\"\/the-message\/volume-1\/journey-new-life\/freedom-journey\">The Freedom Journey<\/a><br \/>\n<a href=\"\/the-message\/volume-1\/journey-new-life\/prison-escape-your-mind\">The Prison<\/a><br \/>\n<a href=\"\/the-message\/volume-1\/journey-new-life\/spiritual-revolution\">The Revolution<\/a><br \/>\n<a href=\"\/the-message\/volume-1\/journey-new-life\/the-turning-point\">The Turning Point<\/a><br \/>\n<a href=\"\/the-message\/volume-1\/journey-new-life\/the-gift-of-a-new-life\">The Gift of a New Life<\/a><br \/>\n<a href=\"\/the-message\/volume-1\/journey-new-life\/the-journey-to-a-new-life\">The Journey to a New Life<\/a><br \/>\n<a href=\"\/the-message\/volume-1\/journey-new-life\/greater-purpose-life\">Your Purpose and Destiny<\/a><br \/>\n<a href=\"\/the-message\/volume-1\/journey-new-life\/building-the-bridge-to-a-new-life\">Building the Bridge to a New Life<\/a><br \/>\n<a href=\"\/the-message\/volume-1\/journey-new-life\/courage-and-the Will-to-prepare\">Courage and the Will to Prepare<\/a><br \/>\n<a href=\"\/the-message\/volume-1\/new-world\/resilience\">Building Strength and Resilience<\/a><br \/>\n<a href=\"\/the-message\/volume-1\/journey-new-life\/my-role-greater-purpose\">Preparing for a Greater Role in the World<\/a><br \/>\n<a href=\"\/the-message\/volume-1\/journey-new-life\/great-truth-god\">The Great Truth<\/a><br \/>\n<a href=\"\/the-message\/volume-1\/journey-new-life\/here-unique-contribution\">You are Here for a Greater Purpose<\/a><br \/>\n<\/div><\/div><br \/>\n<\/div><br \/>\n<div class=\"clearfix\"><\/div>\n<div class=\"one_third \" ><\/p>\n<div class=\"message-book-div\"><a class=\"message-book-link-to-post\" title=\"The New World\" href=\"\/the-message\/volume-1\/new-world\" rel=\"bookmark\">The New World<\/a><\/div>\n<div class=\"toggle toggle-gray\"><h4 class=\"trigger \"><span class=\"t_ico\"><\/span><a href=\"#\">Table of Contents<\/a><\/h4><div class=\"toggle_container \"><br \/>\n<a href=\"\/the-message\/volume-1\/new-world\/new-world\">Entering the New World<\/a><br \/>\n<a href=\"\/the-message\/volume-1\/new-world\/the-great-warning\">The Great Warning<\/a><br \/>\n<a href=\"\/the-message\/volume-1\/new-world\/the-global-emergency\">The Global Emergency<\/a><br \/>\n<a href=\"\/the-message\/volume-1\/new-world\/plight-humanity-waves-change\">The Plight of Humanity<\/a><br \/>\n<a href=\"\/the-message\/volume-1\/new-world\/the-race-to-save-human-civilization\">The Race to Save Human Civilization<\/a><br \/>\n<a href=\"\/the-message\/volume-1\/new-world\/standing-precipice-world-decline\">Standing at the Precipice<\/a><br \/>\n<a href=\"\/the-message\/volume-1\/new-world\/planetary-instability\">Facing Planetary Instability<\/a><br \/>\n<a href=\"\/the-message\/volume-1\/new-world\/battleground-conflict-war\">The Battleground<\/a><br \/>\n<a href=\"\/the-message\/volume-1\/new-world\/global-security-facing-reality\">Building Global Security<\/a><br \/>\n<a href=\"\/the-message\/volume-1\/new-world\/preventing-collapse-wars-of-desperation\">Preventing Collapse and the Wars of Desperation<\/a><br \/>\n<a href=\"\/the-message\/volume-1\/new-world\/great-transition-one-world-community\">The Great Transition<\/a><br \/>\n<a href=\"\/the-message\/volume-1\/new-world\/the-shock-of-the-future\">The Shock of the Future<\/a><br \/>\n<a href=\"\/the-message\/volume-1\/new-world\/being-centered-crashing-world\">Being Centered in a Crashing World<\/a><br \/>\n<a href=\"\/the-message\/volume-1\/new-world\/resilience-building-greater-strength\">Resilience<\/a><br \/>\n<a href=\"\/the-message\/volume-1\/new-world\/vision-future-world\">The Vision<\/a><br \/>\n<a href=\"\/the-message\/volume-1\/new-world\/future-humanity\">The Future of Humanity<\/a><\/div><\/div><br \/>\n<\/div>\n<div class=\"one_third \" ><\/p>\n<div class=\"message-book-div\"><a class=\"message-book-link-to-post\" title=\"The Pure Religion\" href=\"\/the-message\/volume-1\/pure-religion\" rel=\"bookmark\">The Pure Religion<\/a><\/div>\n<div class=\"toggle toggle-gray\"><h4 class=\"trigger \"><span class=\"t_ico\"><\/span><a href=\"#\">Table of Contents<\/a><\/h4><div class=\"toggle_container \"><br \/>\n<span class=\"text-align-center font-size-13 text-color-gray-9\">(<em>The Pure Religion<\/em> book is forthcoming. Prior to release, several chapters are being made available to the world.)<\/span><\/p>\n<p><a href=\"\/the-message\/volume-1\/pure-religion\/heaven-and-hell\">Heaven and Hell<\/a><br \/>\n<a title=\"The Pure Religion\" href=\"https:\/\/www.newmessage.org\/the-message\/volume-1\/pure-religion\/the-pure-religion\">The Pure Religion<\/a><br \/>\n<a title=\"The Great Faith\" href=\"\/the-message\/volume-1\/pure-religion\/the-great-faith\">The Great Faith<\/a><br \/>\n<a title=\"God's Ancient Covenant with Humanity\" href=\"\/the-message\/volume-1\/pure-religion\/gods-ancient-covenant-with-humanity\">God&#8217;s Ancient Covenant with Humanity<\/a><br \/>\n<a href=\"https:\/\/www.newmessage.org\/the-message\/volume-1\/pure-religion\/the-purpose-of-religion\">The Purpose of Religion<\/a><br \/>\n<a title=\"God's New Message for the World's Religions\" href=\"\/the-message\/volume-1\/pure-religion\/gods-new-message-for-the-worlds-religions\">God&#8217;s New Message for the World&#8217;s Religions<\/a><br \/>\n<a title=\"Religious Fundamentalism\" href=\"\/the-message\/volume-1\/pure-religion\/religious-fundamentalism\">Religious Fundamentalism<\/a><br \/>\n<a title=\"Religious Violence\" href=\"\/the-message\/volume-1\/pure-religion\/religious-violence\">Religious Violence <\/a><\/p>\n<p><\/div><\/div><br \/>\n<\/div>\n<div class=\"one_third last\" ><\/p>\n<div class=\"message-book-div more\"><a class=\"message-book-link-to-post\" title=\"More to Come\u2026\" href=\"\/the-message\/the-revelation-continues-to-this-day\" rel=\"bookmark\">More to Come\u2026<\/a><\/div>\n<p><\/div>\n<\/div>\n","protected":false},"excerpt":{"rendered":"<p>Kokoelma 1 Jumalan uuden Sanoman Ensimm\u00e4inen Kokoelma sis\u00e4lt\u00e4\u00e4 Jumalan olennaisimman pyh\u00e4n Sanoman t\u00e4lle maailmalle t\u00e4h\u00e4n aikaan. T\u00e4m\u00e4 on alku uudelle kommunikaatiolle Jumalan syd\u00e4mest\u00e4 ihmisten maailmalle. Ensimm\u00e4isen Kokoelman seitsem\u00e4ss\u00e4 kirjassa Jumala julistaa Jumalan uuden Ilmoituksen maailmalle ja sen suuren tarpeen mit\u00e4 Jumalan Sanomalle on t\u00e4ss\u00e4 ajassa ja tulevina aikoina. Ensimm\u00e4isen Kokoelman kirjat paljastavat el\u00e4m\u00e4n suuremman todellisuuden,\u2026 <a class=\"read-more\" href=\"https:\/\/www.v6.newmessage.org\/fi\/sanoma\/kokoelma-1\/\"><span>Read More<\/span><\/a><\/p>\n","protected":false},"author":1,"featured_media":0,"parent":26942,"menu_order":15,"comment_status":"closed","ping_status":"closed","template":"template-leftsidebar.php","meta":{"_monsterinsights_skip_tracking":false,"_monsterinsights_sitenote_active":false,"_monsterinsights_sitenote_note":"","_monsterinsights_sitenote_category":0,"footnotes":""},"categories":[],"tags":[611,599],"_links":{"self":[{"href":"https:\/\/www.v6.newmessage.org\/fi\/wp-json\/wp\/v2\/pages\/16287"}],"collection":[{"href":"https:\/\/www.v6.newmessage.org\/fi\/wp-json\/wp\/v2\/pages"}],"about":[{"href":"https:\/\/www.v6.newmessage.org\/fi\/wp-json\/wp\/v2\/types\/page"}],"author":[{"embeddable":true,"href":"https:\/\/www.v6.newmessage.org\/fi\/wp-json\/wp\/v2\/users\/1"}],"replies":[{"embeddable":true,"href":"https:\/\/www.v6.newmessage.org\/fi\/wp-json\/wp\/v2\/comments?post=16287"}],"version-history":[{"count":59,"href":"https:\/\/www.v6.newmessage.org\/fi\/wp-json\/wp\/v2\/pages\/16287\/revisions"}],"predecessor-version":[{"id":27369,"href":"https:\/\/www.v6.newmessage.org\/fi\/wp-json\/wp\/v2\/pages\/16287\/revisions\/27369"}],"up":[{"embeddable":true,"href":"https:\/\/www.v6.newmessage.org\/fi\/wp-json\/wp\/v2\/pages\/26942"}],"wp:attachment":[{"href":"https:\/\/www.v6.newmessage.org\/fi\/wp-json\/wp\/v2\/media?parent=16287"}],"wp:term":[{"taxonomy":"category","embeddable":true,"href":"https:\/\/www.v6.newmessage.org\/fi\/wp-json\/wp\/v2\/categories?post=16287"},{"taxonomy":"post_tag","embeddable":true,"href":"https:\/\/www.v6.newmessage.org\/fi\/wp-json\/wp\/v2\/tags?post=16287"}],"curies":[{"name":"wp","href":"https:\/\/api.w.org\/{rel}","templated":true}]}}