{"id":161,"date":"2011-04-23T16:22:26","date_gmt":"2011-04-23T16:22:26","guid":{"rendered":"http:\/\/wp.www.newmessage.org\/?p=161"},"modified":"2017-12-03T11:25:49","modified_gmt":"2017-12-03T11:25:49","slug":"kuinka-uusi-sanoma-on-tullut","status":"publish","type":"page","link":"https:\/\/www.v6.newmessage.org\/fi\/sanomasta\/faq\/kuinka-uusi-sanoma-on-tullut\/","title":{"rendered":"Kuinka uusi Sanoma on tullut?"},"content":{"rendered":"<blockquote><p>&#8220;<em>Suuri rakkaus on tuonut t\u00e4m\u00e4n uuden Sanoman maailmaan \u2013 Luojan rakkaus luomakuntaan, Luojan rakkaus ihmissukuun \u2013 osoittaakseen sille sen suuren tilaisuuden tulla yhdistyneeksi ja vapaaksi roduksi t\u00e4ss\u00e4 maailmassa<\/em>.&#8221;<\/p><\/blockquote>\n<p>Uusi Sanoma edustaa Jumalan tahtoa ihmiskunnalle, niin nyt kuin tuleville ajoille. Jumalan tahto on muunnettu sanoiksi, valmistautumiseksi ja kokonaiseksi opetukseksi Korkeimman tahtoa ja ihmiskunnan tarkoitusta t\u00e4ss\u00e4 maailmassa edustavien <a href=\"\/fi\/sanoma\/termit#aa\">Enkelien L\u00e4sn\u00e4olon<\/a> kautta.<\/p>\n<p>Jumalan uusi Sanoma on v\u00e4litetty yli 44 vuoden kuluessa. <a title=\"The Messenger\" href=\"https:\/\/www.newmessage.org\/gods-messenger\">Marshall Vian Summers<\/a> on vastaanottanut sen ilmestyksen tilassa. Viestin jokainen sana on ensin puhuttu, nauhoitettu ja my\u00f6hemmin puhtaaksikirjoitettu. T\u00e4m\u00e4 on s\u00e4ilytt\u00e4nyt uuden Sanoman aitouden ja virheett\u00f6myyden alkuper\u00e4isess\u00e4 muodossaan. Se, mist\u00e4 lopulta tulisi kokonaisia kirjoja, vastaanotettiin p\u00e4ivien tai jopa tuntien kuluessa. Esimerkiksi 27 lukua sis\u00e4lt\u00e4v\u00e4 kirja <a title=\"Greater Community Spirituality\" href=\"\/the-message\/volume-2\/greater-community-spirituality\"><em>Greater Community Spirituality: A New Revelation<\/em><\/a> vastaanotettiin vain yhdess\u00e4toista p\u00e4iv\u00e4ss\u00e4. T\u00e4m\u00e4 ilmestyksen prosessi on jatkuvaa.<\/p>\n<p>N\u00e4in Jumalan uusi Sanoma on tullut maailmaan, ja se mit\u00e4 se v\u00e4litt\u00e4\u00e4, pit\u00e4\u00e4 yht\u00e4 kaikkien niiden suurten viestien kanssa, joita maailmaan on ihmiskunnan edist\u00e4miseksi l\u00e4hetetty. Jumala v\u00e4litt\u00e4\u00e4 aina n\u00e4m\u00e4 suuret ja ajankohtaiset Sanomat Enkelien L\u00e4sn\u00e4olon kautta, niin t\u00e4ss\u00e4 maailmassa kuin kaikissa maailmankaikkeuden maailmoissa. T\u00e4llainen on Jumalallisten viestien luonne. N\u00e4in Jumala viestii yksil\u00f6ille ja kokonaisille maailmoille ja roduille.<\/p>\n<p>Jumalan uusi Sanoma on tarkoitettu palvelemaan ihmiskuntaa t\u00e4n\u00e4 aikana ja tulevina aikoina. Se on valtava Sanoma. Sen lahjaa, sen vaikutusta ja sen ajankohtaisuutta ihmissuvulle ei koskaan saisi aliarvioida. <\/p>\n<p>Se kantaa suurta Viisautta ja Tietoa, sellaista <a href=\"\/fi\/sanoma\/termit#knowledge\">Tietoutta<\/a> ja Viisautta, jota ihmisille ei ole koskaan ennen annettu. Ja vaatii suurta rohkeutta, n\u00f6yryytt\u00e4 ja k\u00e4rsiv\u00e4llisyytt\u00e4 vastaanottaa t\u00e4ydess\u00e4 laajuudessaan kaikki se mit\u00e4 uusi Sanoma sis\u00e4lt\u00e4\u00e4. Sen voima, sen totuus ja sen antama rauha ylitt\u00e4v\u00e4t ihmisen ymm\u00e4rryksen.<\/p>\n<p>Jumalan uusi Sanoma tuottaa toivon ja lupauksen siit\u00e4, ett\u00e4 ihmissuku voi saada ohjausta tulevaisuuteen ja ett\u00e4 ihmiskunta voi rakentaa suuremman vapauden ja oikeudenmukaisuuden maailmaan ja ottaa paikkansa vapaana ja yhten\u00e4isen\u00e4 rotuna maailmojen <a href=\"\/fi\/sanoma\/termit#gc\">Suuryhteis\u00f6ss\u00e4<\/a>.<\/p>\n","protected":false},"excerpt":{"rendered":"<p>&#8220;Suuri rakkaus on tuonut t\u00e4m\u00e4n uuden Sanoman maailmaan \u2013 Luojan rakkaus luomakuntaan, Luojan rakkaus ihmissukuun \u2013 osoittaakseen sille sen suuren tilaisuuden tulla yhdistyneeksi ja vapaaksi roduksi t\u00e4ss\u00e4 maailmassa.&#8221; Uusi Sanoma edustaa Jumalan tahtoa ihmiskunnalle, niin nyt kuin tuleville ajoille. Jumalan tahto on muunnettu sanoiksi, valmistautumiseksi ja kokonaiseksi opetukseksi Korkeimman tahtoa ja ihmiskunnan tarkoitusta t\u00e4ss\u00e4 maailmassa\u2026 <a class=\"read-more\" href=\"https:\/\/www.v6.newmessage.org\/fi\/sanomasta\/faq\/kuinka-uusi-sanoma-on-tullut\/\"><span>Read More<\/span><\/a><\/p>\n","protected":false},"author":22,"featured_media":0,"parent":12778,"menu_order":4,"comment_status":"closed","ping_status":"closed","template":"template-leftsidebar.php","meta":{"_monsterinsights_skip_tracking":false,"_monsterinsights_sitenote_active":false,"_monsterinsights_sitenote_note":"","_monsterinsights_sitenote_category":0,"footnotes":""},"categories":[61],"tags":[623,611,625],"_links":{"self":[{"href":"https:\/\/www.v6.newmessage.org\/fi\/wp-json\/wp\/v2\/pages\/161"}],"collection":[{"href":"https:\/\/www.v6.newmessage.org\/fi\/wp-json\/wp\/v2\/pages"}],"about":[{"href":"https:\/\/www.v6.newmessage.org\/fi\/wp-json\/wp\/v2\/types\/page"}],"author":[{"embeddable":true,"href":"https:\/\/www.v6.newmessage.org\/fi\/wp-json\/wp\/v2\/users\/22"}],"replies":[{"embeddable":true,"href":"https:\/\/www.v6.newmessage.org\/fi\/wp-json\/wp\/v2\/comments?post=161"}],"version-history":[{"count":14,"href":"https:\/\/www.v6.newmessage.org\/fi\/wp-json\/wp\/v2\/pages\/161\/revisions"}],"predecessor-version":[{"id":27271,"href":"https:\/\/www.v6.newmessage.org\/fi\/wp-json\/wp\/v2\/pages\/161\/revisions\/27271"}],"up":[{"embeddable":true,"href":"https:\/\/www.v6.newmessage.org\/fi\/wp-json\/wp\/v2\/pages\/12778"}],"wp:attachment":[{"href":"https:\/\/www.v6.newmessage.org\/fi\/wp-json\/wp\/v2\/media?parent=161"}],"wp:term":[{"taxonomy":"category","embeddable":true,"href":"https:\/\/www.v6.newmessage.org\/fi\/wp-json\/wp\/v2\/categories?post=161"},{"taxonomy":"post_tag","embeddable":true,"href":"https:\/\/www.v6.newmessage.org\/fi\/wp-json\/wp\/v2\/tags?post=161"}],"curies":[{"name":"wp","href":"https:\/\/api.w.org\/{rel}","templated":true}]}}