{"id":159,"date":"2011-04-23T16:20:35","date_gmt":"2011-04-23T16:20:35","guid":{"rendered":"http:\/\/wp.www.newmessage.org\/?p=159"},"modified":"2017-12-03T11:20:54","modified_gmt":"2017-12-03T11:20:54","slug":"miksi-se-on-taalla","status":"publish","type":"page","link":"https:\/\/www.v6.newmessage.org\/fi\/sanomasta\/faq\/miksi-se-on-taalla\/","title":{"rendered":"Miksi se on t\u00e4\u00e4ll\u00e4?"},"content":{"rendered":"<blockquote><p><em>&#8220;Olette ajautumassa suinp\u00e4in kohti tulevaisuutta, joka on toisenlainen kuin menneisyys, mutta ette ole valmistautuneet. Siksi on Jumalan uusi Sanoma.&#8221;<\/em><\/p><\/blockquote>\n<p>Ihmiskunta seisoo suuren muutoksen ja ep\u00e4varman tulevaisuuden jyrk\u00e4nteell\u00e4.<\/p>\n<p>V\u00e4est\u00f6n kasvaessa rajallisten luonnonvarojen maailmassa on ihmisten laajamittaisen k\u00f6yhtymisen, lis\u00e4\u00e4ntyvien ristiriitojen ja sodan uhka suurempi kuin koskaan aiemmin.<br \/>\n<strong><em>Siksi on Jumalan uusi Sanoma.<\/em><\/strong><\/p>\n<p>Ihmiskunnalla on edess\u00e4\u00e4n ilmaston l\u00e4mpenemisen kasvavat tuhovaikutukset, katastrofaalinen ilmastonmuutos ja ymp\u00e4rist\u00f6n tilan huonontuminen.<br \/>\n<strong><em>Siksi on Jumalan uusi Sanoma.<\/em><\/strong><\/p>\n<p>Monet maailman uskonnoista ovat liiaksi sirpaloituneita, liian menneisyyskeskeisi\u00e4 ja liiaksi keskin\u00e4isess\u00e4 kilpailussa havahduttaakseen ja valmistellakseen ihmisten perhett\u00e4 tulevaan.<br \/>\n<strong><em>Siksi on Jumalan uusi Sanoma.<\/em><\/strong><\/p>\n<p>Ihmiset ovat jakautuneita ja tiet\u00e4m\u00e4tt\u00f6mi\u00e4 ihmiskunnan Yhdest\u00e4 Hengellisyydest\u00e4 sek\u00e4 ihmiskunnan uskonnollisten perinteiden yhdest\u00e4 Alkul\u00e4hteest\u00e4.<br \/>\n<strong><em>Siksi on Jumalan uusi Sanoma.<\/em><\/strong><\/p>\n<p>Ihmiset k\u00e4ytt\u00e4v\u00e4t hyv\u00e4kseen Jumalaa ja uskontoa oikeuttamaan hirveit\u00e4 julmuuden ja koston tekoja toisiaan kohtaan. T\u00e4m\u00e4 hajottaa ihmiskuntaa lis\u00e4\u00e4 sellaisena aikana, jolloin ihmisten yhten\u00e4isyys ja yhteisty\u00f6 ovat v\u00e4ltt\u00e4m\u00e4tt\u00f6mi\u00e4.<br \/>\n<strong><em>Siksi on Jumalan uusi Sanoma.<\/em><\/strong><\/p>\n<p>Ihmiskunta seisoo avaruuden kynnyksell\u00e4 sek\u00e4 maailman ulkopuolisten, \u00e4lyllisten rotujen kohtaamisen kynnyksell\u00e4. T\u00e4m\u00e4 on kohtalomme. T\u00e4m\u00e4 on merkitt\u00e4vin tapahtuma ihmiskunnan historiassa. Mutta ihmiskunta ei ole valmistautunut.<br \/>\n<strong><em>Siksi on Jumalan uusi Sanoma.<\/em><\/strong><\/p>\n<p>Jopa parhaillaan tapahtuu luvatonta asioihimme sekaantumista, interventiota, niiden maan ulkopuolisten valtojen toimesta, joilla on aikomuksena k\u00e4ytt\u00e4\u00e4 edukseen heikkoa ja jakautunutta ihmissukua. Mutta ihmiskunta on tiet\u00e4m\u00e4t\u00f6n ja valmistautumaton.<br \/>\n<strong><em>Siksi on Jumalan uusi Sanoma.<\/em><\/strong><\/p>\n<p>N\u00e4m\u00e4 maailmaan saapuvat <a href=\"\/fi\/sanoma\/termit#gwoc\">suuret muutosaallot<\/a> vaarantavat ihmiskunnan selviytymisen ja kyvyn el\u00e4\u00e4 vapaana rotuna tulevaisuudessa.<br \/>\n<strong><em>Siksi on Jumalan uusi Sanoma.<\/em><\/strong><\/p>\n<p>Ihmiset ovat tiet\u00e4m\u00e4tt\u00f6mi\u00e4 sisimm\u00e4ss\u00e4\u00e4n olevasta <a href=\"\/fi\/sanoma\/termit#knowledge\">Tietouden<\/a> todellisuudesta ja voimasta, Luojan suuresta armolahjasta, joka on annettu opastamaan ja suojelemaan jokaista ihmist\u00e4.<br \/>\n<strong><em>Siksi on Jumalan uusi Sanoma.<\/em><\/strong><\/p>\n<p>Kaikkialla ihmisten sisimm\u00e4ss\u00e4 on syv\u00e4 kaipuu uuteen suhteeseen Korkeimman kanssa.<br \/>\n<strong><em>Siksi on Jumalan uusi Sanoma.<\/em><\/strong><\/p>\n<p>Monet ihmiset ovat alkaneet havahtua sielunsa suureen tarpeeseen: tarkoituksen, merkityksen ja suunnan tarpeeseen el\u00e4m\u00e4ss\u00e4\u00e4n, sek\u00e4 tarpeeseen tehd\u00e4 jotain maailman hyv\u00e4ksi.<br \/>\n<strong><em>Siksi on Jumalan uusi Sanoma.<\/em><\/strong><\/p>\n<p>Jumalan uusi Sanoma on l\u00e4hetetty h\u00e4lytt\u00e4m\u00e4\u00e4n, siunaamaan ja valmistelemaan koko ihmissukua. Uusi Sanoma on suuri ja kauaskantoinen. Se puhuttelee l\u00e4hes jokaista el\u00e4m\u00e4mme osa-aluetta. Vuodesta 1982 on <a title=\"The Messenger\" href=\"https:\/\/www.newmessage.org\/gods-messenger\">L\u00e4hettil\u00e4s <\/a>vastaanottanut t\u00e4t\u00e4 lahjaa ihmiskunnalle. Ja Sanoman tuleminen on jatkunut n\u00e4ihin p\u00e4iviin asti.<\/p>\n","protected":false},"excerpt":{"rendered":"<p>&#8220;Olette ajautumassa suinp\u00e4in kohti tulevaisuutta, joka on toisenlainen kuin menneisyys, mutta ette ole valmistautuneet. Siksi on Jumalan uusi Sanoma.&#8221; Ihmiskunta seisoo suuren muutoksen ja ep\u00e4varman tulevaisuuden jyrk\u00e4nteell\u00e4. V\u00e4est\u00f6n kasvaessa rajallisten luonnonvarojen maailmassa on ihmisten laajamittaisen k\u00f6yhtymisen, lis\u00e4\u00e4ntyvien ristiriitojen ja sodan uhka suurempi kuin koskaan aiemmin. Siksi on Jumalan uusi Sanoma. Ihmiskunnalla on edess\u00e4\u00e4n ilmaston l\u00e4mpenemisen\u2026 <a class=\"read-more\" href=\"https:\/\/www.v6.newmessage.org\/fi\/sanomasta\/faq\/miksi-se-on-taalla\/\"><span>Read More<\/span><\/a><\/p>\n","protected":false},"author":22,"featured_media":0,"parent":12778,"menu_order":5,"comment_status":"closed","ping_status":"closed","template":"template-leftsidebar.php","meta":{"_monsterinsights_skip_tracking":false,"_monsterinsights_sitenote_active":false,"_monsterinsights_sitenote_note":"","_monsterinsights_sitenote_category":0,"footnotes":""},"categories":[61],"tags":[623,432],"_links":{"self":[{"href":"https:\/\/www.v6.newmessage.org\/fi\/wp-json\/wp\/v2\/pages\/159"}],"collection":[{"href":"https:\/\/www.v6.newmessage.org\/fi\/wp-json\/wp\/v2\/pages"}],"about":[{"href":"https:\/\/www.v6.newmessage.org\/fi\/wp-json\/wp\/v2\/types\/page"}],"author":[{"embeddable":true,"href":"https:\/\/www.v6.newmessage.org\/fi\/wp-json\/wp\/v2\/users\/22"}],"replies":[{"embeddable":true,"href":"https:\/\/www.v6.newmessage.org\/fi\/wp-json\/wp\/v2\/comments?post=159"}],"version-history":[{"count":14,"href":"https:\/\/www.v6.newmessage.org\/fi\/wp-json\/wp\/v2\/pages\/159\/revisions"}],"predecessor-version":[{"id":27270,"href":"https:\/\/www.v6.newmessage.org\/fi\/wp-json\/wp\/v2\/pages\/159\/revisions\/27270"}],"up":[{"embeddable":true,"href":"https:\/\/www.v6.newmessage.org\/fi\/wp-json\/wp\/v2\/pages\/12778"}],"wp:attachment":[{"href":"https:\/\/www.v6.newmessage.org\/fi\/wp-json\/wp\/v2\/media?parent=159"}],"wp:term":[{"taxonomy":"category","embeddable":true,"href":"https:\/\/www.v6.newmessage.org\/fi\/wp-json\/wp\/v2\/categories?post=159"},{"taxonomy":"post_tag","embeddable":true,"href":"https:\/\/www.v6.newmessage.org\/fi\/wp-json\/wp\/v2\/tags?post=159"}],"curies":[{"name":"wp","href":"https:\/\/api.w.org\/{rel}","templated":true}]}}