{"id":157,"date":"2011-04-23T16:18:29","date_gmt":"2011-04-23T16:18:29","guid":{"rendered":"http:\/\/wp.www.newmessage.org\/?p=157"},"modified":"2017-11-12T18:20:52","modified_gmt":"2017-11-12T18:20:52","slug":"mika-on-jumalan-uusi-sanoma","status":"publish","type":"page","link":"https:\/\/www.v6.newmessage.org\/fi\/sanomasta\/faq\/mika-on-jumalan-uusi-sanoma\/","title":{"rendered":"Mik\u00e4 on Jumalan Uusi Sanoma?"},"content":{"rendered":"<blockquote><p>\u00a0<em>&#8220;Kaiken elollisen Luojalta on saapunut uusi Sanoma. Se on Sanoma, joka valmistelee yksil\u00f6\u00e4 ja maailman kansoja s\u00e4ilym\u00e4\u00e4n elossa ja etenem\u00e4\u00e4n ihmiskunnan edess\u00e4 olevien suurien vaarojen l\u00e4pi. Se on suurenmoinen lahja, joka tulee v\u00e4litt\u00f6m\u00e4\u00e4n tarpeeseen.&#8221;<\/em><\/p><\/blockquote>\n<p>Maailmassa on Jumalan uusi Sanoma. Se on lahja kaiken elollisen Luojalta ihmiskunnan suojelemiseksi ja edist\u00e4miseksi. Se sis\u00e4lt\u00e4\u00e4 varoituksen, siunauksen ja valmistelun kaikkia maailman kansoja varten.<\/p>\n<p>Uusi Sanoma ei perustu mihink\u00e4\u00e4n olemassa olevaan uskonnolliseen traditioon tai hengelliseen opetukseen. Se on lahja kaikille kansallisuuksille ja uskontokunnille. Se kunnioittaa Luojan kaikkien aiemmin antamien suurten Sanomien pysyv\u00e4\u00e4 totuutta, ja kuitenkaan sen vertaista ei ole koskaan aiemmin ihmiskunnalle ilmoitettu.<\/p>\n<p>Jumalan uusi Sanoma on Luojan aitoa vuorovaikutusta, ja se on l\u00e4hetetty maailmaan suuren muutoksen, vastakkainasettelun ja mullistuksen aikakauteen. Uusi Sanoma antaa sen tiet\u00e4myksen, viisauden ja suunnan, jota ihmiskunta ei pysty itse tuottamaan vastatakseen koko ihmisten perheen edess\u00e4 oleviin suuriin haasteisiin.<\/p>\n<p>Uusi Sanoma on vastaus kaikkia kansallisuuksia ja uskontoja edustavien ihmisten vilpitt\u00f6miin rukouksiin rauhan, turvallisuuden ja vapautuksen puolesta.<\/p>\n<p>Se on uusi Ilmoitus ihmiskunnan yhdest\u00e4 Hengellisyydest\u00e4, maailman s\u00e4ilytt\u00e4misest\u00e4 sek\u00e4 ihmiskunnan tulevaisuudesta ja kohtalosta universumin \u00e4lyllisen el\u00e4m\u00e4n Suuryhteis\u00f6ss\u00e4.<\/p>\n","protected":false},"excerpt":{"rendered":"<p>\u00a0&#8220;Kaiken elollisen Luojalta on saapunut uusi Sanoma. Se on Sanoma, joka valmistelee yksil\u00f6\u00e4 ja maailman kansoja s\u00e4ilym\u00e4\u00e4n elossa ja etenem\u00e4\u00e4n ihmiskunnan edess\u00e4 olevien suurien vaarojen l\u00e4pi. Se on suurenmoinen lahja, joka tulee v\u00e4litt\u00f6m\u00e4\u00e4n tarpeeseen.&#8221; Maailmassa on Jumalan uusi Sanoma. Se on lahja kaiken elollisen Luojalta ihmiskunnan suojelemiseksi ja edist\u00e4miseksi. Se sis\u00e4lt\u00e4\u00e4 varoituksen, siunauksen ja valmistelun\u2026 <a class=\"read-more\" href=\"https:\/\/www.v6.newmessage.org\/fi\/sanomasta\/faq\/mika-on-jumalan-uusi-sanoma\/\"><span>Read More<\/span><\/a><\/p>\n","protected":false},"author":22,"featured_media":0,"parent":12778,"menu_order":6,"comment_status":"closed","ping_status":"closed","template":"template-leftsidebar.php","meta":{"_monsterinsights_skip_tracking":false,"_monsterinsights_sitenote_active":false,"_monsterinsights_sitenote_note":"","_monsterinsights_sitenote_category":0,"footnotes":""},"categories":[61],"tags":[623,611,624],"_links":{"self":[{"href":"https:\/\/www.v6.newmessage.org\/fi\/wp-json\/wp\/v2\/pages\/157"}],"collection":[{"href":"https:\/\/www.v6.newmessage.org\/fi\/wp-json\/wp\/v2\/pages"}],"about":[{"href":"https:\/\/www.v6.newmessage.org\/fi\/wp-json\/wp\/v2\/types\/page"}],"author":[{"embeddable":true,"href":"https:\/\/www.v6.newmessage.org\/fi\/wp-json\/wp\/v2\/users\/22"}],"replies":[{"embeddable":true,"href":"https:\/\/www.v6.newmessage.org\/fi\/wp-json\/wp\/v2\/comments?post=157"}],"version-history":[{"count":5,"href":"https:\/\/www.v6.newmessage.org\/fi\/wp-json\/wp\/v2\/pages\/157\/revisions"}],"predecessor-version":[{"id":27192,"href":"https:\/\/www.v6.newmessage.org\/fi\/wp-json\/wp\/v2\/pages\/157\/revisions\/27192"}],"up":[{"embeddable":true,"href":"https:\/\/www.v6.newmessage.org\/fi\/wp-json\/wp\/v2\/pages\/12778"}],"wp:attachment":[{"href":"https:\/\/www.v6.newmessage.org\/fi\/wp-json\/wp\/v2\/media?parent=157"}],"wp:term":[{"taxonomy":"category","embeddable":true,"href":"https:\/\/www.v6.newmessage.org\/fi\/wp-json\/wp\/v2\/categories?post=157"},{"taxonomy":"post_tag","embeddable":true,"href":"https:\/\/www.v6.newmessage.org\/fi\/wp-json\/wp\/v2\/tags?post=157"}],"curies":[{"name":"wp","href":"https:\/\/api.w.org\/{rel}","templated":true}]}}