{"id":14814,"date":"2014-08-24T21:07:02","date_gmt":"2014-08-24T21:07:02","guid":{"rendered":"http:\/\/www.newmessage.org\/?page_id=14814"},"modified":"2017-12-14T19:17:11","modified_gmt":"2017-12-14T19:17:11","slug":"ota-yhteytta","status":"publish","type":"page","link":"https:\/\/www.v6.newmessage.org\/fi\/yhteiso\/ota-yhteytta\/","title":{"rendered":"Ota yhteytt\u00e4"},"content":{"rendered":"<p style=\"text-align: center\"><img loading=\"lazy\" decoding=\"async\" class=\"imgborder aligncenter size-medium\" src=\"https:\/\/www.newmessage.org\/wp-content\/uploads\/2011\/09\/society-lowres-300x113.jpg\" alt=\"The Society\" width=\"300\" height=\"113\" \/><\/p>\n<div class=\"clearfix\"><\/div>\n<p style=\"text-align: center\"><span class=\"text-color-gray-5 font-size-24 \">Email: <\/span> <span class=\"text-color-pirate-gold font-size-24 font-weight-bold\"><a href=\"mailto:Society@NewMessage.org\">Society@NewMessage.org<\/a><\/span><\/p>\n<p style=\"text-align: center\"><span class=\"text-color-gray-5 font-size-24 \">USA:<\/span> <span class=\"text-color-pirate-gold font-size-24 font-weight-bold\">1-800-938-3891<\/span><\/p>\n<p style=\"text-align: center\"><span class=\"text-color-gray-5 font-size-24 \">INTERNATIONAL: <span class=\"text-color-pirate-gold font-size-24 font-weight-bold\">011 303 938 84 01<\/span><\/span><\/p>\n<p style=\"text-align: center\"><span class=\"text-color-gray-5 font-size-24 \">FAX: <span class=\"text-color-pirate-gold font-size-24 font-weight-bold\">1-303-938-1214<\/span><\/span><\/p>\n<p style=\"text-align: center\"><span class=\"text-color-gray-5 font-size-24 \">P.O. Box 1724<br \/>\nBoulder, CO USA<br \/>\n80306<br \/>\n<\/span><\/p>\n<p>&nbsp;<\/p>\n<p>Yhteystietosi pidet\u00e4\u00e4n luottamuksellisina, eik\u00e4 niit\u00e4 k\u00e4ytet\u00e4 muuhun tarkoitukseen kuin viestiisi vastaamiseen. Jos haluat saada s\u00e4hk\u00f6postia ja uutisia Societylta, niin k\u00e4y liittym\u00e4ss\u00e4 postituslistoille <a href=\"\/fi\/\">etusivulla<\/a> tai rekister\u00f6idy <a href=\"https:\/\/www.community.newmessage.org\/\">Community sivustoomme<\/a>.<br \/>\nVoit my\u00f6s k\u00e4yd\u00e4 <a href=\"https:\/\/www.newmessage.org\/worldwide-community\/society\/contact-us\">t\u00e4\u00e4ll\u00e4<\/a> t\u00e4ytt\u00e4m\u00e4ss\u00e4 englanninkielisen yhteydenottolomakkeen.<\/p>\n","protected":false},"excerpt":{"rendered":"<p>Email: Society@NewMessage.org USA: 1-800-938-3891 INTERNATIONAL: 011 303 938 84 01 FAX: 1-303-938-1214 P.O. Box 1724 Boulder, CO USA 80306 &nbsp; Yhteystietosi pidet\u00e4\u00e4n luottamuksellisina, eik\u00e4 niit\u00e4 k\u00e4ytet\u00e4 muuhun tarkoitukseen kuin viestiisi vastaamiseen. Jos haluat saada s\u00e4hk\u00f6postia ja uutisia Societylta, niin k\u00e4y liittym\u00e4ss\u00e4 postituslistoille etusivulla tai rekister\u00f6idy Community sivustoomme. Voit my\u00f6s k\u00e4yd\u00e4 t\u00e4\u00e4ll\u00e4 t\u00e4ytt\u00e4m\u00e4ss\u00e4 englanninkielisen yhteydenottolomakkeen.<\/p>\n","protected":false},"author":1,"featured_media":0,"parent":27104,"menu_order":2,"comment_status":"closed","ping_status":"closed","template":"template-leftsidebar.php","meta":{"_monsterinsights_skip_tracking":false,"_monsterinsights_sitenote_active":false,"_monsterinsights_sitenote_note":"","_monsterinsights_sitenote_category":0,"footnotes":""},"categories":[],"tags":[631],"_links":{"self":[{"href":"https:\/\/www.v6.newmessage.org\/fi\/wp-json\/wp\/v2\/pages\/14814"}],"collection":[{"href":"https:\/\/www.v6.newmessage.org\/fi\/wp-json\/wp\/v2\/pages"}],"about":[{"href":"https:\/\/www.v6.newmessage.org\/fi\/wp-json\/wp\/v2\/types\/page"}],"author":[{"embeddable":true,"href":"https:\/\/www.v6.newmessage.org\/fi\/wp-json\/wp\/v2\/users\/1"}],"replies":[{"embeddable":true,"href":"https:\/\/www.v6.newmessage.org\/fi\/wp-json\/wp\/v2\/comments?post=14814"}],"version-history":[{"count":56,"href":"https:\/\/www.v6.newmessage.org\/fi\/wp-json\/wp\/v2\/pages\/14814\/revisions"}],"predecessor-version":[{"id":27282,"href":"https:\/\/www.v6.newmessage.org\/fi\/wp-json\/wp\/v2\/pages\/14814\/revisions\/27282"}],"up":[{"embeddable":true,"href":"https:\/\/www.v6.newmessage.org\/fi\/wp-json\/wp\/v2\/pages\/27104"}],"wp:attachment":[{"href":"https:\/\/www.v6.newmessage.org\/fi\/wp-json\/wp\/v2\/media?parent=14814"}],"wp:term":[{"taxonomy":"category","embeddable":true,"href":"https:\/\/www.v6.newmessage.org\/fi\/wp-json\/wp\/v2\/categories?post=14814"},{"taxonomy":"post_tag","embeddable":true,"href":"https:\/\/www.v6.newmessage.org\/fi\/wp-json\/wp\/v2\/tags?post=14814"}],"curies":[{"name":"wp","href":"https:\/\/api.w.org\/{rel}","templated":true}]}}