{"id":12778,"date":"2014-07-19T02:35:55","date_gmt":"2014-07-19T02:35:55","guid":{"rendered":"http:\/\/www.newmessage.org\/?page_id=12778"},"modified":"2017-12-03T11:10:23","modified_gmt":"2017-12-03T11:10:23","slug":"faq","status":"publish","type":"page","link":"https:\/\/www.v6.newmessage.org\/fi\/sanomasta\/faq\/","title":{"rendered":"Usein kysytyt kysymykset"},"content":{"rendered":"<div class=\"text-align-right\"><\/div>\n<div class=\"home_feed_featured\">\n\t    \n\t<article class=\"posts_listing blog_shortcode clearfix post-157 page type-page status-publish hentry category-questions-and-answers tag-faq tag-finnish tag-what-is-tnm\" id=\"post-157\">\n\n\t\t\t\t\n\t<h2 class=\"entry-title\"><a href=\"https:\/\/www.v6.newmessage.org\/fi\/sanomasta\/faq\/mika-on-jumalan-uusi-sanoma\/\" rel=\"bookmark\" title=\"Permanent Link to Mik\u00e4 on Jumalan Uusi Sanoma?\">Mik\u00e4 on Jumalan Uusi Sanoma?<\/a><\/h2>\n\n<div class=\"entry-content\">\n<p>\u00a0&#8220;Kaiken elollisen Luojalta on saapunut uusi Sanoma. Se on Sanoma, joka valmistelee yksil\u00f6\u00e4 ja maailman kansoja s\u00e4ilym\u00e4\u00e4n elossa ja etenem\u00e4\u00e4n ihmiskunnan edess\u00e4 olevien suurien vaarojen l\u00e4pi. Se on suurenmoinen lahja, joka tulee v\u00e4litt\u00f6m\u00e4\u00e4n tarpeeseen.&#8221; Maailmassa on...<\/p><\/div>\t\t\t\n\t\t<\/article>\n\t    \n\t<article class=\"posts_listing blog_shortcode clearfix post-159 page type-page status-publish hentry category-questions-and-answers tag-faq tag-why-is-it-here\" id=\"post-159\">\n\n\t\t\t\t\n\t<h2 class=\"entry-title\"><a href=\"https:\/\/www.v6.newmessage.org\/fi\/sanomasta\/faq\/miksi-se-on-taalla\/\" rel=\"bookmark\" title=\"Permanent Link to Miksi se on t\u00e4\u00e4ll\u00e4?\">Miksi se on t\u00e4\u00e4ll\u00e4?<\/a><\/h2>\n\n<div class=\"entry-content\">\n<p>&#8220;Olette ajautumassa suinp\u00e4in kohti tulevaisuutta, joka on toisenlainen kuin menneisyys, mutta ette ole valmistautuneet. Siksi on Jumalan uusi Sanoma.&#8221; Ihmiskunta seisoo suuren muutoksen ja ep\u00e4varman tulevaisuuden jyrk\u00e4nteell\u00e4. V\u00e4est\u00f6n kasvaessa rajallisten luonnonvarojen maailmassa on ihmisten laajamittaisen k\u00f6yhtymisen,...<\/p><\/div>\t\t\t\n\t\t<\/article>\n\t    \n\t<article class=\"posts_listing blog_shortcode clearfix post-161 page type-page status-publish hentry category-questions-and-answers tag-faq tag-finnish tag-how-was-tnm-received\" id=\"post-161\">\n\n\t\t\t\t\n\t<h2 class=\"entry-title\"><a href=\"https:\/\/www.v6.newmessage.org\/fi\/sanomasta\/faq\/kuinka-uusi-sanoma-on-tullut\/\" rel=\"bookmark\" title=\"Permanent Link to Kuinka uusi Sanoma on tullut?\">Kuinka uusi Sanoma on tullut?<\/a><\/h2>\n\n<div class=\"entry-content\">\n<p>&#8220;Suuri rakkaus on tuonut t\u00e4m\u00e4n uuden Sanoman maailmaan  Luojan rakkaus luomakuntaan, Luojan rakkaus ihmissukuun  osoittaakseen sille sen suuren tilaisuuden tulla yhdistyneeksi ja vapaaksi roduksi t\u00e4ss\u00e4 maailmassa.&#8221; Uusi Sanoma edustaa Jumalan tahtoa ihmiskunnalle, niin nyt...<\/p><\/div>\t\t\t\n\t\t<\/article>\n\t    \n\t<article class=\"posts_listing blog_shortcode clearfix post-12460 page type-page status-publish hentry category-questions-and-answers tag-faq tag-finnish tag-what-is-god\" id=\"post-12460\">\n\n\t\t\t\t\n\t<h2 class=\"entry-title\"><a href=\"https:\/\/www.v6.newmessage.org\/fi\/sanomasta\/faq\/mika-on-jumala\/\" rel=\"bookmark\" title=\"Permanent Link to Mik\u00e4 on Jumala?\">Mik\u00e4 on Jumala?<\/a><\/h2>\n\n<div class=\"entry-content\">\n<p>&#8220;Nyt ei keskityt\u00e4 vain oman aikakauden ja maailman Jumalaan vaan kaikkien aikojen ja maailmojen Jumalaan.&#8221; Uudessa Sanomassa Jumala k\u00e4sitet\u00e4\u00e4n koko maailmankaikkeuden tasolla, ei vain t\u00e4st\u00e4 maailmasta k\u00e4sin. Ihmiskunnan kohtalo on tulla n\u00e4kyv\u00e4ksi t\u00e4ss\u00e4 \u00e4lyllisen el\u00e4m\u00e4n Suuryhteis\u00f6ss\u00e4....<\/p><\/div>\t\t\t\n\t\t<\/article>\n\t    \n\t<article class=\"posts_listing blog_shortcode clearfix post-216 page type-page status-publish hentry category-questions-and-answers tag-faq tag-how-do-i-communicate-with-god\" id=\"post-216\">\n\n\t\t\t\t\n\t<h2 class=\"entry-title\"><a href=\"https:\/\/www.v6.newmessage.org\/fi\/sanomasta\/faq\/kuinka-kommunikoin-jumalan-kanssa\/\" rel=\"bookmark\" title=\"Permanent Link to Kuinka kommunikoin Jumalan kanssa?\">Kuinka kommunikoin Jumalan kanssa?<\/a><\/h2>\n\n<div class=\"entry-content\">\n<p>Tietouden kautta voit tuntea kaikkien suhteiden l\u00e4sn\u00e4olon. T\u00e4m\u00e4 on kokemus Jumalasta. Jumala on Tietouden alkul\u00e4hde sisimm\u00e4ss\u00e4si  Tietouden ollessa syvempi hengellinen mieli, jonka Luoja on lahjoittanut sinulle ja kaikille tunteville olennoille maailmankaikkeudessa. Jumala on luonut fyysisen...<\/p><\/div>\t\t\t\n\t\t<\/article>\n\t    \n\t<article class=\"posts_listing blog_shortcode clearfix post-221 page type-page status-publish hentry category-questions-and-answers tag-faq tag-finnish tag-what-does-nm-advocate\" id=\"post-221\">\n\n\t\t\t\t\n\t<h2 class=\"entry-title\"><a href=\"https:\/\/www.v6.newmessage.org\/fi\/sanomasta\/faq\/mita-uusi-sanoma-kannattaa\/\" rel=\"bookmark\" title=\"Permanent Link to Mit\u00e4 uusi Sanoma kannattaa?\">Mit\u00e4 uusi Sanoma kannattaa?<\/a><\/h2>\n\n<div class=\"entry-content\">\n<p>1. Ihmisten vapaus &ndash; oppiminen rakentamaan, yll\u00e4pit\u00e4m\u00e4\u00e4n ja suojelemaan omaa yksil\u00f6llist\u00e4 vapautta ja koko ihmiskunnan vapautta kun kohdataan vakavia ja ennaltaarvaamattomia haasteita. 2. Ihmisten yhten\u00e4isyys, yhteisty\u00f6 ja sodan ja konfliktien lopettaminen &ndash; ei suurien ihanteiden ja...<\/p><\/div>\t\t\t\n\t\t<\/article>\n\t    \n\t<article class=\"posts_listing blog_shortcode clearfix post-225 page type-page status-publish hentry category-questions-and-answers tag-faq tag-finnish tag-is-this-a-new-religion-why-does-the-world-need-a-new-religion\" id=\"post-225\">\n\n\t\t\t\t\n\t<h2 class=\"entry-title\"><a href=\"https:\/\/www.v6.newmessage.org\/fi\/sanomasta\/faq\/onko-tama-uusi-uskonto\/\" rel=\"bookmark\" title=\"Permanent Link to Onko t\u00e4m\u00e4 uusi uskonto? Miksi maailma tarvitsee uuden uskonnon?\">Onko t\u00e4m\u00e4 uusi uskonto? Miksi maailma tarvitsee uuden uskonnon?<\/a><\/h2>\n\n<div class=\"entry-content\">\n<p>Maailma tarvitsee uuden ymm\u00e4rryksen ja uuden tietoisuuden. T\u00e4st\u00e4 kumpuaa hengellisen harjoituksen muotoja ja yhteis\u00f6j\u00e4, eli t\u00e4ss\u00e4 mieless\u00e4 kyll\u00e4, se on kuin uusi uskonto. Mutta uuden Sanoman tarkoitus ei ole vain luoda uutta uskontoa kilpailemaan tai olemaan...<\/p><\/div>\t\t\t\n\t\t<\/article>\n\t    \n\t<article class=\"posts_listing blog_shortcode clearfix post-227 page type-page status-publish hentry category-questions-and-answers tag-do-i-have-to-become-a-convert-or-follower-of-the-new-message-in-order-to-receive-the-new-message tag-faq tag-finnish\" id=\"post-227\">\n\n\t\t\t\t\n\t<h2 class=\"entry-title\"><a href=\"https:\/\/www.v6.newmessage.org\/fi\/sanomasta\/faq\/taytyyko-kaantya\/\" rel=\"bookmark\" title=\"Permanent Link to T\u00e4ytyyk\u00f6 k\u00e4\u00e4nty\u00e4 kokonaan uuden Sanoman seuraajaksi vastaanottaakseen uuden Sanoman?\">T\u00e4ytyyk\u00f6 k\u00e4\u00e4nty\u00e4 kokonaan uuden Sanoman seuraajaksi vastaanottaakseen uuden Sanoman?<\/a><\/h2>\n\n<div class=\"entry-content\">\n<p>Ei. Uuden Sanoman vastaanottaminen tarkoittaa, ett\u00e4 ottaa vastaan sen viisauden sek\u00e4 opetuksen Tietoudesta, tarkoituksesta, suhteista, yhten\u00e4isyydest\u00e4, yhteisty\u00f6st\u00e4 ja ihmiskunnan astumisesta maailmankaikkeuden \u00e4lyllisen el\u00e4m\u00e4n Suuryhteis\u00f6\u00f6n. Ota siis uusi Sanoma ja anna se ihmisillesi, kansallesi, heimollesi, uskonnollesi, ja...<\/p><\/div>\t\t\t\n\t\t<\/article>\n\t    \n\t<article class=\"posts_listing blog_shortcode clearfix post-223 page type-page status-publish hentry category-questions-and-answers tag-faq tag-what-does-the-new-message-ask-of-me\" id=\"post-223\">\n\n\t\t\t\t\n\t<h2 class=\"entry-title\"><a href=\"https:\/\/www.v6.newmessage.org\/fi\/sanomasta\/faq\/mita-uusi-sanoma-edellyttaa-minulta\/\" rel=\"bookmark\" title=\"Permanent Link to Mit\u00e4 uusi Sanoma edellytt\u00e4\u00e4 minulta?\">Mit\u00e4 uusi Sanoma edellytt\u00e4\u00e4 minulta?<\/a><\/h2>\n\n<div class=\"entry-content\">\n<p>Uusi Sanoma edellytt\u00e4\u00e4 sinulta rehellisyytt\u00e4, vilpitt\u00f6myytt\u00e4, tinkim\u00e4tt\u00f6myytt\u00e4 ja sitoutumista  kaikki asioita, joita jokainen tarvitsee el\u00e4m\u00e4ns\u00e4 perustaksi ja kaikki asioita, mit\u00e4 maailman yhteis\u00f6iss\u00e4 ja kyliss\u00e4, kaupungeissa ja kansakunnissa on vakiinnutettava. Uusi Sanoma pyyt\u00e4\u00e4 sinua kunnioittamaan tarpeitasi...<\/p><\/div>\t\t\t\n\t\t<\/article>\n\t    \t    <\/div>\n","protected":false},"excerpt":{"rendered":"Uusi Sanoma edellytt\u00e4\u00e4 sinulta rehellisyytt\u00e4, vilpitt\u00f6myytt\u00e4, tinkim\u00e4tt\u00f6myytt\u00e4 ja sitoutumista \u2013 kaikki asioita, joita jokainen tarvitsee el\u00e4m\u00e4ns\u00e4 perustaksi ja kaikki asioita, mit\u00e4 maailman yhteis\u00f6iss\u00e4 ja kyliss\u00e4, kaupungeissa ja kansakunnissa on vakiinnutettava. Uusi Sanoma pyyt\u00e4\u00e4 sinua kunnioittamaan tarpeitasi ja maailman tarpeita. Se pyyt\u00e4\u00e4 sinua tunnistamaan ja vastaanottamaan Luojan siunaukset ja valmistelun, jonka Luoja on l\u00e4hett\u00e4nyt maailmaan koko\u2026 <a class=\"read-more\" href=\"https:\/\/www.v6.newmessage.org\/fi\/sanomasta\/faq\/mita-uusi-sanoma-edellyttaa-minulta\/\"><span>Read More<\/span><\/a>","protected":false},"author":1,"featured_media":0,"parent":12748,"menu_order":0,"comment_status":"closed","ping_status":"closed","template":"template-leftsidebar.php","meta":{"_monsterinsights_skip_tracking":false,"_monsterinsights_sitenote_active":false,"_monsterinsights_sitenote_note":"","_monsterinsights_sitenote_category":0,"footnotes":""},"categories":[],"tags":[623,629],"_links":{"self":[{"href":"https:\/\/www.v6.newmessage.org\/fi\/wp-json\/wp\/v2\/pages\/12778"}],"collection":[{"href":"https:\/\/www.v6.newmessage.org\/fi\/wp-json\/wp\/v2\/pages"}],"about":[{"href":"https:\/\/www.v6.newmessage.org\/fi\/wp-json\/wp\/v2\/types\/page"}],"author":[{"embeddable":true,"href":"https:\/\/www.v6.newmessage.org\/fi\/wp-json\/wp\/v2\/users\/1"}],"replies":[{"embeddable":true,"href":"https:\/\/www.v6.newmessage.org\/fi\/wp-json\/wp\/v2\/comments?post=12778"}],"version-history":[{"count":18,"href":"https:\/\/www.v6.newmessage.org\/fi\/wp-json\/wp\/v2\/pages\/12778\/revisions"}],"predecessor-version":[{"id":27269,"href":"https:\/\/www.v6.newmessage.org\/fi\/wp-json\/wp\/v2\/pages\/12778\/revisions\/27269"}],"up":[{"embeddable":true,"href":"https:\/\/www.v6.newmessage.org\/fi\/wp-json\/wp\/v2\/pages\/12748"}],"wp:attachment":[{"href":"https:\/\/www.v6.newmessage.org\/fi\/wp-json\/wp\/v2\/media?parent=12778"}],"wp:term":[{"taxonomy":"category","embeddable":true,"href":"https:\/\/www.v6.newmessage.org\/fi\/wp-json\/wp\/v2\/categories?post=12778"},{"taxonomy":"post_tag","embeddable":true,"href":"https:\/\/www.v6.newmessage.org\/fi\/wp-json\/wp\/v2\/tags?post=12778"}],"curies":[{"name":"wp","href":"https:\/\/api.w.org\/{rel}","templated":true}]}}