{"id":12748,"date":"2014-07-19T02:31:12","date_gmt":"2014-07-19T02:31:12","guid":{"rendered":"http:\/\/www.newmessage.org\/?page_id=12748"},"modified":"2017-10-15T17:01:11","modified_gmt":"2017-10-15T17:01:11","slug":"sanomasta","status":"publish","type":"page","link":"https:\/\/www.v6.newmessage.org\/fi\/sanomasta\/","title":{"rendered":"Johdanto uuteen Sanomaan"},"content":{"rendered":"<p><a href=\"\/wp-content\/uploads\/2014\/08\/God-has-spoken-again-1.jpg\"><img loading=\"lazy\" decoding=\"async\" class=\"imgborder alignright\" src=\"\/wp-content\/uploads\/2014\/08\/God-has-spoken-again-1-400x600.jpg\" alt=\"God Has Spoken Again. The Word and the Sound are in the world.\" width=\"200\" height=\"300\" \/><\/a><\/p>\n<h3>Uudesta Sanomasta<\/h3>\n<p>Jumalan uusi Sanoma toivottaa sinut tervetulleeksi. Ihmeellisesti, l\u00e4pi ajan ja pitk\u00e4n, ehk\u00e4 mystisen el\u00e4m\u00e4nmatkan kautta, olet saapunut t\u00e4nne. Olet l\u00f6yt\u00e4nyt uuden Sanoman Jumalalta tai ehk\u00e4p\u00e4 se on l\u00f6yt\u00e4nyt sinut. Ei ole sattumaa, ett\u00e4 n\u00e4in on k\u00e4ynyt.<\/p>\n<p>Jumala on puhunut uudelleen. Jumalan uusi Sanoma on maailmassa. T\u00e4m\u00e4 on Jumalan rakkauden ja kommunikaation ihme ihmiskunnalle, joka tapahtuu meid\u00e4n aikanamme, ja olet yksi ensimm\u00e4isist\u00e4, joka t\u00e4st\u00e4 saa tiet\u00e4\u00e4.<\/p>\n<p>Jumalan uusi Sanoma on Jumalan alkuper\u00e4ist\u00e4 kommunikaatiota kaikille ihmisille maailmassa. T\u00e4m\u00e4 on kommunikaation ja pyh\u00e4n ilmoituksen lahja kaikkien kansojen ja uskontokuntien ihmisille, nyt annettu lukutaitoiselle globaalin viestinn\u00e4n ja kasvavan globaalin tietoisuuden maailmalle. <\/p>\n<p>Uusi Sanoma ei ole pelk\u00e4st\u00e4\u00e4n yhdelle heimolle, kansalle tai yhdelle uskonnolliselle ryhmittym\u00e4lle tarkoitettu. Se on Jumalan kommunikaatiota koko maailmalle.<\/p>\n<p>T\u00e4ll\u00e4 kommunikaatiolla on voima sytytt\u00e4\u00e4 ihmiskunnan hengellinen syd\u00e4n, vied\u00e4 Jumalan kutsu yhten\u00e4isyyteen maailman kansoille ja uskontokunnille sek\u00e4 valmistaa ihmiskunta radikaalisti muuttuvaan maailmaan sek\u00e4 sen kohtaloon \u00e4lyllisen el\u00e4m\u00e4n suuremmassa universumissa. <\/p>\n<p>Uusi Sanoma on tullut yli 44 vuoden aikana miehelle nimelt\u00e4 <a href=\"\/gods-messenger\">Marshall Vian Summers<\/a>. H\u00e4n on kulkenut pitk\u00e4n ja rasittavan matkan ottaakseen vastaan Jumalan uuden Sanoman ja tuodakseen sen sinulle kaikille, jotka sen ottavat vastaan. H\u00e4n on vaatimaton mies, l\u00e4hetetty maailmaan t\u00e4ss\u00e4 tarkoituksessa, olemaan Jumalan uuden Sanoman Sanantuoja, L\u00e4hettil\u00e4s.<\/p>\n<h3 style=\"text-align: center\">Miksi sin\u00e4?<\/h3>\n<p>Miksi olet tullut t\u00e4nne? Miksi olet l\u00f6yt\u00e4nyt Jumalan uuden Sanoman? Se saattaa vaikuttaa mysteerilt\u00e4 tai pelk\u00e4lt\u00e4 sattumalta. Mutta itse asiassa on olemassa syy siihen, ett\u00e4 olet l\u00f6yt\u00e4nyt uuden Sanoman juuri nyt.<\/p>\n<p>Sill\u00e4 Jumala kutsuu kautta maailman monia ihmisi\u00e4 her\u00e4\u00e4m\u00e4\u00e4n ja valmistautumaan uuteen ja suurempaan el\u00e4m\u00e4\u00e4n \u2013 el\u00e4m\u00e4\u00e4n, jossa on tarkoitus, suhteita ja tarpeessa olevan maailman auttamista. Jumala ja <a href=\"\/fi\/sanoma\/termit#aa\">Enkelien Yhteis\u00f6<\/a> kutsuvat monia ihmisi\u00e4 l\u00f6yt\u00e4m\u00e4\u00e4n korkeamman tarkoituksensa ja palvelemaan ihmiskuntaa nyt sek\u00e4 tulevina vaikeina aikoina.<\/p>\n<p>Oletko sin\u00e4 yksi n\u00e4ist\u00e4 ihmisist\u00e4? Tuntuuko silt\u00e4, ett\u00e4 el\u00e4m\u00e4ll\u00e4si on suurempi, arkiset olosuhteesi ylitt\u00e4v\u00e4 tarkoitus ja kohtalo? Tuntuuko silt\u00e4, ett\u00e4 on olemassa toisia, jotka sinun t\u00e4ytyy l\u00f6yt\u00e4\u00e4 ja joiden tarkoitukseen sinun tarkoituksesi ja kohtalosi on yhteydess\u00e4? Aistitko, ett\u00e4 maailma on menossa kohti vaikeaa tulevaisuutta ja ett\u00e4 sinun t\u00e4ytyy selvitt\u00e4\u00e4, mit\u00e4 se merkitsee ja kuinka voit valmistautua?<\/p>\n<p>Jos n\u00e4in on, niin se, ett\u00e4 l\u00f6ysit uuden Sanoman voi olla kohtalon sanelema tapahtuma. Sill\u00e4 uusi Sanoma tarjoaa vastaukset n\u00e4ihin kysymyksiin ja niin paljon enemm\u00e4n.<\/p>\n<p>Uusi Sanoma tarjoaa selke\u00e4n polun <a href=\"\/fi\/sanoma\/termit#knowledge\">Tietouden<\/a>, sisimm\u00e4ss\u00e4si el\u00e4v\u00e4n syvemm\u00e4n \u00e4lyn, kehitt\u00e4miseen; ainoan, joka voi paljastaa korkeamman tarkoituksesi ja sinulle tarkoitetut suhteet maailmassa.<\/p>\n<h3 style=\"text-align: center\">Miksi nyt?<\/h3>\n<p>Ihmeellisesti on niin, ett\u00e4 el\u00e4t ihmiskunnan historian suuressa k\u00e4\u00e4nnekohdassa. T\u00e4m\u00e4 on aika, jolloin ihmiset kaikkialla kohtaavat ennenkokemattomia muutoksia, haasteita ja mahdollisuuksia.<\/p>\n<p>Koskaan aiemmin ei ole sotien, uskonnollisten konfliktien, katastrofaalisten ilmastonmuutosten ja inhimillisen k\u00e4rsimyksen riski ollut vakavampi. Ja kuitenkin ei ole my\u00f6sk\u00e4\u00e4n koskaan ollut suurempi mahdollisuus maailman yhten\u00e4isyyteen ja kansainv\u00e4liseen yhteisty\u00f6h\u00f6n.<\/p>\n<p>Miss\u00e4 sitten olitkaan syntynyt, miten olitkaan kasvatettu tai mitk\u00e4 olivatkaan olosuhteesi, olet osa t\u00e4t\u00e4 historiaa m\u00e4\u00e4rittelev\u00e4\u00e4 ajanjaksoa. Uusi Sanoma opettaa, ett\u00e4 jokainen meist\u00e4 on valinnut astua maailmaan t\u00e4n\u00e4 ajankohtana palvelemaan ja auttamaan kamppailevaa ihmiskuntaa, pit\u00e4m\u00e4\u00e4n elossa hengellist\u00e4 tulta ihmiskunnan syd\u00e4mess\u00e4, ja tuomaan armon ja viisauden lahjan <a href=\"\/fi\/sanoma\/termit#home\">Ikiaikaisesta Kodistamme<\/a>palvelemaan maailmaa, kun se on kohtaamassa suurimmat koettelemuksensa. Tutki itseksesi: oletko sin\u00e4 t\u00e4\u00e4ll\u00e4 t\u00e4st\u00e4 syyst\u00e4?<\/p>\n<p>Tulevat vuosikymmenet m\u00e4\u00e4ritt\u00e4v\u00e4t ihmiskunnan kohtalon. Ihmissuvun kohtalon ja tulevaisuuden m\u00e4\u00e4ritt\u00e4v\u00e4t sek\u00e4 nyt ett\u00e4 tulevina vuosikymmenin\u00e4 jokaisen ihmisen teot ja p\u00e4\u00e4t\u00f6kset. Tulevina vuosina ihmiskunta tulee valitsemaan joko uuden tien eteenp\u00e4in kohti yhten\u00e4isyytt\u00e4 ja yhteisty\u00f6t\u00e4 taikka tulevaisuuden, jossa konfliktit ja taantuminen on pysyv\u00e4\u00e4. Jumala on puhunut uudelleen, siksi ett\u00e4 seisomme t\u00e4ll\u00e4 suurella kynnyksell\u00e4.<\/p>\n<h3 style=\"text-align: center\">Miksi uusi Sanoma?<\/h3>\n<p>Uusi Sanoma on tullut, koska maailmassa ilmenee t\u00e4ll\u00e4 hetkell\u00e4 nelj\u00e4 perustavanlaatuista kriisi\u00e4:<\/p>\n<ol>\n<li>Muutokset ja mullistukset ymp\u00e4rist\u00f6ss\u00e4, yhteiskunnassa ja taloudessa ovat nyt kokoontumassa <a href=\"\/fi\/sanoma\/termit#gwoc\">Suuriksi Muutosaalloiksi<\/a> ihmiskunnan ylle, tuoden mukanaan sodan ja inhimillisen k\u00e4rsimyksen riskin sellaisessa mittakaavassa, jota ei ole koskaan ennen n\u00e4hty. Ihmiskunta on luonut maailmanlaajuisen katastrofin, jolla on voima muuttaa maailma sellaisena kuin sen olemme tunteneet. T\u00e4h\u00e4n olemme valmistautumattomia. Uuden Sanoman kautta Jumala antaa ihmiskunnalle uuden tien eteenp\u00e4in sek\u00e4 polun sis\u00e4iseen ja ulkoiseen valmistautumiseen, jonka jokainen voi toteuttaa.\n<\/li>\n<li>Ihmiskunta on astumassa esiin universumin \u00e4lyllisen el\u00e4m\u00e4n <a href=\"\/fi\/sanoma\/termit#gc\">Suuryhteis\u00f6\u00f6n.<\/a> Kontakti on alkanut niiden toimesta, jotka pyrkiv\u00e4t hy\u00f6tym\u00e4\u00e4n heikosta ja jakautuneesta ihmiskunnasta. T\u00e4h\u00e4n ihmiskunta on valmistautumaton. Ensimm\u00e4ist\u00e4 kertaa, Jumala paljastaa t\u00e4m\u00e4n kontaktin todellisen luonteen ja sen my\u00f6t\u00e4 universumin el\u00e4m\u00e4n todellisuuden ja hengellisyyden. T\u00e4m\u00e4 on se laajempi konteksti, josta k\u00e4sin ihmiskunnan evoluutiota ja kohtaloa voi ymm\u00e4rt\u00e4\u00e4, ja josta voi ymm\u00e4rt\u00e4\u00e4 sit\u00e4 miten Jumala tekee ty\u00f6t\u00e4\u00e4n maailmassa ja kaikissa maailmoissa.\n<\/li>\n<li>Maailman uskonnot ovat jakautuneet ja kilpailevat kesken\u00e4\u00e4n ja jopa sis\u00e4isesti. T\u00e4m\u00e4n lis\u00e4\u00e4ntyv\u00e4n kilpailun ja ristiriitojen vuoksi ne heikent\u00e4v\u00e4t ihmissukua ja aiheuttavat paljon kiistoja ja jakautuneisuutta aikana, jolloin ihmiskunnan yhten\u00e4isyyden kehitt\u00e4minen on \u00e4\u00e4rimm\u00e4isen t\u00e4rke\u00e4\u00e4. Jumalan uusi Sanoma opettaa, ett\u00e4 Jumala on saattanut alkuun kaikki uskonnot ja ett\u00e4 ihminen on ne muuttanut.<\/li>\n<li>Ihmiset kaikkialla tuntevat suurta sis\u00e4ist\u00e4 k\u00f6yhyytt\u00e4, niin rikkaissa kuin k\u00f6yhiss\u00e4 maissa, irrallisena suuremman tarkoituksen tunteesta, suhteista ja suunnasta el\u00e4m\u00e4ss\u00e4. Ihmiset ymp\u00e4ri maailman el\u00e4v\u00e4t ja k\u00e4rsiv\u00e4t syv\u00e4n hengellisen kaipuun kanssa. Jumala on vastannut t\u00e4h\u00e4n tarpeeseen her\u00e4tt\u00e4m\u00e4ll\u00e4 <a href=\"\/fi\/sanoma\/termit#knowledge\">Tietouden<\/a> hengellisen voiman jokaisessa, joka pystyy vastaamaan. Tietous on Jumala-yhteytemme. Tietouden ohjaamat ihmiset ovat niit\u00e4, jotka ovat k\u00e4\u00e4nteentekev\u00e4ss\u00e4 asemassa, kun maailman kohtaloa ja tulevaisuutta m\u00e4\u00e4ritell\u00e4\u00e4n.<\/li>\n<\/ol>\n<p>N\u00e4iden nelj\u00e4n kriisin vuoksi Jumala on puhunut j\u00e4lleen maailmalle antamalla varoituksen, siunauksen ja valmistelun ihmiskunnan kaikille kansoille, heimoille ja uskontokunnille.<\/p>\n<h3 style=\"text-align: center\">Kohtalomme<\/h3>\n<p>Uusi Sanoma paljastaa, ett\u00e4 ihmiskunnalla on suurempi kohtalo vapaana ja yhten\u00e4isen\u00e4 rotuna maailmassamme ja universumin el\u00e4m\u00e4n <a href=\"\/fi\/sanoma\/termit#gc\">Suuryhteis\u00f6ss\u00e4<\/a>. Ihmiskunnalla on valta ratkaista ristiriidat ja ennallistaa Maapallon ymp\u00e4rist\u00f6 sen pysyv\u00e4ksi kodiksi tulevaisuudessa. Ihmiskunnalla on suuria hengellisi\u00e4 lahjoja ja kykyj\u00e4, joita t\u00e4ytyy suojella, tuoda esiin ja kehitt\u00e4\u00e4 maailmanlaajuisesti. T\u00e4m\u00e4 on nyt edess\u00e4mme oleva suuri mahdollisuus ja v\u00e4ltt\u00e4m\u00e4tt\u00f6myys.<\/p>\n<p>Mutta kuinka t\u00e4m\u00e4n voi tehd\u00e4? Kuinka ihmiskunta voi astua pois silt\u00e4 holtitttomalta ja tuhoisalta tielt\u00e4, jossa se parhaillaan on? Kun suuret <a href=\"\/fi\/sanoma\/termit#gwoc\">Muutosaallot<\/a> ymp\u00e4rist\u00f6ss\u00e4, politiikassa ja taloudessa uhkaavat kaikkien ihmisten omia intressej\u00e4 ja henkil\u00f6kohtaista turvallisuutta, mik\u00e4 voi inspiroida ja istuttaa suuremman motivaation ja innoituksen ihmissukuun?<\/p>\n<p>Viime k\u00e4dess\u00e4, se on <a href=\"\/fi\/sanoma\/termit#knowledge\">Tietous<\/a>, syvempi hengellinen voima kaikissa ihmisiss\u00e4, joka voi innoittaa niit\u00e4 tekoja ja motivaatioita, joita jokainen tarvitsee l\u00f6yt\u00e4\u00e4kseen korkeamman tarkoituksensa el\u00e4m\u00e4ss\u00e4 ja lopulta sen, ett\u00e4 ihmiskunta valitsee yhten\u00e4isyyden ja yhteisty\u00f6n kilpailun, jakaantumisen ja sodan sijasta.<\/p>\n<p>Jumala on l\u00e4hett\u00e4nyt uuden Ilmoituksen her\u00e4tt\u00e4m\u00e4\u00e4n t\u00e4m\u00e4n hengellisen voiman kaikissa ihmisiss\u00e4 ja innoittamaan suurempaa visiota ja kyky\u00e4 rakentaa paljon parempi tulevaisuus kuin mit\u00e4 menneisyytemme on ollut. N\u00e4in Jumala tekee ty\u00f6t\u00e4\u00e4n kaikkien kansakuntien ja uskontokuntien yksil\u00f6iden kautta kaikissa tilanteissa, tehden ty\u00f6t\u00e4\u00e4n sis\u00e4lt\u00e4 ulosp\u00e4in. <\/p>\n<p>Suurta apua annetaan nyt maailmalle Jumalalta ja <a href=\"\/fi\/sanoma\/termit#aa\">Enkelien Yhteis\u00f6lt\u00e4<\/a>, joka tulkitsee Jumalan tahdon ihmisen kielelle ja ymm\u00e4rrykselle. Apu on saapunut. Jumala on puhunut uudelleen. On olemassa uusi tie sinulle ja koko maailmalle.<\/p>\n<h3 style=\"text-align: center\">Mist\u00e4 aloittaa?<\/h3>\n<p>Olet l\u00f6yt\u00e4nyt uuden Sanoman Jumalalta, mutta mit\u00e4 t\u00e4m\u00e4 tarkoittaa? Mit\u00e4 tekisit seuraavaksi? K\u00e4yt\u00e4 aikaa, ja ole t\u00e4m\u00e4n l\u00f6yd\u00f6n merkityksellisyyden kanssa ja harkitse n\u00e4it\u00e4 seuraavia askelia, jotka voit ottaa:<\/p>\n<div class=\"one_third \" ><a class='simple_button_link ' style='background-color: #4f8fd6' href='\/fi\/sanoma\/kokoelma-1\/jumala-on-puhunut-uudelleen\/julistus'   ><span>Lue ja kuule Sanoman \u00c4\u00e4nt\u00e4<\/span><\/a><\/p>\n<p>Lue <a href=\"\/the-message\/volume-1\/god-spoken-again\/the-proclamation\">Julistus<\/a> ja kuuntele sen j\u00e4lkeen alkuper\u00e4isi\u00e4 englanninkielisi\u00e4 Sanomia:<\/p>\n<ul class=\"list-vertical diamond\">\n<li><a href=\"\/the-message\/volume-1\/god-spoken-again\/the-recitation\">The Recitation<\/a><\/li>\n<li><a href=\"\/the-message\/volume-1\/god-spoken-again\/the-engagement\">The Engagement<\/a><\/li>\n<li><a href=\"\/the-message\/volume-1\/god-spoken-again\/the-initiation\">The Initiation<\/a><\/li>\n<\/ul>\n<p><\/div>\n<div class=\"one_third \" ><a class='simple_button_link ' style='background-color: #4f8fd6' href='\/fi\/lisatietoa-sanomasta\/faq'   ><span>Lue vastauksia useimmin kysyttyihin kysymyksiin<\/span><\/a><\/p>\n<p>Lue vastauksia to <a href=\"\/fi\/lisatietoa-sanomasta\/faq\">yleisimpiin kysymyksiin Jumalan uudesta Sanomasta<\/a>, mik\u00e4 se on, mik\u00e4 se on, miksi se on t\u00e4\u00e4ll\u00e4 ja kuinka se on saapunut.<br \/>\n<\/div>\n<div class=\"one_third last\" > <a class='simple_button_link ' style='background-color: #4f8fd6' href='\/fi\/sanoma\/volume-1\/new-messenger\/the-story-of-the-messenger'   ><span>Lue Sanantuojan tarina<\/span><\/a><\/p>\n<p>Marshall Vian Summers on antanut viimeiset 44 vuotta el\u00e4m\u00e4st\u00e4\u00e4n ottaen vastaan Jumalan uutta Sanomaa. Lue <a href=\"\/the-message\/volume-1\/new-messenger\/the-story-of-the-messenger\">Sanantuojan tarina<\/a> ja tutustu mieheen, jonka vastuulla on ollut tuoda Uusi Sanoma Maapallolle.<\/p>\n<p><\/div><br \/>\n<div class=\"clearfix\"><\/div><br \/>\n<div class=\"one_third \" > <a class='simple_button_link ' style='background-color: #4f8fd6' href='\/gods-messenger\/the-messenger-speaks'   ><span>Kuuntele Sanatuojan puheita (englanniksi)<\/span><\/a><\/p>\n<p>Sanantuoja el\u00e4\u00e4 maailmassa t\u00e4n\u00e4\u00e4n. Aika ajoin h\u00e4n astuu esiin antaakseen viestin maailmalle ja uuden Sanoman opiskelijoille. <a href=\"\/gods-messenger\/the-messenger-speaks\">Kuuntele Sanantuojan l\u00e4hetyksi\u00e4 (englanniksi)<\/a><\/p>\n<p><\/div>\n<div class=\"one_third \" > <a class='simple_button_link ' style='background-color: #4f8fd6' href='\/the-message\/volume-3\/steps-knowledge'   ><span>Aloita matka Askeleiden kanssa (englanniksi) <\/span><\/a><\/p>\n<p>Jumala on antanut <a href=\"\/the-message\/volume-3\/steps-knowledge\">Askelet Tietouteen<\/a> poluksi, jonka jokainen voi k\u00e4yd\u00e4 l\u00e4pi rakentaakseen t\u00e4t\u00e4 sis\u00e4ist\u00e4 vahvuutta ja suurempaa kyvykyytt\u00e4 el\u00e4m\u00e4ss\u00e4. Askelet (englanniksi) ovat saatavilla kaikille maksutta s\u00e4hk\u00f6isen\u00e4 versiona. <\/p>\n<p><\/div>\n<div class=\"one_third last\" > <a class='simple_button_link ' style='background-color: #4f8fd6' href='\/free-school'   ><span>Liity uuden Sanoman ilmaiseen englanninkieliseen kouluun (Free Online School of the New Message)<\/span><\/a><\/p>\n<p> <a href=\"\/free-school\">The Free School of the New Message<\/a>, koostuu opiskelijoista yli 70 maasta. He opiskelevat ja el\u00e4v\u00e4t Jumalan uutta Sanomaa. Tule mukaan viikoittaiseen Campfire Chattiin ja live opetukseen Fireside Broadcasteissa. <\/p>\n<p><\/div><br \/>\n<div class=\"clearfix\"><\/div><br \/>\n<a href=\"\/the-message\/\"><em>Selaa uuden Sanoman kirjastoa&#8230;<\/em><\/a><\/p>\n","protected":false},"excerpt":{"rendered":"<p>Uudesta Sanomasta Jumalan uusi Sanoma toivottaa sinut tervetulleeksi. Ihmeellisesti, l\u00e4pi ajan ja pitk\u00e4n, ehk\u00e4 mystisen el\u00e4m\u00e4nmatkan kautta, olet saapunut t\u00e4nne. Olet l\u00f6yt\u00e4nyt uuden Sanoman Jumalalta tai ehk\u00e4p\u00e4 se on l\u00f6yt\u00e4nyt sinut. Ei ole sattumaa, ett\u00e4 n\u00e4in on k\u00e4ynyt. Jumala on puhunut uudelleen. Jumalan uusi Sanoma on maailmassa. T\u00e4m\u00e4 on Jumalan rakkauden ja kommunikaation ihme ihmiskunnalle,\u2026 <a class=\"read-more\" href=\"https:\/\/www.v6.newmessage.org\/fi\/sanomasta\/\"><span>Read More<\/span><\/a><\/p>\n","protected":false},"author":1,"featured_media":0,"parent":0,"menu_order":25,"comment_status":"closed","ping_status":"closed","template":"template-leftsidebar.php","meta":{"_monsterinsights_skip_tracking":false,"_monsterinsights_sitenote_active":false,"_monsterinsights_sitenote_note":"","_monsterinsights_sitenote_category":0,"footnotes":""},"categories":[],"tags":[611,612],"_links":{"self":[{"href":"https:\/\/www.v6.newmessage.org\/fi\/wp-json\/wp\/v2\/pages\/12748"}],"collection":[{"href":"https:\/\/www.v6.newmessage.org\/fi\/wp-json\/wp\/v2\/pages"}],"about":[{"href":"https:\/\/www.v6.newmessage.org\/fi\/wp-json\/wp\/v2\/types\/page"}],"author":[{"embeddable":true,"href":"https:\/\/www.v6.newmessage.org\/fi\/wp-json\/wp\/v2\/users\/1"}],"replies":[{"embeddable":true,"href":"https:\/\/www.v6.newmessage.org\/fi\/wp-json\/wp\/v2\/comments?post=12748"}],"version-history":[{"count":67,"href":"https:\/\/www.v6.newmessage.org\/fi\/wp-json\/wp\/v2\/pages\/12748\/revisions"}],"predecessor-version":[{"id":27101,"href":"https:\/\/www.v6.newmessage.org\/fi\/wp-json\/wp\/v2\/pages\/12748\/revisions\/27101"}],"wp:attachment":[{"href":"https:\/\/www.v6.newmessage.org\/fi\/wp-json\/wp\/v2\/media?parent=12748"}],"wp:term":[{"taxonomy":"category","embeddable":true,"href":"https:\/\/www.v6.newmessage.org\/fi\/wp-json\/wp\/v2\/categories?post=12748"},{"taxonomy":"post_tag","embeddable":true,"href":"https:\/\/www.v6.newmessage.org\/fi\/wp-json\/wp\/v2\/tags?post=12748"}],"curies":[{"name":"wp","href":"https:\/\/api.w.org\/{rel}","templated":true}]}}