{"id":12460,"date":"2011-04-23T16:25:57","date_gmt":"2011-04-23T16:25:57","guid":{"rendered":"http:\/\/wp.www.newmessage.org\/?p=163"},"modified":"2017-11-13T18:49:03","modified_gmt":"2017-11-13T18:49:03","slug":"mika-on-jumala","status":"publish","type":"page","link":"https:\/\/www.v6.newmessage.org\/fi\/sanomasta\/faq\/mika-on-jumala\/","title":{"rendered":"Mik\u00e4 on Jumala?"},"content":{"rendered":"<blockquote><p><em>&#8220;Nyt ei keskityt\u00e4 vain oman aikakauden ja maailman Jumalaan vaan kaikkien aikojen ja maailmojen Jumalaan.&#8221;<\/em><\/p><\/blockquote>\n<p>Uudessa Sanomassa Jumala k\u00e4sitet\u00e4\u00e4n koko maailmankaikkeuden tasolla, ei vain t\u00e4st\u00e4 maailmasta k\u00e4sin. Ihmiskunnan kohtalo on tulla n\u00e4kyv\u00e4ksi t\u00e4ss\u00e4 \u00e4lyllisen el\u00e4m\u00e4n Suuryhteis\u00f6ss\u00e4. <\/p>\n<p>Kirjassa <a title=\"Greater Community Spirituality\" href=\"\/the-message\/volume-2\/greater-community-spirituality\"><em>Greater Community Spirituality<\/em><\/a>, uuden Sanoman teologian kirjassa, Jumalaa kuvataan t\u00e4ll\u00e4 tavoin:<\/p>\n<p>\u201dSuuryhteis\u00f6ss\u00e4 Jumala on kokonaisvaltainen. Teid\u00e4n maailmassanne Jumala on maailmasi Jumala, rotusi Jumala, historiasi Jumala, luonteenlaatusi Jumala, pelkojesi ja toiveidesi Jumala, suurten sankariesi Jumala, suurten murhen\u00e4ytelmiesi Jumala, Jumala, joka liittyy heimoosi ja aikaasi. Mutta Suuryhteis\u00f6ss\u00e4 Jumala on niin paljon suurempi, niin kaikenkattava, kaikkien rodun luomien m\u00e4\u00e4ritelmien ulottumattomissa, yksitt\u00e4isen rodun historian ylik\u00e4yv\u00e4, yksitt\u00e4isen rodun luonteen, pelkojen tai toiveiden ulottumattomissa, yksil\u00f6llisen tai yhteis\u00f6llisen filosofian ulottumattomissa. Ja kuitenkin, l\u00f6yd\u00e4t Jumalan puhtaasta impulssista, ajattomasta tunnistamisen hetkest\u00e4, halusta toimia oman edun ja motiivien piirin ulkopuolella, toisen tunnistamisesta, antamisen halusta, selitt\u00e4m\u00e4tt\u00f6m\u00e4st\u00e4 l\u00e4heisyyden kokemuksesta. N\u00e4m\u00e4 ovat k\u00e4sitett\u00e4viss\u00e4. T\u00e4m\u00e4 on Jumala toiminnassa. Sinulle, t\u00e4m\u00e4 on Jumala.<\/p>\n<p>Ajattele nyt Jumalaa Suuryhteis\u00f6ss\u00e4. Ei ihmisten Jumalaa, ei kirjoitetun historiasi Jumalaa, ei koettelemustesi ja k\u00e4rsimystesi Jumalaa, vaan kaikkien aikojen Jumalaa, kaikkien rotujen, kaikkien ulottuvuuksien, niiden jotka ovat alkukantaisia ja niiden jotka ovat edistyneit\u00e4, niiden jotka ajattelevat kuin sin\u00e4 ja niiden jotka ajattelevat niin eri tavoin, niiden jotka uskovat ja niiden joiden usko on selitt\u00e4m\u00e4t\u00f6n. T\u00e4m\u00e4 on Suuryhteis\u00f6n Jumala. Ja t\u00e4st\u00e4 sinun t\u00e4ytyy aloittaa.\u201d<\/p>\n<p>Englanniksi:<br \/>\n<a title=\"Chapter 1: What is God?\" href=\"\/the-message\/volume-2\/greater-community-spirituality\/\"><em>Greater Community Spirituality: A New Revelation<\/em><\/a><br \/>\n<a title=\"Chapter 1: What is God?\" href=\"\/the-message\/volume-2\/greater-community-spirituality\/what-is-god-3\">Chapter 1: What is God?<\/a><\/p>\n","protected":false},"excerpt":{"rendered":"<p>&#8220;Nyt ei keskityt\u00e4 vain oman aikakauden ja maailman Jumalaan vaan kaikkien aikojen ja maailmojen Jumalaan.&#8221; Uudessa Sanomassa Jumala k\u00e4sitet\u00e4\u00e4n koko maailmankaikkeuden tasolla, ei vain t\u00e4st\u00e4 maailmasta k\u00e4sin. Ihmiskunnan kohtalo on tulla n\u00e4kyv\u00e4ksi t\u00e4ss\u00e4 \u00e4lyllisen el\u00e4m\u00e4n Suuryhteis\u00f6ss\u00e4. Kirjassa Greater Community Spirituality, uuden Sanoman teologian kirjassa, Jumalaa kuvataan t\u00e4ll\u00e4 tavoin: \u201dSuuryhteis\u00f6ss\u00e4 Jumala on kokonaisvaltainen. Teid\u00e4n maailmassanne Jumala\u2026 <a class=\"read-more\" href=\"https:\/\/www.v6.newmessage.org\/fi\/sanomasta\/faq\/mika-on-jumala\/\"><span>Read More<\/span><\/a><\/p>\n","protected":false},"author":22,"featured_media":0,"parent":12778,"menu_order":0,"comment_status":"closed","ping_status":"closed","template":"template-leftsidebar.php","meta":{"_monsterinsights_skip_tracking":false,"_monsterinsights_sitenote_active":false,"_monsterinsights_sitenote_note":"","_monsterinsights_sitenote_category":0,"footnotes":""},"categories":[61],"tags":[623,611,418],"_links":{"self":[{"href":"https:\/\/www.v6.newmessage.org\/fi\/wp-json\/wp\/v2\/pages\/12460"}],"collection":[{"href":"https:\/\/www.v6.newmessage.org\/fi\/wp-json\/wp\/v2\/pages"}],"about":[{"href":"https:\/\/www.v6.newmessage.org\/fi\/wp-json\/wp\/v2\/types\/page"}],"author":[{"embeddable":true,"href":"https:\/\/www.v6.newmessage.org\/fi\/wp-json\/wp\/v2\/users\/22"}],"replies":[{"embeddable":true,"href":"https:\/\/www.v6.newmessage.org\/fi\/wp-json\/wp\/v2\/comments?post=12460"}],"version-history":[{"count":11,"href":"https:\/\/www.v6.newmessage.org\/fi\/wp-json\/wp\/v2\/pages\/12460\/revisions"}],"predecessor-version":[{"id":27204,"href":"https:\/\/www.v6.newmessage.org\/fi\/wp-json\/wp\/v2\/pages\/12460\/revisions\/27204"}],"up":[{"embeddable":true,"href":"https:\/\/www.v6.newmessage.org\/fi\/wp-json\/wp\/v2\/pages\/12778"}],"wp:attachment":[{"href":"https:\/\/www.v6.newmessage.org\/fi\/wp-json\/wp\/v2\/media?parent=12460"}],"wp:term":[{"taxonomy":"category","embeddable":true,"href":"https:\/\/www.v6.newmessage.org\/fi\/wp-json\/wp\/v2\/categories?post=12460"},{"taxonomy":"post_tag","embeddable":true,"href":"https:\/\/www.v6.newmessage.org\/fi\/wp-json\/wp\/v2\/tags?post=12460"}],"curies":[{"name":"wp","href":"https:\/\/api.w.org\/{rel}","templated":true}]}}