{"id":940,"date":"2011-10-19T11:45:58","date_gmt":"2011-10-19T11:45:58","guid":{"rendered":"http:\/\/wp.www.newmessage.org\/?p=940"},"modified":"2016-10-11T11:02:52","modified_gmt":"2016-10-11T11:02:52","slug":"la-proclamacion","status":"publish","type":"page","link":"https:\/\/www.v6.newmessage.org\/es\/el-mensaje\/volumen-1\/dios-ha-hablado-de-nuevo\/la-proclamacion","title":{"rendered":"La Proclamaci\u00f3n"},"content":{"rendered":"<div><!-- Versi\u00f3n espa\u00f1ola 1.7 --><\/div>\n\n<div class=\"tabgroup \"><ul class=\"tabs\"><li><a href=\"#tabs-1\">Acerca de<\/a><\/li>\n<li><a href=\"#tabs-2\">M\u00e1s<\/a><\/li><\/ul>\n <div id=\"tabs-1\"><br \/>\n<i>Como le fue revelado a<\/i><br \/>\n<i>Marshall Vian Summers<\/i><br \/>\n<i>el 7 de julio de 2006<\/i><br \/>\n<i>en Boulder, Colorado, Estados Unidos<\/i><\/p>\n<p>Texto original: <a href=\"https:\/\/www.newmessage.org\/the-message\/volume-1\/god-spoken-again\/the-proclamation\">The Proclamation<\/a><\/p>\n<p>Escucha el audio original aqu\u00ed (en ingl\u00e9s):<\/p>\n<div id=\"jquery_jplayer_1\" class=\"jp-jplayer\"><\/div>\n\t\t\t\t<div id=\"jp_container_1\" class=\"jp-audio\">\n\t\t\t\t<div class=\"jp-type-single\"><div class=\"jp-control\"><a href=\"javascript:;\" class=\"jp-play\" tabindex=\"1\">play<\/a><a href=\"javascript:;\" class=\"jp-pause\" tabindex=\"1\">pause<\/a><\/div> <div class=\"jp-gui jp-interface\"><div class=\"jp-volume\"><div class=\"jp-volume-bar\"><div class=\"jp-volume-bar-value\"><\/div><\/div><\/div><div class=\"jp-progress\"><div class=\"jp-seek-bar\"><div class=\"jp-play-bar\"><\/div><\/div><\/div><\/div>\t\t\t\t\t<div class=\"jp-no-solution\"><span>Update Required<\/span>To play the media you will need to either update your browser to a recent version or update your <a href=\"http:\/\/get.adobe.com\/flashplayer\/\" target=\"_blank\">Flash plugin<\/a>.<\/div><\/div><\/div>\n\t\t\t<script type='text\/javascript'>\n\t\t\t\tjQuery(document).ready(function() {\n\t\t\t\t\tif (typeof (sermonMedia) == 'function') {\n\t\t\t\t\t\tsermonMedia.addAudio('', \"jquery_jplayer_1\");\n\t\t\t\t\t}\n\t\t\t\t\tjQuery.jPlayer.timeFormat.showHour = true;\n\t\t\t\t\tjQuery(\"#jquery_jplayer_1\").jPlayer({\n\t\t\t\t\t\tready: function(event) {\n\t\t\t\t\t\t\tjQuery(this).jPlayer(\"setMedia\", {mp3: 'https:\/\/www.newmessage.org\/av\/the-proclamation.mp3'});\n\t\t\t\t\t\t},\n\t\t\t\t\t\tplay: function() {\n\t\t\t\t\t\t\tjQuery(this).jPlayer(\"pauseOthers\");\n\t\t\t\t\t\t},\n\t\t\t\t\t\tswfPath: ThemeData.directory_uri+\"\/swf\",\n\t\t\t\t\t\tsolution: \"html, flash\",\n\t\t\t\t\t\tpreload: \"metadata\",\n\t\t\t\t\t\twmode: \"window\",\n\t\t\t\t\t\tsupplied: \"mp3\",\n\t\t\t\t\t\tcssSelectorAncestor: '#jp_container_1'\n\t\t\t\t\t});\n\t\t\t\t});\n\t\t\t<\/script><\/p>\n<p><a title=\"La Proclamaci\u00f3n\" href=\"https:\/\/www.newmessage.org\/av\/the-proclamation.mp3\">Descargar<\/a> (cliquea en el bot\u00f3n derecho y selecciona \u201cguardar enlace como\u201d)<\/p>\n<div class=\"toggle toggle-white\"><h4 class=\"trigger \"><span class=\"t_ico\"><\/span><a href=\"#\">M\u00e1s informaci\u00f3n sobre este texto<\/a><\/h4><div class=\"toggle_container \"><br \/>\n<p>Lo que est\u00e1s leyendo en este texto es la transcripci\u00f3n de la voz original de la Asamblea Ang\u00e9lica hablando a trav\u00e9s del Mensajero Marshall Vian Summers.<\/p>\n<p>Aqu\u00ed, la comunicaci\u00f3n original de Dios, que existe m\u00e1s all\u00e1 de las palabras, es traducida al lenguaje y el entendimiento humanos por la Asamblea Ang\u00e9lica que supervisa el mundo. La Asamblea despu\u00e9s entrega el Mensaje de Dios a trav\u00e9s del Mensajero, tras lo cual es transcrito y puesto a tu disposici\u00f3n y a disposici\u00f3n de todos.<\/p>\n<p>En este extraordinario proceso, la Voz de la Revelaci\u00f3n est\u00e1 hablando de nuevo. La Palabra y el Sonido est\u00e1n en el mundo. Que puedas ser el receptor de este regalo de Revelaci\u00f3n y puedas estar abierto a recibir su Mensaje \u00fanico para ti y para tu vida.<\/p>\n<br \/>\n<\/div><\/div><br \/>\n<\/div>\n<div id=\"tabs-2\"><\/p>\n<div class=\"panel-10 text-align-center\"><img loading=\"lazy\" decoding=\"async\" class=\"alignnone size-medium\" src=\"https:\/\/www.newmessage.org\/spanish-international\/wp-content\/uploads\/sites\/40\/2011\/10\/image14-200x300.jpg\" alt=\"\" width=\"200\" height=\"300\" \/><\/div>\n<div class=\"text-align-center\"><a class='simple_button_link ' style='background-color: #4f8fd6' href='#'   ><span>Ordena el Libro<\/span><\/a><br \/>\n<a class='simple_button_link ' style='background-color: #4f8fd6' href='#'   ><span>Ordena el eBook<\/span><\/a><\/div>\n<p><\/div>\n\t\t\t\t<div align=\"right\">\n\t\t\t<div class=\"fb-like\" data-href=\"\" data-layout=\"button_count\" data-action=\"like\" data-show-faces=\"false\" data-share=\"false\"><\/div>\n\t\t\t<div class=\"fb-share-button\" data-layout=\"button_count\"> <\/div>\n\t\t\t<div class=\"fb_iframe_widget\"><a href=\"https:\/\/twitter.com\/godsnewmessage?ref_src=twsrc%5Etfw\" class=\"twitter-follow-button\" data-show-count=\"false\">Follow @godsnewmessage<\/a><script async src=\"https:\/\/platform.twitter.com\/widgets.js\" charset=\"utf-8\"><\/script><\/div>\n\t\t\t<\/div> <\/div> \n\n<p>Hay un Nuevo Mensaje de Dios en el mundo. Ha venido del Creador de toda vida.<\/p>\n<p>Ha sido traducido al lenguaje y la comprensi\u00f3n humanos mediante la Presencia Ang\u00e9lica que supervisa este mundo.<\/p>\n<p>Este Mensaje contin\u00faa la gran serie de transmisiones del Creador que han ocurrido a lo largo de los siglos y milenios.<\/p>\n<p>Es un Nuevo Mensaje para este tiempo y los tiempos por venir.<\/p>\n<p>El Nuevo Mensaje completa los Mensajes que se dieron previamente a la humanidad, y no obstante revela cosas que nunca antes se han ense\u00f1ado. Porque la humanidad se enfrenta ahora a un grave y peligroso conjunto de retos, tanto del mundo como de m\u00e1s all\u00e1 del mundo.<\/p>\n<p>El Nuevo Mensaje de Dios est\u00e1 aqu\u00ed para alertar, empoderar y preparar a la familia humana \u2014a las personas de todas las naciones y tradiciones religiosas, de todas las tribus, grupos y orientaciones.<\/p>\n<p>Ha llegado en un momento de gran necesidad, un momento de gran consecuencia. Prepara a la gente para cosas que ni siquiera han sido reconocidas.<\/p>\n<p>Es prof\u00e9tico alertando a la gente de las Grandes Olas de cambio que est\u00e1n llegando al mundo y de la posici\u00f3n de la humanidad en el universo, en particular respecto a su contacto con otras razas.<\/p>\n<p>El Nuevo Mensaje apela a la gran presencia espiritual dentro de cada persona \u2014a la gran fundaci\u00f3n de Conocimiento que ha sido otorgada a toda la familia humana, fundaci\u00f3n que ahora debe cultivarse, fortalecerse y sacarse adelante.<\/p>\n<p>Habla de la gran necesidad espiritual del individuo \u2014la necesidad de prop\u00f3sito, significado y direcci\u00f3n.<\/p>\n<p>Habla de las grandes relaciones que la gente puede establecer entre s\u00ed, relaciones que representan su prop\u00f3sito superior en la vida.<\/p>\n<p>Habla de las necesidades del mundo y de las necesidades del futuro, y al hacerlo trae prop\u00f3sito, reconocimiento, unidad y cooperaci\u00f3n, as\u00ed como sabidur\u00eda y entereza a todos los que puedan recibirlo, aprenderlo, seguir sus pasos, contribuirlo a otros y compartir su sabidur\u00eda en servicio a otros individuos, familias, comunidades, naciones y al mundo entero.<\/p>\n<p>Recibe esta bendici\u00f3n. Aprende del Nuevo Mensaje de Dios. S\u00e9 consciente de que afirmar\u00e1 todo lo que es verdadero en las tradiciones presentes, y hablar\u00e1 a la sabidur\u00eda m\u00e1s profunda que ya posees. Hablar\u00e1 a tu coraz\u00f3n, incluso m\u00e1s all\u00e1 de tus pensamientos y creencias y de los pensamientos y creencias de tu cultura o tu naci\u00f3n.<\/p>\n<p>Recibe este regalo y aprende de \u00e9l con paciencia, tomando los Pasos al Conocimiento, aprendiendo la sabidur\u00eda de la Comunidad Mayor y reconociendo el poder de la Espiritualidad \u00danica de la humanidad para unir, fortalecer y preparar a la humanidad para reconocer y navegar los tiempos dif\u00edciles por delante.<\/p>\n<p>Recibe el Nuevo Mensaje en su llamamiento a la preservaci\u00f3n y el fortalecimiento de la libertad, la cooperaci\u00f3n y la responsabilidad humanas.<\/p>\n<p>Porque sin este Nuevo Mensaje la humanidad se enfrenta a un grave y abrupto declive.<\/p>\n<p>La humanidad se enfrenta a la p\u00e9rdida de su libertad y soberan\u00eda en este mundo, ante fuerzas de intervenci\u00f3n venidas del universo a su alrededor.<\/p>\n<p>Sin este Nuevo Mensaje, el esp\u00edritu humano permanecer\u00eda dormido y la gente vivir\u00eda vidas de desesperaci\u00f3n, competici\u00f3n y conflicto.<\/p>\n<p>Es la Voluntad del Creador que la humanidad emerja a la Comunidad Mayor de vida inteligente en el universo como una raza libre y soberana \u2014como una raza fuerte, una raza unida, una raza que es capaz de mantener su diversidad cultural a la vez que honra la fortaleza y el prop\u00f3sito m\u00e1s profundos que mantendr\u00e1n fuerte al mundo y mantendr\u00e1n vital, activa y creativa a la familia humana, presentando una nueva oportunidad para avanzar en el futuro.<\/p>\n<p>Pero para avanzar deb\u00e9is sobrevivir. Deb\u00e9is sobrevivir a los tiempos dif\u00edciles por delante, y deb\u00e9is sobrevivir a la competencia desde m\u00e1s all\u00e1 del mundo con respecto a qui\u00e9n controlar\u00e1 este mundo y su destino.<\/p>\n<p>Cada individuo debe reconocer que tiene una gran oportunidad para descubrir el Conocimiento m\u00e1s profundo que Dios le ha dado \u2014el Conocimiento que contiene su prop\u00f3sito, su significado y su direcci\u00f3n, as\u00ed como el criterio para todas sus relaciones significativas.<\/p>\n<p>Por tanto, hay un Nuevo Mensaje de Dios para el individuo, y hay un Nuevo Mensaje de Dios para el mundo entero. Est\u00e1 aqu\u00ed ahora.<\/p>\n<p>Al Mensajero le ha llevado mucho tiempo recibirlo, porque el Mensaje es muy grande.<\/p>\n<p>Honra, pues, a quien ha venido a traer el Nuevo Mensaje al mundo.<\/p>\n<p>\u00c9l es un hombre humilde. \u00c9l ha desarrollado la sabidur\u00eda necesaria para asumir este gran papel, y ha sido enviado con este prop\u00f3sito.<\/p>\n<p>Rec\u00edbele. Compr\u00e9ndele. No le exaltes. \u00c9l no es un dios. Es un Mensajero trayendo el Nuevo Mensaje de Dios al mundo.<\/p>\n<p>Este es el momento. Esta es la gran oportunidad. Esta es la respuesta a las oraciones de la gente de todo el mundo \u2014oraciones desde todas las tradiciones de fe y todas las naciones y culturas, oraciones pidiendo sabidur\u00eda, fortaleza, unidad, libertad y liberaci\u00f3n.<\/p>\n<p>Recibe este Nuevo Mensaje ahora. Ha llegado, y ha llegado en el momento justo.<\/p>\n","protected":false},"excerpt":{"rendered":"<p>Hay un Nuevo Mensaje de Dios en el mundo. Ha venido del Creador de toda vida. Ha sido traducido al lenguaje y la comprensi\u00f3n humanos mediante la Presencia Ang\u00e9lica que supervisa este mundo. Este Mensaje contin\u00faa la gran serie de transmisiones del Creador que han ocurrido a lo largo de los siglos y milenios. Es\u2026 <a class=\"read-more\" href=\"https:\/\/www.v6.newmessage.org\/es\/about-text-shortcode\"><span>Read More<\/span><\/a><\/p>\n","protected":false},"author":1,"featured_media":0,"parent":16290,"menu_order":15,"comment_status":"closed","ping_status":"closed","template":"template-leftsidebar.php","meta":{"_monsterinsights_skip_tracking":false,"_monsterinsights_sitenote_active":false,"_monsterinsights_sitenote_note":"","_monsterinsights_sitenote_category":0,"footnotes":""},"categories":[76,30,461,460],"tags":[568],"_links":{"self":[{"href":"https:\/\/www.v6.newmessage.org\/es\/wp-json\/wp\/v2\/pages\/940"}],"collection":[{"href":"https:\/\/www.v6.newmessage.org\/es\/wp-json\/wp\/v2\/pages"}],"about":[{"href":"https:\/\/www.v6.newmessage.org\/es\/wp-json\/wp\/v2\/types\/page"}],"author":[{"embeddable":true,"href":"https:\/\/www.v6.newmessage.org\/es\/wp-json\/wp\/v2\/users\/1"}],"replies":[{"embeddable":true,"href":"https:\/\/www.v6.newmessage.org\/es\/wp-json\/wp\/v2\/comments?post=940"}],"version-history":[{"count":49,"href":"https:\/\/www.v6.newmessage.org\/es\/wp-json\/wp\/v2\/pages\/940\/revisions"}],"predecessor-version":[{"id":28321,"href":"https:\/\/www.v6.newmessage.org\/es\/wp-json\/wp\/v2\/pages\/940\/revisions\/28321"}],"up":[{"embeddable":true,"href":"https:\/\/www.v6.newmessage.org\/es\/wp-json\/wp\/v2\/pages\/16290"}],"wp:attachment":[{"href":"https:\/\/www.v6.newmessage.org\/es\/wp-json\/wp\/v2\/media?parent=940"}],"wp:term":[{"taxonomy":"category","embeddable":true,"href":"https:\/\/www.v6.newmessage.org\/es\/wp-json\/wp\/v2\/categories?post=940"},{"taxonomy":"post_tag","embeddable":true,"href":"https:\/\/www.v6.newmessage.org\/es\/wp-json\/wp\/v2\/tags?post=940"}],"curies":[{"name":"wp","href":"https:\/\/api.w.org\/{rel}","templated":true}]}}