{"id":9239,"date":"2013-05-02T11:32:29","date_gmt":"2013-05-02T11:32:29","guid":{"rendered":"http:\/\/www.newmessage.org\/nm\/?p=9239"},"modified":"2016-01-18T15:23:49","modified_gmt":"2016-01-18T15:23:49","slug":"la-practica-espiritual","status":"publish","type":"page","link":"https:\/\/www.v6.newmessage.org\/es\/el-mensaje\/volumen-5\/sabiduria-de-la-comunidad-mayor-volumen-2\/la-practica-espiritual","title":{"rendered":"La pr\u00e1ctica espiritual (fragmentos)"},"content":{"rendered":"<div><!-- 4.0 --><\/div>\n\n<div class=\"tabgroup \"><ul class=\"tabs\"><li><a href=\"#tabs-1\">Acerca de<\/a><\/li>\n<li><a href=\"#tabs-2\">M\u00e1s<\/a><\/li><\/ul>\n <div id=\"tabs-1\"><br \/>\n<em>Como le fue revelado a<br \/>\nMarshall Vian Summers<br \/>\nel 7 de abril de 1992<br \/>\nen Boulder, Colorado, Estados Unidos<\/em><\/p>\n<p>Texto original: <a href=\"https:\/\/www.newmessage.org\/the-message\/volume-5\/wisdom-greater-community-volume-2\/spiritual-practice\">Spiritual Practice<\/a><\/p>\n<div class=\"toggle toggle-white\"><h4 class=\"trigger \"><span class=\"t_ico\"><\/span><a href=\"#\">M\u00e1s informaci\u00f3n sobre este texto<\/a><\/h4><div class=\"toggle_container \"><br \/>\n<p>Lo que est\u00e1s leyendo en este texto es la transcripci\u00f3n de la voz original de la Asamblea Ang\u00e9lica hablando a trav\u00e9s del Mensajero Marshall Vian Summers.<\/p>\n<p>Aqu\u00ed, la comunicaci\u00f3n original de Dios, que existe m\u00e1s all\u00e1 de las palabras, es traducida al lenguaje y el entendimiento humanos por la Asamblea Ang\u00e9lica que supervisa el mundo. La Asamblea despu\u00e9s entrega el Mensaje de Dios a trav\u00e9s del Mensajero, tras lo cual es transcrito y puesto a tu disposici\u00f3n y a disposici\u00f3n de todos.<\/p>\n<p>En este extraordinario proceso, la Voz de la Revelaci\u00f3n est\u00e1 hablando de nuevo. La Palabra y el Sonido est\u00e1n en el mundo. Que puedas ser el receptor de este regalo de Revelaci\u00f3n y puedas estar abierto a recibir su Mensaje \u00fanico para ti y para tu vida.<\/p>\n<br \/>\n<\/div><\/div>\n<p><\/div>\n<div id=\"tabs-2\"><\/p>\n<div class=\"panel-10 text-align-center\"><img decoding=\"async\" class=\"aligncenter size-full \" src=\"https:\/\/www.newmessage.org\/wp-content\/uploads\/2011\/10\/WV2-english-nkl-250px.jpg\" alt=\"Wisdom from the Greater Community, volume 2\" \/><\/div>\n<div class=\"text-align-center\"><a class='simple_button_link ' style='background-color: #4f8fd6' href='http:\/\/newknowledgelibrary.org\/books\/wisdom-from-the-greater-community-volume-2\/'   ><span>Pide el libro (en ingl\u00e9s)<\/span><\/a><\/div>\n<div class=\"text-align-center text font-size-12 margin-top-10\">Volumen 5 &gt; Sabidur\u00eda de la Comunidad Mayor Volumen 2 &gt; Cap\u00edtulo 11<\/div>\n<p><\/div>\n\t\t\t\t<div align=\"right\">\n\t\t\t<div class=\"fb-like\" data-href=\"\" data-layout=\"button_count\" data-action=\"like\" data-show-faces=\"false\" data-share=\"false\"><\/div>\n\t\t\t<div class=\"fb-share-button\" data-layout=\"button_count\"> <\/div>\n\t\t\t<div class=\"fb_iframe_widget\"><a href=\"https:\/\/twitter.com\/godsnewmessage?ref_src=twsrc%5Etfw\" class=\"twitter-follow-button\" data-show-count=\"false\">Follow @godsnewmessage<\/a><script async src=\"https:\/\/platform.twitter.com\/widgets.js\" charset=\"utf-8\"><\/script><\/div>\n\t\t\t<\/div> <\/div> \n\n<p>El Camino del Conocimiento ha sido dado muy espec\u00edficamente. Todo el mundo tiene la misma preparaci\u00f3n. Es solo en el futuro, en fases m\u00e1s avanzadas, que la propia preparaci\u00f3n se vuelve muy individualizada. Todo el mundo debe aprender ciertas cosas b\u00e1sicas. Los individuos deben aprender discernimiento; deben aprender a involucrarse con su saber interno y descubrir c\u00f3mo el Conocimiento se expresa a trav\u00e9s de ellos individualmente; deben aprender a estar en silencio cuando el silencio es necesario; deben aprender a hablar cuando hablar es necesario; deben aprender a conservar su energ\u00eda; deben aprender a aceptar el Misterio en sus vidas; deben aprender a desarrollar el vac\u00edo o la apertura; deben enfrentar el tener que renunciar a muchas ambiciones y objetivos a medida que estos se convierten claramente en obst\u00e1culos para su progreso. Estas son cosas que todo el mundo debe afrontar.<\/p>\n<p>Por tanto, todo el mundo tiene los mismos desaf\u00edos, aunque los individuos pueden experimentarlos en diferentes coyunturas a lo largo del camino. Una persona puede estar sintiendo: \u201cEsto es maravilloso. \u00a1Lo amo!\u201d Otro puede estar sintiendo: \u201cOh, Dios. Esto es muy dif\u00edcil. No lo comprendo.\u201d Las comparaciones entre una persona y otra nunca son de ayuda en esto, pues no puedes ver el desarrollo general de la otra persona. Quiz\u00e1 ella est\u00e1 disfrutando el camino en este momento mientras que t\u00fa no, o al rev\u00e9s. \u00bfPuedes hacer una evaluaci\u00f3n adecuada de cu\u00e1n bien lo est\u00e1 haciendo ella y cu\u00e1n bien lo est\u00e1s haciendo t\u00fa? Algunas personas piensan que si no lo est\u00e1n disfrutando entonces algo va mal. O bien va mal o bien la preparaci\u00f3n est\u00e1 mal, y tan pronto como se hace dif\u00edcil ellas encuentran alg\u00fan otro tipo de preparaci\u00f3n que es nueva y excitante. Hay muchas falacias que revelar, muchos errores que corregir y muchas falsas presunciones que decepcionar y reconocer.<\/p>\n<p>Todo esto requiere tiempo, paciencia, apertura y la disposici\u00f3n a cambiar el comportamiento y la forma de pensar de uno mismo. Todo esto lleva tiempo. \u00bfCu\u00e1nto tiempo llevar\u00e1? Bien, si eres serio al respecto, considera entonces que aprender esto y dominarlo efectiva y suficientemente te llevar\u00e1 el resto de tu vida. Tener este entendimiento traza una l\u00ednea importante que debe enfatizarse. No emprendas el Camino del Conocimiento de la Comunidad Mayor a menos que tengas la intenci\u00f3n de llevarlo a cabo. Si est\u00e1s caminando por un largo puente peatonal sobre un profundo abismo en la tierra, es importante que una vez que comiences te asegures de que vas a alcanzar el otro lado. Si te quedas quieto, fallas o miras abajo, te desanimar\u00e1s. Debes seguir adelante. Hay momentos en los que amar\u00e1s la experiencia. Hay momentos en los que estar\u00e1s profundamente preocupado al respecto, porque no est\u00e1 cumpliendo tus expectativas o est\u00e1s experimentando algo que todav\u00eda no entiendes. Debes proseguir hacia el otro lado. Esto es muy importante.<\/p>\n<p>El Conocimiento es un gran poder permanente dentro de ti. Si comienzas a acceder a sus recursos, entonces, por favor, contin\u00faa. Si accedes a sus recursos y luego te retiras o intentas escapar, te quedar\u00e1s en un estado de gran confusi\u00f3n, y aqu\u00ed habr\u00e1 muy poco alivio. Si vas a involucrarte con el Conocimiento y liberar su tremendo poder en tu vida, entonces llega hasta el final. No seas fr\u00edvolo con \u00e9l. No juegues con \u00e9l. Es demasiado potente, demasiado poderoso y demasiado importante para tratarlo de ese modo.<\/p>\n<p>Por tanto, la pr\u00e1ctica es una fundaci\u00f3n sobre la que construyes. Aunque puedes tener una amplia variedad de experiencias mientras estudias el Camino del Conocimiento de la Comunidad Mayor, tu pr\u00e1ctica te mantiene focalizado y anclado. Un d\u00eda puedes sentirte de esta manera; otro d\u00eda puedes sentirte de esa otra manera. Pero en ambos casos t\u00fa practicas. Esto asegura que sigas adelante y progreses. Al igual que si caminaras a trav\u00e9s del largo puente peatonal, si te mantienes dando pasos y focalizado en tu objetivo entonces alcanzar\u00e1s el otro lado, y te ahorrar\u00e1s mucha ansiedad y agravamiento. Es as\u00ed como superas la duda en ti mismo; es as\u00ed como sigues adelante y trasciendes aquellas cosas que antes te obstru\u00edan.<\/p>\n<p>Por tanto, la pr\u00e1ctica es un regalo que se entrega cada d\u00eda. Ella te renueva cada d\u00eda. Te refuerza cada d\u00eda. Algunos d\u00edas la comprender\u00e1s y la apreciar\u00e1s; otros d\u00edas no la comprender\u00e1s y no sabr\u00e1s si deber\u00edas apreciarla en absoluto. Pero el hecho de que contin\u00faes garantizar\u00e1 tu progreso. De igual modo, si est\u00e1s preparado para subir la monta\u00f1a, entonces debes continuar. Incluso si se vuelve duro o confuso, debes continuar. Y, seg\u00fan procedas, muchas de tus expectativas demostrar\u00e1n ser err\u00f3neas, y necesitar\u00e1s establecer nuevas expectativas y evaluaciones.<\/p>\n<p class=\"NMBody\">El Conocimiento es una gran monta\u00f1a. T\u00fa la asciendes lentamente, y aprendes a vivir a sus mayores altitudes. No puedes lanzarte ansiosamente y sin m\u00e1s a esta monta\u00f1a. Debes progresar de tal modo que puedas integrar todos los pasos del aprendizaje mientras avanzas. Esto requiere una forma extremadamente sabia de preparaci\u00f3n. Tambi\u00e9n requiere la presencia de compa\u00f1eros sabios que puedan ayudarte a entender lo que est\u00e1s haciendo y puedan darte una buena perspectiva de ti mismo.<\/p>\n","protected":false},"excerpt":{"rendered":"<p>El Camino del Conocimiento ha sido dado muy espec\u00edficamente. Todo el mundo tiene la misma preparaci\u00f3n. Es solo en el futuro, en fases m\u00e1s avanzadas, que la propia preparaci\u00f3n se vuelve muy individualizada. Todo el mundo debe aprender ciertas cosas b\u00e1sicas. Los individuos deben aprender discernimiento; deben aprender a involucrarse con su saber interno y\u2026 <a class=\"read-more\" href=\"https:\/\/www.v6.newmessage.org\/es\/about-text-shortcode\"><span>Read More<\/span><\/a><\/p>\n","protected":false},"author":1,"featured_media":0,"parent":13223,"menu_order":10,"comment_status":"closed","ping_status":"open","template":"template-leftsidebar.php","meta":{"_monsterinsights_skip_tracking":false,"_monsterinsights_sitenote_active":false,"_monsterinsights_sitenote_note":"","_monsterinsights_sitenote_category":0,"footnotes":""},"categories":[76,77,498,484],"tags":[],"_links":{"self":[{"href":"https:\/\/www.v6.newmessage.org\/es\/wp-json\/wp\/v2\/pages\/9239"}],"collection":[{"href":"https:\/\/www.v6.newmessage.org\/es\/wp-json\/wp\/v2\/pages"}],"about":[{"href":"https:\/\/www.v6.newmessage.org\/es\/wp-json\/wp\/v2\/types\/page"}],"author":[{"embeddable":true,"href":"https:\/\/www.v6.newmessage.org\/es\/wp-json\/wp\/v2\/users\/1"}],"replies":[{"embeddable":true,"href":"https:\/\/www.v6.newmessage.org\/es\/wp-json\/wp\/v2\/comments?post=9239"}],"version-history":[{"count":13,"href":"https:\/\/www.v6.newmessage.org\/es\/wp-json\/wp\/v2\/pages\/9239\/revisions"}],"predecessor-version":[{"id":27548,"href":"https:\/\/www.v6.newmessage.org\/es\/wp-json\/wp\/v2\/pages\/9239\/revisions\/27548"}],"up":[{"embeddable":true,"href":"https:\/\/www.v6.newmessage.org\/es\/wp-json\/wp\/v2\/pages\/13223"}],"wp:attachment":[{"href":"https:\/\/www.v6.newmessage.org\/es\/wp-json\/wp\/v2\/media?parent=9239"}],"wp:term":[{"taxonomy":"category","embeddable":true,"href":"https:\/\/www.v6.newmessage.org\/es\/wp-json\/wp\/v2\/categories?post=9239"},{"taxonomy":"post_tag","embeddable":true,"href":"https:\/\/www.v6.newmessage.org\/es\/wp-json\/wp\/v2\/tags?post=9239"}],"curies":[{"name":"wp","href":"https:\/\/api.w.org\/{rel}","templated":true}]}}